{"id":9100,"date":"2025-12-22T20:53:49","date_gmt":"2025-12-22T12:53:49","guid":{"rendered":"https:\/\/tbc72w920v.onrocket.site\/product\/luxury-orchid-rigid-box-for-electronic-gift-packaging\/"},"modified":"2026-02-04T17:28:16","modified_gmt":"2026-02-04T09:28:16","slug":"luxury-orchid-rigid-box-for-electronic-gift-packaging","status":"publish","type":"product","link":"https:\/\/h2packaging.com\/de\/produkt\/luxury-orchid-rigid-box-for-electronic-gift-packaging\/","title":{"rendered":"Benutzerdefinierte W\u00fcrfel Dessert Verpackung Box | Luxus Quadrat S\u00fc\u00dfigkeiten Geschenk Box"},"content":{"rendered":"<h2 data-start=\"1238\" data-end=\"1266\">\ud83d\udd37 Produkt\u00fcbersicht<\/h2>\n<p data-start=\"1268\" data-end=\"1398\">Unser <strong data-start=\"1272\" data-end=\"1311\">Luxus-W\u00fcrfel-Dessert-Verpackungsschachteln<\/strong> sind f\u00fcr Premium-S\u00fc\u00dfwaren, Geb\u00e4ck, Pralinen und Gourmet-Lebensmittelmarken konzipiert.<\/p>\n<p data-start=\"1400\" data-end=\"1535\">Mit ihrer modernen quadratischen Struktur und ihrem minimalistischen Erscheinungsbild sorgen diese Boxen f\u00fcr eine starke visuelle Wirkung in Einzelhandelsregalen und Geschenkdisplays.<\/p>\n<p data-start=\"1537\" data-end=\"1699\">Die aus hochwertigem Hartkarton hergestellten und mit erstklassigen Oberfl\u00e4chenbeschichtungen versehenen Verpackungen gew\u00e4hrleisten einen ausgezeichneten Schutz, eine lange Haltbarkeit und eine hervorragende Markenpr\u00e4sentation.<\/p>\n<p data-start=\"1701\" data-end=\"1799\">Perfekt f\u00fcr Marken, die den Wert ihrer Produkte durch professionelle und individuelle Verpackungen steigern wollen.<\/p>\n<hr data-start=\"1801\" data-end=\"1804\" \/>\n<h2 data-start=\"1806\" data-end=\"1830\">\ud83d\udd37 Hauptmerkmale<\/h2>\n<p data-start=\"1832\" data-end=\"2055\">\u2714 Moderne W\u00fcrfel \/ Quadratische Struktur<br data-start=\"1864\" data-end=\"1867\" \/>\u2714 Starre und haltbare Pappe<br data-start=\"1895\" data-end=\"1898\" \/>\u2714 Hochwertige visuelle Pr\u00e4sentation<br data-start=\"1928\" data-end=\"1931\" \/>\u2714 Individueller Druck &amp; Branding<br data-start=\"1959\" data-end=\"1962\" \/>\u2714 Lebensmittelechte und sichere Materialien<br data-start=\"1989\" data-end=\"1992\" \/>\u2714 Stapelbar &amp; Display-freundlich<br data-start=\"2022\" data-end=\"2025\" \/>\u2714 Luxuri\u00f6ses Unboxing-Erlebnis<\/p>\n<hr data-start=\"2057\" data-end=\"2060\" \/>\n<h2 data-start=\"2062\" data-end=\"2086\">\ud83d\udd37 Anwendungen<\/h2>\n<p data-start=\"2088\" data-end=\"2101\">Geeignet f\u00fcr:<\/p>\n<ul data-start=\"2103\" data-end=\"2261\">\n<li data-start=\"2103\" data-end=\"2133\">\n<p data-start=\"2105\" data-end=\"2133\">Verpackungen f\u00fcr Desserts und Geb\u00e4ck<\/p>\n<\/li>\n<li data-start=\"2134\" data-end=\"2161\">\n<p data-start=\"2136\" data-end=\"2161\">Schokoladen- und Bonbonschachteln<\/p>\n<\/li>\n<li data-start=\"2162\" data-end=\"2182\">\n<p data-start=\"2164\" data-end=\"2182\">B\u00e4ckerei-Geschenksets<\/p>\n<\/li>\n<li data-start=\"2183\" data-end=\"2209\">\n<p data-start=\"2185\" data-end=\"2209\">Verpackungen f\u00fcr Gourmet-Lebensmittel<\/p>\n<\/li>\n<li data-start=\"2210\" data-end=\"2233\">\n<p data-start=\"2212\" data-end=\"2233\">Saisonale Geschenkboxen<\/p>\n<\/li>\n<li data-start=\"2234\" data-end=\"2261\">\n<p data-start=\"2236\" data-end=\"2261\">Hochwertige Einzelhandelsprodukte<\/p>\n<\/li>\n<\/ul>\n<hr data-start=\"2263\" data-end=\"2266\" \/>\n<h2 data-start=\"2268\" data-end=\"2301\">\ud83d\udd37 Anpassungsm\u00f6glichkeiten<\/h2>\n<h3 data-start=\"2343\" data-end=\"2354\">\ud83d\udcd0 Gr\u00f6\u00dfe<\/h3>\n<ul data-start=\"2355\" data-end=\"2384\">\n<li data-start=\"2355\" data-end=\"2384\">\n<p data-start=\"2357\" data-end=\"2384\">Vollst\u00e4ndig angepasste Abmessungen<\/p>\n<\/li>\n<\/ul>\n<h3 data-start=\"2386\" data-end=\"2402\">\ud83d\udcc4 Materialien<\/h3>\n<ul data-start=\"2403\" data-end=\"2491\">\n<li data-start=\"2403\" data-end=\"2428\">\n<p data-start=\"2405\" data-end=\"2428\">Graupappe + Kunstdruckpapier<\/p>\n<\/li>\n<li data-start=\"2429\" data-end=\"2444\">\n<p data-start=\"2431\" data-end=\"2444\">Kraftpapier<\/p>\n<\/li>\n<li data-start=\"2445\" data-end=\"2464\">\n<p data-start=\"2447\" data-end=\"2464\">Spezialpapier<\/p>\n<\/li>\n<li data-start=\"2465\" data-end=\"2491\">\n<p data-start=\"2467\" data-end=\"2491\">Umweltvertr\u00e4gliche Materialien<\/p>\n<\/li>\n<\/ul>\n<h3 data-start=\"2493\" data-end=\"2508\">\ud83c\udfa8 Drucken<\/h3>\n<ul data-start=\"2509\" data-end=\"2568\">\n<li data-start=\"2509\" data-end=\"2527\">\n<p data-start=\"2511\" data-end=\"2527\">CMYK\/Pantone<\/p>\n<\/li>\n<li data-start=\"2528\" data-end=\"2547\">\n<p data-start=\"2530\" data-end=\"2547\">Offsetdruck<\/p>\n<\/li>\n<li data-start=\"2548\" data-end=\"2568\">\n<p data-start=\"2550\" data-end=\"2568\">Digitaldruck<\/p>\n<\/li>\n<\/ul>\n<h3 data-start=\"2570\" data-end=\"2585\">\u2728 Fertigstellung<\/h3>\n<ul data-start=\"2586\" data-end=\"2666\">\n<li data-start=\"2586\" data-end=\"2608\">\n<p data-start=\"2588\" data-end=\"2608\">Gold-\/Silber-Folie<\/p>\n<\/li>\n<li data-start=\"2609\" data-end=\"2620\">\n<p data-start=\"2611\" data-end=\"2620\">Spot UV<\/p>\n<\/li>\n<li data-start=\"2621\" data-end=\"2640\">\n<p data-start=\"2623\" data-end=\"2640\">Pr\u00e4gen\/Entpr\u00e4gen<\/p>\n<\/li>\n<li data-start=\"2641\" data-end=\"2666\">\n<p data-start=\"2643\" data-end=\"2666\">Soft-Touch-Laminierung<\/p>\n<\/li>\n<\/ul>\n<h3 data-start=\"2668\" data-end=\"2684\">\ud83d\udce6 Struktur<\/h3>\n<ul data-start=\"2685\" data-end=\"2770\">\n<li data-start=\"2685\" data-end=\"2699\">\n<p data-start=\"2687\" data-end=\"2699\">Deckel &amp; Boden<\/p>\n<\/li>\n<li data-start=\"2700\" data-end=\"2720\">\n<p data-start=\"2702\" data-end=\"2720\">Magnetischer Verschluss<\/p>\n<\/li>\n<li data-start=\"2721\" data-end=\"2735\">\n<p data-start=\"2723\" data-end=\"2735\">Schubladenbox<\/p>\n<\/li>\n<li data-start=\"2736\" data-end=\"2770\">\n<p data-start=\"2738\" data-end=\"2770\">Einsatzfach (Papier \/ EVA \/ Schaumstoff)<\/p>\n<\/li>\n<\/ul>\n<hr data-start=\"2772\" data-end=\"2775\" \/>\n<h2 data-start=\"2777\" data-end=\"2815\">\ud83d\udd37 Warum unsere Verpackung w\u00e4hlen<\/h2>\n<p data-start=\"2817\" data-end=\"3013\">\u2714 Direkt Fabrik Hersteller<br data-start=\"2846\" data-end=\"2849\" \/>\u2714 Konkurrenzf\u00e4higer Gro\u00dfhandelspreis<br data-start=\"2878\" data-end=\"2881\" \/>\u2714 Niedriges MOQ verf\u00fcgbar<br data-start=\"2900\" data-end=\"2903\" \/>\u2714 Kostenloses Dieline &amp; 3D Mockup<br data-start=\"2929\" data-end=\"2932\" \/>\u2714 Schneller Probenahme-Service<br data-start=\"2955\" data-end=\"2958\" \/>\u2714 Stabile Qualit\u00e4tskontrolle<br data-start=\"2982\" data-end=\"2985\" \/>\u2714 Globale Exporterfahrung<\/p>\n<p data-start=\"3015\" data-end=\"3079\">Wir helfen Dessert- und Lebensmittelmarken beim Aufbau einer starken Verpackungsidentit\u00e4t.<\/p>","protected":false},"excerpt":{"rendered":"<p data-start=\"1041\" data-end=\"1231\">Pr\u00e4mie <strong data-start=\"1049\" data-end=\"1086\">individuelle W\u00fcrfel-Dessert-Verpackung<\/strong> konzipiert f\u00fcr S\u00fc\u00dfwaren-, B\u00e4ckerei- und Gourmet-Geschenkmarken. Mit stabiler Struktur, elegantem Design und vollst\u00e4ndiger Individualisierung f\u00fcr eine luxuri\u00f6se Pr\u00e4sentation.<\/p>","protected":false},"featured_media":0,"template":"","meta":{"_joinchat":[]},"product_brand":[],"product_cat":[15,283,294,335],"product_tag":[241],"class_list":{"0":"post-9100","1":"product","2":"type-product","3":"status-publish","5":"product_cat-uncategorized","6":"product_cat-bakery-amp-cake-packaging","7":"product_cat-food-packaging","8":"product_cat-cardboard-food-packaging","9":"product_tag-electronics-package","11":"first","12":"instock","13":"product-type-simple"},"acf":[],"_links":{"self":[{"href":"https:\/\/h2packaging.com\/de\/wp-json\/wp\/v2\/product\/9100","targetHints":{"allow":["GET"]}}],"collection":[{"href":"https:\/\/h2packaging.com\/de\/wp-json\/wp\/v2\/product"}],"about":[{"href":"https:\/\/h2packaging.com\/de\/wp-json\/wp\/v2\/types\/product"}],"wp:attachment":[{"href":"https:\/\/h2packaging.com\/de\/wp-json\/wp\/v2\/media?parent=9100"}],"wp:term":[{"taxonomy":"product_brand","embeddable":true,"href":"https:\/\/h2packaging.com\/de\/wp-json\/wp\/v2\/product_brand?post=9100"},{"taxonomy":"product_cat","embeddable":true,"href":"https:\/\/h2packaging.com\/de\/wp-json\/wp\/v2\/product_cat?post=9100"},{"taxonomy":"product_tag","embeddable":true,"href":"https:\/\/h2packaging.com\/de\/wp-json\/wp\/v2\/product_tag?post=9100"}],"curies":[{"name":"wp","href":"https:\/\/api.w.org\/{rel}","templated":true}]}}