{"id":9106,"date":"2025-12-22T20:54:02","date_gmt":"2025-12-22T12:54:02","guid":{"rendered":"https:\/\/tbc72w920v.onrocket.site\/product\/luxury-red-rigid-box-with-gold-foil-logo-for-electronic-gift-packaging\/"},"modified":"2026-02-04T17:19:17","modified_gmt":"2026-02-04T09:19:17","slug":"luxury-red-rigid-box-with-gold-foil-logo-for-electronic-gift-packaging","status":"publish","type":"product","link":"https:\/\/h2packaging.com\/de\/produkt\/luxury-red-rigid-box-with-gold-foil-logo-for-electronic-gift-packaging\/","title":{"rendered":"Benutzerdefinierte Achteck-Tee-Geschenk-Box Verpackung | Luxus roten achteckigen starren Box"},"content":{"rendered":"<h2 data-start=\"1337\" data-end=\"1365\">\ud83d\udd37 Produkt\u00fcbersicht<\/h2>\n<p data-start=\"1367\" data-end=\"1496\">Unser <strong data-start=\"1371\" data-end=\"1411\">luxuri\u00f6se achteckige starre Kartonverpackung<\/strong> ist speziell f\u00fcr hochwertige Teesets, kulturelle Geschenke und festliche Kollektionen konzipiert.<\/p>\n<p data-start=\"1498\" data-end=\"1706\">Inspiriert von der traditionellen chinesischen \u00c4sthetik, steht diese achtseitige Geschenkbox f\u00fcr Gleichgewicht, Harmonie und Wohlstand. Die satte rote Farbe in Kombination mit raffinierten Details steigert den Markenwert und die emotionale Anziehungskraft.<\/p>\n<p data-start=\"1708\" data-end=\"1861\">Mit ihrer pr\u00e4zisen Struktur und den ma\u00dfgeschneiderten Innenf\u00e4chern bietet diese Verpackung hervorragenden Schutz und sorgt f\u00fcr ein unvergessliches Auspackerlebnis.<\/p>\n<p data-start=\"1863\" data-end=\"1952\">Perfekt f\u00fcr Marken, die sich auf dem Tee-, Wellness- und Luxusgeschenkemarkt erstklassig positionieren wollen.<\/p>\n<hr data-start=\"1954\" data-end=\"1957\" \/>\n<h2 data-start=\"1959\" data-end=\"1983\">\ud83d\udd37 Hauptmerkmale<\/h2>\n<p data-start=\"1985\" data-end=\"2208\">\u2714 Elegante achteckige Struktur<br data-start=\"2012\" data-end=\"2015\" \/>\u2714 Konstruktion aus fester Pappe<br data-start=\"2046\" data-end=\"2049\" \/>\u2714 Individuelles Einsatz- und Trennwandsystem<br data-start=\"2081\" data-end=\"2084\" \/>\u2714 Premium Druck &amp; Veredelung<br data-start=\"2114\" data-end=\"2117\" \/>\u2714 Luxuri\u00f6ses rot-goldenes Design<br data-start=\"2143\" data-end=\"2146\" \/>\u2714 Hohe Tragf\u00e4higkeit<br data-start=\"2174\" data-end=\"2177\" \/>\u2714 Unterst\u00fctzung der Markenanpassung<\/p>\n<hr data-start=\"2210\" data-end=\"2213\" \/>\n<h2 data-start=\"2215\" data-end=\"2239\">\ud83d\udd37 Anwendungen<\/h2>\n<p data-start=\"2241\" data-end=\"2251\">Ideal f\u00fcr:<\/p>\n<ul data-start=\"2253\" data-end=\"2425\">\n<li data-start=\"2253\" data-end=\"2280\">\n<p data-start=\"2255\" data-end=\"2280\">Verpackungen f\u00fcr Tee und Teegeschirr<\/p>\n<\/li>\n<li data-start=\"2281\" data-end=\"2311\">\n<p data-start=\"2283\" data-end=\"2311\">Chinesische Kultur-Geschenksets<\/p>\n<\/li>\n<li data-start=\"2312\" data-end=\"2340\">\n<p data-start=\"2314\" data-end=\"2340\">Geschenke f\u00fcr Feiertage und Feste<\/p>\n<\/li>\n<li data-start=\"2341\" data-end=\"2369\">\n<p data-start=\"2343\" data-end=\"2369\">Geschenkverpackungen f\u00fcr Unternehmen<\/p>\n<\/li>\n<li data-start=\"2370\" data-end=\"2396\">\n<p data-start=\"2372\" data-end=\"2396\">Premium-Souvenir-Boxen<\/p>\n<\/li>\n<li data-start=\"2397\" data-end=\"2425\">\n<p data-start=\"2399\" data-end=\"2425\">Luxuri\u00f6se Wellness-Produkte<\/p>\n<\/li>\n<\/ul>\n<hr data-start=\"2427\" data-end=\"2430\" \/>\n<h2 data-start=\"2432\" data-end=\"2465\">\ud83d\udd37 Anpassungsm\u00f6glichkeiten<\/h2>\n<p data-start=\"2467\" data-end=\"2500\">Wir bieten umfassende OEM- und ODM-Dienstleistungen:<\/p>\n<h3 data-start=\"2502\" data-end=\"2513\">\ud83d\udcd0 Gr\u00f6\u00dfe<\/h3>\n<ul data-start=\"2514\" data-end=\"2549\">\n<li data-start=\"2514\" data-end=\"2549\">\n<p data-start=\"2516\" data-end=\"2549\">V\u00f6llig kundenspezifische Abmessungen verf\u00fcgbar<\/p>\n<\/li>\n<\/ul>\n<h3 data-start=\"2551\" data-end=\"2567\">\ud83d\udcc4 Materialien<\/h3>\n<ul data-start=\"2568\" data-end=\"2644\">\n<li data-start=\"2568\" data-end=\"2587\">\n<p data-start=\"2570\" data-end=\"2587\">Starre Graupappe<\/p>\n<\/li>\n<li data-start=\"2588\" data-end=\"2601\">\n<p data-start=\"2590\" data-end=\"2601\">Kunstdruckpapier<\/p>\n<\/li>\n<li data-start=\"2602\" data-end=\"2621\">\n<p data-start=\"2604\" data-end=\"2621\">Spezialpapier<\/p>\n<\/li>\n<li data-start=\"2622\" data-end=\"2644\">\n<p data-start=\"2624\" data-end=\"2644\">Umweltfreundliches Papier<\/p>\n<\/li>\n<\/ul>\n<h3 data-start=\"2646\" data-end=\"2661\">\ud83c\udfa8 Drucken<\/h3>\n<ul data-start=\"2662\" data-end=\"2717\">\n<li data-start=\"2662\" data-end=\"2680\">\n<p data-start=\"2664\" data-end=\"2680\">CMYK\/Pantone<\/p>\n<\/li>\n<li data-start=\"2681\" data-end=\"2696\">\n<p data-start=\"2683\" data-end=\"2696\">UV-Druck<\/p>\n<\/li>\n<li data-start=\"2697\" data-end=\"2717\">\n<p data-start=\"2699\" data-end=\"2717\">Digitaldruck<\/p>\n<\/li>\n<\/ul>\n<h3 data-start=\"2719\" data-end=\"2742\">\u2728 Oberfl\u00e4chenveredelung<\/h3>\n<ul data-start=\"2743\" data-end=\"2832\">\n<li data-start=\"2743\" data-end=\"2774\">\n<p data-start=\"2745\" data-end=\"2774\">Gold-\/Silberfolienpr\u00e4gung<\/p>\n<\/li>\n<li data-start=\"2775\" data-end=\"2786\">\n<p data-start=\"2777\" data-end=\"2786\">Spot UV<\/p>\n<\/li>\n<li data-start=\"2787\" data-end=\"2806\">\n<p data-start=\"2789\" data-end=\"2806\">Pr\u00e4gen\/Entpr\u00e4gen<\/p>\n<\/li>\n<li data-start=\"2807\" data-end=\"2832\">\n<p data-start=\"2809\" data-end=\"2832\">Soft-Touch-Laminierung<\/p>\n<\/li>\n<\/ul>\n<h3 data-start=\"2834\" data-end=\"2853\">\ud83d\udce6 Innerer Einsatz<\/h3>\n<ul data-start=\"2854\" data-end=\"2937\">\n<li data-start=\"2854\" data-end=\"2868\">\n<p data-start=\"2856\" data-end=\"2868\">Papierschacht<\/p>\n<\/li>\n<li data-start=\"2869\" data-end=\"2890\">\n<p data-start=\"2871\" data-end=\"2890\">EVA\/Schaumstoffeinsatz<\/p>\n<\/li>\n<li data-start=\"2891\" data-end=\"2909\">\n<p data-start=\"2893\" data-end=\"2909\">Geformte Trennwand<\/p>\n<\/li>\n<li data-start=\"2910\" data-end=\"2937\">\n<p data-start=\"2912\" data-end=\"2937\">Kundenspezifische F\u00e4cher<\/p>\n<\/li>\n<\/ul>\n<hr data-start=\"2939\" data-end=\"2942\" \/>\n<h2 data-start=\"2944\" data-end=\"2972\">\ud83d\udd37 Warum uns w\u00e4hlen<\/h2>\n<p data-start=\"2974\" data-end=\"3143\">\u2714 Direktlieferant der Fabrik<br data-start=\"2999\" data-end=\"3002\" \/>\u2714 Konkurrenzf\u00e4higer Preis und stabile Qualit\u00e4t<br data-start=\"3038\" data-end=\"3041\" \/>\u2714 Niedriges MOQ f\u00fcr Sonderbestellungen<br data-start=\"3068\" data-end=\"3071\" \/>\u2714 Kostenlose Skizze &amp; Mockup<br data-start=\"3094\" data-end=\"3097\" \/>\u2714 Schnelle Abtastung<br data-start=\"3112\" data-end=\"3115\" \/>\u2714 Globale Exporterfahrung<\/p>\n<p data-start=\"3145\" data-end=\"3215\">Wir helfen Marken dabei, hochwertige Verpackungen in starke Markenwerte zu verwandeln.<\/p>","protected":false},"excerpt":{"rendered":"<p>Pr\u00e4mie <strong data-start=\"1132\" data-end=\"1169\">individuelle achteckige Geschenkverpackung<\/strong> Gebrauch: F\u00fcr Teesets und luxuri\u00f6se Geschenksammlungen. Die stabile Konstruktion, das elegante rote Finish und die individuell gestalteten Einlegeschalen sorgen f\u00fcr ein hochwertiges Unboxing-Erlebnis.<\/p>","protected":false},"featured_media":0,"template":"","meta":{"_joinchat":[]},"product_brand":[],"product_cat":[15,118],"product_tag":[241],"class_list":{"0":"post-9106","1":"product","2":"type-product","3":"status-publish","5":"product_cat-uncategorized","6":"product_cat-octagon-box","7":"product_tag-electronics-package","9":"first","10":"instock","11":"product-type-simple"},"acf":[],"_links":{"self":[{"href":"https:\/\/h2packaging.com\/de\/wp-json\/wp\/v2\/product\/9106","targetHints":{"allow":["GET"]}}],"collection":[{"href":"https:\/\/h2packaging.com\/de\/wp-json\/wp\/v2\/product"}],"about":[{"href":"https:\/\/h2packaging.com\/de\/wp-json\/wp\/v2\/types\/product"}],"wp:attachment":[{"href":"https:\/\/h2packaging.com\/de\/wp-json\/wp\/v2\/media?parent=9106"}],"wp:term":[{"taxonomy":"product_brand","embeddable":true,"href":"https:\/\/h2packaging.com\/de\/wp-json\/wp\/v2\/product_brand?post=9106"},{"taxonomy":"product_cat","embeddable":true,"href":"https:\/\/h2packaging.com\/de\/wp-json\/wp\/v2\/product_cat?post=9106"},{"taxonomy":"product_tag","embeddable":true,"href":"https:\/\/h2packaging.com\/de\/wp-json\/wp\/v2\/product_tag?post=9106"}],"curies":[{"name":"wp","href":"https:\/\/api.w.org\/{rel}","templated":true}]}}