{"id":9111,"date":"2025-12-22T20:54:10","date_gmt":"2025-12-22T12:54:10","guid":{"rendered":"https:\/\/tbc72w920v.onrocket.site\/product\/minimalist-electronics-packaging-for-smart-blood-pressure-monitor-device\/"},"modified":"2026-02-04T17:13:56","modified_gmt":"2026-02-04T09:13:56","slug":"minimalist-electronics-packaging-for-smart-blood-pressure-monitor-device","status":"publish","type":"product","link":"https:\/\/h2packaging.com\/de\/produkt\/minimalist-electronics-packaging-for-smart-blood-pressure-monitor-device\/","title":{"rendered":"Kundenspezifische achteckige Geschenkverpackung | Luxuri\u00f6se achteckige starre Box mit Bagua-Design"},"content":{"rendered":"<h2 data-start=\"1362\" data-end=\"1390\">\ud83d\udd37 Produkt\u00fcbersicht<\/h2>\n<p data-start=\"1392\" data-end=\"1493\">Unser <strong data-start=\"1396\" data-end=\"1429\">achteckige starre Schachtelverpackung<\/strong> verbindet traditionelle kulturelle Elemente mit moderner Handwerkskunst.<\/p>\n<p data-start=\"1495\" data-end=\"1672\">Inspiriert vom Bagua-Konzept symbolisiert diese achtseitige Dose Gleichgewicht und Harmonie und ist damit die perfekte Wahl f\u00fcr R\u00e4ucher-, Tee-, Kr\u00e4uter-, Wellness- und kulturelle Geschenksammlungen.<\/p>\n<p data-start=\"1674\" data-end=\"1790\">Die pr\u00e4zisionsgeschnittene Struktur und das geschichtete Innentray gew\u00e4hrleisten sowohl den Schutz des Produkts als auch ein raffiniertes Unboxing-Erlebnis.<\/p>\n<p data-start=\"1792\" data-end=\"1922\">Hergestellt aus hochwertigem Karton und mit fortschrittlichen Veredelungstechniken unterstreicht diese Verpackung das Image Ihrer Marke und Ihr Storytelling.<\/p>\n<hr data-start=\"1924\" data-end=\"1927\" \/>\n<h2 data-start=\"1929\" data-end=\"1953\">\ud83d\udd37 Hauptmerkmale<\/h2>\n<p data-start=\"1955\" data-end=\"2156\">\u2714 Einzigartige Achteck-\/Bagua-Form<br data-start=\"1985\" data-end=\"1988\" \/>\u2714 Starre Struktur f\u00fcr High-End-Produkte<br data-start=\"2027\" data-end=\"2030\" \/>\u2714 Innenschale mit mehreren F\u00e4chern<br data-start=\"2060\" data-end=\"2063\" \/>\u2714 Premium-Spezialpapier<br data-start=\"2088\" data-end=\"2091\" \/>\u2714 Kulturelle und luxuri\u00f6se Anziehungskraft<br data-start=\"2124\" data-end=\"2127\" \/>\u2714 Individuelles Branding verf\u00fcgbar<\/p>\n<hr data-start=\"2158\" data-end=\"2161\" \/>\n<h2 data-start=\"2163\" data-end=\"2187\">\ud83d\udd37 Anwendungen<\/h2>\n<p data-start=\"2189\" data-end=\"2235\">Diese <strong data-start=\"2194\" data-end=\"2221\">Achteckige Geschenkbox nach Ma\u00df<\/strong> ist ideal f\u00fcr:<\/p>\n<ul data-start=\"2237\" data-end=\"2412\">\n<li data-start=\"2237\" data-end=\"2265\">\n<p data-start=\"2239\" data-end=\"2265\">R\u00e4ucherst\u00e4bchen &amp; Aromaprodukte<\/p>\n<\/li>\n<li data-start=\"2266\" data-end=\"2292\">\n<p data-start=\"2268\" data-end=\"2292\">Tee- und Kr\u00e4uterverpackungen<\/p>\n<\/li>\n<li data-start=\"2293\" data-end=\"2323\">\n<p data-start=\"2295\" data-end=\"2323\">Wellness- und Meditations-Sets<\/p>\n<\/li>\n<li data-start=\"2324\" data-end=\"2354\">\n<p data-start=\"2326\" data-end=\"2354\">Kulturelle und spirituelle Gaben<\/p>\n<\/li>\n<li data-start=\"2355\" data-end=\"2380\">\n<p data-start=\"2357\" data-end=\"2380\">Luxuri\u00f6se Souvenir-Boxen<\/p>\n<\/li>\n<li data-start=\"2381\" data-end=\"2412\">\n<p data-start=\"2383\" data-end=\"2412\">Premium Holiday Collections<\/p>\n<\/li>\n<\/ul>\n<hr data-start=\"2414\" data-end=\"2417\" \/>\n<h2 data-start=\"2419\" data-end=\"2452\">\ud83d\udd37 Anpassungsm\u00f6glichkeiten<\/h2>\n<p data-start=\"2454\" data-end=\"2493\">Wir bieten umfassende Anpassungsdienste:<\/p>\n<h3 data-start=\"2495\" data-end=\"2506\">\ud83d\udcd0 Gr\u00f6\u00dfe<\/h3>\n<ul data-start=\"2507\" data-end=\"2536\">\n<li data-start=\"2507\" data-end=\"2536\">\n<p data-start=\"2509\" data-end=\"2536\">Vollst\u00e4ndig angepasste Abmessungen<\/p>\n<\/li>\n<\/ul>\n<h3 data-start=\"2538\" data-end=\"2554\">\ud83d\udcc4 Materialien<\/h3>\n<ul data-start=\"2555\" data-end=\"2643\">\n<li data-start=\"2555\" data-end=\"2574\">\n<p data-start=\"2557\" data-end=\"2574\">Starre Graupappe<\/p>\n<\/li>\n<li data-start=\"2575\" data-end=\"2588\">\n<p data-start=\"2577\" data-end=\"2588\">Kunstdruckpapier<\/p>\n<\/li>\n<li data-start=\"2589\" data-end=\"2616\">\n<p data-start=\"2591\" data-end=\"2616\">Spezialpapier mit Textur<\/p>\n<\/li>\n<li data-start=\"2617\" data-end=\"2643\">\n<p data-start=\"2619\" data-end=\"2643\">Umweltvertr\u00e4gliche Materialien<\/p>\n<\/li>\n<\/ul>\n<h3 data-start=\"2645\" data-end=\"2660\">\ud83c\udfa8 Drucken<\/h3>\n<ul data-start=\"2661\" data-end=\"2725\">\n<li data-start=\"2661\" data-end=\"2688\">\n<p data-start=\"2663\" data-end=\"2688\">CMYK\/Pantone-Druck<\/p>\n<\/li>\n<li data-start=\"2689\" data-end=\"2704\">\n<p data-start=\"2691\" data-end=\"2704\">UV-Druck<\/p>\n<\/li>\n<li data-start=\"2705\" data-end=\"2725\">\n<p data-start=\"2707\" data-end=\"2725\">Digitaldruck<\/p>\n<\/li>\n<\/ul>\n<h3 data-start=\"2727\" data-end=\"2742\">\u2728 Fertigstellung<\/h3>\n<ul data-start=\"2743\" data-end=\"2830\">\n<li data-start=\"2743\" data-end=\"2764\">\n<p data-start=\"2745\" data-end=\"2764\">Hei\u00dffolienpr\u00e4gung<\/p>\n<\/li>\n<li data-start=\"2765\" data-end=\"2776\">\n<p data-start=\"2767\" data-end=\"2776\">Spot UV<\/p>\n<\/li>\n<li data-start=\"2777\" data-end=\"2796\">\n<p data-start=\"2779\" data-end=\"2796\">Pr\u00e4gen\/Entpr\u00e4gen<\/p>\n<\/li>\n<li data-start=\"2797\" data-end=\"2830\">\n<p data-start=\"2799\" data-end=\"2830\">Matte \/ Soft-Touch-Laminierung<\/p>\n<\/li>\n<\/ul>\n<h3 data-start=\"2832\" data-end=\"2854\">\ud83d\udce6 Innere Struktur<\/h3>\n<ul data-start=\"2855\" data-end=\"2917\">\n<li data-start=\"2855\" data-end=\"2873\">\n<p data-start=\"2857\" data-end=\"2873\">Benutzerdefinierter Teiler<\/p>\n<\/li>\n<li data-start=\"2874\" data-end=\"2889\">\n<p data-start=\"2876\" data-end=\"2889\">Einsatzfach<\/p>\n<\/li>\n<li data-start=\"2890\" data-end=\"2917\">\n<p data-start=\"2892\" data-end=\"2917\">Schaumstoff \/ EVA \/ Papierschale<\/p>\n<\/li>\n<\/ul>\n<hr data-start=\"2919\" data-end=\"2922\" \/>\n<h2 data-start=\"2924\" data-end=\"2951\">\ud83d\udd37 Warum uns w\u00e4hlen<\/h2>\n<p data-start=\"2953\" data-end=\"3123\">\u2714 Fabrikdirekter Hersteller<br data-start=\"2982\" data-end=\"2985\" \/>\u2714 Niedriges MOQ f\u00fcr Sonderbestellungen<br data-start=\"3012\" data-end=\"3015\" \/>\u2714 Kostenloses Dieline &amp; 3D Mockup<br data-start=\"3041\" data-end=\"3044\" \/>\u2714 Schneller Probenahme-Service<br data-start=\"3067\" data-end=\"3070\" \/>\u2714 Stabile Exportqualit\u00e4t<br data-start=\"3093\" data-end=\"3096\" \/>\u2714 Globale Versandunterst\u00fctzung<\/p>\n<p data-start=\"3125\" data-end=\"3190\">Wir helfen Marken dabei, kulturelle Verpackungen in hochwertige Markenprodukte zu verwandeln.<\/p>","protected":false},"excerpt":{"rendered":"<p>Pr\u00e4mie <strong data-start=\"1183\" data-end=\"1220\">individuelle achteckige Geschenkverpackung<\/strong> mit traditioneller Bagua-\u00c4sthetik und einer festen Struktur. Ideal f\u00fcr Weihrauch, Wellness, kulturelle Geschenke und Verpackungen von Luxusmarken.<\/p>","protected":false},"featured_media":0,"template":"","meta":{"_joinchat":[]},"product_brand":[],"product_cat":[15,118],"product_tag":[241],"class_list":{"0":"post-9111","1":"product","2":"type-product","3":"status-publish","5":"product_cat-uncategorized","6":"product_cat-octagon-box","7":"product_tag-electronics-package","9":"first","10":"instock","11":"product-type-simple"},"acf":[],"_links":{"self":[{"href":"https:\/\/h2packaging.com\/de\/wp-json\/wp\/v2\/product\/9111","targetHints":{"allow":["GET"]}}],"collection":[{"href":"https:\/\/h2packaging.com\/de\/wp-json\/wp\/v2\/product"}],"about":[{"href":"https:\/\/h2packaging.com\/de\/wp-json\/wp\/v2\/types\/product"}],"wp:attachment":[{"href":"https:\/\/h2packaging.com\/de\/wp-json\/wp\/v2\/media?parent=9111"}],"wp:term":[{"taxonomy":"product_brand","embeddable":true,"href":"https:\/\/h2packaging.com\/de\/wp-json\/wp\/v2\/product_brand?post=9111"},{"taxonomy":"product_cat","embeddable":true,"href":"https:\/\/h2packaging.com\/de\/wp-json\/wp\/v2\/product_cat?post=9111"},{"taxonomy":"product_tag","embeddable":true,"href":"https:\/\/h2packaging.com\/de\/wp-json\/wp\/v2\/product_tag?post=9111"}],"curies":[{"name":"wp","href":"https:\/\/api.w.org\/{rel}","templated":true}]}}