{"id":9114,"date":"2025-12-22T20:54:14","date_gmt":"2025-12-22T12:54:14","guid":{"rendered":"https:\/\/tbc72w920v.onrocket.site\/product\/pink-rigid-magnetic-double-door-box-for-electronic-gifts\/"},"modified":"2026-02-04T15:50:28","modified_gmt":"2026-02-04T07:50:28","slug":"pink-rigid-magnetic-double-door-box-for-electronic-gifts","status":"publish","type":"product","link":"https:\/\/h2packaging.com\/de\/produkt\/pink-rigid-magnetic-double-door-box-for-electronic-gifts\/","title":{"rendered":"Custom Triangle Drawer Box Packaging | Premium Triangular Gift Box mit Slide Design"},"content":{"rendered":"<h2 data-start=\"1382\" data-end=\"1410\">\ud83d\udd37 Produkt\u00fcbersicht<\/h2>\n<p data-start=\"1412\" data-end=\"1565\">Unser <strong data-start=\"1416\" data-end=\"1439\">Triangel-Schubladenbox<\/strong> kombiniert eine innovative Geometrie mit einer praktischen, aufschiebbaren Struktur und bietet damit eine einzigartige Alternative zu herk\u00f6mmlichen starren Boxen.<\/p>\n<p data-start=\"1567\" data-end=\"1796\">Inspiriert von modernen und saisonalen Designs, ist diese dreieckige Verpackung ideal f\u00fcr Marken, die eine unverwechselbare Pr\u00e4sentation suchen. Das innere Tray l\u00e4sst sich leicht herausziehen und sorgt f\u00fcr ein erstklassiges Unboxing-Erlebnis, w\u00e4hrend es Ihre Produkte sch\u00fctzt.<\/p>\n<p data-start=\"1798\" data-end=\"1929\">Durch die Verwendung von hochwertigem Karton und fortschrittlichen Drucktechniken gew\u00e4hrleistet diese Box Haltbarkeit, \u00c4sthetik und Markenkonsistenz.<\/p>\n<hr data-start=\"1931\" data-end=\"1934\" \/>\n<h2 data-start=\"1936\" data-end=\"1960\">\ud83d\udd37 Hauptmerkmale<br data-start=\"1985\" data-end=\"1988\" \/>\u2714 Struktur der gleitenden Schubladen\u00f6ffnung<br data-start=\"2022\" data-end=\"2025\" \/>\u2714 Hochfestes Pappmaterial<br data-start=\"2060\" data-end=\"2063\" \/>\u2714 Hochwertige Druck- und Veredelungsoptionen<br data-start=\"2101\" data-end=\"2104\" \/>\u2714 Ausgezeichnete Wirkung im Regal<br data-start=\"2136\" data-end=\"2139\" \/>\u2714 Vollst\u00e4ndig anpassbares Design<\/h2>\n<hr data-start=\"2170\" data-end=\"2173\" \/>\n<h2 data-start=\"2175\" data-end=\"2199\">\ud83d\udd37 Anwendungen<\/h2>\n<p data-start=\"2201\" data-end=\"2254\">Unser <strong data-start=\"2205\" data-end=\"2237\">ma\u00dfgefertigte dreieckige Schubladenboxen<\/strong> sind perfekt f\u00fcr:<\/p>\n<ul data-start=\"2256\" data-end=\"2441\">\n<li data-start=\"2256\" data-end=\"2294\">\n<p data-start=\"2258\" data-end=\"2294\">Geschenkverpackungen f\u00fcr Weihnachten und Feiertage<\/p>\n<\/li>\n<li data-start=\"2295\" data-end=\"2322\">\n<p data-start=\"2297\" data-end=\"2322\">Schokoladen- und Bonbonschachteln<\/p>\n<\/li>\n<li data-start=\"2323\" data-end=\"2352\">\n<p data-start=\"2325\" data-end=\"2352\">Hautpflege- &amp; Kosmetiksets<\/p>\n<\/li>\n<li data-start=\"2353\" data-end=\"2378\">\n<p data-start=\"2355\" data-end=\"2378\">Schmuck &amp; Accessoires<\/p>\n<\/li>\n<li data-start=\"2379\" data-end=\"2410\">\n<p data-start=\"2381\" data-end=\"2410\">Boutique- und Lifestyle-Marken<\/p>\n<\/li>\n<li data-start=\"2411\" data-end=\"2441\">\n<p data-start=\"2413\" data-end=\"2441\">Begrenzte Auflage Promotions<\/p>\n<\/li>\n<\/ul>\n<hr data-start=\"2443\" data-end=\"2446\" \/>\n<h2 data-start=\"2448\" data-end=\"2481\">\ud83d\udd37 Anpassungsm\u00f6glichkeiten<\/h2>\n<h3 data-start=\"2522\" data-end=\"2533\">\ud83d\udcd0 Gr\u00f6\u00dfe<\/h3>\n<ul data-start=\"2534\" data-end=\"2557\">\n<li data-start=\"2534\" data-end=\"2557\">\n<p data-start=\"2536\" data-end=\"2557\">Kundenspezifische Abmessungen<\/p>\n<\/li>\n<\/ul>\n<h3 data-start=\"2559\" data-end=\"2575\">\ud83d\udcc4 Materialien<\/h3>\n<ul data-start=\"2576\" data-end=\"2652\">\n<li data-start=\"2576\" data-end=\"2589\">\n<p data-start=\"2578\" data-end=\"2589\">Kunstdruckpapier<\/p>\n<\/li>\n<li data-start=\"2590\" data-end=\"2609\">\n<p data-start=\"2592\" data-end=\"2609\">Spezialpapier<\/p>\n<\/li>\n<li data-start=\"2610\" data-end=\"2623\">\n<p data-start=\"2612\" data-end=\"2623\">Graukarton<\/p>\n<\/li>\n<li data-start=\"2624\" data-end=\"2652\">\n<p data-start=\"2626\" data-end=\"2652\">Umweltfreundliches Kraftpapier<\/p>\n<\/li>\n<\/ul>\n<h3 data-start=\"2654\" data-end=\"2669\">\ud83c\udfa8 Drucken<\/h3>\n<ul data-start=\"2670\" data-end=\"2739\">\n<li data-start=\"2670\" data-end=\"2687\">\n<p data-start=\"2672\" data-end=\"2687\">CMYK-Druck<\/p>\n<\/li>\n<li data-start=\"2688\" data-end=\"2708\">\n<p data-start=\"2690\" data-end=\"2708\">Pantone-Anpassung<\/p>\n<\/li>\n<li data-start=\"2709\" data-end=\"2739\">\n<p data-start=\"2711\" data-end=\"2739\">Vollfarbiger Offsetdruck<\/p>\n<\/li>\n<\/ul>\n<h3 data-start=\"2741\" data-end=\"2756\">\u2728 Fertigstellung<\/h3>\n<ul data-start=\"2757\" data-end=\"2850\">\n<li data-start=\"2757\" data-end=\"2778\">\n<p data-start=\"2759\" data-end=\"2778\">Hei\u00dffolienpr\u00e4gung<\/p>\n<\/li>\n<li data-start=\"2779\" data-end=\"2790\">\n<p data-start=\"2781\" data-end=\"2790\">Spot UV<\/p>\n<\/li>\n<li data-start=\"2791\" data-end=\"2816\">\n<p data-start=\"2793\" data-end=\"2816\">Pr\u00e4gen \/ Entpr\u00e4gen<\/p>\n<\/li>\n<li data-start=\"2817\" data-end=\"2850\">\n<p data-start=\"2819\" data-end=\"2850\">Matte \/ Soft-Touch-Laminierung<\/p>\n<\/li>\n<\/ul>\n<h3 data-start=\"2852\" data-end=\"2868\">\ud83d\udce6 Struktur<\/h3>\n<ul data-start=\"2869\" data-end=\"2945\">\n<li data-start=\"2869\" data-end=\"2886\">\n<p data-start=\"2871\" data-end=\"2886\">Schubladenh\u00fclse<\/p>\n<\/li>\n<li data-start=\"2887\" data-end=\"2908\">\n<p data-start=\"2889\" data-end=\"2908\">Innerer Tablett-Einsatz<\/p>\n<\/li>\n<li data-start=\"2909\" data-end=\"2945\">\n<p data-start=\"2911\" data-end=\"2945\">Magnet-\/Faltverschluss (optional)<\/p>\n<\/li>\n<\/ul>\n<hr data-start=\"2947\" data-end=\"2950\" \/>\n<h2 data-start=\"2952\" data-end=\"2991\">\ud83d\udd37 Warum unsere Verpackung w\u00e4hlen<\/h2>\n<p data-start=\"2993\" data-end=\"3170\">\u2714 Professioneller Hersteller kundenspezifischer Verpackungen<br data-start=\"3037\" data-end=\"3040\" \/>\u2714 Niedriges MOQ verf\u00fcgbar<br data-start=\"3059\" data-end=\"3062\" \/>\u2714 Kostenloser Dieline-Support<br data-start=\"3084\" data-end=\"3087\" \/>\u2714 Schnelle Probenahme (5-7 Tage)<br data-start=\"3113\" data-end=\"3116\" \/>\u2714 Stabile Massenproduktion<br data-start=\"3140\" data-end=\"3143\" \/>\u2714 Globaler Versanddienst<\/p>\n<p data-start=\"3172\" data-end=\"3233\">Wir helfen Marken, Verpackungen in ein leistungsf\u00e4higes Marketinginstrument zu verwandeln.<\/p>","protected":false},"excerpt":{"rendered":"<p>Eine kreative <strong data-start=\"1141\" data-end=\"1181\">Dreieckige Schubladenverpackung nach Ma\u00df<\/strong> L\u00f6sung, die sich durch eine glatte Schiebestruktur und hochwertiges Papiermaterial auszeichnet. Diese Schachtel wurde f\u00fcr Geschenk-, Urlaubs- und Luxusproduktverpackungen entwickelt und bietet sowohl visuelle Wirkung als auch funktionale Eleganz.<\/p>","protected":false},"featured_media":0,"template":"","meta":{"_joinchat":[]},"product_brand":[],"product_cat":[15,123],"product_tag":[241],"class_list":{"0":"post-9114","1":"product","2":"type-product","3":"status-publish","5":"product_cat-uncategorized","6":"product_cat-triangle-box","7":"product_tag-electronics-package","9":"first","10":"instock","11":"product-type-simple"},"acf":[],"_links":{"self":[{"href":"https:\/\/h2packaging.com\/de\/wp-json\/wp\/v2\/product\/9114","targetHints":{"allow":["GET"]}}],"collection":[{"href":"https:\/\/h2packaging.com\/de\/wp-json\/wp\/v2\/product"}],"about":[{"href":"https:\/\/h2packaging.com\/de\/wp-json\/wp\/v2\/types\/product"}],"wp:attachment":[{"href":"https:\/\/h2packaging.com\/de\/wp-json\/wp\/v2\/media?parent=9114"}],"wp:term":[{"taxonomy":"product_brand","embeddable":true,"href":"https:\/\/h2packaging.com\/de\/wp-json\/wp\/v2\/product_brand?post=9114"},{"taxonomy":"product_cat","embeddable":true,"href":"https:\/\/h2packaging.com\/de\/wp-json\/wp\/v2\/product_cat?post=9114"},{"taxonomy":"product_tag","embeddable":true,"href":"https:\/\/h2packaging.com\/de\/wp-json\/wp\/v2\/product_tag?post=9114"}],"curies":[{"name":"wp","href":"https:\/\/api.w.org\/{rel}","templated":true}]}}