{"id":9138,"date":"2025-12-22T20:54:57","date_gmt":"2025-12-22T12:54:57","guid":{"rendered":"https:\/\/tbc72w920v.onrocket.site\/product\/premium-magnetic-closure-rigid-box-for-electronic-gift-sets\/"},"modified":"2026-02-02T15:59:20","modified_gmt":"2026-02-02T07:59:20","slug":"premium-magnetic-closure-rigid-box-for-electronic-gift-sets","status":"publish","type":"product","link":"https:\/\/h2packaging.com\/de\/produkt\/premium-magnetic-closure-rigid-box-for-electronic-gift-sets\/","title":{"rendered":"Individuelle Papier-Standbeutel f\u00fcr Lebensmittel- und B\u00e4ckereiverpackungen"},"content":{"rendered":"<h3 data-start=\"1338\" data-end=\"1361\">Beschreibung des Produkts<\/h3>\n<p data-start=\"1363\" data-end=\"1610\">Unser <strong data-start=\"1367\" data-end=\"1397\">individuelle Papier-Standbeutel<\/strong> sind konzipiert f\u00fcr moderne <strong data-start=\"1422\" data-end=\"1451\">Lebensmittel- und B\u00e4ckereiverpackungen<\/strong>. Mit ihrer stabilen, flachen Bodenstruktur und der sauberen Papieroberfl\u00e4che stehen diese T\u00fcten aufrecht in den Regalen und sorgen f\u00fcr ein nat\u00fcrliches und umweltfreundliches Markenimage.<\/p>\n<p data-start=\"1612\" data-end=\"1704\">Sie werden h\u00e4ufig f\u00fcr Backwaren, Snacks, Lebensmittel zum Mitnehmen und spezielle Einzelhandelsverpackungen verwendet.<\/p>\n<hr data-start=\"1706\" data-end=\"1709\" \/>\n<h3 data-start=\"1711\" data-end=\"1727\">Wesentliche Merkmale<\/h3>\n<ul data-start=\"1729\" data-end=\"2283\">\n<li data-start=\"1729\" data-end=\"1855\">\n<p data-start=\"1731\" data-end=\"1855\"><strong data-start=\"1731\" data-end=\"1762\">Umweltfreundliches Papiermaterial<\/strong><br data-start=\"1762\" data-end=\"1765\" \/>Hergestellt aus recycelbarem und lebensmittelechtem Papier, geeignet f\u00fcr nachhaltige Verpackungsl\u00f6sungen.<\/p>\n<\/li>\n<li data-start=\"1857\" data-end=\"1978\">\n<p data-start=\"1859\" data-end=\"1978\"><strong data-start=\"1859\" data-end=\"1892\">Stehendes &amp; flaches Bodendesign<\/strong><br data-start=\"1892\" data-end=\"1895\" \/>Dank der stabilen Bodenstruktur kann die Tasche aufrecht stehen und besser im Regal pr\u00e4sentiert werden.<\/p>\n<\/li>\n<li data-start=\"1980\" data-end=\"2089\">\n<p data-start=\"1982\" data-end=\"2089\"><strong data-start=\"1982\" data-end=\"2007\">Umklappbarer Verschluss oben<\/strong><br data-start=\"2007\" data-end=\"2010\" \/>Einfaches Klappdeckel-Design f\u00fcr einfaches Verschlie\u00dfen, Beschriften oder Aufkleben.<\/p>\n<\/li>\n<li data-start=\"2091\" data-end=\"2184\">\n<p data-start=\"2093\" data-end=\"2184\"><strong data-start=\"2093\" data-end=\"2122\">Kundenspezifischer Druck verf\u00fcgbar<\/strong><br data-start=\"2122\" data-end=\"2125\" \/>Unterst\u00fctzt Logodruck, Markenfarben und benutzerdefinierte Druckvorlagen.<\/p>\n<\/li>\n<li data-start=\"2186\" data-end=\"2283\">\n<p data-start=\"2188\" data-end=\"2283\"><strong data-start=\"2188\" data-end=\"2220\">Leicht und kosteneffektiv<\/strong><br data-start=\"2220\" data-end=\"2223\" \/>Ideal f\u00fcr Lebensmittelverpackungen im Einzelhandel, zum Mitnehmen und f\u00fcr den elektronischen Handel.<\/p>\n<\/li>\n<\/ul>\n<hr data-start=\"2285\" data-end=\"2288\" \/>\n<h3 data-start=\"2290\" data-end=\"2312\">Ideale Anwendungen<\/h3>\n<ul data-start=\"2314\" data-end=\"2488\">\n<li data-start=\"2314\" data-end=\"2361\">\n<p data-start=\"2316\" data-end=\"2361\">Verpackungen f\u00fcr B\u00e4ckereien (Brot, Geb\u00e4ck, Kekse)<\/p>\n<\/li>\n<li data-start=\"2362\" data-end=\"2394\">\n<p data-start=\"2364\" data-end=\"2394\">Verpackungen f\u00fcr Snacks und trockene Lebensmittel<\/p>\n<\/li>\n<li data-start=\"2395\" data-end=\"2423\">\n<p data-start=\"2397\" data-end=\"2423\">Papiert\u00fcten f\u00fcr Lebensmittel zum Mitnehmen<\/p>\n<\/li>\n<li data-start=\"2424\" data-end=\"2456\">\n<p data-start=\"2426\" data-end=\"2456\">Verpackungen f\u00fcr Kaffeebohnen und Tee<\/p>\n<\/li>\n<li data-start=\"2457\" data-end=\"2488\">\n<p data-start=\"2459\" data-end=\"2488\">Umweltfreundliche Einzelhandelsverpackungen<\/p>\n<\/li>\n<\/ul>\n<hr data-start=\"2490\" data-end=\"2493\" \/>\n<h3 data-start=\"2495\" data-end=\"2520\">Anpassungsoptionen<\/h3>\n<ul data-start=\"2522\" data-end=\"2699\">\n<li data-start=\"2522\" data-end=\"2553\">\n<p data-start=\"2524\" data-end=\"2553\">Kundenspezifische Gr\u00f6\u00dfen und Abmessungen<\/p>\n<\/li>\n<li data-start=\"2554\" data-end=\"2592\">\n<p data-start=\"2556\" data-end=\"2592\">Wei\u00dfes Kraftpapier oder farbiges Papier<\/p>\n<\/li>\n<li data-start=\"2593\" data-end=\"2627\">\n<p data-start=\"2595\" data-end=\"2627\">Logo und vollfl\u00e4chiger Druck<\/p>\n<\/li>\n<li data-start=\"2628\" data-end=\"2661\">\n<p data-start=\"2630\" data-end=\"2661\">Matte oder nat\u00fcrliche Papieroberfl\u00e4che<\/p>\n<\/li>\n<li data-start=\"2662\" data-end=\"2699\">\n<p data-start=\"2664\" data-end=\"2699\">OEM &amp; ODM Papierverpackungsl\u00f6sungen<\/p>\n<\/li>\n<\/ul>\n<hr data-start=\"2701\" data-end=\"2704\" \/>\n<h3 data-start=\"2706\" data-end=\"2745\">Warum sollten Sie sich f\u00fcr unsere Papier-Standbodenbeutel entscheiden?<\/h3>\n<p data-start=\"2747\" data-end=\"3019\">Unser <strong data-start=\"2751\" data-end=\"2783\">Papier-Standbodenbeutel-Verpackung<\/strong> bietet ein perfektes Gleichgewicht zwischen Nachhaltigkeit, Funktionalit\u00e4t und Markenpr\u00e4sentation. Ob f\u00fcr B\u00e4ckereien, Lebensmittelmarken oder Imbissbuden - diese Verpackungsl\u00f6sung erh\u00f6ht die Attraktivit\u00e4t der Regale und unterst\u00fctzt gleichzeitig umweltbewusste Werte.<\/p>","protected":false},"excerpt":{"rendered":"<p>Individuelle Papier-Standbeutel f\u00fcr Lebensmittel- und B\u00e4ckereiverpackungen. Umweltfreundliche Materialien, flacher Boden, individueller Druck, ideal f\u00fcr den Einzelhandel und zum Mitnehmen.<\/p>","protected":false},"featured_media":10557,"template":"","meta":{"_joinchat":[]},"product_brand":[],"product_cat":[15,68],"product_tag":[241],"class_list":{"0":"post-9138","1":"product","2":"type-product","3":"status-publish","4":"has-post-thumbnail","6":"product_cat-uncategorized","7":"product_cat-pouches-packaging","8":"product_tag-electronics-package","10":"first","11":"instock","12":"product-type-simple"},"acf":[],"_links":{"self":[{"href":"https:\/\/h2packaging.com\/de\/wp-json\/wp\/v2\/product\/9138","targetHints":{"allow":["GET"]}}],"collection":[{"href":"https:\/\/h2packaging.com\/de\/wp-json\/wp\/v2\/product"}],"about":[{"href":"https:\/\/h2packaging.com\/de\/wp-json\/wp\/v2\/types\/product"}],"wp:featuredmedia":[{"embeddable":true,"href":"https:\/\/h2packaging.com\/de\/wp-json\/wp\/v2\/media\/10557"}],"wp:attachment":[{"href":"https:\/\/h2packaging.com\/de\/wp-json\/wp\/v2\/media?parent=9138"}],"wp:term":[{"taxonomy":"product_brand","embeddable":true,"href":"https:\/\/h2packaging.com\/de\/wp-json\/wp\/v2\/product_brand?post=9138"},{"taxonomy":"product_cat","embeddable":true,"href":"https:\/\/h2packaging.com\/de\/wp-json\/wp\/v2\/product_cat?post=9138"},{"taxonomy":"product_tag","embeddable":true,"href":"https:\/\/h2packaging.com\/de\/wp-json\/wp\/v2\/product_tag?post=9138"}],"curies":[{"name":"wp","href":"https:\/\/api.w.org\/{rel}","templated":true}]}}