{"id":9154,"date":"2025-12-22T20:55:23","date_gmt":"2025-12-22T12:55:23","guid":{"rendered":"https:\/\/tbc72w920v.onrocket.site\/product\/red-bow-cake-stickers-for-bakery-gift-boxes-and-packaging\/"},"modified":"2026-01-29T17:27:03","modified_gmt":"2026-01-29T09:27:03","slug":"red-bow-cake-stickers-for-bakery-gift-boxes-and-packaging","status":"publish","type":"product","link":"https:\/\/h2packaging.com\/de\/produkt\/red-bow-cake-stickers-for-bakery-gift-boxes-and-packaging\/","title":{"rendered":"Individuelle Tragetasche aus Segeltuch f\u00fcr umweltfreundliche Verpackungen"},"content":{"rendered":"<h3 data-start=\"1326\" data-end=\"1349\">Beschreibung des Produkts<\/h3>\n<p data-start=\"1351\" data-end=\"1592\">Diese <strong data-start=\"1356\" data-end=\"1382\">Tragetasche aus Segeltuch<\/strong> ist f\u00fcr Marken konzipiert, die eine nachhaltige, stilvolle und wiederverwendbare Verpackungsl\u00f6sung suchen.<br data-start=\"1470\" data-end=\"1473\" \/>Sie ist aus strapazierf\u00e4higem Baumwoll-Canvas gefertigt und bietet einen klaren, minimalistischen Look bei gleichzeitig hervorragender Robustheit f\u00fcr den t\u00e4glichen Gebrauch.<\/p>\n<p data-start=\"1594\" data-end=\"1679\">Ideal f\u00fcr Einzelhandelsgesch\u00e4fte, Veranstaltungen, Ausstellungen, Werbeaktionen und umweltbewusste Marken.<\/p>\n<hr data-start=\"1681\" data-end=\"1684\" \/>\n<h3 data-start=\"1686\" data-end=\"1702\">Wesentliche Merkmale<\/h3>\n<ul data-start=\"1704\" data-end=\"2125\">\n<li data-start=\"1704\" data-end=\"1789\">\n<p data-start=\"1706\" data-end=\"1789\"><strong data-start=\"1706\" data-end=\"1736\">Hochwertiges Baumwollsegeltuch<\/strong><br data-start=\"1736\" data-end=\"1739\" \/>Dicker, strapazierf\u00e4higer Stoff, geeignet f\u00fcr wiederholten Gebrauch.<\/p>\n<\/li>\n<li data-start=\"1791\" data-end=\"1876\">\n<p data-start=\"1793\" data-end=\"1876\"><strong data-start=\"1793\" data-end=\"1820\">Wiederverwendbar &amp; umweltfreundlich<\/strong><br data-start=\"1820\" data-end=\"1823\" \/>Eine nachhaltige Alternative zu Einkaufst\u00fcten aus Plastik.<\/p>\n<\/li>\n<li data-start=\"1878\" data-end=\"1956\">\n<p data-start=\"1880\" data-end=\"1956\"><strong data-start=\"1880\" data-end=\"1908\">Bequeme lange Griffe<\/strong><br data-start=\"1908\" data-end=\"1911\" \/>Leicht in der Hand oder \u00fcber der Schulter zu tragen.<\/p>\n<\/li>\n<li data-start=\"1958\" data-end=\"2033\">\n<p data-start=\"1960\" data-end=\"2033\"><strong data-start=\"1960\" data-end=\"1984\">Gro\u00dfer bedruckbarer Bereich<\/strong><br data-start=\"1984\" data-end=\"1987\" \/>Ideal f\u00fcr Logodruck und Markenwerbung.<\/p>\n<\/li>\n<li data-start=\"2035\" data-end=\"2125\">\n<p data-start=\"2037\" data-end=\"2125\"><strong data-start=\"2037\" data-end=\"2064\">Minimales und modernes Design<\/strong><br data-start=\"2064\" data-end=\"2067\" \/>Geeignet f\u00fcr Mode, Lifestyle und Corporate Branding.<\/p>\n<\/li>\n<\/ul>\n<hr data-start=\"2127\" data-end=\"2130\" \/>\n<h3 data-start=\"2132\" data-end=\"2154\">Ideale Anwendungen<\/h3>\n<ul data-start=\"2156\" data-end=\"2322\">\n<li data-start=\"2156\" data-end=\"2187\">\n<p data-start=\"2158\" data-end=\"2187\">Einzelhandels- und Einkaufsverpackungen<\/p>\n<\/li>\n<li data-start=\"2188\" data-end=\"2217\">\n<p data-start=\"2190\" data-end=\"2217\">Werbegeschenk-Taschen<\/p>\n<\/li>\n<li data-start=\"2218\" data-end=\"2249\">\n<p data-start=\"2220\" data-end=\"2249\">Corporate Branding &amp; Veranstaltungen<\/p>\n<\/li>\n<li data-start=\"2250\" data-end=\"2286\">\n<p data-start=\"2252\" data-end=\"2286\">Umweltfreundliche Verpackungsl\u00f6sungen<\/p>\n<\/li>\n<li data-start=\"2287\" data-end=\"2322\">\n<p data-start=\"2289\" data-end=\"2322\">Tragetaschen f\u00fcr Ausstellungen und Messen<\/p>\n<\/li>\n<\/ul>\n<hr data-start=\"2324\" data-end=\"2327\" \/>\n<h3 data-start=\"2329\" data-end=\"2354\">Anpassungsoptionen<\/h3>\n<ul data-start=\"2356\" data-end=\"2589\">\n<li data-start=\"2356\" data-end=\"2389\">\n<p data-start=\"2358\" data-end=\"2389\">Benutzerdefinierte Gr\u00f6\u00dfen und Taschenabmessungen<\/p>\n<\/li>\n<li data-start=\"2390\" data-end=\"2418\">\n<p data-start=\"2392\" data-end=\"2418\">Optionen f\u00fcr die Segeltuchst\u00e4rke<\/p>\n<\/li>\n<li data-start=\"2419\" data-end=\"2480\">\n<p data-start=\"2421\" data-end=\"2480\">Logodruck: Siebdruck, W\u00e4rme\u00fcbertragung, Stickerei<\/p>\n<\/li>\n<li data-start=\"2481\" data-end=\"2516\">\n<p data-start=\"2483\" data-end=\"2516\">Einseitiger oder beidseitiger Druck<\/p>\n<\/li>\n<li data-start=\"2517\" data-end=\"2558\">\n<p data-start=\"2519\" data-end=\"2558\">Nat\u00fcrliche, wei\u00dfe oder gef\u00e4rbte Leinwandfarben<\/p>\n<\/li>\n<li data-start=\"2559\" data-end=\"2589\">\n<p data-start=\"2561\" data-end=\"2589\">OEM- und ODM-Dienste verf\u00fcgbar<\/p>\n<\/li>\n<\/ul>\n<hr data-start=\"2591\" data-end=\"2594\" \/>\n<h3 data-start=\"2596\" data-end=\"2632\">Warum sollten Sie sich f\u00fcr unsere Tragetaschen aus Canvas entscheiden?<\/h3>\n<p data-start=\"2634\" data-end=\"2817\">Unser <strong data-start=\"2638\" data-end=\"2671\">Umweltfreundliche Tragetaschen aus Segeltuch<\/strong> kombinieren Praktikabilit\u00e4t, Nachhaltigkeit und Markenwert.<br data-start=\"2729\" data-end=\"2732\" \/>Sie tragen dazu bei, den Plastikm\u00fcll zu reduzieren und gleichzeitig die Sichtbarkeit der Marke durch den t\u00e4glichen Gebrauch zu erh\u00f6hen.<\/p>","protected":false},"excerpt":{"rendered":"<p>Wiederverwendbare Tragetaschen aus Segeltuch mit individuellem Logodruck. Ideal f\u00fcr den Einzelhandel, Werbeaktionen, Veranstaltungen und nachhaltige Verpackungsl\u00f6sungen.<\/p>","protected":false},"featured_media":0,"template":"","meta":{"_joinchat":[]},"product_brand":[],"product_cat":[15,69,101],"product_tag":[131,277],"class_list":{"0":"post-9154","1":"product","2":"type-product","3":"status-publish","5":"product_cat-uncategorized","6":"product_cat-bags","7":"product_cat-canvas-bag","8":"product_tag-food-package","9":"product_tag-stickers-amp-tape","11":"first","12":"instock","13":"product-type-simple"},"acf":[],"_links":{"self":[{"href":"https:\/\/h2packaging.com\/de\/wp-json\/wp\/v2\/product\/9154","targetHints":{"allow":["GET"]}}],"collection":[{"href":"https:\/\/h2packaging.com\/de\/wp-json\/wp\/v2\/product"}],"about":[{"href":"https:\/\/h2packaging.com\/de\/wp-json\/wp\/v2\/types\/product"}],"wp:attachment":[{"href":"https:\/\/h2packaging.com\/de\/wp-json\/wp\/v2\/media?parent=9154"}],"wp:term":[{"taxonomy":"product_brand","embeddable":true,"href":"https:\/\/h2packaging.com\/de\/wp-json\/wp\/v2\/product_brand?post=9154"},{"taxonomy":"product_cat","embeddable":true,"href":"https:\/\/h2packaging.com\/de\/wp-json\/wp\/v2\/product_cat?post=9154"},{"taxonomy":"product_tag","embeddable":true,"href":"https:\/\/h2packaging.com\/de\/wp-json\/wp\/v2\/product_tag?post=9154"}],"curies":[{"name":"wp","href":"https:\/\/api.w.org\/{rel}","templated":true}]}}