{"id":9186,"date":"2025-12-22T20:56:42","date_gmt":"2025-12-22T12:56:42","guid":{"rendered":"https:\/\/tbc72w920v.onrocket.site\/product\/strategic-war-game-packaging-box-with-cooperative-play-design\/"},"modified":"2026-01-28T17:33:06","modified_gmt":"2026-01-28T09:33:06","slug":"strategic-war-game-packaging-box-with-cooperative-play-design","status":"publish","type":"product","link":"https:\/\/h2packaging.com\/de\/produkt\/strategic-war-game-packaging-box-with-cooperative-play-design\/","title":{"rendered":"Luxus-Spezialpapier-Parf\u00fcmverpackungsbox"},"content":{"rendered":"<h3 data-start=\"1526\" data-end=\"1549\">Beschreibung des Produkts<\/h3>\n<p data-start=\"1551\" data-end=\"1878\">Diese <strong data-start=\"1556\" data-end=\"1604\">Luxus-Spezialpapier-Parf\u00fcm-Verpackungsschachtel<\/strong> wurde f\u00fcr Premium-Duftmarken entwickelt, die Wert auf eine raffinierte \u00c4sthetik und eine hervorragende Pr\u00e4sentation legen.<br data-start=\"1702\" data-end=\"1705\" \/>Das strukturierte Spezialpapier und die stabile Schachtelstruktur sorgen f\u00fcr ein elegantes Unboxing-Erlebnis und bieten gleichzeitig einen hervorragenden Schutz f\u00fcr hochwertige Parf\u00fcmflaschen.<\/p>\n<p data-start=\"1880\" data-end=\"2037\">Mit ihrem minimalistischen Design, dem tiefen Farbton und dem pr\u00e4zisen Inneneinsatz steigert diese Schachtel den Markenwert und erh\u00f6ht die wahrgenommene Qualit\u00e4t von Luxusparf\u00fcms.<\/p>\n<hr data-start=\"2039\" data-end=\"2042\" \/>\n<h3 data-start=\"2044\" data-end=\"2060\">Wesentliche Merkmale<\/h3>\n<ul data-start=\"2062\" data-end=\"2637\">\n<li data-start=\"2062\" data-end=\"2185\">\n<p data-start=\"2064\" data-end=\"2185\"><strong data-start=\"2064\" data-end=\"2091\">Spezialpapier Oberfl\u00e4che<\/strong><br data-start=\"2091\" data-end=\"2094\" \/>Hochwertiges strukturiertes Papier sorgt f\u00fcr Tiefe, taktile Reichhaltigkeit und eine anspruchsvolle visuelle Identit\u00e4t.<\/p>\n<\/li>\n<li data-start=\"2187\" data-end=\"2303\">\n<p data-start=\"2189\" data-end=\"2303\"><strong data-start=\"2189\" data-end=\"2215\">Starre Box-Konstruktion<\/strong><br data-start=\"2215\" data-end=\"2218\" \/>Die robuste Struktur aus festem Karton bietet starken Schutz f\u00fcr Parf\u00fcmflaschen aus Glas.<\/p>\n<\/li>\n<li data-start=\"2305\" data-end=\"2404\">\n<p data-start=\"2307\" data-end=\"2404\"><strong data-start=\"2307\" data-end=\"2330\">Individueller Inneneinsatz<\/strong><br data-start=\"2330\" data-end=\"2333\" \/>Der passgenaue Einsatz h\u00e4lt die Duftflasche stabil und sicher.<\/p>\n<\/li>\n<li data-start=\"2406\" data-end=\"2518\">\n<p data-start=\"2408\" data-end=\"2518\"><strong data-start=\"2408\" data-end=\"2436\">Luxuri\u00f6se Geschenkpr\u00e4sentation<\/strong><br data-start=\"2436\" data-end=\"2439\" \/>Ideal f\u00fcr den Premium-Einzelhandel, limitierte Auflagen und Luxusduftkollektionen.<\/p>\n<\/li>\n<li data-start=\"2520\" data-end=\"2637\">\n<p data-start=\"2522\" data-end=\"2637\"><strong data-start=\"2522\" data-end=\"2551\">Vollst\u00e4ndig anpassbares Design<\/strong><br data-start=\"2551\" data-end=\"2554\" \/>Ma\u00dfgeschneidert auf die \u00c4sthetik der Marke, von der Materialauswahl bis zu den Details der Verarbeitung.<\/p>\n<\/li>\n<\/ul>\n<hr data-start=\"2639\" data-end=\"2642\" \/>\n<h3 data-start=\"2644\" data-end=\"2657\">Ideal f\u00fcr<\/h3>\n<ul data-start=\"2659\" data-end=\"2839\">\n<li data-start=\"2659\" data-end=\"2696\">\n<p data-start=\"2661\" data-end=\"2696\">Luxusparf\u00fcm und Duftmarken<\/p>\n<\/li>\n<li data-start=\"2697\" data-end=\"2733\">\n<p data-start=\"2699\" data-end=\"2733\">Nischen- und handwerkliche Parf\u00fcmmarken<\/p>\n<\/li>\n<li data-start=\"2734\" data-end=\"2765\">\n<p data-start=\"2736\" data-end=\"2765\">Hochwertige Kosmetik-Geschenksets<\/p>\n<\/li>\n<li data-start=\"2766\" data-end=\"2805\">\n<p data-start=\"2768\" data-end=\"2805\">Parf\u00fcmverpackung in limitierter Auflage<\/p>\n<\/li>\n<li data-start=\"2806\" data-end=\"2839\">\n<p data-start=\"2808\" data-end=\"2839\">Premium-Einzelhandel &amp; Exportm\u00e4rkte<\/p>\n<\/li>\n<\/ul>\n<hr data-start=\"2841\" data-end=\"2844\" \/>\n<h3 data-start=\"2846\" data-end=\"2871\">Anpassungsoptionen<\/h3>\n<ul data-start=\"2873\" data-end=\"3137\">\n<li data-start=\"2873\" data-end=\"2908\">\n<p data-start=\"2875\" data-end=\"2908\">Kastengr\u00f6\u00dfe &amp; Flaschenkompatibilit\u00e4t<\/p>\n<\/li>\n<li data-start=\"2909\" data-end=\"2946\">\n<p data-start=\"2911\" data-end=\"2946\">Spezielle Papierstrukturen und -farben<\/p>\n<\/li>\n<li data-start=\"2947\" data-end=\"2975\">\n<p data-start=\"2949\" data-end=\"2975\">Druck: CMYK \/ Pantone<\/p>\n<\/li>\n<li data-start=\"2976\" data-end=\"3042\">\n<p data-start=\"2978\" data-end=\"3042\">Veredelung: Hei\u00dffolienpr\u00e4gung, Pr\u00e4gung, Entpr\u00e4gung, UV-Lackierung<\/p>\n<\/li>\n<li data-start=\"3043\" data-end=\"3092\">\n<p data-start=\"3045\" data-end=\"3092\">Materialien der Inneneinlage: Pappe, EVA, Schaumstoff<\/p>\n<\/li>\n<li data-start=\"3093\" data-end=\"3137\">\n<p data-start=\"3095\" data-end=\"3137\">Logoplatzierung und Gestaltung des Markenerlebnisses<\/p>\n<\/li>\n<\/ul>\n<hr data-start=\"3139\" data-end=\"3142\" \/>\n<h3 data-start=\"3144\" data-end=\"3186\">Warum diese Parf\u00fcmverpackungsbox w\u00e4hlen?<\/h3>\n<p data-start=\"3188\" data-end=\"3452\">Diese <strong data-start=\"3193\" data-end=\"3226\">Premium-Parf\u00fcm-Verpackungsschachtel<\/strong> ist mehr als nur ein Schutz - es ist eine Markenaussage.<br data-start=\"3275\" data-end=\"3278\" \/>Die Kombination aus Spezialpapier, fester Struktur und raffinierter Handwerkskunst macht es zu einer idealen L\u00f6sung f\u00fcr Duftmarken, die eine luxuri\u00f6se und einpr\u00e4gsame Pr\u00e4sentation suchen.<\/p>","protected":false},"excerpt":{"rendered":"<p>Luxus-Parf\u00fcm-Verpackung Box | Spezialit\u00e4t Papier starren Geschenk-Box<\/p>","protected":false},"featured_media":0,"template":"","meta":{"_joinchat":[]},"product_brand":[],"product_cat":[325,15,291,314,324],"product_tag":[403],"class_list":{"0":"post-9186","1":"product","2":"type-product","3":"status-publish","5":"product_cat-skin-care-packaging","6":"product_cat-uncategorized","7":"product_cat-cosmetic-packaging","8":"product_cat-gift-amp-premium-packaging","9":"product_cat-perfume-packaging-boxes","10":"product_tag-game-package","12":"first","13":"instock","14":"product-type-simple"},"acf":[],"_links":{"self":[{"href":"https:\/\/h2packaging.com\/de\/wp-json\/wp\/v2\/product\/9186","targetHints":{"allow":["GET"]}}],"collection":[{"href":"https:\/\/h2packaging.com\/de\/wp-json\/wp\/v2\/product"}],"about":[{"href":"https:\/\/h2packaging.com\/de\/wp-json\/wp\/v2\/types\/product"}],"wp:attachment":[{"href":"https:\/\/h2packaging.com\/de\/wp-json\/wp\/v2\/media?parent=9186"}],"wp:term":[{"taxonomy":"product_brand","embeddable":true,"href":"https:\/\/h2packaging.com\/de\/wp-json\/wp\/v2\/product_brand?post=9186"},{"taxonomy":"product_cat","embeddable":true,"href":"https:\/\/h2packaging.com\/de\/wp-json\/wp\/v2\/product_cat?post=9186"},{"taxonomy":"product_tag","embeddable":true,"href":"https:\/\/h2packaging.com\/de\/wp-json\/wp\/v2\/product_tag?post=9186"}],"curies":[{"name":"wp","href":"https:\/\/api.w.org\/{rel}","templated":true}]}}