{"id":9200,"date":"2025-12-22T20:57:10","date_gmt":"2025-12-22T12:57:10","guid":{"rendered":"https:\/\/tbc72w920v.onrocket.site\/product\/minimalist-game-packaging-box-for-creative-card-strategy-play\/"},"modified":"2026-01-28T17:07:19","modified_gmt":"2026-01-28T09:07:19","slug":"minimalist-game-packaging-box-for-creative-card-strategy-play","status":"publish","type":"product","link":"https:\/\/h2packaging.com\/de\/produkt\/minimalist-game-packaging-box-for-creative-card-strategy-play\/","title":{"rendered":"Individuelle kreative Schubladenverpackung"},"content":{"rendered":"<p data-start=\"805\" data-end=\"1128\">Diese <strong data-start=\"810\" data-end=\"850\">Kreative Schubladenverpackungen nach Ma\u00df<\/strong> zeichnet sich durch eine k\u00fchne visuelle Identit\u00e4t in Kombination mit einer hochwertigen Schubladenstruktur aus.<br data-start=\"930\" data-end=\"933\" \/>Diese Verpackungsl\u00f6sung wurde f\u00fcr Marken entwickelt, die Wert auf Storytelling und Wirkung im Regal legen. Sie vereint Illustrationen, kr\u00e4ftige Farben und eine stabile Konstruktion, um ein wirklich unvergessliches Erlebnis beim Auspacken zu schaffen.<\/p>\n<p data-start=\"1130\" data-end=\"1198\">Ideal f\u00fcr Genussmittel, saisonale Geschenke und Produkte in limitierter Auflage.<\/p>\n<ul data-start=\"1225\" data-end=\"1453\">\n<li data-start=\"1225\" data-end=\"1267\">\n<p data-start=\"1227\" data-end=\"1267\">Kreative Illustration Verpackungsdesign<\/p>\n<\/li>\n<li data-start=\"1268\" data-end=\"1304\">\n<p data-start=\"1270\" data-end=\"1304\">Starre Kastenstruktur im Schubladenstil<\/p>\n<\/li>\n<li data-start=\"1305\" data-end=\"1338\">\n<p data-start=\"1307\" data-end=\"1338\">Starke visuelle Brandingwirkung<\/p>\n<\/li>\n<li data-start=\"1339\" data-end=\"1374\">\n<p data-start=\"1341\" data-end=\"1374\">Hochwertige Pappkonstruktion<\/p>\n<\/li>\n<li data-start=\"1375\" data-end=\"1408\">\n<p data-start=\"1377\" data-end=\"1408\">Leichtg\u00e4ngige Schubladen\u00f6ffnung<\/p>\n<\/li>\n<li data-start=\"1409\" data-end=\"1453\">\n<p data-start=\"1411\" data-end=\"1453\">Ideal f\u00fcr Sammlerst\u00fccke und Geschenkverpackungen<\/p>\n<\/li>\n<li data-start=\"1488\" data-end=\"1532\">\n<p data-start=\"1490\" data-end=\"1532\">Starre Pappe f\u00fcr besseren Schutz<\/p>\n<\/li>\n<li data-start=\"1533\" data-end=\"1567\">\n<p data-start=\"1535\" data-end=\"1567\">Schubladenartiges Design der Innenschale<\/p>\n<\/li>\n<li data-start=\"1568\" data-end=\"1602\">\n<p data-start=\"1570\" data-end=\"1602\">Hochwertig bedruckter Umkarton<\/p>\n<\/li>\n<li data-start=\"1603\" data-end=\"1638\">\n<p data-start=\"1605\" data-end=\"1638\">Verst\u00e4rkte Kanten f\u00fcr lange Haltbarkeit<\/p>\n<\/li>\n<li data-start=\"1639\" data-end=\"1684\">\n<p data-start=\"1641\" data-end=\"1684\">Optionale Inneneins\u00e4tze zur Produktbefestigung<\/p>\n<\/li>\n<li data-start=\"1720\" data-end=\"1756\">\n<p data-start=\"1722\" data-end=\"1756\">Individuelle Boxgr\u00f6\u00dfe und Schubladentiefe<\/p>\n<\/li>\n<li data-start=\"1757\" data-end=\"1796\">\n<p data-start=\"1759\" data-end=\"1796\">Vollfarbiger CMYK- oder Pantone-Druck<\/p>\n<\/li>\n<li data-start=\"1797\" data-end=\"1837\">\n<p data-start=\"1799\" data-end=\"1837\">Individuelle Illustration oder Markengrafik<\/p>\n<\/li>\n<li data-start=\"1838\" data-end=\"1882\">\n<p data-start=\"1840\" data-end=\"1882\">Hei\u00dffolienpr\u00e4gung oder Pr\u00e4gung m\u00f6glich<\/p>\n<\/li>\n<li data-start=\"1883\" data-end=\"1921\">\n<p data-start=\"1885\" data-end=\"1921\">Individuelles Design der Innenschale oder des Einsatzes<\/p>\n<\/li>\n<li data-start=\"1948\" data-end=\"1976\">\n<p data-start=\"1950\" data-end=\"1976\">Mondkuchen-Verpackungsschachteln<\/p>\n<\/li>\n<li data-start=\"1977\" data-end=\"2008\">\n<p data-start=\"1979\" data-end=\"2008\">Geschenkboxen f\u00fcr Kuchen und Desserts<\/p>\n<\/li>\n<li data-start=\"2009\" data-end=\"2044\">\n<p data-start=\"2011\" data-end=\"2044\">Saisonale Geschenkverpackungen f\u00fcr Weihnachten<\/p>\n<\/li>\n<li data-start=\"2045\" data-end=\"2078\">\n<p data-start=\"2047\" data-end=\"2078\">Produktboxen in limitierter Auflage<\/p>\n<\/li>\n<li data-start=\"2079\" data-end=\"2118\">\n<p data-start=\"2081\" data-end=\"2118\">Hochwertige Lebensmittel- und Getr\u00e4nkeverpackungen<\/p>\n<\/li>\n<\/ul>\n<p data-start=\"2164\" data-end=\"2315\">Verpackungen im Schubladenstil bieten ein raffiniertes \u00d6ffnungserlebnis bei gleichzeitig starker Struktur und Schutz.<br data-start=\"2273\" data-end=\"2276\" \/>Es wird h\u00e4ufig von Premium-Marken verwendet, um:<\/p>\n<ul data-start=\"2317\" data-end=\"2469\">\n<li data-start=\"2317\" data-end=\"2353\">\n<p data-start=\"2319\" data-end=\"2353\">Erh\u00f6hung des wahrgenommenen Produktwertes<\/p>\n<\/li>\n<li data-start=\"2354\" data-end=\"2385\">\n<p data-start=\"2356\" data-end=\"2385\">Verbessern Sie das Unboxing-Erlebnis<\/p>\n<\/li>\n<li data-start=\"2386\" data-end=\"2425\">\n<p data-start=\"2388\" data-end=\"2425\">Storytelling durch Design unterst\u00fctzen<\/p>\n<\/li>\n<li data-start=\"2426\" data-end=\"2469\">\n<p data-start=\"2428\" data-end=\"2469\">Verbesserung der Attraktivit\u00e4t von Regalen und Online-Displays<\/p>\n<\/li>\n<\/ul>","protected":false},"excerpt":{"rendered":"<p>Individuelle, kreative Schubladenverpackung mit erstklassigem Illustrationsdesign, ideal f\u00fcr Geschenk- und Lebensmittelprodukte.<\/p>","protected":false},"featured_media":0,"template":"","meta":{"_joinchat":[]},"product_brand":[],"product_cat":[15,92,296,316,351,353,354],"product_tag":[403],"class_list":{"0":"post-9200","1":"product","2":"type-product","3":"status-publish","5":"product_cat-uncategorized","6":"product_cat-match-slide-style","7":"product_cat-gift-packaging","8":"product_cat-candy-gift-boxes","9":"product_cat-corporate-gift-boxes","10":"product_cat-food-gift-boxes","11":"product_cat-holiday-gift-packaging","12":"product_tag-game-package","14":"first","15":"instock","16":"product-type-simple"},"acf":[],"_links":{"self":[{"href":"https:\/\/h2packaging.com\/de\/wp-json\/wp\/v2\/product\/9200","targetHints":{"allow":["GET"]}}],"collection":[{"href":"https:\/\/h2packaging.com\/de\/wp-json\/wp\/v2\/product"}],"about":[{"href":"https:\/\/h2packaging.com\/de\/wp-json\/wp\/v2\/types\/product"}],"wp:attachment":[{"href":"https:\/\/h2packaging.com\/de\/wp-json\/wp\/v2\/media?parent=9200"}],"wp:term":[{"taxonomy":"product_brand","embeddable":true,"href":"https:\/\/h2packaging.com\/de\/wp-json\/wp\/v2\/product_brand?post=9200"},{"taxonomy":"product_cat","embeddable":true,"href":"https:\/\/h2packaging.com\/de\/wp-json\/wp\/v2\/product_cat?post=9200"},{"taxonomy":"product_tag","embeddable":true,"href":"https:\/\/h2packaging.com\/de\/wp-json\/wp\/v2\/product_tag?post=9200"}],"curies":[{"name":"wp","href":"https:\/\/api.w.org\/{rel}","templated":true}]}}