{"id":9212,"date":"2025-12-22T20:57:36","date_gmt":"2025-12-22T12:57:36","guid":{"rendered":"https:\/\/tbc72w920v.onrocket.site\/product\/navy-round-paperboard-two-piece-gift-box\/"},"modified":"2026-01-28T16:10:20","modified_gmt":"2026-01-28T08:10:20","slug":"navy-round-paperboard-two-piece-gift-box","status":"publish","type":"product","link":"https:\/\/h2packaging.com\/de\/produkt\/navy-round-paperboard-two-piece-gift-box\/","title":{"rendered":"Individuelle Tee-Geschenkverpackung mit Deckel"},"content":{"rendered":"<p data-start=\"765\" data-end=\"999\">Diese <strong data-start=\"770\" data-end=\"803\">Tee-Geschenkverpackung nach Ma\u00df<\/strong> ist f\u00fcr hochwertigen losen Blatttee, Kr\u00e4utertee und Teespezialit\u00e4ten bestimmt.<br data-start=\"883\" data-end=\"886\" \/>Mit ihrer klassischen Deckel- und Bodenstruktur bietet die Box sowohl Schutz als auch ein hochwertiges Auspackerlebnis.<\/p>\n<p data-start=\"1001\" data-end=\"1137\">Das nat\u00fcrliche Kraftpapier sorgt f\u00fcr eine saubere, organische \u00c4sthetik und ist damit ideal f\u00fcr moderne Teemarken und hochwertige Geschenkkollektionen.<\/p>\n<ul>\n<li data-start=\"1165\" data-end=\"1198\">\n<p data-start=\"1167\" data-end=\"1198\">Individuelle Tee-Geschenkverpackung<\/p>\n<\/li>\n<li data-start=\"1199\" data-end=\"1245\">\n<p data-start=\"1201\" data-end=\"1245\">Klassische Struktur von Deckel und Boden (zweiteilig)<\/p>\n<\/li>\n<li data-start=\"1246\" data-end=\"1276\">\n<p data-start=\"1248\" data-end=\"1276\">Elegantes und minimales Design<\/p>\n<\/li>\n<li data-start=\"1277\" data-end=\"1324\">\n<p data-start=\"1279\" data-end=\"1324\">Geeignet f\u00fcr losen Blatttee und getrocknete Kr\u00e4uter<\/p>\n<\/li>\n<li data-start=\"1325\" data-end=\"1371\">\n<p data-start=\"1327\" data-end=\"1371\">Starker Schutz f\u00fcr hochwertige Teeprodukte<\/p>\n<\/li>\n<li data-start=\"1372\" data-end=\"1412\">\n<p data-start=\"1374\" data-end=\"1412\">Ideal f\u00fcr den Einzelhandel und zum Verschenken<\/p>\n<\/li>\n<li data-start=\"1448\" data-end=\"1481\">\n<p data-start=\"1450\" data-end=\"1481\">Hochwertiger Kraftkarton<\/p>\n<\/li>\n<li data-start=\"1482\" data-end=\"1516\">\n<p data-start=\"1484\" data-end=\"1516\">Starre Struktur f\u00fcr Langlebigkeit<\/p>\n<\/li>\n<li data-start=\"1517\" data-end=\"1552\">\n<p data-start=\"1519\" data-end=\"1552\">Innenschale zur Produktfixierung<\/p>\n<\/li>\n<li data-start=\"1553\" data-end=\"1592\">\n<p data-start=\"1555\" data-end=\"1592\">Glatte Oberfl\u00e4che f\u00fcr hochwertigen Druck<\/p>\n<\/li>\n<li data-start=\"1593\" data-end=\"1642\">\n<p data-start=\"1595\" data-end=\"1642\">Flache Kanten und saubere Falten f\u00fcr ein raffiniertes Aussehen<\/p>\n<\/li>\n<\/ul>\n<ul>\n<li data-start=\"1679\" data-end=\"1708\">\n<p data-start=\"1681\" data-end=\"1708\">Individuelle Gr\u00f6\u00dfe und Tiefe der Box<\/p>\n<\/li>\n<li data-start=\"1709\" data-end=\"1739\">\n<p data-start=\"1711\" data-end=\"1739\">Logodruck und Branding<\/p>\n<\/li>\n<li data-start=\"1740\" data-end=\"1781\">\n<p data-start=\"1742\" data-end=\"1781\">Hei\u00dfpr\u00e4gen, Pr\u00e4gen oder Entpr\u00e4gen<\/p>\n<\/li>\n<li data-start=\"1782\" data-end=\"1813\">\n<p data-start=\"1784\" data-end=\"1813\">Individuelles Innenfach oder Einsatz<\/p>\n<\/li>\n<li data-start=\"1814\" data-end=\"1855\">\n<p data-start=\"1816\" data-end=\"1855\">Matte oder nat\u00fcrliche Kraft-Oberfl\u00e4che<\/p>\n<\/li>\n<li data-start=\"1883\" data-end=\"1911\">\n<p data-start=\"1885\" data-end=\"1911\">Verpackung von losem Blatttee<\/p>\n<\/li>\n<li data-start=\"1912\" data-end=\"1957\">\n<p data-start=\"1914\" data-end=\"1957\">Wei\u00dfer Tee, gr\u00fcner Tee oder Kr\u00e4uterteedosen<\/p>\n<\/li>\n<li data-start=\"1958\" data-end=\"1983\">\n<p data-start=\"1960\" data-end=\"1983\">Premium-Tee-Geschenksets<\/p>\n<\/li>\n<li data-start=\"1984\" data-end=\"2015\">\n<p data-start=\"1986\" data-end=\"2015\">Bio-Tee-Markenverpackung<\/p>\n<\/li>\n<li data-start=\"2016\" data-end=\"2054\">\n<p data-start=\"2018\" data-end=\"2054\">Verpackungen f\u00fcr Saison- oder Festtagstee<\/p>\n<\/li>\n<\/ul>\n<p data-start=\"2102\" data-end=\"2222\">Eine gut gestaltete Teeschachtel sch\u00fctzt nicht nur das Produkt, sie erz\u00e4hlt auch die Geschichte der Marke.<br data-start=\"2188\" data-end=\"2191\" \/>Diese Tee-Geschenkbox hilft Marken:<\/p>\n<ul data-start=\"2224\" data-end=\"2372\">\n<li data-start=\"2224\" data-end=\"2260\">\n<p data-start=\"2226\" data-end=\"2260\">Verbesserung der Wahrnehmung des Produktwertes<\/p>\n<\/li>\n<li data-start=\"2261\" data-end=\"2303\">\n<p data-start=\"2263\" data-end=\"2303\">Schaffen Sie ein denkw\u00fcrdiges Unboxing-Erlebnis<\/p>\n<\/li>\n<li data-start=\"2304\" data-end=\"2333\">\n<p data-start=\"2306\" data-end=\"2333\">St\u00e4rkung der Markenidentit\u00e4t<\/p>\n<\/li>\n<li data-start=\"2334\" data-end=\"2372\">\n<p data-start=\"2336\" data-end=\"2372\">Ansprache der Geschenk- und Premiumm\u00e4rkte<\/p>\n<\/li>\n<\/ul>","protected":false},"excerpt":{"rendered":"<p>Individuelle Tee-Geschenkverpackung mit Deckel, ideal f\u00fcr losen Blatttee und Premium-Tee-Geschenksets.<\/p>","protected":false},"featured_media":0,"template":"","meta":{"_joinchat":[]},"product_brand":[],"product_cat":[308,351,15],"product_tag":[156,162,243,244,403,135,140,142],"class_list":{"0":"post-9212","1":"product","2":"type-product","3":"status-publish","5":"product_cat-tea-packaging","6":"product_cat-corporate-gift-boxes","7":"product_cat-uncategorized","8":"product_tag-sustainable-packaging","9":"product_tag-holiday-gift-packaging","10":"product_tag-creative-paper-tube","11":"product_tag-stylish-amp-sustainable-paper-tube-packaging","12":"product_tag-game-package","13":"product_tag-retail-package","14":"product_tag-candy-amp-sweets-package","15":"product_tag-gift-package","17":"first","18":"instock","19":"product-type-simple"},"acf":[],"_links":{"self":[{"href":"https:\/\/h2packaging.com\/de\/wp-json\/wp\/v2\/product\/9212","targetHints":{"allow":["GET"]}}],"collection":[{"href":"https:\/\/h2packaging.com\/de\/wp-json\/wp\/v2\/product"}],"about":[{"href":"https:\/\/h2packaging.com\/de\/wp-json\/wp\/v2\/types\/product"}],"wp:attachment":[{"href":"https:\/\/h2packaging.com\/de\/wp-json\/wp\/v2\/media?parent=9212"}],"wp:term":[{"taxonomy":"product_brand","embeddable":true,"href":"https:\/\/h2packaging.com\/de\/wp-json\/wp\/v2\/product_brand?post=9212"},{"taxonomy":"product_cat","embeddable":true,"href":"https:\/\/h2packaging.com\/de\/wp-json\/wp\/v2\/product_cat?post=9212"},{"taxonomy":"product_tag","embeddable":true,"href":"https:\/\/h2packaging.com\/de\/wp-json\/wp\/v2\/product_tag?post=9212"}],"curies":[{"name":"wp","href":"https:\/\/api.w.org\/{rel}","templated":true}]}}