{"id":9219,"date":"2025-12-22T20:57:52","date_gmt":"2025-12-22T12:57:52","guid":{"rendered":"https:\/\/tbc72w920v.onrocket.site\/product\/colorful-round-paper-canister-box-with-lid\/"},"modified":"2026-01-28T16:01:59","modified_gmt":"2026-01-28T08:01:59","slug":"colorful-round-paper-canister-box-with-lid","status":"publish","type":"product","link":"https:\/\/h2packaging.com\/de\/produkt\/colorful-round-paper-canister-box-with-lid\/","title":{"rendered":"Individuell bedruckter Pappbecher f\u00fcr Getr\u00e4nke zum Mitnehmen"},"content":{"rendered":"<p data-start=\"870\" data-end=\"1156\">Diese <strong data-start=\"875\" data-end=\"903\">Individuell bedruckter Pappbecher<\/strong> ist f\u00fcr Getr\u00e4nke zum Mitnehmen wie Tee, Kaffee, Milchtee und Spezialgetr\u00e4nke konzipiert.<br data-start=\"991\" data-end=\"994\" \/>Mit seiner kr\u00e4ftigen Farbpalette und dem eleganten Musterdesign hilft er Getr\u00e4nkemarken, den visuellen Wiedererkennungswert zu steigern und gleichzeitig ein komfortables Trinkerlebnis zu bieten.<\/p>\n<p data-start=\"1158\" data-end=\"1313\">Diese Pappbecher-Verpackung ist ideal f\u00fcr den t\u00e4glichen Gebrauch zum Mitnehmen, f\u00fcr Werbekampagnen und saisonale Kollektionen und verbindet Funktionalit\u00e4t mit einem starken Markenauftritt.<\/p>\n<ul>\n<li data-start=\"1340\" data-end=\"1382\">\n<p data-start=\"1342\" data-end=\"1382\">Individuell bedruckter Pappbecher f\u00fcr Getr\u00e4nke<\/p>\n<\/li>\n<li data-start=\"1383\" data-end=\"1419\">\n<p data-start=\"1385\" data-end=\"1419\">Geeignet f\u00fcr hei\u00dfe und kalte Getr\u00e4nke<\/p>\n<\/li>\n<li data-start=\"1420\" data-end=\"1457\">\n<p data-start=\"1422\" data-end=\"1457\">Kompatibel mit Standardbecherdeckeln<\/p>\n<\/li>\n<li data-start=\"1458\" data-end=\"1501\">\n<p data-start=\"1460\" data-end=\"1501\">Auff\u00e4lliges Design f\u00fcr Markenwerbung<\/p>\n<\/li>\n<li data-start=\"1502\" data-end=\"1538\">\n<p data-start=\"1504\" data-end=\"1538\">Leichte und dennoch robuste Struktur<\/p>\n<\/li>\n<li data-start=\"1539\" data-end=\"1578\">\n<p data-start=\"1541\" data-end=\"1578\">Ideal zum Mitnehmen und f\u00fcr den Einsatz in Gesch\u00e4ften<\/p>\n<\/li>\n<li data-start=\"1613\" data-end=\"1642\">\n<p data-start=\"1615\" data-end=\"1642\">Lebensmittelgeeignetes Papiermaterial<\/p>\n<\/li>\n<li data-start=\"1643\" data-end=\"1688\">\n<p data-start=\"1645\" data-end=\"1688\">Mehrschichtiger Aufbau zur W\u00e4rmed\u00e4mmung<\/p>\n<\/li>\n<li data-start=\"1689\" data-end=\"1733\">\n<p data-start=\"1691\" data-end=\"1733\">Glatte Oberfl\u00e4che f\u00fcr hochwertigen Druck<\/p>\n<\/li>\n<li data-start=\"1734\" data-end=\"1776\">\n<p data-start=\"1736\" data-end=\"1776\">Auslaufsicher und angenehm zu halten<\/p>\n<\/li>\n<li data-start=\"1777\" data-end=\"1821\">\n<p data-start=\"1779\" data-end=\"1821\">Konzipiert f\u00fcr Standard-Getr\u00e4nkebechergr\u00f6\u00dfen<\/p>\n<\/li>\n<li data-start=\"1857\" data-end=\"1889\">\n<p data-start=\"1859\" data-end=\"1889\">Individuelle Bechergr\u00f6\u00dfe und Fassungsverm\u00f6gen<\/p>\n<\/li>\n<li data-start=\"1890\" data-end=\"1925\">\n<p data-start=\"1892\" data-end=\"1925\">Druck von Logos und Markenmustern<\/p>\n<\/li>\n<li data-start=\"1926\" data-end=\"1960\">\n<p data-start=\"1928\" data-end=\"1960\">CMYK- oder Pantone-Farbabgleich<\/p>\n<\/li>\n<li data-start=\"1961\" data-end=\"1995\">\n<p data-start=\"1963\" data-end=\"1995\">Matte oder gl\u00e4nzende Oberfl\u00e4che<\/p>\n<\/li>\n<li data-start=\"1996\" data-end=\"2041\">\n<p data-start=\"1998\" data-end=\"2041\">Geeignet f\u00fcr saisonale oder festliche Designs<\/p>\n<\/li>\n<li data-start=\"2068\" data-end=\"2095\">\n<p data-start=\"2070\" data-end=\"2095\">Tee- und Milchteemarken<\/p>\n<\/li>\n<li data-start=\"2096\" data-end=\"2122\">\n<p data-start=\"2098\" data-end=\"2122\">Kaffeeh\u00e4user und Caf\u00e9s<\/p>\n<\/li>\n<li data-start=\"2123\" data-end=\"2154\">\n<p data-start=\"2125\" data-end=\"2154\">Verpackung von Getr\u00e4nken zum Mitnehmen<\/p>\n<\/li>\n<li data-start=\"2155\" data-end=\"2186\">\n<p data-start=\"2157\" data-end=\"2186\">Werbeverpackungen f\u00fcr Getr\u00e4nke<\/p>\n<\/li>\n<li data-start=\"2187\" data-end=\"2221\">\n<p data-start=\"2189\" data-end=\"2221\">Markenveranstaltungen und Pop-up-Stores<\/p>\n<\/li>\n<\/ul>\n<p data-start=\"2272\" data-end=\"2385\">Individuelle Pappbecher sind mehr als nur Beh\u00e4lter - sie sind eine bewegende Markenwerbung.<br data-start=\"2354\" data-end=\"2357\" \/>Diese Verpackung hilft Marken:<\/p>\n<ul data-start=\"2387\" data-end=\"2533\">\n<li data-start=\"2387\" data-end=\"2416\">\n<p data-start=\"2389\" data-end=\"2416\">Erh\u00f6hung der Markensichtbarkeit<\/p>\n<\/li>\n<li data-start=\"2417\" data-end=\"2457\">\n<p data-start=\"2419\" data-end=\"2457\">Verbesserung des Kundenerlebnisses beim Mitnehmen<\/p>\n<\/li>\n<li data-start=\"2458\" data-end=\"2487\">\n<p data-start=\"2460\" data-end=\"2487\">St\u00e4rkung der Markenidentit\u00e4t<\/p>\n<\/li>\n<li data-start=\"2488\" data-end=\"2533\">\n<p data-start=\"2490\" data-end=\"2533\">Sich vom Wettbewerb auf den Getr\u00e4nkem\u00e4rkten abheben<\/p>\n<\/li>\n<\/ul>","protected":false},"excerpt":{"rendered":"<p>Individuell bedruckter Pappbecher f\u00fcr Getr\u00e4nke zum Mitnehmen, geeignet f\u00fcr Tee-, Kaffee- und Milchtee-Marken.<\/p>","protected":false},"featured_media":0,"template":"","meta":{"_joinchat":[]},"product_brand":[],"product_cat":[285,294,337,368],"product_tag":[135,243,244,403],"class_list":{"0":"post-9219","1":"product","2":"type-product","3":"status-publish","5":"product_cat-beverage-packaging","6":"product_cat-food-packaging","7":"product_cat-cold-cups","8":"product_cat-beverage-packaging-solution","9":"product_tag-retail-package","10":"product_tag-creative-paper-tube","11":"product_tag-stylish-amp-sustainable-paper-tube-packaging","12":"product_tag-game-package","14":"first","15":"instock","16":"product-type-simple"},"acf":[],"_links":{"self":[{"href":"https:\/\/h2packaging.com\/de\/wp-json\/wp\/v2\/product\/9219","targetHints":{"allow":["GET"]}}],"collection":[{"href":"https:\/\/h2packaging.com\/de\/wp-json\/wp\/v2\/product"}],"about":[{"href":"https:\/\/h2packaging.com\/de\/wp-json\/wp\/v2\/types\/product"}],"wp:attachment":[{"href":"https:\/\/h2packaging.com\/de\/wp-json\/wp\/v2\/media?parent=9219"}],"wp:term":[{"taxonomy":"product_brand","embeddable":true,"href":"https:\/\/h2packaging.com\/de\/wp-json\/wp\/v2\/product_brand?post=9219"},{"taxonomy":"product_cat","embeddable":true,"href":"https:\/\/h2packaging.com\/de\/wp-json\/wp\/v2\/product_cat?post=9219"},{"taxonomy":"product_tag","embeddable":true,"href":"https:\/\/h2packaging.com\/de\/wp-json\/wp\/v2\/product_tag?post=9219"}],"curies":[{"name":"wp","href":"https:\/\/api.w.org\/{rel}","templated":true}]}}