{"id":9226,"date":"2025-12-22T20:58:05","date_gmt":"2025-12-22T12:58:05","guid":{"rendered":"https:\/\/tbc72w920v.onrocket.site\/product\/eco-friendly-cardboard-can-with-top-lid-and-vibrant-offset-print\/"},"modified":"2026-01-28T15:12:47","modified_gmt":"2026-01-28T07:12:47","slug":"eco-friendly-cardboard-can-with-top-lid-and-vibrant-offset-print","status":"publish","type":"product","link":"https:\/\/h2packaging.com\/de\/produkt\/eco-friendly-cardboard-can-with-top-lid-and-vibrant-offset-print\/","title":{"rendered":"Benutzerdefinierte wei\u00dfe Karton Double Tuck Hautpflege Verpackung Box"},"content":{"rendered":"<p data-start=\"1126\" data-end=\"1304\">Diese <strong data-start=\"1131\" data-end=\"1185\">Wei\u00dfe Pappschachtel mit doppeltem Einschlag f\u00fcr Hautpflegeprodukte<\/strong> ist eine saubere, moderne und kosteng\u00fcnstige Verpackungsl\u00f6sung f\u00fcr Hautpflege-, Kosmetik- und K\u00f6rperpflegeprodukte.<\/p>\n<p data-start=\"1306\" data-end=\"1543\">Aus hochwertigem wei\u00dfem Cardstock gefertigt, ist dieses <strong data-start=\"1351\" data-end=\"1385\">Faltschachtel mit doppeltem Einsteckende<\/strong> bietet zuverl\u00e4ssigen Schutz, hervorragende Bedruckbarkeit und eine raffinierte Markenpr\u00e4sentation - ideal f\u00fcr t\u00e4gliche Hautpflegeserien und hochwertige Kosmetikkollektionen gleicherma\u00dfen.<\/p>\n<ul data-start=\"1570\" data-end=\"1826\">\n<li data-start=\"1570\" data-end=\"1612\">\n<p data-start=\"1572\" data-end=\"1612\">Verpackungsschachtel f\u00fcr Hautpflegeprodukte aus wei\u00dfem Karton<\/p>\n<\/li>\n<li data-start=\"1613\" data-end=\"1657\">\n<p data-start=\"1615\" data-end=\"1657\">Faltschachtel mit doppeltem Einsteckende<\/p>\n<\/li>\n<li data-start=\"1658\" data-end=\"1695\">\n<p data-start=\"1660\" data-end=\"1695\">Individuell bedruckte Kosmetikverpackungen<\/p>\n<\/li>\n<li data-start=\"1696\" data-end=\"1734\">\n<p data-start=\"1698\" data-end=\"1734\">Leichte und dennoch haltbare Pappe<\/p>\n<\/li>\n<li data-start=\"1735\" data-end=\"1781\">\n<p data-start=\"1737\" data-end=\"1781\">Klares, minimalistisches Design f\u00fcr Kosmetikmarken<\/p>\n<\/li>\n<li data-start=\"1782\" data-end=\"1826\">\n<p data-start=\"1784\" data-end=\"1826\">Geeignet f\u00fcr Massenproduktion und niedrige MOQ<\/p>\n<\/li>\n<li data-start=\"1861\" data-end=\"1906\">\n<p data-start=\"1863\" data-end=\"1906\">Wei\u00dfer Premium-Karton (SBS\/C1S-Papier)<\/p>\n<\/li>\n<li data-start=\"1907\" data-end=\"1952\">\n<p data-start=\"1909\" data-end=\"1952\">Doppelter Tuck-Endverschluss f\u00fcr einfache Montage<\/p>\n<\/li>\n<li data-start=\"1953\" data-end=\"1991\">\n<p data-start=\"1955\" data-end=\"1991\">Flach verpackt f\u00fcr effizienten Versand<\/p>\n<\/li>\n<li data-start=\"1992\" data-end=\"2036\">\n<p data-start=\"1994\" data-end=\"2036\">Glatte Oberfl\u00e4che f\u00fcr hochwertigen Druck<\/p>\n<\/li>\n<li data-start=\"2037\" data-end=\"2090\">\n<p data-start=\"2039\" data-end=\"2090\">Starke Struktur f\u00fcr Auslage und Transport im Einzelhandel<\/p>\n<\/li>\n<li data-start=\"2126\" data-end=\"2160\">\n<p data-start=\"2128\" data-end=\"2160\">Individuelle Gr\u00f6\u00dfe und Abmessungen der Box<\/p>\n<\/li>\n<li data-start=\"2161\" data-end=\"2200\">\n<p data-start=\"2163\" data-end=\"2200\">Vollfarbiger CMYK- oder Pantone-Druck<\/p>\n<\/li>\n<li data-start=\"2201\" data-end=\"2231\">\n<p data-start=\"2203\" data-end=\"2231\">Matte oder gl\u00e4nzende Laminierung<\/p>\n<\/li>\n<li data-start=\"2232\" data-end=\"2278\">\n<p data-start=\"2234\" data-end=\"2278\">Softtouch-, UV- oder Folienpr\u00e4gung m\u00f6glich<\/p>\n<\/li>\n<li data-start=\"2279\" data-end=\"2325\">\n<p data-start=\"2281\" data-end=\"2325\">Unterst\u00fctzung bei Logo, Grafik und Branding<\/p>\n<\/li>\n<li data-start=\"2352\" data-end=\"2380\">\n<p data-start=\"2354\" data-end=\"2380\">Verpackungen f\u00fcr Hautpflegeprodukte<\/p>\n<\/li>\n<li data-start=\"2381\" data-end=\"2425\">\n<p data-start=\"2383\" data-end=\"2425\">Kosmetische Verpackungen f\u00fcr Cremes und Seren<\/p>\n<\/li>\n<li data-start=\"2426\" data-end=\"2471\">\n<p data-start=\"2428\" data-end=\"2471\">Lippenstift-, Lipgloss- und Make-up-Verpackungen<\/p>\n<\/li>\n<li data-start=\"2472\" data-end=\"2509\">\n<p data-start=\"2474\" data-end=\"2509\">K\u00f6rperpflege- und Sch\u00f6nheitsprodukte<\/p>\n<\/li>\n<li data-start=\"2510\" data-end=\"2551\">\n<p data-start=\"2512\" data-end=\"2551\">Kosmetikmarken f\u00fcr den Einzelhandel und den elektronischen Handel<\/p>\n<\/li>\n<\/ul>\n<p data-start=\"2603\" data-end=\"2663\">Boxen mit doppeltem Verschlu\u00df sind weit verbreitet, weil sie:<\/p>\n<ul data-start=\"2665\" data-end=\"2888\">\n<li data-start=\"2665\" data-end=\"2707\">\n<p data-start=\"2667\" data-end=\"2707\">Einfache Montage und sicherer Verschluss<\/p>\n<\/li>\n<li data-start=\"2708\" data-end=\"2747\">\n<p data-start=\"2710\" data-end=\"2747\">Reduzierung der Verpackungs- und Transportkosten<\/p>\n<\/li>\n<li data-start=\"2748\" data-end=\"2787\">\n<p data-start=\"2750\" data-end=\"2787\">Unterst\u00fctzung von hochwertigem Markendruck<\/p>\n<\/li>\n<li data-start=\"2788\" data-end=\"2847\">\n<p data-start=\"2790\" data-end=\"2847\">Perfekt geeignet f\u00fcr kleine und gro\u00dfe Produktionsmengen<\/p>\n<\/li>\n<li data-start=\"2848\" data-end=\"2888\">\n<p data-start=\"2850\" data-end=\"2888\">Ausgezeichnete Regalpr\u00e4sentation<\/p>\n<\/li>\n<li data-start=\"2925\" data-end=\"2965\">\n<p data-start=\"2927\" data-end=\"2965\">Recycelbare wei\u00dfe Kartonmaterialien<\/p>\n<\/li>\n<li data-start=\"2966\" data-end=\"2999\">\n<p data-start=\"2968\" data-end=\"2999\">FSC-zertifiziertes Papier verf\u00fcgbar<\/p>\n<\/li>\n<li data-start=\"3000\" data-end=\"3053\">\n<p data-start=\"3002\" data-end=\"3053\">Plastikfreie und umweltfreundliche Verpackungsl\u00f6sungen<\/p>\n<\/li>\n<li data-start=\"3054\" data-end=\"3096\">\n<p data-start=\"3056\" data-end=\"3096\">Geeignet f\u00fcr nachhaltige Sch\u00f6nheitsmarken<\/p>\n<\/li>\n<li data-start=\"2848\" data-end=\"2888\"><\/li>\n<\/ul>","protected":false},"excerpt":{"rendered":"<p>Individueller wei\u00dfer Karton mit doppeltem Einschlag f\u00fcr Hautpflegeprodukte mit hochwertigem Druck f\u00fcr Kosmetik- und Sch\u00f6nheitsprodukte.<\/p>","protected":false},"featured_media":0,"template":"","meta":{"_joinchat":[]},"product_brand":[],"product_cat":[291,323,325],"product_tag":[403,243,244],"class_list":{"0":"post-9226","1":"product","2":"type-product","3":"status-publish","5":"product_cat-cosmetic-packaging","6":"product_cat-lip-gloss-packaging","7":"product_cat-skin-care-packaging","8":"product_tag-game-package","9":"product_tag-creative-paper-tube","10":"product_tag-stylish-amp-sustainable-paper-tube-packaging","12":"first","13":"instock","14":"product-type-simple"},"acf":[],"_links":{"self":[{"href":"https:\/\/h2packaging.com\/de\/wp-json\/wp\/v2\/product\/9226","targetHints":{"allow":["GET"]}}],"collection":[{"href":"https:\/\/h2packaging.com\/de\/wp-json\/wp\/v2\/product"}],"about":[{"href":"https:\/\/h2packaging.com\/de\/wp-json\/wp\/v2\/types\/product"}],"wp:attachment":[{"href":"https:\/\/h2packaging.com\/de\/wp-json\/wp\/v2\/media?parent=9226"}],"wp:term":[{"taxonomy":"product_brand","embeddable":true,"href":"https:\/\/h2packaging.com\/de\/wp-json\/wp\/v2\/product_brand?post=9226"},{"taxonomy":"product_cat","embeddable":true,"href":"https:\/\/h2packaging.com\/de\/wp-json\/wp\/v2\/product_cat?post=9226"},{"taxonomy":"product_tag","embeddable":true,"href":"https:\/\/h2packaging.com\/de\/wp-json\/wp\/v2\/product_tag?post=9226"}],"curies":[{"name":"wp","href":"https:\/\/api.w.org\/{rel}","templated":true}]}}