{"id":9234,"date":"2025-12-22T20:58:26","date_gmt":"2025-12-22T12:58:26","guid":{"rendered":"https:\/\/tbc72w920v.onrocket.site\/product\/white-printed-handle-box-for-kids8217-art-supplies\/"},"modified":"2026-01-27T17:42:39","modified_gmt":"2026-01-27T09:42:39","slug":"white-printed-handle-box-for-kids8217-art-supplies","status":"publish","type":"product","link":"https:\/\/h2packaging.com\/de\/produkt\/white-printed-handle-box-for-kids8217-art-supplies\/","title":{"rendered":"Kundenspezifische starre Graukartonverpackung f\u00fcr Hautpflegeprodukte mit Einsatz"},"content":{"rendered":"<p data-start=\"1143\" data-end=\"1310\">Diese <strong data-start=\"1148\" data-end=\"1190\">Verpackung f\u00fcr Hautpflegeprodukte aus fester Graupappe<\/strong> ist f\u00fcr hochwertige Hautpflegeprodukte wie Seren, \u00e4therische \u00d6le, Gesichtsbehandlungen und kosmetische Konzentrate bestimmt.<\/p>\n<p data-start=\"1312\" data-end=\"1530\">Ausgestattet mit einem <strong data-start=\"1324\" data-end=\"1356\">Buch\u00e4hnliche \u00d6ffnungsstruktur<\/strong> mit einer <strong data-start=\"1364\" data-end=\"1387\">kundenspezifischer Inneneinsatz<\/strong>, Diese Verpackungsl\u00f6sung bietet ein raffiniertes Unboxing-Erlebnis und h\u00e4lt Glastropfflaschen und hochwertige Hautpflegeprodukte sicher fest.<\/p>\n<ul>\n<li data-start=\"1557\" data-end=\"1599\">\n<p data-start=\"1559\" data-end=\"1599\">Verpackung f\u00fcr Hautpflegeprodukte aus fester Graupappe<\/p>\n<\/li>\n<li data-start=\"1600\" data-end=\"1629\">\n<p data-start=\"1602\" data-end=\"1629\">Buch\u00e4hnliches \u00d6ffnungsdesign<\/p>\n<\/li>\n<li data-start=\"1630\" data-end=\"1673\">\n<p data-start=\"1632\" data-end=\"1673\">Kundenspezifischer Inneneinsatz zur Flaschenbefestigung<\/p>\n<\/li>\n<li data-start=\"1674\" data-end=\"1708\">\n<p data-start=\"1676\" data-end=\"1708\">Hochwertiges, minimalistisches Erscheinungsbild<\/p>\n<\/li>\n<li data-start=\"1709\" data-end=\"1755\">\n<p data-start=\"1711\" data-end=\"1755\">Konzipiert f\u00fcr luxuri\u00f6se Hautpflege und Kosmetik<\/p>\n<\/li>\n<li data-start=\"1756\" data-end=\"1805\">\n<p data-start=\"1758\" data-end=\"1805\">Ideal f\u00fcr Brand Storytelling und Pr\u00e4sentation<\/p>\n<\/li>\n<li data-start=\"1840\" data-end=\"1879\">\n<p data-start=\"1842\" data-end=\"1879\">Konstruktion aus Graukarton mit hoher Dichte<\/p>\n<\/li>\n<li data-start=\"1880\" data-end=\"1925\">\n<p data-start=\"1882\" data-end=\"1925\">Dicke Pappe f\u00fcr ein solides, luxuri\u00f6ses Gef\u00fchl<\/p>\n<\/li>\n<li data-start=\"1926\" data-end=\"1974\">\n<p data-start=\"1928\" data-end=\"1974\">Individuell zugeschnittener Inneneinsatz f\u00fcr sichere Platzierung<\/p>\n<\/li>\n<li data-start=\"1975\" data-end=\"2023\">\n<p data-start=\"1977\" data-end=\"2023\">Glatte Oberfl\u00e4che f\u00fcr hochwertige Druckergebnisse<\/p>\n<\/li>\n<li data-start=\"2024\" data-end=\"2079\">\n<p data-start=\"2026\" data-end=\"2079\">Langlebige Struktur f\u00fcr langfristige Lagerung und Ausstellung<\/p>\n<\/li>\n<li data-start=\"2115\" data-end=\"2153\">\n<p data-start=\"2117\" data-end=\"2153\">Ma\u00dfgeschneiderte Kastengr\u00f6\u00dfe und Flaschenanpassung<\/p>\n<\/li>\n<li data-start=\"2154\" data-end=\"2208\">\n<p data-start=\"2156\" data-end=\"2208\">Individuelles Design der Einlage (Papier, Schaumstoff oder geformter Zellstoff)<\/p>\n<\/li>\n<li data-start=\"2209\" data-end=\"2263\">\n<p data-start=\"2211\" data-end=\"2263\">Logodruck, Folienpr\u00e4gung, Pr\u00e4gung, Entpr\u00e4gung<\/p>\n<\/li>\n<li data-start=\"2264\" data-end=\"2313\">\n<p data-start=\"2266\" data-end=\"2313\">Matte, Softtouch- oder strukturierte Papieroberfl\u00e4chen<\/p>\n<\/li>\n<li data-start=\"2314\" data-end=\"2365\">\n<p data-start=\"2316\" data-end=\"2365\">Niedriges MOQ f\u00fcr kundenspezifische Hautpflegeverpackungen verf\u00fcgbar<\/p>\n<\/li>\n<li data-start=\"2392\" data-end=\"2420\">\n<p data-start=\"2394\" data-end=\"2420\">Verpackung f\u00fcr Hautpflegeserum<\/p>\n<\/li>\n<li data-start=\"2421\" data-end=\"2454\">\n<p data-start=\"2423\" data-end=\"2454\">Schachteln f\u00fcr \u00e4therische \u00d6le<\/p>\n<\/li>\n<li data-start=\"2455\" data-end=\"2486\">\n<p data-start=\"2457\" data-end=\"2486\">Produkte f\u00fcr kosmetische Behandlungen<\/p>\n<\/li>\n<li data-start=\"2487\" data-end=\"2524\">\n<p data-start=\"2489\" data-end=\"2524\">Luxusmarken f\u00fcr Sch\u00f6nheit und Wellness<\/p>\n<\/li>\n<li data-start=\"2525\" data-end=\"2563\">\n<p data-start=\"2527\" data-end=\"2563\">Geschenksets f\u00fcr die Hautpflege in limitierter Auflage<\/p>\n<\/li>\n<\/ul>\n<p data-start=\"2619\" data-end=\"2662\">Starre Verpackungen f\u00fcr Hautpflegeprodukte helfen Marken:<\/p>\n<ul data-start=\"2664\" data-end=\"2868\">\n<li data-start=\"2664\" data-end=\"2705\">\n<p data-start=\"2666\" data-end=\"2705\">Premium-Qualit\u00e4t und Vertrauen vermitteln<\/p>\n<\/li>\n<li data-start=\"2706\" data-end=\"2737\">\n<p data-start=\"2708\" data-end=\"2737\">Verbessern Sie das Unboxing-Erlebnis<\/p>\n<\/li>\n<li data-start=\"2738\" data-end=\"2771\">\n<p data-start=\"2740\" data-end=\"2771\">Sch\u00fctzt zerbrechliche Glasflaschen<\/p>\n<\/li>\n<li data-start=\"2772\" data-end=\"2822\">\n<p data-start=\"2774\" data-end=\"2822\">Verbesserung der Markenwahrnehmung im Einzelhandel und bei Geschenkartikeln<\/p>\n<\/li>\n<li data-start=\"2823\" data-end=\"2868\">\n<p data-start=\"2825\" data-end=\"2868\">Sich vom Wettbewerb auf den Kosmetikm\u00e4rkten abheben<\/p>\n<\/li>\n<\/ul>","protected":false},"excerpt":{"rendered":"<p>Ma\u00dfgefertigte starre Verpackung aus Graukarton f\u00fcr Hautpflegeprodukte mit Einlage f\u00fcr Seren, \u00e4therische \u00d6le und hochwertige Kosmetikprodukte.<\/p>","protected":false},"featured_media":0,"template":"","meta":{"_joinchat":[]},"product_brand":[],"product_cat":[291,324,325,15],"product_tag":[142,242],"class_list":{"0":"post-9234","1":"product","2":"type-product","3":"status-publish","5":"product_cat-cosmetic-packaging","6":"product_cat-perfume-packaging-boxes","7":"product_cat-skin-care-packaging","8":"product_cat-uncategorized","9":"product_tag-gift-package","10":"product_tag-magnetic-flip-box","12":"first","13":"instock","14":"product-type-simple"},"acf":[],"_links":{"self":[{"href":"https:\/\/h2packaging.com\/de\/wp-json\/wp\/v2\/product\/9234","targetHints":{"allow":["GET"]}}],"collection":[{"href":"https:\/\/h2packaging.com\/de\/wp-json\/wp\/v2\/product"}],"about":[{"href":"https:\/\/h2packaging.com\/de\/wp-json\/wp\/v2\/types\/product"}],"wp:attachment":[{"href":"https:\/\/h2packaging.com\/de\/wp-json\/wp\/v2\/media?parent=9234"}],"wp:term":[{"taxonomy":"product_brand","embeddable":true,"href":"https:\/\/h2packaging.com\/de\/wp-json\/wp\/v2\/product_brand?post=9234"},{"taxonomy":"product_cat","embeddable":true,"href":"https:\/\/h2packaging.com\/de\/wp-json\/wp\/v2\/product_cat?post=9234"},{"taxonomy":"product_tag","embeddable":true,"href":"https:\/\/h2packaging.com\/de\/wp-json\/wp\/v2\/product_tag?post=9234"}],"curies":[{"name":"wp","href":"https:\/\/api.w.org\/{rel}","templated":true}]}}