{"id":9248,"date":"2025-12-22T20:58:50","date_gmt":"2025-12-22T12:58:50","guid":{"rendered":"https:\/\/tbc72w920v.onrocket.site\/product\/white-jewelry-display-tray-set-with-pink-accent-panels\/"},"modified":"2026-01-22T17:15:43","modified_gmt":"2026-01-22T09:15:43","slug":"white-jewelry-display-tray-set-with-pink-accent-panels","status":"publish","type":"product","link":"https:\/\/h2packaging.com\/de\/produkt\/white-jewelry-display-tray-set-with-pink-accent-panels\/","title":{"rendered":"Individuelle Verpackungsbox f\u00fcr Hundefutter - kreative Verpackungsl\u00f6sung f\u00fcr Tiernahrung"},"content":{"rendered":"<p data-start=\"972\" data-end=\"1132\">Diese <strong data-start=\"977\" data-end=\"1010\">Verpackungsbox f\u00fcr Hundefutter<\/strong> verf\u00fcgt \u00fcber eine einzigartige Dreh- und Ausgabestruktur, die speziell f\u00fcr Premiumprodukte entwickelt wurde. <strong data-start=\"1098\" data-end=\"1131\">Marken f\u00fcr Tierfutter und Hundeleckerlis<\/strong>.<\/p>\n<p data-start=\"1134\" data-end=\"1338\">Die innovative Form sch\u00fctzt nicht nur die Frische der Tiernahrung, sondern schafft auch eine starke visuelle Identit\u00e4t in den Regalen des Einzelhandels und ist damit ideal f\u00fcr moderne Tiernahrungsmarken. <strong data-start=\"1300\" data-end=\"1337\">kreative und funktionelle Verpackungen<\/strong>.<\/p>\n<ul>\n<li data-start=\"1371\" data-end=\"1420\">\n<p data-start=\"1373\" data-end=\"1420\">Einzigartige rotierende und spender\u00e4hnliche Struktur<\/p>\n<\/li>\n<li data-start=\"1421\" data-end=\"1461\">\n<p data-start=\"1423\" data-end=\"1461\">Entwickelt f\u00fcr Hundefutter und Leckerlis<\/p>\n<\/li>\n<li data-start=\"1462\" data-end=\"1509\">\n<p data-start=\"1464\" data-end=\"1509\">Starke Wirkung im Regal mit spielerischem Auftritt<\/p>\n<\/li>\n<li data-start=\"1510\" data-end=\"1559\">\n<p data-start=\"1512\" data-end=\"1559\">Leicht zu bedienende \u00d6ffnung f\u00fcr kontrollierte Dosierung<\/p>\n<\/li>\n<li data-start=\"1560\" data-end=\"1608\">\n<p data-start=\"1562\" data-end=\"1608\">Flach verpackt und platzsparend f\u00fcr den Versand<\/p>\n<\/li>\n<li data-start=\"1609\" data-end=\"1655\">\n<p data-start=\"1611\" data-end=\"1655\">Hervorragende Oberfl\u00e4che f\u00fcr individuellen Logodruck<\/p>\n<\/li>\n<li data-start=\"1700\" data-end=\"1743\">\n<p data-start=\"1702\" data-end=\"1743\">Starre Pappe oder hochwertiges Kraftpapier<\/p>\n<\/li>\n<li data-start=\"1744\" data-end=\"1781\">\n<p data-start=\"1746\" data-end=\"1781\">Lebensmittelgeeignetes Innenfutter verf\u00fcgbar<\/p>\n<\/li>\n<li data-start=\"1782\" data-end=\"1824\">\n<p data-start=\"1784\" data-end=\"1824\">Langlebige Struktur f\u00fcr wiederholtes \u00d6ffnen<\/p>\n<\/li>\n<li data-start=\"1825\" data-end=\"1859\">\n<p data-start=\"1827\" data-end=\"1859\">Stabiler Sockel zur Vermeidung von Kippen<\/p>\n<\/li>\n<li data-start=\"1860\" data-end=\"1900\">\n<p data-start=\"1862\" data-end=\"1900\">Geeignet f\u00fcr Trockenfutter und Leckerlis<\/p>\n<\/li>\n<li data-start=\"1942\" data-end=\"1971\">\n<p data-start=\"1944\" data-end=\"1971\">Kundenspezifische Gr\u00f6\u00dfen und Kapazit\u00e4ten<\/p>\n<\/li>\n<li data-start=\"1972\" data-end=\"2011\">\n<p data-start=\"1974\" data-end=\"2011\">Vollfarbiger CMYK- oder Pantone-Druck<\/p>\n<\/li>\n<li data-start=\"2012\" data-end=\"2049\">\n<p data-start=\"2014\" data-end=\"2049\">Individuelle Markengrafiken und Maskottchen<\/p>\n<\/li>\n<li data-start=\"2050\" data-end=\"2080\">\n<p data-start=\"2052\" data-end=\"2080\">Matte oder Soft-Touch-Oberfl\u00e4che<\/p>\n<\/li>\n<li data-start=\"2081\" data-end=\"2122\">\n<p data-start=\"2083\" data-end=\"2122\">Umweltfreundliche und recycelbare Materialien<\/p>\n<\/li>\n<li data-start=\"2123\" data-end=\"2164\">\n<p data-start=\"2125\" data-end=\"2164\">Niedriges MOQ f\u00fcr kundenspezifische Tierfutterverpackungen<\/p>\n<\/li>\n<li data-start=\"2197\" data-end=\"2219\">\n<p data-start=\"2199\" data-end=\"2219\">Verpackungen f\u00fcr Hundefutter<\/p>\n<\/li>\n<li data-start=\"2220\" data-end=\"2243\">\n<p data-start=\"2222\" data-end=\"2243\">Verpackungen f\u00fcr Leckerbissen f\u00fcr Haustiere<\/p>\n<\/li>\n<li data-start=\"2244\" data-end=\"2262\">\n<p data-start=\"2246\" data-end=\"2262\">Trockene Snacks f\u00fcr Haustiere<\/p>\n<\/li>\n<li data-start=\"2263\" data-end=\"2289\">\n<p data-start=\"2265\" data-end=\"2289\">Abo-Tierboxen<\/p>\n<\/li>\n<li data-start=\"2290\" data-end=\"2320\">\n<p data-start=\"2292\" data-end=\"2320\">Premium-Tierfutter-Geschenksets<\/p>\n<\/li>\n<\/ul>\n<p data-start=\"2382\" data-end=\"2423\">Kreative Tierfutterverpackungen helfen Marken:<\/p>\n<ul data-start=\"2425\" data-end=\"2610\">\n<li data-start=\"2425\" data-end=\"2465\">\n<p data-start=\"2427\" data-end=\"2465\">Sich vom Wettbewerb auf dem Heimtiermarkt abheben<\/p>\n<\/li>\n<li data-start=\"2466\" data-end=\"2513\">\n<p data-start=\"2468\" data-end=\"2513\">Verbesserung der Kundeninteraktion und -erfahrung<\/p>\n<\/li>\n<li data-start=\"2514\" data-end=\"2560\">\n<p data-start=\"2516\" data-end=\"2560\">Aufbau einer emotionalen Bindung zu den Tierhaltern<\/p>\n<\/li>\n<li data-start=\"2561\" data-end=\"2610\">\n<p data-start=\"2563\" data-end=\"2610\">Verbesserung des Wiedererkennungswertes und der Regalpr\u00e4senz der Marke<\/p>\n<\/li>\n<\/ul>\n<p data-start=\"2612\" data-end=\"2701\">Dieses Verpackungsdesign verwandelt Tiernahrung in ein <strong data-start=\"2661\" data-end=\"2700\">ein unterhaltsames, gemeinsam nutzbares und hochwertiges Produkt<\/strong>.<\/p>","protected":false},"excerpt":{"rendered":"<p>Kreative, kundenspezifische Verpackungsbox f\u00fcr Hundefutter, entworfen f\u00fcr hochwertiges Tierfutter und Leckerlis.<\/p>","protected":false},"featured_media":0,"template":"","meta":{"_joinchat":[]},"product_brand":[],"product_cat":[15,299,363,364,366],"product_tag":[226],"class_list":{"0":"post-9248","1":"product","2":"type-product","3":"status-publish","5":"product_cat-uncategorized","6":"product_cat-pet-packaging","7":"product_cat-ring-packaging","8":"product_cat-dog-treat-packaging","9":"product_cat-pet-food-packaging","10":"product_tag-jewelry-package","12":"first","13":"instock","14":"product-type-simple"},"acf":[],"_links":{"self":[{"href":"https:\/\/h2packaging.com\/de\/wp-json\/wp\/v2\/product\/9248","targetHints":{"allow":["GET"]}}],"collection":[{"href":"https:\/\/h2packaging.com\/de\/wp-json\/wp\/v2\/product"}],"about":[{"href":"https:\/\/h2packaging.com\/de\/wp-json\/wp\/v2\/types\/product"}],"wp:attachment":[{"href":"https:\/\/h2packaging.com\/de\/wp-json\/wp\/v2\/media?parent=9248"}],"wp:term":[{"taxonomy":"product_brand","embeddable":true,"href":"https:\/\/h2packaging.com\/de\/wp-json\/wp\/v2\/product_brand?post=9248"},{"taxonomy":"product_cat","embeddable":true,"href":"https:\/\/h2packaging.com\/de\/wp-json\/wp\/v2\/product_cat?post=9248"},{"taxonomy":"product_tag","embeddable":true,"href":"https:\/\/h2packaging.com\/de\/wp-json\/wp\/v2\/product_tag?post=9248"}],"curies":[{"name":"wp","href":"https:\/\/api.w.org\/{rel}","templated":true}]}}