{"id":10732,"date":"2026-02-06T15:51:38","date_gmt":"2026-02-06T07:51:38","guid":{"rendered":"https:\/\/d2j5kp3mpq.onrocket.site\/?post_type=product&#038;p=10732"},"modified":"2026-02-06T15:51:38","modified_gmt":"2026-02-06T07:51:38","slug":"custom-hexagon-packaging-box-luxury-hexagonal-gift-box-with-gold-foil-logo","status":"publish","type":"product","link":"https:\/\/h2packaging.com\/es\/producto\/custom-hexagon-packaging-box-luxury-hexagonal-gift-box-with-gold-foil-logo\/","title":{"rendered":"Caja de regalo hexagonal de lujo con logotipo en l\u00e1mina de oro"},"content":{"rendered":"<h2 data-start=\"1317\" data-end=\"1345\">Productos<\/h2>\n<p data-start=\"1347\" data-end=\"1472\">Nuestra <strong data-start=\"1351\" data-end=\"1385\">cajas de embalaje hexagonales de lujo<\/strong> est\u00e1n dise\u00f1ados para elevar la imagen de marca a trav\u00e9s de una geometr\u00eda \u00fanica y una artesan\u00eda de primera calidad.<\/p>\n<p data-start=\"1474\" data-end=\"1698\">Con una moderna estructura hexagonal y una elegante superficie en tonos pastel, este envase ofrece un extraordinario atractivo en las estanter\u00edas y un gran valor como regalo. El logotipo estampado en oro a\u00f1ade un refinado toque de lujo, haciendo que su marca sea reconocible al instante.<\/p>\n<p data-start=\"1700\" data-end=\"1836\">Fabricadas con cart\u00f3n r\u00edgido de alta calidad y papel especial, estas cajas ofrecen una protecci\u00f3n excelente y una experiencia de desembalaje de primera.<\/p>\n<p data-start=\"1838\" data-end=\"1921\">Ideal para marcas que buscan soluciones de envasado distintivas, personalizadas y de gama alta.<\/p>\n<hr data-start=\"1923\" data-end=\"1926\" \/>\n<h2 data-start=\"1928\" data-end=\"1952\">Caracter\u00edsticas principales<\/h2>\n<p data-start=\"1954\" data-end=\"2192\">\u2714 Hex\u00e1gono \u00fanico \/ Estructura de seis lados<br data-start=\"1992\" data-end=\"1995\" \/>\u2714 Material de cart\u00f3n r\u00edgido de primera calidad<br data-start=\"2030\" data-end=\"2033\" \/>\u2714 Logotipo en l\u00e1mina de oro \/ estampaci\u00f3n en caliente<br data-start=\"2064\" data-end=\"2067\" \/>\u2714 Elegante acabado superficial mate<br data-start=\"2097\" data-end=\"2100\" \/>\u2714 Tama\u00f1o y marca personalizados<br data-start=\"2124\" data-end=\"2127\" \/>\u2714 Fuerte protecci\u00f3n y durabilidad<br data-start=\"2159\" data-end=\"2162\" \/>\u2714 Experiencia Unboxing de lujo<\/p>\n<hr data-start=\"2194\" data-end=\"2197\" \/>\n<h2 data-start=\"2199\" data-end=\"2223\">Aplicaciones<\/h2>\n<ul data-start=\"2239\" data-end=\"2414\">\n<li data-start=\"2239\" data-end=\"2265\">\n<p data-start=\"2241\" data-end=\"2265\">Envasado de t\u00e9 y hierbas<\/p>\n<\/li>\n<li data-start=\"2266\" data-end=\"2295\">\n<p data-start=\"2268\" data-end=\"2295\">Cajas de cosm\u00e9tica y cuidado de la piel<\/p>\n<\/li>\n<li data-start=\"2296\" data-end=\"2331\">\n<p data-start=\"2298\" data-end=\"2331\">Embalaje de joyas y accesorios<\/p>\n<\/li>\n<li data-start=\"2332\" data-end=\"2357\">\n<p data-start=\"2334\" data-end=\"2357\">Cajas para regalos y fiestas<\/p>\n<\/li>\n<li data-start=\"2358\" data-end=\"2387\">\n<p data-start=\"2360\" data-end=\"2387\">Envases de lujo para souvenirs<\/p>\n<\/li>\n<li data-start=\"2388\" data-end=\"2414\">\n<p data-start=\"2390\" data-end=\"2414\">Envasado de alimentos de primera calidad<\/p>\n<\/li>\n<\/ul>\n<hr data-start=\"2416\" data-end=\"2419\" \/>\n<h2 data-start=\"2421\" data-end=\"2454\">\ud83d\udd37 Opciones de personalizaci\u00f3n<\/h2>\n<p data-start=\"2456\" data-end=\"2494\">Ofrecemos personalizaci\u00f3n completa OEM y ODM:<\/p>\n<h3 data-start=\"2496\" data-end=\"2507\">Tama\u00f1o<\/h3>\n<ul data-start=\"2508\" data-end=\"2537\">\n<li data-start=\"2508\" data-end=\"2537\">\n<p data-start=\"2510\" data-end=\"2537\">Dimensiones totalmente personalizadas<\/p>\n<\/li>\n<\/ul>\n<h3 data-start=\"2539\" data-end=\"2555\">Materiales<\/h3>\n<ul data-start=\"2556\" data-end=\"2640\">\n<li data-start=\"2556\" data-end=\"2581\">\n<p data-start=\"2558\" data-end=\"2581\">Cart\u00f3n gris + Papel art\u00edstico<\/p>\n<\/li>\n<li data-start=\"2582\" data-end=\"2601\">\n<p data-start=\"2584\" data-end=\"2601\">Papel especial<\/p>\n<\/li>\n<li data-start=\"2602\" data-end=\"2617\">\n<p data-start=\"2604\" data-end=\"2617\">Papel Kraft<\/p>\n<\/li>\n<li data-start=\"2618\" data-end=\"2640\">\n<p data-start=\"2620\" data-end=\"2640\">Papel ecol\u00f3gico<\/p>\n<\/li>\n<\/ul>\n<h3 data-start=\"2642\" data-end=\"2657\">\ud83c\udfa8 Impresi\u00f3n<\/h3>\n<ul data-start=\"2658\" data-end=\"2717\">\n<li data-start=\"2658\" data-end=\"2676\">\n<p data-start=\"2660\" data-end=\"2676\">CMYK \/ Pantone<\/p>\n<\/li>\n<li data-start=\"2677\" data-end=\"2696\">\n<p data-start=\"2679\" data-end=\"2696\">Impresi\u00f3n offset<\/p>\n<\/li>\n<li data-start=\"2697\" data-end=\"2717\">\n<p data-start=\"2699\" data-end=\"2717\">Impresi\u00f3n digital<\/p>\n<\/li>\n<\/ul>\n<h3 data-start=\"2719\" data-end=\"2734\">\u2728 Acabado<\/h3>\n<ul data-start=\"2735\" data-end=\"2815\">\n<li data-start=\"2735\" data-end=\"2757\">\n<p data-start=\"2737\" data-end=\"2757\">Oro \/ Plata<\/p>\n<\/li>\n<li data-start=\"2758\" data-end=\"2777\">\n<p data-start=\"2760\" data-end=\"2777\">Grabado en relieve<\/p>\n<\/li>\n<li data-start=\"2778\" data-end=\"2789\">\n<p data-start=\"2780\" data-end=\"2789\">UV directo<\/p>\n<\/li>\n<li data-start=\"2790\" data-end=\"2815\">\n<p data-start=\"2792\" data-end=\"2815\">Laminaci\u00f3n de tacto suave<\/p>\n<\/li>\n<\/ul>\n<h3 data-start=\"2817\" data-end=\"2833\">\ud83d\udce6 Estructura<\/h3>\n<ul data-start=\"2834\" data-end=\"2926\">\n<li data-start=\"2834\" data-end=\"2852\">\n<p data-start=\"2836\" data-end=\"2852\">Tapa y caja base<\/p>\n<\/li>\n<li data-start=\"2853\" data-end=\"2873\">\n<p data-start=\"2855\" data-end=\"2873\">Cierre magn\u00e9tico<\/p>\n<\/li>\n<li data-start=\"2874\" data-end=\"2888\">\n<p data-start=\"2876\" data-end=\"2888\">Cajonera<\/p>\n<\/li>\n<li data-start=\"2889\" data-end=\"2926\">\n<p data-start=\"2891\" data-end=\"2926\">Inserciones personalizadas (papel \/ EVA \/ espuma)<\/p>\n<\/li>\n<\/ul>\n<hr data-start=\"2928\" data-end=\"2931\" \/>\n<h2 data-start=\"2933\" data-end=\"2961\">Por qu\u00e9 elegirnos<\/h2>\n<p data-start=\"2963\" data-end=\"3158\">\u2714 Fabricante directo de f\u00e1brica<br data-start=\"2992\" data-end=\"2995\" \/>\u2714 Precios al por mayor competitivos<br data-start=\"3026\" data-end=\"3029\" \/>\u2714 MOQ bajo disponible<br data-start=\"3048\" data-end=\"3051\" \/>\u2714 Dieline &amp; Mockup gratis<br data-start=\"3074\" data-end=\"3077\" \/>\u2714 Servicio de muestreo r\u00e1pido<br data-start=\"3100\" data-end=\"3103\" \/>\u2714 Estricto control de calidad<br data-start=\"3127\" data-end=\"3130\" \/>\u2714 Experiencia mundial en exportaci\u00f3n<\/p>\n<p data-start=\"3160\" data-end=\"3228\">Ayudamos a las marcas a crear envases premium que aumentan el valor del producto.<\/p>","protected":false},"excerpt":{"rendered":"<p>Premium <strong data-start=\"1116\" data-end=\"1148\">caja de embalaje hexagonal personalizada<\/strong> Concebido para regalos de lujo, cosm\u00e9ticos, t\u00e9 y productos de gama alta. Con estructura r\u00edgida, marca en l\u00e1mina de oro y personalizaci\u00f3n completa para una presentaci\u00f3n elegante.<\/p>","protected":false},"featured_media":0,"template":"","meta":{"_joinchat":[]},"product_brand":[],"product_cat":[117],"product_tag":[],"class_list":{"0":"post-10732","1":"product","2":"type-product","3":"status-publish","5":"product_cat-hexagon-box","7":"first","8":"instock","9":"shipping-taxable","10":"product-type-simple"},"acf":[],"_links":{"self":[{"href":"https:\/\/h2packaging.com\/es\/wp-json\/wp\/v2\/product\/10732","targetHints":{"allow":["GET"]}}],"collection":[{"href":"https:\/\/h2packaging.com\/es\/wp-json\/wp\/v2\/product"}],"about":[{"href":"https:\/\/h2packaging.com\/es\/wp-json\/wp\/v2\/types\/product"}],"wp:attachment":[{"href":"https:\/\/h2packaging.com\/es\/wp-json\/wp\/v2\/media?parent=10732"}],"wp:term":[{"taxonomy":"product_brand","embeddable":true,"href":"https:\/\/h2packaging.com\/es\/wp-json\/wp\/v2\/product_brand?post=10732"},{"taxonomy":"product_cat","embeddable":true,"href":"https:\/\/h2packaging.com\/es\/wp-json\/wp\/v2\/product_cat?post=10732"},{"taxonomy":"product_tag","embeddable":true,"href":"https:\/\/h2packaging.com\/es\/wp-json\/wp\/v2\/product_tag?post=10732"}],"curies":[{"name":"wp","href":"https:\/\/api.w.org\/{rel}","templated":true}]}}