{"id":10736,"date":"2026-02-06T15:57:07","date_gmt":"2026-02-06T07:57:07","guid":{"rendered":"https:\/\/d2j5kp3mpq.onrocket.site\/?post_type=product&#038;p=10736"},"modified":"2026-02-06T15:58:24","modified_gmt":"2026-02-06T07:58:24","slug":"custom-hexagon-jewelry-box-luxury-blue-hexagonal-jewelry-packaging-with-gold-foil-logo","status":"publish","type":"product","link":"https:\/\/h2packaging.com\/es\/producto\/custom-hexagon-jewelry-box-luxury-blue-hexagonal-jewelry-packaging-with-gold-foil-logo\/","title":{"rendered":"Caja de joyer\u00eda hexagonal personalizada | Embalaje de joyer\u00eda hexagonal azul de lujo con logotipo en l\u00e1mina de oro"},"content":{"rendered":"<h2 data-start=\"1395\" data-end=\"1423\">Productos<\/h2>\n<p data-start=\"1425\" data-end=\"1534\">Nuestra <strong data-start=\"1429\" data-end=\"1473\">cajas hexagonales de lujo para embalaje de joyas<\/strong> se elaboran para elevar su marca y mejorar el valor del producto.<\/p>\n<p data-start=\"1536\" data-end=\"1708\">Con una estructura \u00fanica de seis lados, una elegante superficie azul mate y un refinado logotipo dorado, este joyero ofrece un fuerte impacto visual y una experiencia de apertura de primera calidad.<\/p>\n<p data-start=\"1710\" data-end=\"1844\">El suave interior de terciopelo sujeta con seguridad pulseras, collares, anillos y joyer\u00eda fina, protegi\u00e9ndolos al mismo tiempo de ara\u00f1azos y da\u00f1os.<\/p>\n<p data-start=\"1846\" data-end=\"1939\">Perfecto para marcas de joyer\u00eda que buscan soluciones de envasado distintivas, personalizadas y de gama alta.<\/p>\n<hr data-start=\"1941\" data-end=\"1944\" \/>\n<h2 data-start=\"1946\" data-end=\"1970\">Caracter\u00edsticas principales<\/h2>\n<p data-start=\"1972\" data-end=\"2201\">\u2714 Dise\u00f1o \u00fanico hexagonal \/ de seis lados<br data-start=\"2007\" data-end=\"2010\" \/>\u2714 Estructura de cart\u00f3n r\u00edgido premium<br data-start=\"2046\" data-end=\"2049\" \/>\u2714 Logotipo en l\u00e1mina de oro \/ estampaci\u00f3n en caliente<br data-start=\"2080\" data-end=\"2083\" \/>\u2714 Inserci\u00f3n de terciopelo suave \/ ante<br data-start=\"2111\" data-end=\"2114\" \/>\u2714 Acabado mate de lujo<br data-start=\"2135\" data-end=\"2138\" \/>\u2714 Fuerte protecci\u00f3n para las joyas<br data-start=\"2169\" data-end=\"2172\" \/>\u2714 Elegante presentaci\u00f3n del regalo<\/p>\n<hr data-start=\"2203\" data-end=\"2206\" \/>\n<h2 data-start=\"2208\" data-end=\"2232\">Aplicaciones<\/h2>\n<p data-start=\"2234\" data-end=\"2244\">Ideal para:<\/p>\n<ul data-start=\"2246\" data-end=\"2400\">\n<li data-start=\"2246\" data-end=\"2268\">\n<p data-start=\"2248\" data-end=\"2268\">Embalaje de pulseras<\/p>\n<\/li>\n<li data-start=\"2269\" data-end=\"2292\">\n<p data-start=\"2271\" data-end=\"2292\">Cajas de regalo para collares<\/p>\n<\/li>\n<li data-start=\"2293\" data-end=\"2318\">\n<p data-start=\"2295\" data-end=\"2318\">Cajas para anillos y pendientes<\/p>\n<\/li>\n<li data-start=\"2319\" data-end=\"2340\">\n<p data-start=\"2321\" data-end=\"2340\">Sets de regalo de joyer\u00eda<\/p>\n<\/li>\n<li data-start=\"2341\" data-end=\"2373\">\n<p data-start=\"2343\" data-end=\"2373\">Embalaje de accesorios de lujo<\/p>\n<\/li>\n<li data-start=\"2374\" data-end=\"2400\">\n<p data-start=\"2376\" data-end=\"2400\">Embalaje de marca para minoristas<\/p>\n<\/li>\n<\/ul>\n<hr data-start=\"2402\" data-end=\"2405\" \/>\n<h2 data-start=\"2407\" data-end=\"2440\">\ud83d\udd37 Opciones de personalizaci\u00f3n<\/h2>\n<p data-start=\"2442\" data-end=\"2481\">Ofrecemos servicios completos de personalizaci\u00f3n:<\/p>\n<h3 data-start=\"2483\" data-end=\"2494\">Tama\u00f1o<\/h3>\n<ul data-start=\"2495\" data-end=\"2520\">\n<li data-start=\"2495\" data-end=\"2520\">\n<p data-start=\"2497\" data-end=\"2520\">Dimensiones totalmente personalizadas<\/p>\n<\/li>\n<\/ul>\n<h3 data-start=\"2522\" data-end=\"2538\">Materiales<\/h3>\n<ul data-start=\"2539\" data-end=\"2607\">\n<li data-start=\"2539\" data-end=\"2564\">\n<p data-start=\"2541\" data-end=\"2564\">Cart\u00f3n gris + Papel art\u00edstico<\/p>\n<\/li>\n<li data-start=\"2565\" data-end=\"2584\">\n<p data-start=\"2567\" data-end=\"2584\">Papel especial<\/p>\n<\/li>\n<li data-start=\"2585\" data-end=\"2607\">\n<p data-start=\"2587\" data-end=\"2607\">Papel ecol\u00f3gico<\/p>\n<\/li>\n<\/ul>\n<h3 data-start=\"2609\" data-end=\"2624\">\ud83c\udfa8 Impresi\u00f3n<\/h3>\n<ul data-start=\"2625\" data-end=\"2684\">\n<li data-start=\"2625\" data-end=\"2643\">\n<p data-start=\"2627\" data-end=\"2643\">CMYK \/ Pantone<\/p>\n<\/li>\n<li data-start=\"2644\" data-end=\"2663\">\n<p data-start=\"2646\" data-end=\"2663\">Impresi\u00f3n offset<\/p>\n<\/li>\n<li data-start=\"2664\" data-end=\"2684\">\n<p data-start=\"2666\" data-end=\"2684\">Impresi\u00f3n digital<\/p>\n<\/li>\n<\/ul>\n<h3 data-start=\"2686\" data-end=\"2701\">\u2728 Acabado<\/h3>\n<ul data-start=\"2702\" data-end=\"2782\">\n<li data-start=\"2702\" data-end=\"2724\">\n<p data-start=\"2704\" data-end=\"2724\">Oro \/ Plata<\/p>\n<\/li>\n<li data-start=\"2725\" data-end=\"2744\">\n<p data-start=\"2727\" data-end=\"2744\">Grabado en relieve<\/p>\n<\/li>\n<li data-start=\"2745\" data-end=\"2756\">\n<p data-start=\"2747\" data-end=\"2756\">UV directo<\/p>\n<\/li>\n<li data-start=\"2757\" data-end=\"2782\">\n<p data-start=\"2759\" data-end=\"2782\">Laminaci\u00f3n de tacto suave<\/p>\n<\/li>\n<\/ul>\n<h3 data-start=\"2784\" data-end=\"2798\">\ud83d\udce6 Insertos<\/h3>\n<ul data-start=\"2799\" data-end=\"2863\">\n<li data-start=\"2799\" data-end=\"2816\">\n<p data-start=\"2801\" data-end=\"2816\">Inserto de terciopelo<\/p>\n<\/li>\n<li data-start=\"2817\" data-end=\"2833\">\n<p data-start=\"2819\" data-end=\"2833\">Inserci\u00f3n de ante<\/p>\n<\/li>\n<li data-start=\"2834\" data-end=\"2848\">\n<p data-start=\"2836\" data-end=\"2848\">EVA \/ Espuma<\/p>\n<\/li>\n<li data-start=\"2849\" data-end=\"2863\">\n<p data-start=\"2851\" data-end=\"2863\">Bandeja de papel<\/p>\n<\/li>\n<\/ul>\n<hr data-start=\"2865\" data-end=\"2868\" \/>\n<h2 data-start=\"2870\" data-end=\"2898\">Por qu\u00e9 elegirnos<\/h2>\n<p data-start=\"2900\" data-end=\"3080\">\u2714 Suministro directo de f\u00e1brica<br data-start=\"2923\" data-end=\"2926\" \/>\u2714 Precio competitivo al por mayor<br data-start=\"2955\" data-end=\"2958\" \/>\u2714 MOQ bajo disponible<br data-start=\"2977\" data-end=\"2980\" \/>\u2714 Dieline &amp; Mockup gratis<br data-start=\"3003\" data-end=\"3006\" \/>\u2714 Muestreo r\u00e1pido<br data-start=\"3021\" data-end=\"3024\" \/>\u2714 Estricto control de calidad<br data-start=\"3048\" data-end=\"3051\" \/>\u2714 Exportaci\u00f3n a los mercados de EE.UU. y la UE<\/p>\n<p data-start=\"3082\" data-end=\"3173\">Ayudamos a las marcas de joyer\u00eda a crear envases que aumenten el valor percibido y la fidelidad del cliente.<\/p>","protected":false},"excerpt":{"rendered":"<p>Premium <strong data-start=\"1207\" data-end=\"1237\">joyero hexagonal personalizado<\/strong> Concebido para pulseras, collares y accesorios de lujo. Con estructura r\u00edgida, inserci\u00f3n de terciopelo y marca en l\u00e1mina de oro para una presentaci\u00f3n de alta gama.<\/p>","protected":false},"featured_media":0,"template":"","meta":{"_joinchat":[]},"product_brand":[],"product_cat":[117,297,358,361],"product_tag":[],"class_list":{"0":"post-10736","1":"product","2":"type-product","3":"status-publish","5":"product_cat-hexagon-box","6":"product_cat-jewelry-packaging","7":"product_cat-bracelet-packaging","8":"product_cat-luxury-jewelry-packaging","10":"first","11":"instock","12":"shipping-taxable","13":"product-type-simple"},"acf":[],"_links":{"self":[{"href":"https:\/\/h2packaging.com\/es\/wp-json\/wp\/v2\/product\/10736","targetHints":{"allow":["GET"]}}],"collection":[{"href":"https:\/\/h2packaging.com\/es\/wp-json\/wp\/v2\/product"}],"about":[{"href":"https:\/\/h2packaging.com\/es\/wp-json\/wp\/v2\/types\/product"}],"wp:attachment":[{"href":"https:\/\/h2packaging.com\/es\/wp-json\/wp\/v2\/media?parent=10736"}],"wp:term":[{"taxonomy":"product_brand","embeddable":true,"href":"https:\/\/h2packaging.com\/es\/wp-json\/wp\/v2\/product_brand?post=10736"},{"taxonomy":"product_cat","embeddable":true,"href":"https:\/\/h2packaging.com\/es\/wp-json\/wp\/v2\/product_cat?post=10736"},{"taxonomy":"product_tag","embeddable":true,"href":"https:\/\/h2packaging.com\/es\/wp-json\/wp\/v2\/product_tag?post=10736"}],"curies":[{"name":"wp","href":"https:\/\/api.w.org\/{rel}","templated":true}]}}