{"id":10740,"date":"2026-02-06T16:05:42","date_gmt":"2026-02-06T08:05:42","guid":{"rendered":"https:\/\/d2j5kp3mpq.onrocket.site\/?post_type=product&#038;p=10740"},"modified":"2026-02-06T16:05:42","modified_gmt":"2026-02-06T08:05:42","slug":"custom-gold-hexagon-jewelry-box-luxury-hexagonal-jewelry-packaging-with-velvet-insert","status":"publish","type":"product","link":"https:\/\/h2packaging.com\/es\/producto\/custom-gold-hexagon-jewelry-box-luxury-hexagonal-jewelry-packaging-with-velvet-insert\/","title":{"rendered":"Joyero Hexagonal de Oro Personalizado | Embalaje Hexagonal de Lujo para Joyas con Inserci\u00f3n de Terciopelo"},"content":{"rendered":"<h2 data-start=\"1335\" data-end=\"1363\">Productos<\/h2>\n<p data-start=\"1365\" data-end=\"1486\">Nuestra <strong data-start=\"1369\" data-end=\"1418\">lujosas cajas hexagonales de oro para embalaje de joyas<\/strong> est\u00e1n dise\u00f1ados para mejorar su imagen de marca y elevar el valor del producto.<\/p>\n<p data-start=\"1488\" data-end=\"1649\">Con una estructura \u00fanica de seis lados, una elegante superficie con textura dorada y un forro de terciopelo azul intenso, esta caja ofrece a los clientes una experiencia \u00fanica al abrir la caja.<\/p>\n<p data-start=\"1651\" data-end=\"1818\">La estructura r\u00edgida y el interior suave protegen eficazmente pendientes, collares, pulseras y joyer\u00eda fina de ara\u00f1azos y da\u00f1os durante el almacenamiento y el transporte.<\/p>\n<p data-start=\"1820\" data-end=\"1931\">Perfecto para marcas de joyer\u00eda, minoristas y proveedores de regalos que buscan soluciones de envasado distintivas y de gama alta.<\/p>\n<hr data-start=\"1933\" data-end=\"1936\" \/>\n<h2 data-start=\"1938\" data-end=\"1962\">Caracter\u00edsticas principales<\/h2>\n<p data-start=\"1964\" data-end=\"2186\">\u2714 Dise\u00f1o \u00fanico hexagonal \/ de seis lados<br data-start=\"1999\" data-end=\"2002\" \/>\u2714 Acabado oro mate de lujo<br data-start=\"2028\" data-end=\"2031\" \/>\u2714 Estructura de cart\u00f3n r\u00edgido premium<br data-start=\"2067\" data-end=\"2070\" \/>\u2714 Inserci\u00f3n de terciopelo suave \/ ante<br data-start=\"2098\" data-end=\"2101\" \/>\u2714 Fuerte protecci\u00f3n de joyas<br data-start=\"2128\" data-end=\"2131\" \/>\u2714 Elegante presentaci\u00f3n del regalo<br data-start=\"2158\" data-end=\"2161\" \/>\u2714 Logotipo personalizado disponible<\/p>\n<hr data-start=\"2188\" data-end=\"2191\" \/>\n<h2 data-start=\"2193\" data-end=\"2217\">Aplicaciones<\/h2>\n<p data-start=\"2219\" data-end=\"2232\">Adecuado para:<\/p>\n<ul data-start=\"2234\" data-end=\"2387\">\n<li data-start=\"2234\" data-end=\"2256\">\n<p data-start=\"2236\" data-end=\"2256\">Embalaje de los pendientes<\/p>\n<\/li>\n<li data-start=\"2257\" data-end=\"2280\">\n<p data-start=\"2259\" data-end=\"2280\">Cajas de regalo para collares<\/p>\n<\/li>\n<li data-start=\"2281\" data-end=\"2307\">\n<p data-start=\"2283\" data-end=\"2307\">Cajas para pulseras<\/p>\n<\/li>\n<li data-start=\"2308\" data-end=\"2329\">\n<p data-start=\"2310\" data-end=\"2329\">Sets de regalo de joyer\u00eda<\/p>\n<\/li>\n<li data-start=\"2330\" data-end=\"2362\">\n<p data-start=\"2332\" data-end=\"2362\">Embalaje de accesorios de lujo<\/p>\n<\/li>\n<li data-start=\"2363\" data-end=\"2387\">\n<p data-start=\"2365\" data-end=\"2387\">Expositor de marca para minoristas<\/p>\n<\/li>\n<\/ul>\n<hr data-start=\"2389\" data-end=\"2392\" \/>\n<h2 data-start=\"2394\" data-end=\"2427\">\ud83d\udd37 Opciones de personalizaci\u00f3n<\/h2>\n<p data-start=\"2429\" data-end=\"2467\">Ofrecemos personalizaci\u00f3n completa OEM y ODM:<\/p>\n<h3 data-start=\"2469\" data-end=\"2480\">Tama\u00f1o<\/h3>\n<ul data-start=\"2481\" data-end=\"2510\">\n<li data-start=\"2481\" data-end=\"2510\">\n<p data-start=\"2483\" data-end=\"2510\">Dimensiones totalmente personalizadas<\/p>\n<\/li>\n<\/ul>\n<h3 data-start=\"2512\" data-end=\"2528\">Materiales<\/h3>\n<ul data-start=\"2529\" data-end=\"2606\">\n<li data-start=\"2529\" data-end=\"2554\">\n<p data-start=\"2531\" data-end=\"2554\">Cart\u00f3n gris + Papel art\u00edstico<\/p>\n<\/li>\n<li data-start=\"2555\" data-end=\"2583\">\n<p data-start=\"2557\" data-end=\"2583\">Papel con textura especial<\/p>\n<\/li>\n<li data-start=\"2584\" data-end=\"2606\">\n<p data-start=\"2586\" data-end=\"2606\">Papel ecol\u00f3gico<\/p>\n<\/li>\n<\/ul>\n<h3 data-start=\"2608\" data-end=\"2623\">\ud83c\udfa8 Impresi\u00f3n<\/h3>\n<ul data-start=\"2624\" data-end=\"2683\">\n<li data-start=\"2624\" data-end=\"2642\">\n<p data-start=\"2626\" data-end=\"2642\">CMYK \/ Pantone<\/p>\n<\/li>\n<li data-start=\"2643\" data-end=\"2662\">\n<p data-start=\"2645\" data-end=\"2662\">Impresi\u00f3n offset<\/p>\n<\/li>\n<li data-start=\"2663\" data-end=\"2683\">\n<p data-start=\"2665\" data-end=\"2683\">Impresi\u00f3n digital<\/p>\n<\/li>\n<\/ul>\n<h3 data-start=\"2685\" data-end=\"2700\">\u2728 Acabado<\/h3>\n<ul data-start=\"2701\" data-end=\"2781\">\n<li data-start=\"2701\" data-end=\"2723\">\n<p data-start=\"2703\" data-end=\"2723\">Oro \/ Plata<\/p>\n<\/li>\n<li data-start=\"2724\" data-end=\"2743\">\n<p data-start=\"2726\" data-end=\"2743\">Grabado en relieve<\/p>\n<\/li>\n<li data-start=\"2744\" data-end=\"2755\">\n<p data-start=\"2746\" data-end=\"2755\">UV directo<\/p>\n<\/li>\n<li data-start=\"2756\" data-end=\"2781\">\n<p data-start=\"2758\" data-end=\"2781\">Laminaci\u00f3n de tacto suave<\/p>\n<\/li>\n<\/ul>\n<h3 data-start=\"2783\" data-end=\"2797\">\ud83d\udce6 Insertos<\/h3>\n<ul data-start=\"2798\" data-end=\"2869\">\n<li data-start=\"2798\" data-end=\"2815\">\n<p data-start=\"2800\" data-end=\"2815\">Inserto de terciopelo<\/p>\n<\/li>\n<li data-start=\"2816\" data-end=\"2832\">\n<p data-start=\"2818\" data-end=\"2832\">Inserci\u00f3n de ante<\/p>\n<\/li>\n<li data-start=\"2833\" data-end=\"2847\">\n<p data-start=\"2835\" data-end=\"2847\">EVA \/ Espuma<\/p>\n<\/li>\n<li data-start=\"2848\" data-end=\"2869\">\n<p data-start=\"2850\" data-end=\"2869\">Bandeja de papel personalizada<\/p>\n<\/li>\n<\/ul>\n<hr data-start=\"2871\" data-end=\"2874\" \/>\n<h2 data-start=\"2876\" data-end=\"2904\">Por qu\u00e9 elegirnos<\/h2>\n<p data-start=\"2906\" data-end=\"3111\">\u2714 Fabricante directo de f\u00e1brica<br data-start=\"2935\" data-end=\"2938\" \/>\u2714 Precio competitivo al por mayor<br data-start=\"2967\" data-end=\"2970\" \/>\u2714 Soporta MOQ bajos<br data-start=\"2989\" data-end=\"2992\" \/>\u2714 Dieline &amp; Mockup gratis<br data-start=\"3015\" data-end=\"3018\" \/>\u2714 Servicio de muestreo r\u00e1pido<br data-start=\"3041\" data-end=\"3044\" \/>\u2714 Estricto control de calidad<br data-start=\"3068\" data-end=\"3071\" \/>\u2714 Experiencia en exportaci\u00f3n (EE.UU.\/UE \/ mundial)<\/p>\n<p data-start=\"3113\" data-end=\"3202\">Ayudamos a las marcas de joyer\u00eda a crear una fuerte identidad visual y a aumentar el valor percibido del producto.<\/p>","protected":false},"excerpt":{"rendered":"<p>Premium <strong data-start=\"1184\" data-end=\"1214\">joyero hexagonal personalizado<\/strong> con lujoso acabado dorado y suave inserci\u00f3n de terciopelo, dise\u00f1ado para pendientes, collares y envases de joyer\u00eda de alta gama.<\/p>","protected":false},"featured_media":0,"template":"","meta":{"_joinchat":[]},"product_brand":[],"product_cat":[117],"product_tag":[],"class_list":{"0":"post-10740","1":"product","2":"type-product","3":"status-publish","5":"product_cat-hexagon-box","7":"first","8":"instock","9":"shipping-taxable","10":"product-type-simple"},"acf":[],"_links":{"self":[{"href":"https:\/\/h2packaging.com\/es\/wp-json\/wp\/v2\/product\/10740","targetHints":{"allow":["GET"]}}],"collection":[{"href":"https:\/\/h2packaging.com\/es\/wp-json\/wp\/v2\/product"}],"about":[{"href":"https:\/\/h2packaging.com\/es\/wp-json\/wp\/v2\/types\/product"}],"wp:attachment":[{"href":"https:\/\/h2packaging.com\/es\/wp-json\/wp\/v2\/media?parent=10740"}],"wp:term":[{"taxonomy":"product_brand","embeddable":true,"href":"https:\/\/h2packaging.com\/es\/wp-json\/wp\/v2\/product_brand?post=10740"},{"taxonomy":"product_cat","embeddable":true,"href":"https:\/\/h2packaging.com\/es\/wp-json\/wp\/v2\/product_cat?post=10740"},{"taxonomy":"product_tag","embeddable":true,"href":"https:\/\/h2packaging.com\/es\/wp-json\/wp\/v2\/product_tag?post=10740"}],"curies":[{"name":"wp","href":"https:\/\/api.w.org\/{rel}","templated":true}]}}