{"id":9114,"date":"2025-12-22T20:54:14","date_gmt":"2025-12-22T12:54:14","guid":{"rendered":"https:\/\/tbc72w920v.onrocket.site\/product\/pink-rigid-magnetic-double-door-box-for-electronic-gifts\/"},"modified":"2026-02-04T15:50:28","modified_gmt":"2026-02-04T07:50:28","slug":"pink-rigid-magnetic-double-door-box-for-electronic-gifts","status":"publish","type":"product","link":"https:\/\/h2packaging.com\/es\/producto\/pink-rigid-magnetic-double-door-box-for-electronic-gifts\/","title":{"rendered":"Embalaje personalizado de caja triangular con caj\u00f3n | Caja de regalo triangular premium con dise\u00f1o deslizante"},"content":{"rendered":"<h2 data-start=\"1382\" data-end=\"1410\">\ud83d\udd37 Descripci\u00f3n general del producto<\/h2>\n<p data-start=\"1412\" data-end=\"1565\">Nuestra <strong data-start=\"1416\" data-end=\"1439\">cajonera triangular<\/strong> combina una geometr\u00eda innovadora con una pr\u00e1ctica estructura de apertura deslizante, ofreciendo una alternativa \u00fanica a las cajas r\u00edgidas tradicionales.<\/p>\n<p data-start=\"1567\" data-end=\"1796\">Inspirado en dise\u00f1os modernos y de temporada, este envase triangular es ideal para marcas que buscan una presentaci\u00f3n distintiva. La bandeja interior se desliza suavemente hacia fuera, creando una experiencia de desembalaje premium al tiempo que protege sus productos.<\/p>\n<p data-start=\"1798\" data-end=\"1929\">Fabricada con cart\u00f3n de alta calidad y t\u00e9cnicas de impresi\u00f3n avanzadas, esta caja garantiza la durabilidad, la est\u00e9tica y la coherencia de la marca.<\/p>\n<hr data-start=\"1931\" data-end=\"1934\" \/>\n<h2 data-start=\"1936\" data-end=\"1960\">Caracter\u00edsticas principales<br data-start=\"1985\" data-end=\"1988\" \/>\u2714 Estructura de apertura de cajones deslizantes<br data-start=\"2022\" data-end=\"2025\" \/>\u2714 Material de cart\u00f3n de alta resistencia<br data-start=\"2060\" data-end=\"2063\" \/>\u2714 Opciones de impresi\u00f3n y acabado premium<br data-start=\"2101\" data-end=\"2104\" \/>\u2714 Excelente efecto de exposici\u00f3n en estanter\u00edas<br data-start=\"2136\" data-end=\"2139\" \/>\u2714 Dise\u00f1o totalmente personalizable<\/h2>\n<hr data-start=\"2170\" data-end=\"2173\" \/>\n<h2 data-start=\"2175\" data-end=\"2199\">Aplicaciones<\/h2>\n<p data-start=\"2201\" data-end=\"2254\">Nuestra <strong data-start=\"2205\" data-end=\"2237\">cajoneras triangulares a medida<\/strong> son perfectos para:<\/p>\n<ul data-start=\"2256\" data-end=\"2441\">\n<li data-start=\"2256\" data-end=\"2294\">\n<p data-start=\"2258\" data-end=\"2294\">Embalaje para regalos navide\u00f1os y festivos<\/p>\n<\/li>\n<li data-start=\"2295\" data-end=\"2322\">\n<p data-start=\"2297\" data-end=\"2322\">Cajas de bombones y caramelos<\/p>\n<\/li>\n<li data-start=\"2323\" data-end=\"2352\">\n<p data-start=\"2325\" data-end=\"2352\">Sets de cuidado de la piel y cosm\u00e9ticos<\/p>\n<\/li>\n<li data-start=\"2353\" data-end=\"2378\">\n<p data-start=\"2355\" data-end=\"2378\">Joyas y accesorios<\/p>\n<\/li>\n<li data-start=\"2379\" data-end=\"2410\">\n<p data-start=\"2381\" data-end=\"2410\">Boutique y marcas de estilo de vida<\/p>\n<\/li>\n<li data-start=\"2411\" data-end=\"2441\">\n<p data-start=\"2413\" data-end=\"2441\">Promociones de edici\u00f3n limitada<\/p>\n<\/li>\n<\/ul>\n<hr data-start=\"2443\" data-end=\"2446\" \/>\n<h2 data-start=\"2448\" data-end=\"2481\">\ud83d\udd37 Opciones de personalizaci\u00f3n<\/h2>\n<h3 data-start=\"2522\" data-end=\"2533\">Tama\u00f1o<\/h3>\n<ul data-start=\"2534\" data-end=\"2557\">\n<li data-start=\"2534\" data-end=\"2557\">\n<p data-start=\"2536\" data-end=\"2557\">Dimensiones a medida<\/p>\n<\/li>\n<\/ul>\n<h3 data-start=\"2559\" data-end=\"2575\">Materiales<\/h3>\n<ul data-start=\"2576\" data-end=\"2652\">\n<li data-start=\"2576\" data-end=\"2589\">\n<p data-start=\"2578\" data-end=\"2589\">Papel art\u00edstico<\/p>\n<\/li>\n<li data-start=\"2590\" data-end=\"2609\">\n<p data-start=\"2592\" data-end=\"2609\">Papel especial<\/p>\n<\/li>\n<li data-start=\"2610\" data-end=\"2623\">\n<p data-start=\"2612\" data-end=\"2623\">Cart\u00f3n gris<\/p>\n<\/li>\n<li data-start=\"2624\" data-end=\"2652\">\n<p data-start=\"2626\" data-end=\"2652\">Papel kraft ecol\u00f3gico<\/p>\n<\/li>\n<\/ul>\n<h3 data-start=\"2654\" data-end=\"2669\">\ud83c\udfa8 Impresi\u00f3n<\/h3>\n<ul data-start=\"2670\" data-end=\"2739\">\n<li data-start=\"2670\" data-end=\"2687\">\n<p data-start=\"2672\" data-end=\"2687\">Impresi\u00f3n CMYK<\/p>\n<\/li>\n<li data-start=\"2688\" data-end=\"2708\">\n<p data-start=\"2690\" data-end=\"2708\">Igualaci\u00f3n de Pantone<\/p>\n<\/li>\n<li data-start=\"2709\" data-end=\"2739\">\n<p data-start=\"2711\" data-end=\"2739\">Impresi\u00f3n offset a todo color<\/p>\n<\/li>\n<\/ul>\n<h3 data-start=\"2741\" data-end=\"2756\">\u2728 Acabado<\/h3>\n<ul data-start=\"2757\" data-end=\"2850\">\n<li data-start=\"2757\" data-end=\"2778\">\n<p data-start=\"2759\" data-end=\"2778\">Estampaci\u00f3n en caliente<\/p>\n<\/li>\n<li data-start=\"2779\" data-end=\"2790\">\n<p data-start=\"2781\" data-end=\"2790\">UV directo<\/p>\n<\/li>\n<li data-start=\"2791\" data-end=\"2816\">\n<p data-start=\"2793\" data-end=\"2816\">Estampado en relieve<\/p>\n<\/li>\n<li data-start=\"2817\" data-end=\"2850\">\n<p data-start=\"2819\" data-end=\"2850\">Laminado mate \/ tacto suave<\/p>\n<\/li>\n<\/ul>\n<h3 data-start=\"2852\" data-end=\"2868\">\ud83d\udce6 Estructura<\/h3>\n<ul data-start=\"2869\" data-end=\"2945\">\n<li data-start=\"2869\" data-end=\"2886\">\n<p data-start=\"2871\" data-end=\"2886\">Funda para caj\u00f3n<\/p>\n<\/li>\n<li data-start=\"2887\" data-end=\"2908\">\n<p data-start=\"2889\" data-end=\"2908\">Bandeja interior<\/p>\n<\/li>\n<li data-start=\"2909\" data-end=\"2945\">\n<p data-start=\"2911\" data-end=\"2945\">Cierre magn\u00e9tico (opcional)<\/p>\n<\/li>\n<\/ul>\n<hr data-start=\"2947\" data-end=\"2950\" \/>\n<h2 data-start=\"2952\" data-end=\"2991\">\ud83d\udd37 Por qu\u00e9 elegir nuestros envases<\/h2>\n<p data-start=\"2993\" data-end=\"3170\">\u2714 Fabricante profesional de envases personalizados<br data-start=\"3037\" data-end=\"3040\" \/>\u2714 MOQ bajo disponible<br data-start=\"3059\" data-end=\"3062\" \/>\u2714 Soporte Dieline gratuito<br data-start=\"3084\" data-end=\"3087\" \/>\u2714 Muestreo r\u00e1pido (5-7 d\u00edas)<br data-start=\"3113\" data-end=\"3116\" \/>\u2714 Producci\u00f3n en serie estable<br data-start=\"3140\" data-end=\"3143\" \/>\u2714 Servicio de env\u00edo global<\/p>\n<p data-start=\"3172\" data-end=\"3233\">Ayudamos a las marcas a convertir los envases en una poderosa herramienta de marketing.<\/p>","protected":false},"excerpt":{"rendered":"<p>Un creativo <strong data-start=\"1141\" data-end=\"1181\">embalaje de cajones triangulares a medida<\/strong> con una suave estructura deslizante y material de papel de primera calidad. Dise\u00f1ada para el envasado de regalos, vacaciones y productos de lujo, esta caja ofrece tanto impacto visual como elegancia funcional.<\/p>","protected":false},"featured_media":0,"template":"","meta":{"_joinchat":[]},"product_brand":[],"product_cat":[15,123],"product_tag":[241],"class_list":{"0":"post-9114","1":"product","2":"type-product","3":"status-publish","5":"product_cat-uncategorized","6":"product_cat-triangle-box","7":"product_tag-electronics-package","9":"first","10":"instock","11":"product-type-simple"},"acf":[],"_links":{"self":[{"href":"https:\/\/h2packaging.com\/es\/wp-json\/wp\/v2\/product\/9114","targetHints":{"allow":["GET"]}}],"collection":[{"href":"https:\/\/h2packaging.com\/es\/wp-json\/wp\/v2\/product"}],"about":[{"href":"https:\/\/h2packaging.com\/es\/wp-json\/wp\/v2\/types\/product"}],"wp:attachment":[{"href":"https:\/\/h2packaging.com\/es\/wp-json\/wp\/v2\/media?parent=9114"}],"wp:term":[{"taxonomy":"product_brand","embeddable":true,"href":"https:\/\/h2packaging.com\/es\/wp-json\/wp\/v2\/product_brand?post=9114"},{"taxonomy":"product_cat","embeddable":true,"href":"https:\/\/h2packaging.com\/es\/wp-json\/wp\/v2\/product_cat?post=9114"},{"taxonomy":"product_tag","embeddable":true,"href":"https:\/\/h2packaging.com\/es\/wp-json\/wp\/v2\/product_tag?post=9114"}],"curies":[{"name":"wp","href":"https:\/\/api.w.org\/{rel}","templated":true}]}}