{"id":9141,"date":"2025-12-22T20:55:02","date_gmt":"2025-12-22T12:55:02","guid":{"rendered":"https:\/\/tbc72w920v.onrocket.site\/product\/premium-rigid-paperboard-box-for-corporate-electronics\/"},"modified":"2026-02-02T15:47:05","modified_gmt":"2026-02-02T07:47:05","slug":"premium-rigid-paperboard-box-for-corporate-electronics","status":"publish","type":"product","link":"https:\/\/h2packaging.com\/es\/producto\/premium-rigid-paperboard-box-for-corporate-electronics\/","title":{"rendered":"Bolsa de pie personalizada para el envasado de caf\u00e9 y alimentos"},"content":{"rendered":"<h3 data-start=\"1385\" data-end=\"1408\">Descripci\u00f3n del producto<\/h3>\n<p data-start=\"1410\" data-end=\"1657\">Nuestra <strong data-start=\"1414\" data-end=\"1441\">bolsas de pie personalizadas<\/strong> est\u00e1n dise\u00f1ados para <strong data-start=\"1467\" data-end=\"1487\">envasado de caf\u00e9<\/strong> y <strong data-start=\"1492\" data-end=\"1510\">envasado de alimentos<\/strong> Aplicaciones. Con un fuerte fuelle inferior y una cremallera resellable, estas bolsas se mantienen firmes en las estanter\u00edas al tiempo que conservan los productos frescos y protegidos.<\/p>\n<p data-start=\"1659\" data-end=\"1852\">Fabricado con materiales de alta calidad <strong data-start=\"1682\" data-end=\"1716\">materiales laminados de calidad alimentaria<\/strong>, Este <strong data-start=\"1723\" data-end=\"1745\">envases flexibles<\/strong> combina un excelente rendimiento de barrera, un aspecto moderno y una personalizaci\u00f3n completa para su marca.<\/p>\n<hr data-start=\"1854\" data-end=\"1857\" \/>\n<h3 data-start=\"1859\" data-end=\"1875\">Caracter\u00edsticas principales<\/h3>\n<ul data-start=\"1877\" data-end=\"2424\">\n<li data-start=\"1877\" data-end=\"1985\">\n<p data-start=\"1879\" data-end=\"1985\"><strong data-start=\"1879\" data-end=\"1910\">Materiales seguros y de calidad alimentaria<\/strong><br data-start=\"1910\" data-end=\"1913\" \/>Adecuado para caf\u00e9 en grano, en polvo, aperitivos, t\u00e9 y productos alimenticios secos.<\/p>\n<\/li>\n<li data-start=\"1987\" data-end=\"2086\">\n<p data-start=\"1989\" data-end=\"2086\"><strong data-start=\"1989\" data-end=\"2018\">Cierre de cremallera resellable<\/strong><br data-start=\"2018\" data-end=\"2021\" \/>F\u00e1cil de abrir y cerrar, ayuda a mantener la frescura una vez abierto.<\/p>\n<\/li>\n<li data-start=\"2088\" data-end=\"2201\">\n<p data-start=\"2090\" data-end=\"2201\"><strong data-start=\"2090\" data-end=\"2116\">Dise\u00f1o de fondo vertical<\/strong><br data-start=\"2116\" data-end=\"2119\" \/>El resistente fuelle inferior permite que la bolsa se mantenga en posici\u00f3n vertical para una mejor exposici\u00f3n en las estanter\u00edas.<\/p>\n<\/li>\n<li data-start=\"2203\" data-end=\"2315\">\n<p data-start=\"2205\" data-end=\"2315\"><strong data-start=\"2205\" data-end=\"2234\">Impresi\u00f3n personalizada con logotipo<\/strong><br data-start=\"2234\" data-end=\"2237\" \/>Admite la impresi\u00f3n a todo color para mejorar la visibilidad de la marca y el atractivo del producto.<\/p>\n<\/li>\n<li data-start=\"2317\" data-end=\"2424\">\n<p data-start=\"2319\" data-end=\"2424\"><strong data-start=\"2319\" data-end=\"2351\">Excelente protecci\u00f3n de barrera<\/strong><br data-start=\"2351\" data-end=\"2354\" \/>Disponibles opciones resistentes a la humedad, al ox\u00edgeno y a la luz.<\/p>\n<\/li>\n<\/ul>\n<hr data-start=\"2426\" data-end=\"2429\" \/>\n<h3 data-start=\"2431\" data-end=\"2453\">Aplicaciones ideales<\/h3>\n<ul data-start=\"2455\" data-end=\"2653\">\n<li data-start=\"2455\" data-end=\"2499\">\n<p data-start=\"2457\" data-end=\"2499\">Envasado de caf\u00e9 en grano y molido<\/p>\n<\/li>\n<li data-start=\"2500\" data-end=\"2537\">\n<p data-start=\"2502\" data-end=\"2537\">T\u00e9, aperitivos, frutos secos y comida deshidratada<\/p>\n<\/li>\n<li data-start=\"2538\" data-end=\"2569\">\n<p data-start=\"2540\" data-end=\"2569\">Alimentos y suplementos diet\u00e9ticos<\/p>\n<\/li>\n<li data-start=\"2570\" data-end=\"2610\">\n<p data-start=\"2572\" data-end=\"2610\">Alimentos para animales de compa\u00f1\u00eda y alimentos especiales<\/p>\n<\/li>\n<li data-start=\"2611\" data-end=\"2653\">\n<p data-start=\"2613\" data-end=\"2653\">Envases flexibles para comercio minorista y electr\u00f3nico<\/p>\n<\/li>\n<\/ul>\n<hr data-start=\"2655\" data-end=\"2658\" \/>\n<h3 data-start=\"2660\" data-end=\"2685\">Opciones de personalizaci\u00f3n<\/h3>\n<ul data-start=\"2687\" data-end=\"2947\">\n<li data-start=\"2687\" data-end=\"2720\">\n<p data-start=\"2689\" data-end=\"2720\">Tama\u00f1os y formas de bolsa personalizados<\/p>\n<\/li>\n<li data-start=\"2721\" data-end=\"2800\">\n<p data-start=\"2723\" data-end=\"2800\">Estructuras de los materiales: PET\/PE, PET\/AL\/PE, papel kraft, acabado mate o brillante<\/p>\n<\/li>\n<li data-start=\"2801\" data-end=\"2856\">\n<p data-start=\"2803\" data-end=\"2856\">Impresi\u00f3n: CMYK, Pantone, laminado mate o brillante<\/p>\n<\/li>\n<li data-start=\"2857\" data-end=\"2906\">\n<p data-start=\"2859\" data-end=\"2906\">Cremallera, muesca para rasgar, agujero para colgar, opciones de ventana<\/p>\n<\/li>\n<li data-start=\"2907\" data-end=\"2947\">\n<p data-start=\"2909\" data-end=\"2947\">Soluciones de envasado flexible OEM y ODM<\/p>\n<\/li>\n<\/ul>\n<hr data-start=\"2949\" data-end=\"2952\" \/>\n<h3 data-start=\"2954\" data-end=\"2997\">\u00bfPor qu\u00e9 elegir nuestras bolsas stand up personalizadas?<\/h3>\n<p data-start=\"2999\" data-end=\"3287\">Nuestra <strong data-start=\"3003\" data-end=\"3038\">envases personalizados en bolsas stand up<\/strong> ayuda a las marcas a mejorar el impacto en el lineal, proteger la calidad del producto y reducir los costes de transporte. Con una calidad estable, una impresi\u00f3n profesional y una personalizaci\u00f3n flexible, proporcionamos una completa gama de productos. <strong data-start=\"3226\" data-end=\"3257\">soluci\u00f3n de envasado flexible<\/strong> para marcas en crecimiento de todo el mundo.<\/p>","protected":false},"excerpt":{"rendered":"<p>Bolsas de pie personalizadas con cremallera e impresi\u00f3n del logotipo. Ideales para envasar caf\u00e9, aperitivos y alimentos. Materiales de calidad alimentaria, tama\u00f1os OEM, calidad premium.<\/p>","protected":false},"featured_media":0,"template":"","meta":{"_joinchat":[]},"product_brand":[],"product_cat":[15,68,99],"product_tag":[241],"class_list":{"0":"post-9141","1":"product","2":"type-product","3":"status-publish","5":"product_cat-uncategorized","6":"product_cat-pouches-packaging","7":"product_cat-stand-up-pouches","8":"product_tag-electronics-package","10":"first","11":"instock","12":"product-type-simple"},"acf":[],"_links":{"self":[{"href":"https:\/\/h2packaging.com\/es\/wp-json\/wp\/v2\/product\/9141","targetHints":{"allow":["GET"]}}],"collection":[{"href":"https:\/\/h2packaging.com\/es\/wp-json\/wp\/v2\/product"}],"about":[{"href":"https:\/\/h2packaging.com\/es\/wp-json\/wp\/v2\/types\/product"}],"wp:attachment":[{"href":"https:\/\/h2packaging.com\/es\/wp-json\/wp\/v2\/media?parent=9141"}],"wp:term":[{"taxonomy":"product_brand","embeddable":true,"href":"https:\/\/h2packaging.com\/es\/wp-json\/wp\/v2\/product_brand?post=9141"},{"taxonomy":"product_cat","embeddable":true,"href":"https:\/\/h2packaging.com\/es\/wp-json\/wp\/v2\/product_cat?post=9141"},{"taxonomy":"product_tag","embeddable":true,"href":"https:\/\/h2packaging.com\/es\/wp-json\/wp\/v2\/product_tag?post=9141"}],"curies":[{"name":"wp","href":"https:\/\/api.w.org\/{rel}","templated":true}]}}