{"id":9146,"date":"2025-12-22T20:55:10","date_gmt":"2025-12-22T12:55:10","guid":{"rendered":"https:\/\/tbc72w920v.onrocket.site\/product\/blue-minimalist-food-packaging-stickers-for-bakery-boxes\/"},"modified":"2026-02-02T15:24:08","modified_gmt":"2026-02-02T07:24:08","slug":"blue-minimalist-food-packaging-stickers-for-bakery-boxes","status":"publish","type":"product","link":"https:\/\/h2packaging.com\/es\/producto\/blue-minimalist-food-packaging-stickers-for-bakery-boxes\/","title":{"rendered":"Caja de pizza personalizada para envasado de alimentos y comida para llevar"},"content":{"rendered":"<h3 data-start=\"1334\" data-end=\"1357\">Descripci\u00f3n del producto<\/h3>\n<p data-start=\"1359\" data-end=\"1705\">Nuestra <strong data-start=\"1363\" data-end=\"1385\">cajas de pizza personalizadas<\/strong> est\u00e1n dise\u00f1ados para restaurantes, pizzer\u00edas y marcas de alimentaci\u00f3n que necesitan productos fiables y llamativos <strong data-start=\"1476\" data-end=\"1495\">envasado de pizza<\/strong> para llevar y a domicilio.<br data-start=\"1522\" data-end=\"1525\" \/>Fabricadas con cart\u00f3n de alta calidad apto para uso alimentario, estas <strong data-start=\"1577\" data-end=\"1600\">cajas de pizza impresas<\/strong> Mantenga su pizza caliente, fresca y protegida a la vez que exhibe su marca con una impresi\u00f3n profesional personalizada.<\/p>\n<p data-start=\"1707\" data-end=\"1829\">Esta soluci\u00f3n de envasado combina durabilidad, funcionalidad y una fuerte imagen de marca, perfecta para las empresas alimentarias modernas.<\/p>\n<hr data-start=\"1831\" data-end=\"1834\" \/>\n<h3 data-start=\"1836\" data-end=\"1852\">Caracter\u00edsticas principales<\/h3>\n<ul data-start=\"1854\" data-end=\"2346\">\n<li data-start=\"1854\" data-end=\"1945\">\n<p data-start=\"1856\" data-end=\"1945\"><strong data-start=\"1856\" data-end=\"1890\">Cart\u00f3n alimentario<\/strong><br data-start=\"1890\" data-end=\"1893\" \/>Seguro, resistente y adecuado para envasar alimentos calientes.<\/p>\n<\/li>\n<li data-start=\"1947\" data-end=\"2054\">\n<p data-start=\"1949\" data-end=\"2054\"><strong data-start=\"1949\" data-end=\"1983\">Estructura ventilada para mayor frescura<\/strong><br data-start=\"1983\" data-end=\"1986\" \/>Los orificios de ventilaci\u00f3n laterales ayudan a reducir la humedad y a mantener la pizza crujiente.<\/p>\n<\/li>\n<li data-start=\"2056\" data-end=\"2153\">\n<p data-start=\"2058\" data-end=\"2153\"><strong data-start=\"2058\" data-end=\"2087\">Impresi\u00f3n personalizada con logotipo<\/strong><br data-start=\"2087\" data-end=\"2090\" \/>Admite impresi\u00f3n a todo color, logotipos de marca y dise\u00f1os personalizados.<\/p>\n<\/li>\n<li data-start=\"2155\" data-end=\"2238\">\n<p data-start=\"2157\" data-end=\"2238\"><strong data-start=\"2157\" data-end=\"2186\">Dise\u00f1o resistente y apilable<\/strong><br data-start=\"2186\" data-end=\"2189\" \/>Ideal para comida para llevar, reparto y uso en tienda.<\/p>\n<\/li>\n<li data-start=\"2240\" data-end=\"2346\">\n<p data-start=\"2242\" data-end=\"2346\"><strong data-start=\"2242\" data-end=\"2277\">Presentaci\u00f3n profesional de la marca<\/strong><br data-start=\"2277\" data-end=\"2280\" \/>Convierta cada caja de pizza en un anuncio m\u00f3vil de su marca.<\/p>\n<\/li>\n<\/ul>\n<hr data-start=\"2348\" data-end=\"2351\" \/>\n<h3 data-start=\"2353\" data-end=\"2375\">Aplicaciones ideales<\/h3>\n<ul data-start=\"2377\" data-end=\"2561\">\n<li data-start=\"2377\" data-end=\"2418\">\n<p data-start=\"2379\" data-end=\"2418\">Envasado de pizzas para llevar y entregar<\/p>\n<\/li>\n<li data-start=\"2419\" data-end=\"2448\">\n<p data-start=\"2421\" data-end=\"2448\">Restaurantes y pizzer\u00edas<\/p>\n<\/li>\n<li data-start=\"2449\" data-end=\"2487\">\n<p data-start=\"2451\" data-end=\"2487\">Marcas de comida r\u00e1pida y restaurantes informales<\/p>\n<\/li>\n<li data-start=\"2488\" data-end=\"2520\">\n<p data-start=\"2490\" data-end=\"2520\">Patios de comidas y cadenas de tiendas<\/p>\n<\/li>\n<li data-start=\"2521\" data-end=\"2561\">\n<p data-start=\"2523\" data-end=\"2561\">Envases alimentarios promocionales y de marca<\/p>\n<\/li>\n<\/ul>\n<hr data-start=\"2563\" data-end=\"2566\" \/>\n<h3 data-start=\"2568\" data-end=\"2593\">Opciones de personalizaci\u00f3n<\/h3>\n<ul data-start=\"2595\" data-end=\"2883\">\n<li data-start=\"2595\" data-end=\"2641\">\n<p data-start=\"2597\" data-end=\"2641\">Tama\u00f1os a medida para diferentes di\u00e1metros de pizza<\/p>\n<\/li>\n<li data-start=\"2642\" data-end=\"2706\">\n<p data-start=\"2644\" data-end=\"2706\">Opciones de material: papel kraft, cart\u00f3n blanco, papel estucado<\/p>\n<\/li>\n<li data-start=\"2707\" data-end=\"2762\">\n<p data-start=\"2709\" data-end=\"2762\">Impresi\u00f3n: CMYK, Pantone, laminado mate o brillante<\/p>\n<\/li>\n<li data-start=\"2763\" data-end=\"2802\">\n<p data-start=\"2765\" data-end=\"2802\">Impresi\u00f3n interior y exterior<\/p>\n<\/li>\n<li data-start=\"2803\" data-end=\"2852\">\n<p data-start=\"2805\" data-end=\"2852\">Estructura troquelada y personalizaci\u00f3n de la forma de la caja<\/p>\n<\/li>\n<li data-start=\"2853\" data-end=\"2883\">\n<p data-start=\"2855\" data-end=\"2883\">Servicios OEM y ODM<\/p>\n<\/li>\n<\/ul>\n<hr data-start=\"2885\" data-end=\"2888\" \/>\n<h3 data-start=\"2890\" data-end=\"2928\">\u00bfPor qu\u00e9 elegir nuestras cajas de pizza personalizadas?<\/h3>\n<p data-start=\"2930\" data-end=\"3194\">Nuestra <strong data-start=\"2934\" data-end=\"2964\">cajas de pizza impresas personalizadas<\/strong> ayudan a las marcas alimentarias a mejorar tanto el rendimiento de los envases como la visibilidad de la marca.<br data-start=\"3038\" data-end=\"3041\" \/>Con una estructura fiable, una calidad de impresi\u00f3n de primera y una personalizaci\u00f3n flexible, proporcionamos una completa <strong data-start=\"3142\" data-end=\"3170\">soluci\u00f3n de envasado de pizza<\/strong> para empresas en crecimiento.<\/p>","protected":false},"excerpt":{"rendered":"<p>Cajas para pizza personalizadas con impresi\u00f3n de logotipo. Envases de pizza duraderos y aptos para uso alimentario para comida para llevar y reparto. Tama\u00f1os OEM, impresi\u00f3n premium, producci\u00f3n r\u00e1pida.<\/p>","protected":false},"featured_media":0,"template":"","meta":{"_joinchat":[]},"product_brand":[],"product_cat":[81,15,65],"product_tag":[131,277],"class_list":{"0":"post-9146","1":"product","2":"type-product","3":"status-publish","5":"product_cat-pizza-box","6":"product_cat-uncategorized","7":"product_cat-paperboard-box-packaging","8":"product_tag-food-package","9":"product_tag-stickers-amp-tape","11":"first","12":"instock","13":"product-type-simple"},"acf":[],"_links":{"self":[{"href":"https:\/\/h2packaging.com\/es\/wp-json\/wp\/v2\/product\/9146","targetHints":{"allow":["GET"]}}],"collection":[{"href":"https:\/\/h2packaging.com\/es\/wp-json\/wp\/v2\/product"}],"about":[{"href":"https:\/\/h2packaging.com\/es\/wp-json\/wp\/v2\/types\/product"}],"wp:attachment":[{"href":"https:\/\/h2packaging.com\/es\/wp-json\/wp\/v2\/media?parent=9146"}],"wp:term":[{"taxonomy":"product_brand","embeddable":true,"href":"https:\/\/h2packaging.com\/es\/wp-json\/wp\/v2\/product_brand?post=9146"},{"taxonomy":"product_cat","embeddable":true,"href":"https:\/\/h2packaging.com\/es\/wp-json\/wp\/v2\/product_cat?post=9146"},{"taxonomy":"product_tag","embeddable":true,"href":"https:\/\/h2packaging.com\/es\/wp-json\/wp\/v2\/product_tag?post=9146"}],"curies":[{"name":"wp","href":"https:\/\/api.w.org\/{rel}","templated":true}]}}