{"id":9154,"date":"2025-12-22T20:55:23","date_gmt":"2025-12-22T12:55:23","guid":{"rendered":"https:\/\/tbc72w920v.onrocket.site\/product\/red-bow-cake-stickers-for-bakery-gift-boxes-and-packaging\/"},"modified":"2026-01-29T17:27:03","modified_gmt":"2026-01-29T09:27:03","slug":"red-bow-cake-stickers-for-bakery-gift-boxes-and-packaging","status":"publish","type":"product","link":"https:\/\/h2packaging.com\/es\/producto\/red-bow-cake-stickers-for-bakery-gift-boxes-and-packaging\/","title":{"rendered":"Bolsa de lona personalizada para envases ecol\u00f3gicos"},"content":{"rendered":"<h3 data-start=\"1326\" data-end=\"1349\">Descripci\u00f3n del producto<\/h3>\n<p data-start=\"1351\" data-end=\"1592\">Este <strong data-start=\"1356\" data-end=\"1382\">bolsa de lona personalizada<\/strong> est\u00e1 dise\u00f1ado para marcas que buscan una soluci\u00f3n de envasado sostenible, elegante y reutilizable.<br data-start=\"1470\" data-end=\"1473\" \/>Fabricada con lona de algod\u00f3n resistente, ofrece un aspecto minimalista y limpio, a la vez que una excelente resistencia para el uso diario.<\/p>\n<p data-start=\"1594\" data-end=\"1679\">Perfecto para tiendas, eventos, exposiciones, promociones y marcas con conciencia ecol\u00f3gica.<\/p>\n<hr data-start=\"1681\" data-end=\"1684\" \/>\n<h3 data-start=\"1686\" data-end=\"1702\">Caracter\u00edsticas principales<\/h3>\n<ul data-start=\"1704\" data-end=\"2125\">\n<li data-start=\"1704\" data-end=\"1789\">\n<p data-start=\"1706\" data-end=\"1789\"><strong data-start=\"1706\" data-end=\"1736\">Lienzo de algod\u00f3n de alta calidad<\/strong><br data-start=\"1736\" data-end=\"1739\" \/>Tejido grueso y duradero adecuado para un uso repetido.<\/p>\n<\/li>\n<li data-start=\"1791\" data-end=\"1876\">\n<p data-start=\"1793\" data-end=\"1876\"><strong data-start=\"1793\" data-end=\"1820\">Reutilizable y respetuoso con el medio ambiente<\/strong><br data-start=\"1820\" data-end=\"1823\" \/>Una alternativa sostenible a las bolsas de pl\u00e1stico.<\/p>\n<\/li>\n<li data-start=\"1878\" data-end=\"1956\">\n<p data-start=\"1880\" data-end=\"1956\"><strong data-start=\"1880\" data-end=\"1908\">C\u00f3modas asas largas<\/strong><br data-start=\"1908\" data-end=\"1911\" \/>F\u00e1cil de llevar en la mano o al hombro.<\/p>\n<\/li>\n<li data-start=\"1958\" data-end=\"2033\">\n<p data-start=\"1960\" data-end=\"2033\"><strong data-start=\"1960\" data-end=\"1984\">Gran superficie imprimible<\/strong><br data-start=\"1984\" data-end=\"1987\" \/>Ideal para imprimir logotipos y mensajes de marca.<\/p>\n<\/li>\n<li data-start=\"2035\" data-end=\"2125\">\n<p data-start=\"2037\" data-end=\"2125\"><strong data-start=\"2037\" data-end=\"2064\">Dise\u00f1o minimalista y moderno<\/strong><br data-start=\"2064\" data-end=\"2067\" \/>Adecuado para marcas de moda, estilo de vida y corporativas.<\/p>\n<\/li>\n<\/ul>\n<hr data-start=\"2127\" data-end=\"2130\" \/>\n<h3 data-start=\"2132\" data-end=\"2154\">Aplicaciones ideales<\/h3>\n<ul data-start=\"2156\" data-end=\"2322\">\n<li data-start=\"2156\" data-end=\"2187\">\n<p data-start=\"2158\" data-end=\"2187\">Envases para tiendas y comercios<\/p>\n<\/li>\n<li data-start=\"2188\" data-end=\"2217\">\n<p data-start=\"2190\" data-end=\"2217\">Bolsas promocionales<\/p>\n<\/li>\n<li data-start=\"2218\" data-end=\"2249\">\n<p data-start=\"2220\" data-end=\"2249\">Marca y eventos corporativos<\/p>\n<\/li>\n<li data-start=\"2250\" data-end=\"2286\">\n<p data-start=\"2252\" data-end=\"2286\">Soluciones de envasado ecol\u00f3gicas<\/p>\n<\/li>\n<li data-start=\"2287\" data-end=\"2322\">\n<p data-start=\"2289\" data-end=\"2322\">Bolsas de mano para ferias y exposiciones<\/p>\n<\/li>\n<\/ul>\n<hr data-start=\"2324\" data-end=\"2327\" \/>\n<h3 data-start=\"2329\" data-end=\"2354\">Opciones de personalizaci\u00f3n<\/h3>\n<ul data-start=\"2356\" data-end=\"2589\">\n<li data-start=\"2356\" data-end=\"2389\">\n<p data-start=\"2358\" data-end=\"2389\">Tama\u00f1os y dimensiones de bolsa personalizados<\/p>\n<\/li>\n<li data-start=\"2390\" data-end=\"2418\">\n<p data-start=\"2392\" data-end=\"2418\">Opciones de grosor del lienzo<\/p>\n<\/li>\n<li data-start=\"2419\" data-end=\"2480\">\n<p data-start=\"2421\" data-end=\"2480\">Impresi\u00f3n de logotipos: serigraf\u00eda, transferencia t\u00e9rmica, bordado<\/p>\n<\/li>\n<li data-start=\"2481\" data-end=\"2516\">\n<p data-start=\"2483\" data-end=\"2516\">Impresi\u00f3n a una o dos caras<\/p>\n<\/li>\n<li data-start=\"2517\" data-end=\"2558\">\n<p data-start=\"2519\" data-end=\"2558\">Colores de lona naturales, blancos o te\u00f1idos<\/p>\n<\/li>\n<li data-start=\"2559\" data-end=\"2589\">\n<p data-start=\"2561\" data-end=\"2589\">Servicios OEM y ODM disponibles<\/p>\n<\/li>\n<\/ul>\n<hr data-start=\"2591\" data-end=\"2594\" \/>\n<h3 data-start=\"2596\" data-end=\"2632\">\u00bfPor qu\u00e9 elegir nuestras bolsas de lona?<\/h3>\n<p data-start=\"2634\" data-end=\"2817\">Nuestra <strong data-start=\"2638\" data-end=\"2671\">bolsas de lona ecol\u00f3gicas<\/strong> combinan practicidad, sostenibilidad y valor de marca.<br data-start=\"2729\" data-end=\"2732\" \/>Ayudan a reducir los residuos pl\u00e1sticos al tiempo que mejoran la visibilidad de la marca gracias a su uso cotidiano.<\/p>","protected":false},"excerpt":{"rendered":"<p>Bolsas de lona reutilizables con impresi\u00f3n de logotipo personalizado. Ideales para tiendas, promociones, eventos y soluciones de embalaje sostenibles.<\/p>","protected":false},"featured_media":0,"template":"","meta":{"_joinchat":[]},"product_brand":[],"product_cat":[15,69,101],"product_tag":[131,277],"class_list":{"0":"post-9154","1":"product","2":"type-product","3":"status-publish","5":"product_cat-uncategorized","6":"product_cat-bags","7":"product_cat-canvas-bag","8":"product_tag-food-package","9":"product_tag-stickers-amp-tape","11":"first","12":"instock","13":"product-type-simple"},"acf":[],"_links":{"self":[{"href":"https:\/\/h2packaging.com\/es\/wp-json\/wp\/v2\/product\/9154","targetHints":{"allow":["GET"]}}],"collection":[{"href":"https:\/\/h2packaging.com\/es\/wp-json\/wp\/v2\/product"}],"about":[{"href":"https:\/\/h2packaging.com\/es\/wp-json\/wp\/v2\/types\/product"}],"wp:attachment":[{"href":"https:\/\/h2packaging.com\/es\/wp-json\/wp\/v2\/media?parent=9154"}],"wp:term":[{"taxonomy":"product_brand","embeddable":true,"href":"https:\/\/h2packaging.com\/es\/wp-json\/wp\/v2\/product_brand?post=9154"},{"taxonomy":"product_cat","embeddable":true,"href":"https:\/\/h2packaging.com\/es\/wp-json\/wp\/v2\/product_cat?post=9154"},{"taxonomy":"product_tag","embeddable":true,"href":"https:\/\/h2packaging.com\/es\/wp-json\/wp\/v2\/product_tag?post=9154"}],"curies":[{"name":"wp","href":"https:\/\/api.w.org\/{rel}","templated":true}]}}