{"id":9159,"date":"2025-12-22T20:55:32","date_gmt":"2025-12-22T12:55:32","guid":{"rendered":"https:\/\/tbc72w920v.onrocket.site\/product\/matte-printed-stand-up-zipper-pouch-for-dried-fruit-packaging\/"},"modified":"2026-01-29T17:19:55","modified_gmt":"2026-01-29T09:19:55","slug":"matte-printed-stand-up-zipper-pouch-for-dried-fruit-packaging","status":"publish","type":"product","link":"https:\/\/h2packaging.com\/es\/producto\/matte-printed-stand-up-zipper-pouch-for-dried-fruit-packaging\/","title":{"rendered":"Lujosa bolsa de papel rosa con asas de cinta"},"content":{"rendered":"<h3 data-start=\"1313\" data-end=\"1336\">Descripci\u00f3n del producto<\/h3>\n<p data-start=\"1338\" data-end=\"1581\">Este <strong data-start=\"1343\" data-end=\"1377\">lujosa bolsa de la compra de papel rosa<\/strong> est\u00e1 dise\u00f1ado para mejorar la presentaci\u00f3n de la marca con una est\u00e9tica suave, elegante y femenina.<br data-start=\"1465\" data-end=\"1468\" \/>Con un suave papel de primera calidad y delicadas asas de cinta, crea una refinada experiencia de desembalaje y regalo.<\/p>\n<p data-start=\"1583\" data-end=\"1670\">Perfectos para boutiques de moda, marcas de belleza, tiendas de regalos y envases de venta al por menor de primera calidad.<\/p>\n<hr data-start=\"1672\" data-end=\"1675\" \/>\n<h3 data-start=\"1677\" data-end=\"1693\">Caracter\u00edsticas principales<\/h3>\n<ul data-start=\"1695\" data-end=\"2114\">\n<li data-start=\"1695\" data-end=\"1770\">\n<p data-start=\"1697\" data-end=\"1770\"><strong data-start=\"1697\" data-end=\"1724\">Acabado rosa pastel suave<\/strong><br data-start=\"1724\" data-end=\"1727\" \/>Crea un aspecto de lujo elegante y moderno.<\/p>\n<\/li>\n<li data-start=\"1772\" data-end=\"1864\">\n<p data-start=\"1774\" data-end=\"1864\"><strong data-start=\"1774\" data-end=\"1805\">Papel de alta calidad<\/strong><br data-start=\"1805\" data-end=\"1808\" \/>Estructura robusta con excelente capacidad de carga.<\/p>\n<\/li>\n<li data-start=\"1866\" data-end=\"1941\">\n<p data-start=\"1868\" data-end=\"1941\"><strong data-start=\"1868\" data-end=\"1894\">Elegantes asas de cinta<\/strong><br data-start=\"1894\" data-end=\"1897\" \/>C\u00f3modo de llevar y visualmente refinado.<\/p>\n<\/li>\n<li data-start=\"1943\" data-end=\"2026\">\n<p data-start=\"1945\" data-end=\"2026\"><strong data-start=\"1945\" data-end=\"1971\">Dise\u00f1o limpio y minimalista<\/strong><br data-start=\"1971\" data-end=\"1974\" \/>Ideal para personalizar marcas y logotipos.<\/p>\n<\/li>\n<li data-start=\"2028\" data-end=\"2114\">\n<p data-start=\"2030\" data-end=\"2114\"><strong data-start=\"2030\" data-end=\"2059\">Marca personalizada<\/strong><br data-start=\"2059\" data-end=\"2062\" \/>Posibilidad de impresi\u00f3n de logotipos, estampaci\u00f3n en caliente y gofrado.<\/p>\n<\/li>\n<\/ul>\n<hr data-start=\"2116\" data-end=\"2119\" \/>\n<h3 data-start=\"2121\" data-end=\"2143\">Aplicaciones ideales<\/h3>\n<ul data-start=\"2145\" data-end=\"2299\">\n<li data-start=\"2145\" data-end=\"2176\">\n<p data-start=\"2147\" data-end=\"2176\">Bolsas de compras de lujo para minoristas<\/p>\n<\/li>\n<li data-start=\"2177\" data-end=\"2209\">\n<p data-start=\"2179\" data-end=\"2209\">Envases de belleza y cosm\u00e9ticos<\/p>\n<\/li>\n<li data-start=\"2210\" data-end=\"2239\">\n<p data-start=\"2212\" data-end=\"2239\">Envases para regalos y cumplea\u00f1os<\/p>\n<\/li>\n<li data-start=\"2240\" data-end=\"2269\">\n<p data-start=\"2242\" data-end=\"2269\">Tiendas de moda y boutiques<\/p>\n<\/li>\n<li data-start=\"2270\" data-end=\"2299\">\n<p data-start=\"2272\" data-end=\"2299\">Bolsas de papel promocionales<\/p>\n<\/li>\n<\/ul>\n<hr data-start=\"2301\" data-end=\"2304\" \/>\n<h3 data-start=\"2306\" data-end=\"2331\">Opciones de personalizaci\u00f3n<\/h3>\n<ul data-start=\"2333\" data-end=\"2632\">\n<li data-start=\"2333\" data-end=\"2367\">\n<p data-start=\"2335\" data-end=\"2367\">Tama\u00f1os y grosores de papel personalizados<\/p>\n<\/li>\n<li data-start=\"2368\" data-end=\"2430\">\n<p data-start=\"2370\" data-end=\"2430\">Opciones de papel: papel art\u00edstico, papel estucado, papel ecol\u00f3gico<\/p>\n<\/li>\n<li data-start=\"2431\" data-end=\"2478\">\n<p data-start=\"2433\" data-end=\"2478\">Tipos de asas: cinta, cuerda, asas de algod\u00f3n<\/p>\n<\/li>\n<li data-start=\"2479\" data-end=\"2542\">\n<p data-start=\"2481\" data-end=\"2542\">Acabado del logotipo: estampado en caliente, gofrado, eliminaci\u00f3n del relieve, impresi\u00f3n UV<\/p>\n<\/li>\n<li data-start=\"2543\" data-end=\"2585\">\n<p data-start=\"2545\" data-end=\"2585\">Personalizaci\u00f3n del color e igualaci\u00f3n Pantone<\/p>\n<\/li>\n<li data-start=\"2586\" data-end=\"2632\">\n<p data-start=\"2588\" data-end=\"2632\">Materiales reciclables y sostenibles disponibles<\/p>\n<\/li>\n<\/ul>\n<hr data-start=\"2634\" data-end=\"2637\" \/>\n<h3 data-start=\"2639\" data-end=\"2669\">\u00bfPor qu\u00e9 elegir esta bolsa de papel?<\/h3>\n<p data-start=\"2671\" data-end=\"2856\">Este <strong data-start=\"2676\" data-end=\"2706\">bolsa de regalo de papel rosa personalizada<\/strong> es m\u00e1s que un envase: es una declaraci\u00f3n de marca.<br data-start=\"2755\" data-end=\"2758\" \/>Dise\u00f1ados para atraer la atenci\u00f3n, elevar el valor percibido y crear experiencias memorables para los clientes.<\/p>","protected":false},"excerpt":{"rendered":"<p>Bolsa de papel rosa de lujo | Bolsas de la compra de papel personalizadas Elegantes bolsas de papel rosa con asas de cinta. Ideales para tiendas de lujo, envases de regalo y bolsas de la compra personalizadas con su marca.<\/p>","protected":false},"featured_media":0,"template":"","meta":{"_joinchat":[]},"product_brand":[],"product_cat":[102,15,69],"product_tag":[131,399],"class_list":{"0":"post-9159","1":"product","2":"type-product","3":"status-publish","5":"product_cat-paper-bag","6":"product_cat-uncategorized","7":"product_cat-bags","8":"product_tag-food-package","9":"product_tag-food-packaging-bags","11":"first","12":"instock","13":"product-type-simple"},"acf":[],"_links":{"self":[{"href":"https:\/\/h2packaging.com\/es\/wp-json\/wp\/v2\/product\/9159","targetHints":{"allow":["GET"]}}],"collection":[{"href":"https:\/\/h2packaging.com\/es\/wp-json\/wp\/v2\/product"}],"about":[{"href":"https:\/\/h2packaging.com\/es\/wp-json\/wp\/v2\/types\/product"}],"wp:attachment":[{"href":"https:\/\/h2packaging.com\/es\/wp-json\/wp\/v2\/media?parent=9159"}],"wp:term":[{"taxonomy":"product_brand","embeddable":true,"href":"https:\/\/h2packaging.com\/es\/wp-json\/wp\/v2\/product_brand?post=9159"},{"taxonomy":"product_cat","embeddable":true,"href":"https:\/\/h2packaging.com\/es\/wp-json\/wp\/v2\/product_cat?post=9159"},{"taxonomy":"product_tag","embeddable":true,"href":"https:\/\/h2packaging.com\/es\/wp-json\/wp\/v2\/product_tag?post=9159"}],"curies":[{"name":"wp","href":"https:\/\/api.w.org\/{rel}","templated":true}]}}