{"id":9166,"date":"2025-12-22T20:55:48","date_gmt":"2025-12-22T12:55:48","guid":{"rendered":"https:\/\/tbc72w920v.onrocket.site\/product\/creative-restaurant-menu-design-with-modern-food-packaging-style\/"},"modified":"2026-01-29T16:56:41","modified_gmt":"2026-01-29T08:56:41","slug":"creative-restaurant-menu-design-with-modern-food-packaging-style","status":"publish","type":"product","link":"https:\/\/h2packaging.com\/es\/producto\/creative-restaurant-menu-design-with-modern-food-packaging-style\/","title":{"rendered":"Lujosa bolsa de papel gofrado con asas"},"content":{"rendered":"<h3 data-start=\"1315\" data-end=\"1338\">Descripci\u00f3n del producto<\/h3>\n<p data-start=\"1340\" data-end=\"1602\">Este <strong data-start=\"1345\" data-end=\"1374\">lujosa bolsa de papel gofrado<\/strong> est\u00e1 dise\u00f1ado para marcas de primera calidad que valoran la presentaci\u00f3n refinada y la experiencia t\u00e1ctil.<br data-start=\"1461\" data-end=\"1464\" \/>Con una delicada textura en relieve y un limpio acabado en blanco, eleva los envases para tiendas y regalos con una est\u00e9tica elegante y minimalista.<\/p>\n<p data-start=\"1604\" data-end=\"1740\">Las asas reforzadas garantizan su durabilidad, lo que la hace adecuada para boutiques, marcas de moda, joyer\u00edas y envases de regalo de alta gama.<\/p>\n<hr data-start=\"1742\" data-end=\"1745\" \/>\n<h3 data-start=\"1747\" data-end=\"1763\">Caracter\u00edsticas principales<\/h3>\n<ul data-start=\"1765\" data-end=\"2262\">\n<li data-start=\"1765\" data-end=\"1863\">\n<p data-start=\"1767\" data-end=\"1863\"><strong data-start=\"1767\" data-end=\"1795\">Elegante textura en relieve<\/strong><br data-start=\"1795\" data-end=\"1798\" \/>Los sutiles motivos en relieve realzan la profundidad visual y la sensaci\u00f3n de calidad.<\/p>\n<\/li>\n<li data-start=\"1865\" data-end=\"1961\">\n<p data-start=\"1867\" data-end=\"1961\"><strong data-start=\"1867\" data-end=\"1898\">Papel de alta calidad<\/strong><br data-start=\"1898\" data-end=\"1901\" \/>El papel grueso y duradero garantiza la resistencia y la conservaci\u00f3n de la forma.<\/p>\n<\/li>\n<li data-start=\"1963\" data-end=\"2068\">\n<p data-start=\"1965\" data-end=\"2068\"><strong data-start=\"1965\" data-end=\"2001\">Asas c\u00f3modas y reforzadas<\/strong><br data-start=\"2001\" data-end=\"2004\" \/>Dise\u00f1ado para el uso diario en comercios y para experiencias de compra de lujo.<\/p>\n<\/li>\n<li data-start=\"2070\" data-end=\"2164\">\n<p data-start=\"2072\" data-end=\"2164\"><strong data-start=\"2072\" data-end=\"2100\">Dise\u00f1o minimalista de lujo<\/strong><br data-start=\"2100\" data-end=\"2103\" \/>Perfecto para marcas que buscan una imagen limpia y sofisticada.<\/p>\n<\/li>\n<li data-start=\"2166\" data-end=\"2262\">\n<p data-start=\"2168\" data-end=\"2262\"><strong data-start=\"2168\" data-end=\"2197\">Marcas personalizadas disponibles<\/strong><br data-start=\"2197\" data-end=\"2200\" \/>Admite gofrado de logotipos, estampado en l\u00e1mina e impresi\u00f3n personalizada.<\/p>\n<\/li>\n<\/ul>\n<hr data-start=\"2264\" data-end=\"2267\" \/>\n<h3 data-start=\"2269\" data-end=\"2291\">Aplicaciones ideales<\/h3>\n<ul data-start=\"2293\" data-end=\"2453\">\n<li data-start=\"2293\" data-end=\"2324\">\n<p data-start=\"2295\" data-end=\"2324\">Bolsas de compras de lujo para minoristas<\/p>\n<\/li>\n<li data-start=\"2325\" data-end=\"2357\">\n<p data-start=\"2327\" data-end=\"2357\">Embalaje para moda y boutiques<\/p>\n<\/li>\n<li data-start=\"2358\" data-end=\"2390\">\n<p data-start=\"2360\" data-end=\"2390\">Joyer\u00edas y tiendas de accesorios<\/p>\n<\/li>\n<li data-start=\"2391\" data-end=\"2419\">\n<p data-start=\"2393\" data-end=\"2419\">Embalaje para regalos y bodas<\/p>\n<\/li>\n<li data-start=\"2420\" data-end=\"2453\">\n<p data-start=\"2422\" data-end=\"2453\">Bolsas de papel promocionales de gama alta<\/p>\n<\/li>\n<\/ul>\n<hr data-start=\"2455\" data-end=\"2458\" \/>\n<h3 data-start=\"2460\" data-end=\"2485\">Opciones de personalizaci\u00f3n<\/h3>\n<ul data-start=\"2487\" data-end=\"2786\">\n<li data-start=\"2487\" data-end=\"2520\">\n<p data-start=\"2489\" data-end=\"2520\">Tama\u00f1os y estructuras de bolsa personalizados<\/p>\n<\/li>\n<li data-start=\"2521\" data-end=\"2574\">\n<p data-start=\"2523\" data-end=\"2574\">Tipos de papel: papel art\u00edstico, papel texturizado, eco kraft<\/p>\n<\/li>\n<li data-start=\"2575\" data-end=\"2629\">\n<p data-start=\"2577\" data-end=\"2629\">Opciones de asas: cinta, cuerda de algod\u00f3n, asas de papel<\/p>\n<\/li>\n<li data-start=\"2630\" data-end=\"2688\">\n<p data-start=\"2632\" data-end=\"2688\">Acabados del logotipo: gofrado, repujado, estampado en caliente<\/p>\n<\/li>\n<li data-start=\"2689\" data-end=\"2738\">\n<p data-start=\"2691\" data-end=\"2738\">Personalizaci\u00f3n del color e impresi\u00f3n CMYK \/ Pantone<\/p>\n<\/li>\n<li data-start=\"2739\" data-end=\"2786\">\n<p data-start=\"2741\" data-end=\"2786\">Materiales ecol\u00f3gicos y reciclables disponibles<\/p>\n<\/li>\n<\/ul>\n<hr data-start=\"2788\" data-end=\"2791\" \/>\n<h3 data-start=\"2793\" data-end=\"2823\">\u00bfPor qu\u00e9 elegir esta bolsa de papel?<\/h3>\n<p data-start=\"2825\" data-end=\"3019\">Este <strong data-start=\"2830\" data-end=\"2868\">bolsa de la compra de papel gofrado personalizada<\/strong> combina durabilidad con una est\u00e9tica refinada.<br data-start=\"2913\" data-end=\"2916\" \/>No s\u00f3lo transporta productos, sino que tambi\u00e9n comunica el valor de la marca, la artesan\u00eda y la atenci\u00f3n al detalle.<\/p>","protected":false},"excerpt":{"rendered":"<p>Bolsa de papel con relieve de lujo | Bolsas de papel personalizadas para la compra<\/p>","protected":false},"featured_media":0,"template":"","meta":{"_joinchat":[]},"product_brand":[],"product_cat":[15,69,102],"product_tag":[131,400],"class_list":{"0":"post-9166","1":"product","2":"type-product","3":"status-publish","5":"product_cat-uncategorized","6":"product_cat-bags","7":"product_cat-paper-bag","8":"product_tag-food-package","9":"product_tag-coasters-amp-menu","11":"first","12":"instock","13":"product-type-simple"},"acf":[],"_links":{"self":[{"href":"https:\/\/h2packaging.com\/es\/wp-json\/wp\/v2\/product\/9166","targetHints":{"allow":["GET"]}}],"collection":[{"href":"https:\/\/h2packaging.com\/es\/wp-json\/wp\/v2\/product"}],"about":[{"href":"https:\/\/h2packaging.com\/es\/wp-json\/wp\/v2\/types\/product"}],"wp:attachment":[{"href":"https:\/\/h2packaging.com\/es\/wp-json\/wp\/v2\/media?parent=9166"}],"wp:term":[{"taxonomy":"product_brand","embeddable":true,"href":"https:\/\/h2packaging.com\/es\/wp-json\/wp\/v2\/product_brand?post=9166"},{"taxonomy":"product_cat","embeddable":true,"href":"https:\/\/h2packaging.com\/es\/wp-json\/wp\/v2\/product_cat?post=9166"},{"taxonomy":"product_tag","embeddable":true,"href":"https:\/\/h2packaging.com\/es\/wp-json\/wp\/v2\/product_tag?post=9166"}],"curies":[{"name":"wp","href":"https:\/\/api.w.org\/{rel}","templated":true}]}}