{"id":9186,"date":"2025-12-22T20:56:42","date_gmt":"2025-12-22T12:56:42","guid":{"rendered":"https:\/\/tbc72w920v.onrocket.site\/product\/strategic-war-game-packaging-box-with-cooperative-play-design\/"},"modified":"2026-01-28T17:33:06","modified_gmt":"2026-01-28T09:33:06","slug":"strategic-war-game-packaging-box-with-cooperative-play-design","status":"publish","type":"product","link":"https:\/\/h2packaging.com\/es\/producto\/strategic-war-game-packaging-box-with-cooperative-play-design\/","title":{"rendered":"Caja de papel especial de lujo para perfumes"},"content":{"rendered":"<h3 data-start=\"1526\" data-end=\"1549\">Descripci\u00f3n del producto<\/h3>\n<p data-start=\"1551\" data-end=\"1878\">Este <strong data-start=\"1556\" data-end=\"1604\">lujosa caja de papel especial para perfumes<\/strong> est\u00e1 dise\u00f1ado para marcas de fragancias de alta gama que valoran una est\u00e9tica refinada y una presentaci\u00f3n superior.<br data-start=\"1702\" data-end=\"1705\" \/>Fabricada con papel especial texturizado y una estructura de caja r\u00edgida, ofrece una elegante experiencia al abrir la caja, al tiempo que garantiza una excelente protecci\u00f3n de los frascos de perfume de gama alta.<\/p>\n<p data-start=\"1880\" data-end=\"2037\">Con su dise\u00f1o minimalista, su intenso tono de color y su preciso inserto interior, esta caja realza el valor de la marca y eleva la calidad percibida de las fragancias de lujo.<\/p>\n<hr data-start=\"2039\" data-end=\"2042\" \/>\n<h3 data-start=\"2044\" data-end=\"2060\">Caracter\u00edsticas principales<\/h3>\n<ul data-start=\"2062\" data-end=\"2637\">\n<li data-start=\"2062\" data-end=\"2185\">\n<p data-start=\"2064\" data-end=\"2185\"><strong data-start=\"2064\" data-end=\"2091\">Superficie de papel especial<\/strong><br data-start=\"2091\" data-end=\"2094\" \/>El papel con textura premium a\u00f1ade profundidad, riqueza t\u00e1ctil y una identidad visual sofisticada.<\/p>\n<\/li>\n<li data-start=\"2187\" data-end=\"2303\">\n<p data-start=\"2189\" data-end=\"2303\"><strong data-start=\"2189\" data-end=\"2215\">Construcci\u00f3n de caja r\u00edgida<\/strong><br data-start=\"2215\" data-end=\"2218\" \/>La duradera estructura de cart\u00f3n r\u00edgido ofrece una s\u00f3lida protecci\u00f3n para los frascos de perfume de cristal.<\/p>\n<\/li>\n<li data-start=\"2305\" data-end=\"2404\">\n<p data-start=\"2307\" data-end=\"2404\"><strong data-start=\"2307\" data-end=\"2330\">Inserci\u00f3n interior personalizada<\/strong><br data-start=\"2330\" data-end=\"2333\" \/>El inserto de ajuste preciso mantiene el frasco de fragancia estable y seguro.<\/p>\n<\/li>\n<li data-start=\"2406\" data-end=\"2518\">\n<p data-start=\"2408\" data-end=\"2518\"><strong data-start=\"2408\" data-end=\"2436\">Presentaci\u00f3n de regalos de lujo<\/strong><br data-start=\"2436\" data-end=\"2439\" \/>Ideal para la gran distribuci\u00f3n, ediciones limitadas y colecciones de fragancias de lujo.<\/p>\n<\/li>\n<li data-start=\"2520\" data-end=\"2637\">\n<p data-start=\"2522\" data-end=\"2637\"><strong data-start=\"2522\" data-end=\"2551\">Dise\u00f1o totalmente personalizable<\/strong><br data-start=\"2551\" data-end=\"2554\" \/>A medida para adaptarse a la est\u00e9tica de la marca, desde la selecci\u00f3n de materiales hasta los detalles de acabado.<\/p>\n<\/li>\n<\/ul>\n<hr data-start=\"2639\" data-end=\"2642\" \/>\n<h3 data-start=\"2644\" data-end=\"2657\">Ideal para<\/h3>\n<ul data-start=\"2659\" data-end=\"2839\">\n<li data-start=\"2659\" data-end=\"2696\">\n<p data-start=\"2661\" data-end=\"2696\">Perfumes y fragancias de lujo<\/p>\n<\/li>\n<li data-start=\"2697\" data-end=\"2733\">\n<p data-start=\"2699\" data-end=\"2733\">Marcas de perfumes artesanales y de nicho<\/p>\n<\/li>\n<li data-start=\"2734\" data-end=\"2765\">\n<p data-start=\"2736\" data-end=\"2765\">Estuches de cosm\u00e9ticos de alta gama<\/p>\n<\/li>\n<li data-start=\"2766\" data-end=\"2805\">\n<p data-start=\"2768\" data-end=\"2805\">Envase de fragancia de edici\u00f3n limitada<\/p>\n<\/li>\n<li data-start=\"2806\" data-end=\"2839\">\n<p data-start=\"2808\" data-end=\"2839\">Mercados minoristas y de exportaci\u00f3n<\/p>\n<\/li>\n<\/ul>\n<hr data-start=\"2841\" data-end=\"2844\" \/>\n<h3 data-start=\"2846\" data-end=\"2871\">Opciones de personalizaci\u00f3n<\/h3>\n<ul data-start=\"2873\" data-end=\"3137\">\n<li data-start=\"2873\" data-end=\"2908\">\n<p data-start=\"2875\" data-end=\"2908\">Tama\u00f1o de la caja y compatibilidad de las botellas<\/p>\n<\/li>\n<li data-start=\"2909\" data-end=\"2946\">\n<p data-start=\"2911\" data-end=\"2946\">Texturas y colores de papel especiales<\/p>\n<\/li>\n<li data-start=\"2947\" data-end=\"2975\">\n<p data-start=\"2949\" data-end=\"2975\">Impresi\u00f3n: CMYK \/ Pantone<\/p>\n<\/li>\n<li data-start=\"2976\" data-end=\"3042\">\n<p data-start=\"2978\" data-end=\"3042\">Acabado: estampaci\u00f3n en caliente, gofrado, eliminaci\u00f3n del relieve, lacado UV<\/p>\n<\/li>\n<li data-start=\"3043\" data-end=\"3092\">\n<p data-start=\"3045\" data-end=\"3092\">Materiales del inserto interior: cart\u00f3n, EVA, espuma<\/p>\n<\/li>\n<li data-start=\"3093\" data-end=\"3137\">\n<p data-start=\"3095\" data-end=\"3137\">Colocaci\u00f3n del logotipo y dise\u00f1o de la narrativa de la marca<\/p>\n<\/li>\n<\/ul>\n<hr data-start=\"3139\" data-end=\"3142\" \/>\n<h3 data-start=\"3144\" data-end=\"3186\">\u00bfPor qu\u00e9 elegir esta caja para perfumes?<\/h3>\n<p data-start=\"3188\" data-end=\"3452\">Este <strong data-start=\"3193\" data-end=\"3226\">caja de embalaje premium para perfumes<\/strong> es m\u00e1s que protecci\u00f3n: es una declaraci\u00f3n de marca.<br data-start=\"3275\" data-end=\"3278\" \/>La combinaci\u00f3n de papel especial, estructura r\u00edgida y artesan\u00eda refinada lo convierte en una soluci\u00f3n ideal para las marcas de fragancias que buscan una presentaci\u00f3n lujosa y memorable.<\/p>","protected":false},"excerpt":{"rendered":"<p>Caja de Embalaje de Perfume de Lujo | Caja de Regalo R\u00edgida de Papel Especializado<\/p>","protected":false},"featured_media":0,"template":"","meta":{"_joinchat":[]},"product_brand":[],"product_cat":[314,324,325,15,291],"product_tag":[403],"class_list":{"0":"post-9186","1":"product","2":"type-product","3":"status-publish","5":"product_cat-gift-amp-premium-packaging","6":"product_cat-perfume-packaging-boxes","7":"product_cat-skin-care-packaging","8":"product_cat-uncategorized","9":"product_cat-cosmetic-packaging","10":"product_tag-game-package","12":"first","13":"instock","14":"product-type-simple"},"acf":[],"_links":{"self":[{"href":"https:\/\/h2packaging.com\/es\/wp-json\/wp\/v2\/product\/9186","targetHints":{"allow":["GET"]}}],"collection":[{"href":"https:\/\/h2packaging.com\/es\/wp-json\/wp\/v2\/product"}],"about":[{"href":"https:\/\/h2packaging.com\/es\/wp-json\/wp\/v2\/types\/product"}],"wp:attachment":[{"href":"https:\/\/h2packaging.com\/es\/wp-json\/wp\/v2\/media?parent=9186"}],"wp:term":[{"taxonomy":"product_brand","embeddable":true,"href":"https:\/\/h2packaging.com\/es\/wp-json\/wp\/v2\/product_brand?post=9186"},{"taxonomy":"product_cat","embeddable":true,"href":"https:\/\/h2packaging.com\/es\/wp-json\/wp\/v2\/product_cat?post=9186"},{"taxonomy":"product_tag","embeddable":true,"href":"https:\/\/h2packaging.com\/es\/wp-json\/wp\/v2\/product_tag?post=9186"}],"curies":[{"name":"wp","href":"https:\/\/api.w.org\/{rel}","templated":true}]}}