{"id":9206,"date":"2025-12-22T20:57:23","date_gmt":"2025-12-22T12:57:23","guid":{"rendered":"https:\/\/tbc72w920v.onrocket.site\/product\/colorful-game-packaging-tin-box-for-family-card-games\/"},"modified":"2026-01-28T16:59:43","modified_gmt":"2026-01-28T08:59:43","slug":"colorful-game-packaging-tin-box-for-family-card-games","status":"publish","type":"product","link":"https:\/\/h2packaging.com\/es\/producto\/colorful-game-packaging-tin-box-for-family-card-games\/","title":{"rendered":"Caja de regalo personalizada en forma de coraz\u00f3n"},"content":{"rendered":"<p data-start=\"786\" data-end=\"1062\">Este <strong data-start=\"791\" data-end=\"833\">caja de regalo personalizada con forma de coraz\u00f3n<\/strong> est\u00e1 dise\u00f1ado para crear una experiencia emocional y memorable al abrir la caja.<br data-start=\"903\" data-end=\"906\" \/>Con una exclusiva caja interior en forma de coraz\u00f3n combinada con una estructura exterior plegable, es ideal para el envasado de regalos premium en los que la presentaci\u00f3n realmente importa.<\/p>\n<p data-start=\"1064\" data-end=\"1186\">El elegante cierre de lazo y la construcci\u00f3n de cart\u00f3n r\u00edgido hacen que esta caja sea perfecta para regalos de lujo y ocasiones especiales.<\/p>\n<ul data-start=\"1213\" data-end=\"1461\">\n<li data-start=\"1213\" data-end=\"1254\">\n<p data-start=\"1215\" data-end=\"1254\">Creativa caja de regalo con forma de coraz\u00f3n<\/p>\n<\/li>\n<li data-start=\"1255\" data-end=\"1293\">\n<p data-start=\"1257\" data-end=\"1293\">Estructura de embalaje exterior plegable<\/p>\n<\/li>\n<li data-start=\"1294\" data-end=\"1324\">\n<p data-start=\"1296\" data-end=\"1324\">Elegante cierre con lazo<\/p>\n<\/li>\n<li data-start=\"1325\" data-end=\"1368\">\n<p data-start=\"1327\" data-end=\"1368\">Cart\u00f3n r\u00edgido para una mayor protecci\u00f3n<\/p>\n<\/li>\n<li data-start=\"1369\" data-end=\"1415\">\n<p data-start=\"1371\" data-end=\"1415\">Gran impacto visual para la presentaci\u00f3n de regalos<\/p>\n<\/li>\n<li data-start=\"1416\" data-end=\"1461\">\n<p data-start=\"1418\" data-end=\"1461\">Dise\u00f1ado para regalos de lujo y emotivos<\/p>\n<\/li>\n<li data-start=\"1496\" data-end=\"1529\">\n<p data-start=\"1498\" data-end=\"1529\">Cart\u00f3n r\u00edgido de alta calidad<\/p>\n<\/li>\n<li data-start=\"1530\" data-end=\"1576\">\n<p data-start=\"1532\" data-end=\"1576\">Caja interior en forma de coraz\u00f3n para exponer el producto<\/p>\n<\/li>\n<li data-start=\"1577\" data-end=\"1620\">\n<p data-start=\"1579\" data-end=\"1620\">Caja exterior plegable para un embalaje seguro<\/p>\n<\/li>\n<li data-start=\"1621\" data-end=\"1662\">\n<p data-start=\"1623\" data-end=\"1662\">Superficie lisa y mate para un tacto de primera<\/p>\n<\/li>\n<li data-start=\"1663\" data-end=\"1698\">\n<p data-start=\"1665\" data-end=\"1698\">Bordes reforzados para mayor durabilidad<\/p>\n<\/li>\n<li data-start=\"1734\" data-end=\"1780\">\n<p data-start=\"1736\" data-end=\"1780\">Dimensiones de caja y forma de coraz\u00f3n personalizadas<\/p>\n<\/li>\n<li data-start=\"1781\" data-end=\"1822\">\n<p data-start=\"1783\" data-end=\"1822\">Impresi\u00f3n de logotipos y personalizaci\u00f3n de marcas<\/p>\n<\/li>\n<li data-start=\"1823\" data-end=\"1868\">\n<p data-start=\"1825\" data-end=\"1868\">Estampaci\u00f3n en caliente, en l\u00e1mina o en relieve<\/p>\n<\/li>\n<li data-start=\"1869\" data-end=\"1905\">\n<p data-start=\"1871\" data-end=\"1905\">Color y material de la cinta personalizados<\/p>\n<\/li>\n<li data-start=\"1906\" data-end=\"1940\">\n<p data-start=\"1908\" data-end=\"1940\">Relleno interior personalizado<\/p>\n<\/li>\n<li data-start=\"1967\" data-end=\"2001\">\n<p data-start=\"1969\" data-end=\"2001\">Envases para regalos de San Valent\u00edn<\/p>\n<\/li>\n<li data-start=\"2002\" data-end=\"2038\">\n<p data-start=\"2004\" data-end=\"2038\">Cajas de regalo para joyas y accesorios<\/p>\n<\/li>\n<li data-start=\"2039\" data-end=\"2080\">\n<p data-start=\"2041\" data-end=\"2080\">Envasado de chocolate y dulces<\/p>\n<\/li>\n<li data-start=\"2081\" data-end=\"2115\">\n<p data-start=\"2083\" data-end=\"2115\">Estuches de regalo de perfumes y cosm\u00e9ticos<\/p>\n<\/li>\n<li data-start=\"2116\" data-end=\"2153\">\n<p data-start=\"2118\" data-end=\"2153\">Embalaje de lujo para regalos promocionales<\/p>\n<\/li>\n<\/ul>\n<p data-start=\"2202\" data-end=\"2310\">Los envases con forma de coraz\u00f3n transmiten al instante emoci\u00f3n, cuidado y valor.<br data-start=\"2273\" data-end=\"2276\" \/>Este estilo de envase ayuda a las marcas:<\/p>\n<ul data-start=\"2312\" data-end=\"2480\">\n<li data-start=\"2312\" data-end=\"2348\">\n<p data-start=\"2314\" data-end=\"2348\">Aumentar el valor percibido del producto<\/p>\n<\/li>\n<li data-start=\"2349\" data-end=\"2385\">\n<p data-start=\"2351\" data-end=\"2385\">Cree momentos memorables para regalar<\/p>\n<\/li>\n<li data-start=\"2386\" data-end=\"2429\">\n<p data-start=\"2388\" data-end=\"2429\">Destaque en expositores de venta al por menor y en l\u00ednea<\/p>\n<\/li>\n<li data-start=\"2430\" data-end=\"2480\">\n<p data-start=\"2432\" data-end=\"2480\">Reforzar la conexi\u00f3n emocional con los clientes<\/p>\n<\/li>\n<\/ul>","protected":false},"excerpt":{"rendered":"<p>Caja de regalo personalizada en forma de coraz\u00f3n con cierre de lazo, perfecta para regalos de lujo y ocasiones especiales.<\/p>","protected":false},"featured_media":0,"template":"","meta":{"_joinchat":[]},"product_brand":[],"product_cat":[296,314,325,351,354,357,384,15,87],"product_tag":[403],"class_list":{"0":"post-9206","1":"product","2":"type-product","3":"status-publish","5":"product_cat-gift-packaging","6":"product_cat-gift-amp-premium-packaging","7":"product_cat-skin-care-packaging","8":"product_cat-corporate-gift-boxes","9":"product_cat-holiday-gift-packaging","10":"product_cat-wedding-amp-celebration-packaging","11":"product_cat-luxury-clothing-packaging","12":"product_cat-uncategorized","13":"product_cat-double-door-box","14":"product_tag-game-package","16":"first","17":"instock","18":"product-type-simple"},"acf":[],"_links":{"self":[{"href":"https:\/\/h2packaging.com\/es\/wp-json\/wp\/v2\/product\/9206","targetHints":{"allow":["GET"]}}],"collection":[{"href":"https:\/\/h2packaging.com\/es\/wp-json\/wp\/v2\/product"}],"about":[{"href":"https:\/\/h2packaging.com\/es\/wp-json\/wp\/v2\/types\/product"}],"wp:attachment":[{"href":"https:\/\/h2packaging.com\/es\/wp-json\/wp\/v2\/media?parent=9206"}],"wp:term":[{"taxonomy":"product_brand","embeddable":true,"href":"https:\/\/h2packaging.com\/es\/wp-json\/wp\/v2\/product_brand?post=9206"},{"taxonomy":"product_cat","embeddable":true,"href":"https:\/\/h2packaging.com\/es\/wp-json\/wp\/v2\/product_cat?post=9206"},{"taxonomy":"product_tag","embeddable":true,"href":"https:\/\/h2packaging.com\/es\/wp-json\/wp\/v2\/product_tag?post=9206"}],"curies":[{"name":"wp","href":"https:\/\/api.w.org\/{rel}","templated":true}]}}