{"id":9226,"date":"2025-12-22T20:58:05","date_gmt":"2025-12-22T12:58:05","guid":{"rendered":"https:\/\/tbc72w920v.onrocket.site\/product\/eco-friendly-cardboard-can-with-top-lid-and-vibrant-offset-print\/"},"modified":"2026-01-28T15:12:47","modified_gmt":"2026-01-28T07:12:47","slug":"eco-friendly-cardboard-can-with-top-lid-and-vibrant-offset-print","status":"publish","type":"product","link":"https:\/\/h2packaging.com\/es\/producto\/eco-friendly-cardboard-can-with-top-lid-and-vibrant-offset-print\/","title":{"rendered":"Caja de cart\u00f3n blanca personalizada con doble pliegue para cosm\u00e9ticos"},"content":{"rendered":"<p data-start=\"1126\" data-end=\"1304\">Este <strong data-start=\"1131\" data-end=\"1185\">caja de cart\u00f3n blanco doble para productos de cuidado de la piel<\/strong> es una soluci\u00f3n de envasado limpia, moderna y rentable dise\u00f1ada para productos de cuidado de la piel, cosm\u00e9ticos y de cuidado personal.<\/p>\n<p data-start=\"1306\" data-end=\"1543\">Fabricado en cartulina blanca de alta calidad, este <strong data-start=\"1351\" data-end=\"1385\">cart\u00f3n plegable de doble cara<\/strong> ofrece una protecci\u00f3n fiable, una excelente capacidad de impresi\u00f3n y una refinada presentaci\u00f3n de la marca, ideal tanto para las l\u00edneas de cuidado diario de la piel como para las colecciones de cosm\u00e9ticos premium.<\/p>\n<ul data-start=\"1570\" data-end=\"1826\">\n<li data-start=\"1570\" data-end=\"1612\">\n<p data-start=\"1572\" data-end=\"1612\">Caja de cart\u00f3n blanca para productos de cuidado de la piel<\/p>\n<\/li>\n<li data-start=\"1613\" data-end=\"1657\">\n<p data-start=\"1615\" data-end=\"1657\">Estructura de cart\u00f3n plegable de doble pliegue<\/p>\n<\/li>\n<li data-start=\"1658\" data-end=\"1695\">\n<p data-start=\"1660\" data-end=\"1695\">Envases personalizados para cosm\u00e9ticos<\/p>\n<\/li>\n<li data-start=\"1696\" data-end=\"1734\">\n<p data-start=\"1698\" data-end=\"1734\">Cart\u00f3n ligero pero resistente<\/p>\n<\/li>\n<li data-start=\"1735\" data-end=\"1781\">\n<p data-start=\"1737\" data-end=\"1781\">Dise\u00f1o limpio y minimalista para marcas de belleza<\/p>\n<\/li>\n<li data-start=\"1782\" data-end=\"1826\">\n<p data-start=\"1784\" data-end=\"1826\">Adecuado para la producci\u00f3n en masa y MOQ bajo<\/p>\n<\/li>\n<li data-start=\"1861\" data-end=\"1906\">\n<p data-start=\"1863\" data-end=\"1906\">Cartulina blanca de alta calidad (papel SBS \/ C1S)<\/p>\n<\/li>\n<li data-start=\"1907\" data-end=\"1952\">\n<p data-start=\"1909\" data-end=\"1952\">Cierre de doble pliegue para facilitar el montaje<\/p>\n<\/li>\n<li data-start=\"1953\" data-end=\"1991\">\n<p data-start=\"1955\" data-end=\"1991\">Embalaje plano para un env\u00edo eficaz<\/p>\n<\/li>\n<li data-start=\"1992\" data-end=\"2036\">\n<p data-start=\"1994\" data-end=\"2036\">Superficie lisa para una impresi\u00f3n de alta calidad<\/p>\n<\/li>\n<li data-start=\"2037\" data-end=\"2090\">\n<p data-start=\"2039\" data-end=\"2090\">S\u00f3lida estructura para exposici\u00f3n y transporte al por menor<\/p>\n<\/li>\n<li data-start=\"2126\" data-end=\"2160\">\n<p data-start=\"2128\" data-end=\"2160\">Tama\u00f1o y dimensiones de caja personalizados<\/p>\n<\/li>\n<li data-start=\"2161\" data-end=\"2200\">\n<p data-start=\"2163\" data-end=\"2200\">Impresi\u00f3n a todo color CMYK o Pantone<\/p>\n<\/li>\n<li data-start=\"2201\" data-end=\"2231\">\n<p data-start=\"2203\" data-end=\"2231\">Laminado mate o brillante<\/p>\n<\/li>\n<li data-start=\"2232\" data-end=\"2278\">\n<p data-start=\"2234\" data-end=\"2278\">Estampaci\u00f3n suave al tacto, UV o en l\u00e1mina disponible<\/p>\n<\/li>\n<li data-start=\"2279\" data-end=\"2325\">\n<p data-start=\"2281\" data-end=\"2325\">Logotipo personalizado, material gr\u00e1fico y apoyo a la marca<\/p>\n<\/li>\n<li data-start=\"2352\" data-end=\"2380\">\n<p data-start=\"2354\" data-end=\"2380\">Cajas de embalaje para productos de cuidado de la piel<\/p>\n<\/li>\n<li data-start=\"2381\" data-end=\"2425\">\n<p data-start=\"2383\" data-end=\"2425\">Envases cosm\u00e9ticos para cremas y sueros<\/p>\n<\/li>\n<li data-start=\"2426\" data-end=\"2471\">\n<p data-start=\"2428\" data-end=\"2471\">Pintalabios, brillo de labios y envases de maquillaje<\/p>\n<\/li>\n<li data-start=\"2472\" data-end=\"2509\">\n<p data-start=\"2474\" data-end=\"2509\">Productos de belleza y cuidado personal<\/p>\n<\/li>\n<li data-start=\"2510\" data-end=\"2551\">\n<p data-start=\"2512\" data-end=\"2551\">Marcas de cosm\u00e9ticos minoristas y de comercio electr\u00f3nico<\/p>\n<\/li>\n<\/ul>\n<p data-start=\"2603\" data-end=\"2663\">Las cajas para el cuidado de la piel de doble pliegue son muy utilizadas porque:<\/p>\n<ul data-start=\"2665\" data-end=\"2888\">\n<li data-start=\"2665\" data-end=\"2707\">\n<p data-start=\"2667\" data-end=\"2707\">Ofrecen un montaje f\u00e1cil y un cierre seguro<\/p>\n<\/li>\n<li data-start=\"2708\" data-end=\"2747\">\n<p data-start=\"2710\" data-end=\"2747\">Reducir los costes de embalaje y env\u00edo<\/p>\n<\/li>\n<li data-start=\"2748\" data-end=\"2787\">\n<p data-start=\"2750\" data-end=\"2787\">Admite impresi\u00f3n de marca de alta calidad<\/p>\n<\/li>\n<li data-start=\"2788\" data-end=\"2847\">\n<p data-start=\"2790\" data-end=\"2847\">Funcionan perfectamente tanto en peque\u00f1as como en grandes series<\/p>\n<\/li>\n<li data-start=\"2848\" data-end=\"2888\">\n<p data-start=\"2850\" data-end=\"2888\">Proporcionar una excelente presentaci\u00f3n en los estantes<\/p>\n<\/li>\n<li data-start=\"2925\" data-end=\"2965\">\n<p data-start=\"2927\" data-end=\"2965\">Materiales reciclables de cart\u00f3n blanco<\/p>\n<\/li>\n<li data-start=\"2966\" data-end=\"2999\">\n<p data-start=\"2968\" data-end=\"2999\">Papel con certificaci\u00f3n FSC disponible<\/p>\n<\/li>\n<li data-start=\"3000\" data-end=\"3053\">\n<p data-start=\"3002\" data-end=\"3053\">Soluciones de envasado ecol\u00f3gicas y sin pl\u00e1stico<\/p>\n<\/li>\n<li data-start=\"3054\" data-end=\"3096\">\n<p data-start=\"3056\" data-end=\"3096\">Apto para marcas de belleza sostenibles<\/p>\n<\/li>\n<li data-start=\"2848\" data-end=\"2888\"><\/li>\n<\/ul>","protected":false},"excerpt":{"rendered":"<p>Caja de cart\u00f3n blanco para productos de cuidado de la piel con impresi\u00f3n de alta calidad para productos cosm\u00e9ticos y de belleza.<\/p>","protected":false},"featured_media":0,"template":"","meta":{"_joinchat":[]},"product_brand":[],"product_cat":[291,323,325],"product_tag":[243,244,403],"class_list":{"0":"post-9226","1":"product","2":"type-product","3":"status-publish","5":"product_cat-cosmetic-packaging","6":"product_cat-lip-gloss-packaging","7":"product_cat-skin-care-packaging","8":"product_tag-creative-paper-tube","9":"product_tag-stylish-amp-sustainable-paper-tube-packaging","10":"product_tag-game-package","12":"first","13":"instock","14":"product-type-simple"},"acf":[],"_links":{"self":[{"href":"https:\/\/h2packaging.com\/es\/wp-json\/wp\/v2\/product\/9226","targetHints":{"allow":["GET"]}}],"collection":[{"href":"https:\/\/h2packaging.com\/es\/wp-json\/wp\/v2\/product"}],"about":[{"href":"https:\/\/h2packaging.com\/es\/wp-json\/wp\/v2\/types\/product"}],"wp:attachment":[{"href":"https:\/\/h2packaging.com\/es\/wp-json\/wp\/v2\/media?parent=9226"}],"wp:term":[{"taxonomy":"product_brand","embeddable":true,"href":"https:\/\/h2packaging.com\/es\/wp-json\/wp\/v2\/product_brand?post=9226"},{"taxonomy":"product_cat","embeddable":true,"href":"https:\/\/h2packaging.com\/es\/wp-json\/wp\/v2\/product_cat?post=9226"},{"taxonomy":"product_tag","embeddable":true,"href":"https:\/\/h2packaging.com\/es\/wp-json\/wp\/v2\/product_tag?post=9226"}],"curies":[{"name":"wp","href":"https:\/\/api.w.org\/{rel}","templated":true}]}}