{"id":9248,"date":"2025-12-22T20:58:50","date_gmt":"2025-12-22T12:58:50","guid":{"rendered":"https:\/\/tbc72w920v.onrocket.site\/product\/white-jewelry-display-tray-set-with-pink-accent-panels\/"},"modified":"2026-01-22T17:15:43","modified_gmt":"2026-01-22T09:15:43","slug":"white-jewelry-display-tray-set-with-pink-accent-panels","status":"publish","type":"product","link":"https:\/\/h2packaging.com\/es\/producto\/white-jewelry-display-tray-set-with-pink-accent-panels\/","title":{"rendered":"Caja personalizada para envasar comida para perros - Soluci\u00f3n creativa de envasado de comida para mascotas"},"content":{"rendered":"<p data-start=\"972\" data-end=\"1132\">Este <strong data-start=\"977\" data-end=\"1010\">caja personalizada para envasar comida para perros<\/strong> cuenta con una estructura giratoria y dispensadora \u00fanica, dise\u00f1ada espec\u00edficamente para las <strong data-start=\"1098\" data-end=\"1131\">marcas de comida para mascotas y golosinas para perros<\/strong>.<\/p>\n<p data-start=\"1134\" data-end=\"1338\">Su innovadora forma no s\u00f3lo protege la frescura de los alimentos para mascotas, sino que tambi\u00e9n crea una fuerte identidad visual en los estantes de las tiendas, por lo que es ideal para las marcas modernas de mascotas que buscan <strong data-start=\"1300\" data-end=\"1337\">envases creativos y funcionales<\/strong>.<\/p>\n<ul>\n<li data-start=\"1371\" data-end=\"1420\">\n<p data-start=\"1373\" data-end=\"1420\">Estructura giratoria y dispensadora \u00fanica<\/p>\n<\/li>\n<li data-start=\"1421\" data-end=\"1461\">\n<p data-start=\"1423\" data-end=\"1461\">Dise\u00f1ado para alimentos y golosinas para perros<\/p>\n<\/li>\n<li data-start=\"1462\" data-end=\"1509\">\n<p data-start=\"1464\" data-end=\"1509\">Fuerte impacto en las estanter\u00edas con un aspecto l\u00fadico<\/p>\n<\/li>\n<li data-start=\"1510\" data-end=\"1559\">\n<p data-start=\"1512\" data-end=\"1559\">Apertura f\u00e1cil de usar para una dispensaci\u00f3n controlada<\/p>\n<\/li>\n<li data-start=\"1560\" data-end=\"1608\">\n<p data-start=\"1562\" data-end=\"1608\">Embalaje plano y ahorro de espacio para el env\u00edo<\/p>\n<\/li>\n<li data-start=\"1609\" data-end=\"1655\">\n<p data-start=\"1611\" data-end=\"1655\">Excelente superficie para la impresi\u00f3n de logotipos personalizados<\/p>\n<\/li>\n<li data-start=\"1700\" data-end=\"1743\">\n<p data-start=\"1702\" data-end=\"1743\">Cart\u00f3n r\u00edgido o papel kraft premium<\/p>\n<\/li>\n<li data-start=\"1744\" data-end=\"1781\">\n<p data-start=\"1746\" data-end=\"1781\">Forro interior de calidad alimentaria disponible<\/p>\n<\/li>\n<li data-start=\"1782\" data-end=\"1824\">\n<p data-start=\"1784\" data-end=\"1824\">Estructura duradera para aperturas repetidas<\/p>\n<\/li>\n<li data-start=\"1825\" data-end=\"1859\">\n<p data-start=\"1827\" data-end=\"1859\">Base estable para evitar vuelcos<\/p>\n<\/li>\n<li data-start=\"1860\" data-end=\"1900\">\n<p data-start=\"1862\" data-end=\"1900\">Adecuado para alimentos secos y golosinas<\/p>\n<\/li>\n<li data-start=\"1942\" data-end=\"1971\">\n<p data-start=\"1944\" data-end=\"1971\">Tama\u00f1os y capacidad personalizados<\/p>\n<\/li>\n<li data-start=\"1972\" data-end=\"2011\">\n<p data-start=\"1974\" data-end=\"2011\">Impresi\u00f3n a todo color CMYK o Pantone<\/p>\n<\/li>\n<li data-start=\"2012\" data-end=\"2049\">\n<p data-start=\"2014\" data-end=\"2049\">Gr\u00e1ficos de marca y mascotas personalizados<\/p>\n<\/li>\n<li data-start=\"2050\" data-end=\"2080\">\n<p data-start=\"2052\" data-end=\"2080\">Acabado mate o suave al tacto<\/p>\n<\/li>\n<li data-start=\"2081\" data-end=\"2122\">\n<p data-start=\"2083\" data-end=\"2122\">Materiales ecol\u00f3gicos y reciclables<\/p>\n<\/li>\n<li data-start=\"2123\" data-end=\"2164\">\n<p data-start=\"2125\" data-end=\"2164\">MOQ bajo para envases personalizados de alimentos para mascotas<\/p>\n<\/li>\n<li data-start=\"2197\" data-end=\"2219\">\n<p data-start=\"2199\" data-end=\"2219\">Envases de alimentos para perros<\/p>\n<\/li>\n<li data-start=\"2220\" data-end=\"2243\">\n<p data-start=\"2222\" data-end=\"2243\">Envases para golosinas<\/p>\n<\/li>\n<li data-start=\"2244\" data-end=\"2262\">\n<p data-start=\"2246\" data-end=\"2262\">Aperitivos secos para mascotas<\/p>\n<\/li>\n<li data-start=\"2263\" data-end=\"2289\">\n<p data-start=\"2265\" data-end=\"2289\">Cajas de suscripci\u00f3n para mascotas<\/p>\n<\/li>\n<li data-start=\"2290\" data-end=\"2320\">\n<p data-start=\"2292\" data-end=\"2320\">Sets de regalo de comida para mascotas<\/p>\n<\/li>\n<\/ul>\n<p data-start=\"2382\" data-end=\"2423\">El envasado creativo de alimentos para mascotas ayuda a las marcas:<\/p>\n<ul data-start=\"2425\" data-end=\"2610\">\n<li data-start=\"2425\" data-end=\"2465\">\n<p data-start=\"2427\" data-end=\"2465\">Destaque en los competitivos mercados de animales de compa\u00f1\u00eda<\/p>\n<\/li>\n<li data-start=\"2466\" data-end=\"2513\">\n<p data-start=\"2468\" data-end=\"2513\">Mejorar la interacci\u00f3n y la experiencia del cliente<\/p>\n<\/li>\n<li data-start=\"2514\" data-end=\"2560\">\n<p data-start=\"2516\" data-end=\"2560\">Establecer una conexi\u00f3n emocional con los due\u00f1os de mascotas<\/p>\n<\/li>\n<li data-start=\"2561\" data-end=\"2610\">\n<p data-start=\"2563\" data-end=\"2610\">Mejorar la recordaci\u00f3n de marca y la presencia en los lineales<\/p>\n<\/li>\n<\/ul>\n<p data-start=\"2612\" data-end=\"2701\">Este dise\u00f1o de envase transforma la comida para mascotas en un <strong data-start=\"2661\" data-end=\"2700\">producto divertido, compartible y de calidad<\/strong>.<\/p>","protected":false},"excerpt":{"rendered":"<p>Creativa caja personalizada para envasar comida para perros, dise\u00f1ada para alimentos y golosinas de primera calidad para mascotas.<\/p>","protected":false},"featured_media":0,"template":"","meta":{"_joinchat":[]},"product_brand":[],"product_cat":[15,299,363,364,366],"product_tag":[226],"class_list":{"0":"post-9248","1":"product","2":"type-product","3":"status-publish","5":"product_cat-uncategorized","6":"product_cat-pet-packaging","7":"product_cat-ring-packaging","8":"product_cat-dog-treat-packaging","9":"product_cat-pet-food-packaging","10":"product_tag-jewelry-package","12":"first","13":"instock","14":"product-type-simple"},"acf":[],"_links":{"self":[{"href":"https:\/\/h2packaging.com\/es\/wp-json\/wp\/v2\/product\/9248","targetHints":{"allow":["GET"]}}],"collection":[{"href":"https:\/\/h2packaging.com\/es\/wp-json\/wp\/v2\/product"}],"about":[{"href":"https:\/\/h2packaging.com\/es\/wp-json\/wp\/v2\/types\/product"}],"wp:attachment":[{"href":"https:\/\/h2packaging.com\/es\/wp-json\/wp\/v2\/media?parent=9248"}],"wp:term":[{"taxonomy":"product_brand","embeddable":true,"href":"https:\/\/h2packaging.com\/es\/wp-json\/wp\/v2\/product_brand?post=9248"},{"taxonomy":"product_cat","embeddable":true,"href":"https:\/\/h2packaging.com\/es\/wp-json\/wp\/v2\/product_cat?post=9248"},{"taxonomy":"product_tag","embeddable":true,"href":"https:\/\/h2packaging.com\/es\/wp-json\/wp\/v2\/product_tag?post=9248"}],"curies":[{"name":"wp","href":"https:\/\/api.w.org\/{rel}","templated":true}]}}