{"id":9359,"date":"2025-12-22T21:02:55","date_gmt":"2025-12-22T13:02:55","guid":{"rendered":"https:\/\/tbc72w920v.onrocket.site\/product\/cream-paper-wrapped-tin-can-with-easy-open-lid\/"},"modified":"2026-01-20T16:47:03","modified_gmt":"2026-01-20T08:47:03","slug":"cream-paper-wrapped-tin-can-with-easy-open-lid","status":"publish","type":"product","link":"https:\/\/h2packaging.com\/es\/producto\/cream-paper-wrapped-tin-can-with-easy-open-lid\/","title":{"rendered":"Caj\u00f3n de lujo para joyas - Embalaje r\u00edgido premium para regalo"},"content":{"rendered":"<p data-start=\"1186\" data-end=\"1323\">Este lujoso caj\u00f3n joyero est\u00e1 dise\u00f1ado para las marcas que buscan <strong data-start=\"1248\" data-end=\"1322\">elegante presentaci\u00f3n, calidad t\u00e1ctil y refinada experiencia unboxing<\/strong>.<\/p>\n<p data-start=\"1325\" data-end=\"1470\">Con una apertura suave estilo caj\u00f3n y una construcci\u00f3n r\u00edgida de primera calidad, es ideal para pendientes, anillos, collares y colecciones de joyer\u00eda fina.Embalaje minimalista estilo caj\u00f3n dise\u00f1ado para joyer\u00eda fina y regalos de primera calidad.<\/p>\n<ul>\n<li data-start=\"1504\" data-end=\"1557\">\n<p data-start=\"1506\" data-end=\"1557\">Elegante <strong data-start=\"1514\" data-end=\"1538\">apertura tipo caj\u00f3n<\/strong> con tirador de cinta<\/p>\n<\/li>\n<li data-start=\"1558\" data-end=\"1600\">\n<p data-start=\"1560\" data-end=\"1600\">Premium <strong data-start=\"1568\" data-end=\"1598\">estructura de cart\u00f3n r\u00edgido<\/strong><\/p>\n<\/li>\n<li data-start=\"1601\" data-end=\"1648\">\n<p data-start=\"1603\" data-end=\"1648\">Dise\u00f1o minimalista para marcas de joyer\u00eda modernas<\/p>\n<\/li>\n<li data-start=\"1649\" data-end=\"1697\">\n<p data-start=\"1651\" data-end=\"1697\">Inserto interior protector para una colocaci\u00f3n segura<\/p>\n<\/li>\n<li data-start=\"1698\" data-end=\"1745\">\n<p data-start=\"1700\" data-end=\"1745\">Ideal para expositores y envases de regalo<\/p>\n<\/li>\n<li data-start=\"1698\" data-end=\"1745\">\n<p data-start=\"1798\" data-end=\"1873\">Los joyeros con cajones se utilizan mucho en los mercados de primera calidad porque:<\/p>\n<ul data-start=\"1875\" data-end=\"2065\">\n<li data-start=\"1875\" data-end=\"1928\">\n<p data-start=\"1877\" data-end=\"1928\">Cree una experiencia unboxing refinada y ritual<\/p>\n<\/li>\n<li data-start=\"1929\" data-end=\"1964\">\n<p data-start=\"1931\" data-end=\"1964\">Aumentar el valor percibido del producto<\/p>\n<\/li>\n<li data-start=\"1965\" data-end=\"2013\">\n<p data-start=\"1967\" data-end=\"2013\">Ofrecen una mejor protecci\u00f3n para las joyas delicadas<\/p>\n<\/li>\n<li data-start=\"2014\" data-end=\"2065\">\n<p data-start=\"2016\" data-end=\"2065\">Encajan a la perfecci\u00f3n en la est\u00e9tica minimalista de la marca<\/p>\n<\/li>\n<li data-start=\"2111\" data-end=\"2143\">\n<p data-start=\"2113\" data-end=\"2143\">Cart\u00f3n gris r\u00edgido de alta densidad<\/p>\n<\/li>\n<li data-start=\"2144\" data-end=\"2187\">\n<p data-start=\"2146\" data-end=\"2187\">Papel especial texturizado o liso<\/p>\n<\/li>\n<li data-start=\"2188\" data-end=\"2231\">\n<p data-start=\"2190\" data-end=\"2231\">Opciones de inserto de cart\u00f3n o de tacto suave<\/p>\n<\/li>\n<li data-start=\"2232\" data-end=\"2277\">\n<p data-start=\"2234\" data-end=\"2277\">Estructura de cajones de precisi\u00f3n para mayor durabilidad<\/p>\n<\/li>\n<li data-start=\"2322\" data-end=\"2355\">\n<p data-start=\"2324\" data-end=\"2355\">Tama\u00f1o y proporciones de caja personalizados<\/p>\n<\/li>\n<li data-start=\"2356\" data-end=\"2413\">\n<p data-start=\"2358\" data-end=\"2413\">Impresi\u00f3n de logotipos (estampaci\u00f3n \/ gofrado \/ eliminaci\u00f3n del relieve)<\/p>\n<\/li>\n<li data-start=\"2414\" data-end=\"2448\">\n<p data-start=\"2416\" data-end=\"2448\">Texturas y colores de papel personalizados<\/p>\n<\/li>\n<li data-start=\"2449\" data-end=\"2489\">\n<p data-start=\"2451\" data-end=\"2489\">Inserciones de terciopelo, ante o cart\u00f3n<\/p>\n<\/li>\n<li data-start=\"2490\" data-end=\"2519\">\n<p data-start=\"2492\" data-end=\"2519\">Personalizaci\u00f3n de la cinta de opciones<\/p>\n<\/li>\n<li data-start=\"2553\" data-end=\"2573\">\n<p data-start=\"2555\" data-end=\"2573\">Pendientes<\/p>\n<\/li>\n<li data-start=\"2574\" data-end=\"2604\">\n<p data-start=\"2576\" data-end=\"2604\">Anillos y joyas de compromiso<\/p>\n<\/li>\n<li data-start=\"2605\" data-end=\"2629\">\n<p data-start=\"2607\" data-end=\"2629\">Collares y colgantes<\/p>\n<\/li>\n<li data-start=\"2630\" data-end=\"2656\">\n<p data-start=\"2632\" data-end=\"2656\">Sets de regalo de alta joyer\u00eda<\/p>\n<\/li>\n<li data-start=\"2657\" data-end=\"2695\">\n<p data-start=\"2659\" data-end=\"2695\">Boutique y marcas de joyer\u00eda de dise\u00f1o<\/p>\n<\/li>\n<li data-start=\"2014\" data-end=\"2065\"><\/li>\n<\/ul>\n<\/li>\n<\/ul>","protected":false},"excerpt":{"rendered":"<p>Lujoso joyero estilo caj\u00f3n de construcci\u00f3n r\u00edgida, dise\u00f1ado para joyer\u00eda de primera calidad y embalaje de regalo.Embalaje minimalista estilo caj\u00f3n dise\u00f1ado para joyer\u00eda fina y regalos de primera calidad.<\/p>","protected":false},"featured_media":0,"template":"","meta":{"_joinchat":[]},"product_brand":[],"product_cat":[15,297,75,354,358,359,362],"product_tag":[182,209,128,130,131,135,393,140,394,142,407,178],"class_list":{"0":"post-9359","1":"product","2":"type-product","3":"status-publish","5":"product_cat-uncategorized","6":"product_cat-jewelry-packaging","7":"product_cat-drawer-box","8":"product_cat-holiday-gift-packaging","9":"product_cat-bracelet-packaging","10":"product_cat-earring-packaging","11":"product_cat-necklace-packaging","12":"product_tag-product-packaging","13":"product_tag-chocolate-package","14":"product_tag-bakery-amp-cake-package","15":"product_tag-e-commerce-package","16":"product_tag-food-package","17":"product_tag-retail-package","18":"product_tag-moisture-resistant-packaging","19":"product_tag-candy-amp-sweets-package","20":"product_tag-coffee-tin","21":"product_tag-gift-package","22":"product_tag-tin-can-package","23":"product_tag-coffee-package","25":"first","26":"instock","27":"product-type-simple"},"acf":[],"_links":{"self":[{"href":"https:\/\/h2packaging.com\/es\/wp-json\/wp\/v2\/product\/9359","targetHints":{"allow":["GET"]}}],"collection":[{"href":"https:\/\/h2packaging.com\/es\/wp-json\/wp\/v2\/product"}],"about":[{"href":"https:\/\/h2packaging.com\/es\/wp-json\/wp\/v2\/types\/product"}],"wp:attachment":[{"href":"https:\/\/h2packaging.com\/es\/wp-json\/wp\/v2\/media?parent=9359"}],"wp:term":[{"taxonomy":"product_brand","embeddable":true,"href":"https:\/\/h2packaging.com\/es\/wp-json\/wp\/v2\/product_brand?post=9359"},{"taxonomy":"product_cat","embeddable":true,"href":"https:\/\/h2packaging.com\/es\/wp-json\/wp\/v2\/product_cat?post=9359"},{"taxonomy":"product_tag","embeddable":true,"href":"https:\/\/h2packaging.com\/es\/wp-json\/wp\/v2\/product_tag?post=9359"}],"curies":[{"name":"wp","href":"https:\/\/api.w.org\/{rel}","templated":true}]}}