{"id":9495,"date":"2025-12-22T21:17:39","date_gmt":"2025-12-22T13:17:39","guid":{"rendered":"https:\/\/tbc72w920v.onrocket.site\/product\/emerald-green-ribbon-gift-box-with-velvet-jewelry-interior\/"},"modified":"2026-01-09T15:52:29","modified_gmt":"2026-01-09T07:52:29","slug":"emerald-green-ribbon-gift-box-with-velvet-jewelry-interior","status":"publish","type":"product","link":"https:\/\/h2packaging.com\/es\/producto\/emerald-green-ribbon-gift-box-with-velvet-jewelry-interior\/","title":{"rendered":"Caja de papel abatible ecol\u00f3gica personalizada con asa de cuerda natural"},"content":{"rendered":"<p>Esta caja de papel ecol\u00f3gica con tapa abatible, fabricada con papel especial y provista de un asa de cuerda natural y un dise\u00f1o minimalista, se ha creado para las marcas que dan prioridad a la sostenibilidad, la sencillez y la experiencia t\u00e1ctil.<\/p>\n<p data-start=\"1618\" data-end=\"1873\">Nuestra caja abatible con asa de cuerda est\u00e1 fabricada con materiales de papel de primera calidad y dise\u00f1ada para crear una experiencia c\u00e1lida y natural al abrir la caja. La tapa abatible integrada se abre con suavidad, mientras que el asa de cuerda natural aporta funcionalidad y una est\u00e9tica artesanal.<\/p>\n<p data-start=\"1875\" data-end=\"2057\">La estructura limpia y la sutil textura del material hacen que esta caja sea ideal para productos de estilo de vida, jabones, productos para el cuidado de la piel y marcas con conciencia ecol\u00f3gica que buscan un envase honesto y refinado.<\/p>\n<ul>\n<li data-start=\"2091\" data-end=\"2137\">\n<p data-start=\"2093\" data-end=\"2137\">Estructura de caja abatible con apertura suave<\/p>\n<\/li>\n<li data-start=\"2138\" data-end=\"2179\">\n<p data-start=\"2140\" data-end=\"2179\">Asa de cuerda natural para facilitar el transporte<\/p>\n<\/li>\n<li data-start=\"2180\" data-end=\"2211\">\n<p data-start=\"2182\" data-end=\"2211\">Papel ecol\u00f3gico<\/p>\n<\/li>\n<li data-start=\"2212\" data-end=\"2259\">\n<p data-start=\"2214\" data-end=\"2259\">Dise\u00f1o minimalista con tacto de primera calidad<\/p>\n<\/li>\n<li data-start=\"2260\" data-end=\"2300\">\n<p data-start=\"2262\" data-end=\"2300\">Construcci\u00f3n ligera pero duradera<\/p>\n<\/li>\n<li data-start=\"2440\" data-end=\"2475\">\n<p data-start=\"2442\" data-end=\"2475\">Tama\u00f1o y proporciones de caja personalizados<\/p>\n<\/li>\n<li data-start=\"2476\" data-end=\"2518\">\n<p data-start=\"2478\" data-end=\"2518\">Selecci\u00f3n del material y el grosor del papel<\/p>\n<\/li>\n<li data-start=\"2519\" data-end=\"2562\">\n<p data-start=\"2521\" data-end=\"2562\">Opciones de cuerda natural (color, grosor)<\/p>\n<\/li>\n<li data-start=\"2563\" data-end=\"2602\">\n<p data-start=\"2565\" data-end=\"2602\">Impresi\u00f3n, logotipo o relieve personalizados<\/p>\n<\/li>\n<li data-start=\"2603\" data-end=\"2634\">\n<p data-start=\"2605\" data-end=\"2634\">Bandeja o inserto interior personalizado<\/p>\n<\/li>\n<li data-start=\"2635\" data-end=\"2671\">\n<p data-start=\"2637\" data-end=\"2671\">Acepte <strong data-start=\"2644\" data-end=\"2671\">OEM \/ ODM \/ Logotipo personalizado<\/strong><\/p>\n<\/li>\n<li data-start=\"2705\" data-end=\"2741\">\n<p data-start=\"2707\" data-end=\"2741\">Envases de jab\u00f3n y productos de higiene personal<\/p>\n<\/li>\n<li data-start=\"2742\" data-end=\"2784\">\n<p data-start=\"2744\" data-end=\"2784\">Productos naturales para el cuidado de la piel y el bienestar<\/p>\n<\/li>\n<li data-start=\"2785\" data-end=\"2818\">\n<p data-start=\"2787\" data-end=\"2818\">Estilo de vida y marcas artesanales<\/p>\n<\/li>\n<li data-start=\"2819\" data-end=\"2868\">\n<p data-start=\"2821\" data-end=\"2868\">Envases de regalo con conciencia ecol\u00f3gica<\/p>\n<\/li>\n<li data-start=\"2909\" data-end=\"2936\">\n<p data-start=\"2911\" data-end=\"2936\">Cart\u00f3n ecol\u00f3gico<\/p>\n<\/li>\n<li data-start=\"2937\" data-end=\"2966\">\n<p data-start=\"2939\" data-end=\"2966\">Mango de cuerda de fibra natural<\/p>\n<\/li>\n<li data-start=\"2967\" data-end=\"3010\">\n<p data-start=\"2969\" data-end=\"3010\">Estructura de troquelado y plegado de precisi\u00f3n<\/p>\n<\/li>\n<li data-start=\"3011\" data-end=\"3054\">\n<p data-start=\"3013\" data-end=\"3054\">Posibilidad de envases sin pl\u00e1stico<\/p>\n<\/li>\n<li data-start=\"2260\" data-end=\"2300\"><\/li>\n<\/ul>\n<p data-start=\"1875\" data-end=\"2057\">","protected":false},"excerpt":{"rendered":"<p>Caja de papel abatible ecol\u00f3gica con asa de cuerda natural. Dise\u00f1o minimalista, materiales sostenibles y totalmente personalizable para marcas de estilo de vida y cuidado personal.<\/p>","protected":false},"featured_media":0,"template":"","meta":{"_joinchat":[]},"product_brand":[],"product_cat":[103,353,354,356,372,15,65,296,77,351],"product_tag":[135,155,226,227,228,230,233,234],"class_list":{"0":"post-9495","1":"product","2":"type-product","3":"status-publish","5":"product_cat-folding-carton-box","6":"product_cat-food-gift-boxes","7":"product_cat-holiday-gift-packaging","8":"product_cat-seasonal-gift-packaging","9":"product_cat-gift-packaging-boxes","10":"product_cat-uncategorized","11":"product_cat-paperboard-box-packaging","12":"product_cat-gift-packaging","13":"product_cat-flip-lid-box","14":"product_cat-corporate-gift-boxes","15":"product_tag-retail-package","16":"product_tag-rigid-box","17":"product_tag-jewelry-package","18":"product_tag-bracelet-packaging","19":"product_tag-earring-packaging","20":"product_tag-jewelry-packaging","21":"product_tag-necklace-packaging","22":"product_tag-ring-packaging","24":"first","25":"instock","26":"product-type-simple"},"acf":[],"_links":{"self":[{"href":"https:\/\/h2packaging.com\/es\/wp-json\/wp\/v2\/product\/9495","targetHints":{"allow":["GET"]}}],"collection":[{"href":"https:\/\/h2packaging.com\/es\/wp-json\/wp\/v2\/product"}],"about":[{"href":"https:\/\/h2packaging.com\/es\/wp-json\/wp\/v2\/types\/product"}],"wp:attachment":[{"href":"https:\/\/h2packaging.com\/es\/wp-json\/wp\/v2\/media?parent=9495"}],"wp:term":[{"taxonomy":"product_brand","embeddable":true,"href":"https:\/\/h2packaging.com\/es\/wp-json\/wp\/v2\/product_brand?post=9495"},{"taxonomy":"product_cat","embeddable":true,"href":"https:\/\/h2packaging.com\/es\/wp-json\/wp\/v2\/product_cat?post=9495"},{"taxonomy":"product_tag","embeddable":true,"href":"https:\/\/h2packaging.com\/es\/wp-json\/wp\/v2\/product_tag?post=9495"}],"curies":[{"name":"wp","href":"https:\/\/api.w.org\/{rel}","templated":true}]}}