{"id":9120,"date":"2025-12-22T20:54:28","date_gmt":"2025-12-22T12:54:28","guid":{"rendered":"https:\/\/tbc72w920v.onrocket.site\/product\/premium-custom-electronics-packaging-box-for-camera-with-multi-panel-design\/"},"modified":"2026-02-02T17:01:21","modified_gmt":"2026-02-02T09:01:21","slug":"premium-custom-electronics-packaging-box-for-camera-with-multi-panel-design","status":"publish","type":"product","link":"https:\/\/h2packaging.com\/fr\/produit\/premium-custom-electronics-packaging-box-for-camera-with-multi-panel-design\/","title":{"rendered":"Emballage de bo\u00eete triangulaire personnalis\u00e9e - Bo\u00eete en papier g\u00e9om\u00e9trique de luxe pour les marques haut de gamme"},"content":{"rendered":"<h3 data-start=\"1077\" data-end=\"1110\">\ud83d\udfe8 Br\u00e8ve description<\/h3>\n<p data-start=\"1112\" data-end=\"1363\">Une image moderne et accrocheuse <strong data-start=\"1138\" data-end=\"1171\">emballage triangulaire personnalis\u00e9<\/strong> con\u00e7u pour les marques haut de gamme.<br data-start=\"1200\" data-end=\"1203\" \/>Cette bo\u00eete g\u00e9om\u00e9trique en papier allie une structure innovante \u00e0 une esth\u00e9tique \u00e9l\u00e9gante, ce qui la rend id\u00e9ale pour les cadeaux de luxe, les cosm\u00e9tiques, les accessoires et les produits de boutique.<\/p>\n<hr data-start=\"1365\" data-end=\"1368\" \/>\n<h3 data-start=\"1370\" data-end=\"1399\">\ud83d\udfe8 Aper\u00e7u du produit<\/h3>\n<p data-start=\"1401\" data-end=\"1665\">Notre <strong data-start=\"1405\" data-end=\"1431\">bo\u00eete d'emballage triangulaire<\/strong> offre une alternative audacieuse aux bo\u00eetes carr\u00e9es ou rectangulaires traditionnelles.<br data-start=\"1501\" data-end=\"1504\" \/>Avec sa forme triangulaire distinctive et sa finition de surface raffin\u00e9e, cette solution d'emballage renforce la reconnaissance de la marque et cr\u00e9e une exp\u00e9rience m\u00e9morable lors du d\u00e9ballage.<\/p>\n<p data-start=\"1667\" data-end=\"1859\">Fabriqu\u00e9e en carton de haute qualit\u00e9, la bo\u00eete offre une excellente rigidit\u00e9, une grande durabilit\u00e9 et une grande souplesse de personnalisation - parfaite pour les marques qui accordent de l'importance \u00e0 la fois \u00e0 la rigidit\u00e9 et \u00e0 la durabilit\u00e9. <strong data-start=\"1821\" data-end=\"1858\">impact du design et qualit\u00e9 sup\u00e9rieure<\/strong>.<\/p>\n<hr data-start=\"1861\" data-end=\"1864\" \/>\n<h3 data-start=\"1866\" data-end=\"1891\">\ud83d\udfe8 Caract\u00e9ristiques principales<\/h3>\n<ul data-start=\"1893\" data-end=\"2420\">\n<li data-start=\"1893\" data-end=\"1990\">\n<p data-start=\"1895\" data-end=\"1990\">\u25b2 <strong data-start=\"1897\" data-end=\"1926\">Structure triangulaire unique<\/strong><br data-start=\"1926\" data-end=\"1929\" \/>Une forme g\u00e9om\u00e9trique non conventionnelle pour se d\u00e9marquer sur les \u00e9tag\u00e8res<\/p>\n<\/li>\n<li data-start=\"1992\" data-end=\"2102\">\n<p data-start=\"1994\" data-end=\"2102\">\u25b2 <strong data-start=\"1996\" data-end=\"2023\">Papier de qualit\u00e9 sup\u00e9rieure<\/strong><br data-start=\"2023\" data-end=\"2026\" \/>Carton rigide, papier sp\u00e9cial ou kraft \u00e9cologique en option<\/p>\n<\/li>\n<li data-start=\"2104\" data-end=\"2228\">\n<p data-start=\"2106\" data-end=\"2228\">\u25b2 <strong data-start=\"2108\" data-end=\"2139\">Impression et finition sur mesure<\/strong><br data-start=\"2139\" data-end=\"2142\" \/>Impression offset, dorure, gaufrage, d\u00e9bossage, pelliculage mat ou soft-touch<\/p>\n<\/li>\n<li data-start=\"2230\" data-end=\"2319\">\n<p data-start=\"2232\" data-end=\"2319\">\u25b2 <strong data-start=\"2234\" data-end=\"2257\">L'attrait des marques de luxe<\/strong><br data-start=\"2257\" data-end=\"2260\" \/>Id\u00e9al pour les produits haut de gamme et les emballages en \u00e9dition limit\u00e9e<\/p>\n<\/li>\n<li data-start=\"2321\" data-end=\"2420\">\n<p data-start=\"2323\" data-end=\"2420\">\u25b2 <strong data-start=\"2325\" data-end=\"2347\">Enti\u00e8rement personnalisable<\/strong><br data-start=\"2347\" data-end=\"2350\" \/>Taille, couleur, structure, inserts et image de marque adapt\u00e9s \u00e0 vos besoins<\/p>\n<\/li>\n<\/ul>\n<hr data-start=\"2422\" data-end=\"2425\" \/>\n<h3 data-start=\"2427\" data-end=\"2452\">\ud83d\udfe8 Applications<\/h3>\n<p data-start=\"2454\" data-end=\"2504\">Notre <strong data-start=\"2458\" data-end=\"2483\">bo\u00eetes triangulaires personnalis\u00e9es<\/strong> sont largement utilis\u00e9s pour :<\/p>\n<ul data-start=\"2506\" data-end=\"2682\">\n<li data-start=\"2506\" data-end=\"2531\">\n<p data-start=\"2508\" data-end=\"2531\">Emballage cadeau de luxe<\/p>\n<\/li>\n<li data-start=\"2532\" data-end=\"2564\">\n<p data-start=\"2534\" data-end=\"2564\">Produits cosm\u00e9tiques et de soins<\/p>\n<\/li>\n<li data-start=\"2565\" data-end=\"2590\">\n<p data-start=\"2567\" data-end=\"2590\">Bijoux et accessoires<\/p>\n<\/li>\n<li data-start=\"2591\" data-end=\"2615\">\n<p data-start=\"2593\" data-end=\"2615\">Bougies et parfums<\/p>\n<\/li>\n<li data-start=\"2616\" data-end=\"2650\">\n<p data-start=\"2618\" data-end=\"2650\">Emballages promotionnels cr\u00e9atifs<\/p>\n<\/li>\n<li data-start=\"2651\" data-end=\"2682\">\n<p data-start=\"2653\" data-end=\"2682\">Marques boutiques et marques conceptuelles<\/p>\n<\/li>\n<\/ul>\n<hr data-start=\"2684\" data-end=\"2687\" \/>\n<h3 data-start=\"2689\" data-end=\"2723\">\ud83d\udfe8 Options de personnalisation<\/h3>\n<ul data-start=\"2725\" data-end=\"3016\">\n<li data-start=\"2725\" data-end=\"2770\">\n<p data-start=\"2727\" data-end=\"2770\"><strong data-start=\"2727\" data-end=\"2740\">Taille de la bo\u00eete :<\/strong> Dimensions enti\u00e8rement personnalis\u00e9es<\/p>\n<\/li>\n<li data-start=\"2771\" data-end=\"2839\">\n<p data-start=\"2773\" data-end=\"2839\"><strong data-start=\"2773\" data-end=\"2786\">Mat\u00e9riau :<\/strong> Papier d'art, papier sp\u00e9cial, carton rigide, papier \u00e9cologique<\/p>\n<\/li>\n<li data-start=\"2840\" data-end=\"2892\">\n<p data-start=\"2842\" data-end=\"2892\"><strong data-start=\"2842\" data-end=\"2855\">Impression :<\/strong> CMYK, Pantone, impression en quadrichromie<\/p>\n<\/li>\n<li data-start=\"2893\" data-end=\"2951\">\n<p data-start=\"2895\" data-end=\"2951\"><strong data-start=\"2895\" data-end=\"2909\">Finition :<\/strong> Marquage \u00e0 chaud, spot UV, gaufrage, d\u00e9bossage<\/p>\n<\/li>\n<li data-start=\"2952\" data-end=\"3016\">\n<p data-start=\"2954\" data-end=\"3016\"><strong data-start=\"2954\" data-end=\"2968\">Structure :<\/strong> Fermeture magn\u00e9tique, couvercle rentrant, inserts personnalis\u00e9s<\/p>\n<\/li>\n<\/ul>\n<hr data-start=\"3018\" data-end=\"3021\" \/>\n<h3 data-start=\"3023\" data-end=\"3078\">\ud83d\udfe8 Pourquoi choisir nos bo\u00eetes d'emballage triangulaires ?<\/h3>\n<ul data-start=\"3080\" data-end=\"3275\">\n<li data-start=\"3080\" data-end=\"3125\">\n<p data-start=\"3082\" data-end=\"3125\">Fabricant exp\u00e9riment\u00e9 d'emballages sur mesure<\/p>\n<\/li>\n<li data-start=\"3126\" data-end=\"3171\">\n<p data-start=\"3128\" data-end=\"3171\">Faible MOQ disponible pour les startups et les marques<\/p>\n<\/li>\n<li data-start=\"3172\" data-end=\"3202\">\n<p data-start=\"3174\" data-end=\"3202\">Un contr\u00f4le de qualit\u00e9 coh\u00e9rent<\/p>\n<\/li>\n<li data-start=\"3203\" data-end=\"3244\">\n<p data-start=\"3205\" data-end=\"3244\">\u00c9chantillonnage et production rapides<\/p>\n<\/li>\n<li data-start=\"3245\" data-end=\"3275\">\n<p data-start=\"3247\" data-end=\"3275\">Soutien \u00e0 l'exp\u00e9dition dans le monde entier<\/p>\n<\/li>\n<\/ul>","protected":false},"excerpt":{"rendered":"<p>Contactez-nous d\u00e8s aujourd'hui pour une consultation gratuite, une assistance dieline et des options d'\u00e9chantillonnage.<\/p>","protected":false},"featured_media":0,"template":"","meta":{"_joinchat":[]},"product_brand":[],"product_cat":[123,15,111],"product_tag":[241],"class_list":{"0":"post-9120","1":"product","2":"type-product","3":"status-publish","5":"product_cat-triangle-box","6":"product_cat-uncategorized","7":"product_cat-special-shaped-box","8":"product_tag-electronics-package","10":"first","11":"instock","12":"product-type-simple"},"acf":[],"_links":{"self":[{"href":"https:\/\/h2packaging.com\/fr\/wp-json\/wp\/v2\/product\/9120","targetHints":{"allow":["GET"]}}],"collection":[{"href":"https:\/\/h2packaging.com\/fr\/wp-json\/wp\/v2\/product"}],"about":[{"href":"https:\/\/h2packaging.com\/fr\/wp-json\/wp\/v2\/types\/product"}],"wp:attachment":[{"href":"https:\/\/h2packaging.com\/fr\/wp-json\/wp\/v2\/media?parent=9120"}],"wp:term":[{"taxonomy":"product_brand","embeddable":true,"href":"https:\/\/h2packaging.com\/fr\/wp-json\/wp\/v2\/product_brand?post=9120"},{"taxonomy":"product_cat","embeddable":true,"href":"https:\/\/h2packaging.com\/fr\/wp-json\/wp\/v2\/product_cat?post=9120"},{"taxonomy":"product_tag","embeddable":true,"href":"https:\/\/h2packaging.com\/fr\/wp-json\/wp\/v2\/product_tag?post=9120"}],"curies":[{"name":"wp","href":"https:\/\/api.w.org\/{rel}","templated":true}]}}