{"id":9133,"date":"2025-12-22T20:54:51","date_gmt":"2025-12-22T12:54:51","guid":{"rendered":"https:\/\/tbc72w920v.onrocket.site\/product\/premium-electronics-packaging-box-for-360-degree-ai-camera-device\/"},"modified":"2026-02-02T16:35:50","modified_gmt":"2026-02-02T08:35:50","slug":"premium-electronics-packaging-box-for-360-degree-ai-camera-device","status":"publish","type":"product","link":"https:\/\/h2packaging.com\/fr\/produit\/premium-electronics-packaging-box-for-360-degree-ai-camera-device\/","title":{"rendered":"Pochette \u00e0 bec debout personnalis\u00e9e pour l'emballage des aliments et des liquides"},"content":{"rendered":"<h2 data-start=\"1333\" data-end=\"1355\">Description du produit<\/h2>\n<p data-start=\"1357\" data-end=\"1648\">Notre <strong data-start=\"1361\" data-end=\"1394\">pochettes \u00e0 bec sur pied personnalis\u00e9es<\/strong> sont con\u00e7ues pour les <strong data-start=\"1419\" data-end=\"1460\">emballage de produits alimentaires liquides et semi-liquides<\/strong>, Les produits de l'UE ont \u00e9t\u00e9 con\u00e7us pour offrir une grande commodit\u00e9, une grande s\u00e9curit\u00e9 et un aspect attrayant en rayon.<br data-start=\"1519\" data-end=\"1522\" \/>Dot\u00e9s d'un bouchon \u00e0 vis int\u00e9gr\u00e9 et d'une structure stable, ces sachets sont id\u00e9aux pour la consommation nomade et la pr\u00e9sentation au d\u00e9tail.<\/p>\n<p data-start=\"1650\" data-end=\"1734\">Ils sont largement utilis\u00e9s pour l'emballage des jus, des confitures, des pur\u00e9es, des yaourts, des sauces et des aliments pour b\u00e9b\u00e9s.<\/p>\n<hr data-start=\"1736\" data-end=\"1739\" \/>\n<h2 data-start=\"1741\" data-end=\"1756\">Caract\u00e9ristiques principales<\/h2>\n<ul data-start=\"1758\" data-end=\"2280\">\n<li data-start=\"1758\" data-end=\"1865\">\n<p data-start=\"1760\" data-end=\"1865\"><strong data-start=\"1760\" data-end=\"1792\">Bec int\u00e9gr\u00e9 et bouchon \u00e0 vis<\/strong><br data-start=\"1792\" data-end=\"1795\" \/>Versement facile, refermable et \u00e9tanche pour les produits liquides.<\/p>\n<\/li>\n<li data-start=\"1867\" data-end=\"1968\">\n<p data-start=\"1869\" data-end=\"1968\"><strong data-start=\"1869\" data-end=\"1897\">Structure de la pochette<\/strong><br data-start=\"1897\" data-end=\"1900\" \/>Le soufflet de fond solide permet \u00e0 la pochette de tenir debout sur les \u00e9tag\u00e8res.<\/p>\n<\/li>\n<li data-start=\"1970\" data-end=\"2079\">\n<p data-start=\"1972\" data-end=\"2079\"><strong data-start=\"1972\" data-end=\"1996\">Mat\u00e9riaux de qualit\u00e9 alimentaire<\/strong><br data-start=\"1996\" data-end=\"1999\" \/>Sans danger pour le contact alimentaire direct, convient aux applications de remplissage \u00e0 chaud ou \u00e0 froid.<\/p>\n<\/li>\n<li data-start=\"2081\" data-end=\"2172\">\n<p data-start=\"2083\" data-end=\"2172\"><strong data-start=\"2083\" data-end=\"2113\">L\u00e9ger et peu encombrant<\/strong><br data-start=\"2113\" data-end=\"2116\" \/>R\u00e9duit les co\u00fbts de transport par rapport aux bouteilles rigides.<\/p>\n<\/li>\n<li data-start=\"2174\" data-end=\"2280\">\n<p data-start=\"2176\" data-end=\"2280\"><strong data-start=\"2176\" data-end=\"2205\">Impression personnalis\u00e9e possible<\/strong><br data-start=\"2205\" data-end=\"2208\" \/>Prise en charge de l'impression en quadrichromie, des logos de marque et des illustrations cr\u00e9atives.<\/p>\n<\/li>\n<\/ul>\n<hr data-start=\"2282\" data-end=\"2285\" \/>\n<h2 data-start=\"2287\" data-end=\"2302\">Applications<\/h2>\n<ul data-start=\"2304\" data-end=\"2457\">\n<li data-start=\"2304\" data-end=\"2336\">\n<p data-start=\"2306\" data-end=\"2336\">Emballage de confitures de fruits et de p\u00e2tes \u00e0 tartiner<\/p>\n<\/li>\n<li data-start=\"2337\" data-end=\"2365\">\n<p data-start=\"2339\" data-end=\"2365\">Sachets de jus de fruits et de boissons<\/p>\n<\/li>\n<li data-start=\"2366\" data-end=\"2394\">\n<p data-start=\"2368\" data-end=\"2394\">Emballages pour yaourts et produits laitiers<\/p>\n<\/li>\n<li data-start=\"2395\" data-end=\"2424\">\n<p data-start=\"2397\" data-end=\"2424\">Sachets pour aliments et pur\u00e9es pour b\u00e9b\u00e9s<\/p>\n<\/li>\n<li data-start=\"2425\" data-end=\"2457\">\n<p data-start=\"2427\" data-end=\"2457\">Emballage de sauces, de miel et de sirops<\/p>\n<\/li>\n<\/ul>\n<hr data-start=\"2459\" data-end=\"2462\" \/>\n<h2 data-start=\"2464\" data-end=\"2488\">Options de personnalisation<\/h2>\n<ul data-start=\"2490\" data-end=\"2654\">\n<li data-start=\"2490\" data-end=\"2520\">\n<p data-start=\"2492\" data-end=\"2520\">Taille et volume de la poche sur mesure<\/p>\n<\/li>\n<li data-start=\"2521\" data-end=\"2554\">\n<p data-start=\"2523\" data-end=\"2554\">Position du bec (haut \/ coin)<\/p>\n<\/li>\n<li data-start=\"2555\" data-end=\"2585\">\n<p data-start=\"2557\" data-end=\"2585\">Couleur du bouchon et diam\u00e8tre du bec<\/p>\n<\/li>\n<li data-start=\"2586\" data-end=\"2620\">\n<p data-start=\"2588\" data-end=\"2620\">Finition de surface mate ou brillante<\/p>\n<\/li>\n<li data-start=\"2621\" data-end=\"2654\">\n<p data-start=\"2623\" data-end=\"2654\">Solutions OEM et ODM pour les poches \u00e0 bec<\/p>\n<\/li>\n<\/ul>\n<hr data-start=\"2656\" data-end=\"2659\" \/>\n<h2 data-start=\"2661\" data-end=\"2701\">Pourquoi choisir nos emballages \u00e0 bec ?<\/h2>\n<p data-start=\"2703\" data-end=\"2931\">Notre <strong data-start=\"2707\" data-end=\"2732\">emballage de poche \u00e0 bec<\/strong> allie fonctionnalit\u00e9, durabilit\u00e9 et forte visibilit\u00e9 de la marque.<br data-start=\"2801\" data-end=\"2804\" \/>Il offre aux consommateurs une exp\u00e9rience plus propre, plus facile et plus portable, tout en aidant les marques \u00e0 se d\u00e9marquer sur les march\u00e9s alimentaires concurrentiels.<\/p>\n<p data-start=\"2933\" data-end=\"3047\">Que vous lanciez un nouveau produit ou que vous am\u00e9lioriez un emballage existant, les sachets \u00e0 bec sont une solution pr\u00eate pour l'avenir.<\/p>","protected":false},"excerpt":{"rendered":"<p>Sachets \u00e0 becs relevables personnalis\u00e9s pour l'emballage de jus, de confitures et de liquides alimentaires. Mat\u00e9riaux \u00e9tanches et de qualit\u00e9 alimentaire, impression personnalis\u00e9e disponible.<\/p>","protected":false},"featured_media":0,"template":"","meta":{"_joinchat":[]},"product_brand":[],"product_cat":[15,68,98],"product_tag":[241],"class_list":{"0":"post-9133","1":"product","2":"type-product","3":"status-publish","5":"product_cat-uncategorized","6":"product_cat-pouches-packaging","7":"product_cat-spouted-pouches","8":"product_tag-electronics-package","10":"first","11":"instock","12":"product-type-simple"},"acf":[],"_links":{"self":[{"href":"https:\/\/h2packaging.com\/fr\/wp-json\/wp\/v2\/product\/9133","targetHints":{"allow":["GET"]}}],"collection":[{"href":"https:\/\/h2packaging.com\/fr\/wp-json\/wp\/v2\/product"}],"about":[{"href":"https:\/\/h2packaging.com\/fr\/wp-json\/wp\/v2\/types\/product"}],"wp:attachment":[{"href":"https:\/\/h2packaging.com\/fr\/wp-json\/wp\/v2\/media?parent=9133"}],"wp:term":[{"taxonomy":"product_brand","embeddable":true,"href":"https:\/\/h2packaging.com\/fr\/wp-json\/wp\/v2\/product_brand?post=9133"},{"taxonomy":"product_cat","embeddable":true,"href":"https:\/\/h2packaging.com\/fr\/wp-json\/wp\/v2\/product_cat?post=9133"},{"taxonomy":"product_tag","embeddable":true,"href":"https:\/\/h2packaging.com\/fr\/wp-json\/wp\/v2\/product_tag?post=9133"}],"curies":[{"name":"wp","href":"https:\/\/api.w.org\/{rel}","templated":true}]}}