{"id":9138,"date":"2025-12-22T20:54:57","date_gmt":"2025-12-22T12:54:57","guid":{"rendered":"https:\/\/tbc72w920v.onrocket.site\/product\/premium-magnetic-closure-rigid-box-for-electronic-gift-sets\/"},"modified":"2026-02-02T15:59:20","modified_gmt":"2026-02-02T07:59:20","slug":"premium-magnetic-closure-rigid-box-for-electronic-gift-sets","status":"publish","type":"product","link":"https:\/\/h2packaging.com\/fr\/produit\/premium-magnetic-closure-rigid-box-for-electronic-gift-sets\/","title":{"rendered":"Sacs en papier personnalis\u00e9s pour l'emballage de produits alimentaires et de boulangerie"},"content":{"rendered":"<h3 data-start=\"1338\" data-end=\"1361\">Description du produit<\/h3>\n<p data-start=\"1363\" data-end=\"1610\">Notre <strong data-start=\"1367\" data-end=\"1397\">sacs en papier personnalis\u00e9s<\/strong> sont con\u00e7ues pour les <strong data-start=\"1422\" data-end=\"1451\">emballages alimentaires et de boulangerie<\/strong>. Dot\u00e9s d'une structure stable \u00e0 fond plat et d'une finition en papier propre, ces sacs tiennent debout sur les \u00e9tag\u00e8res tout en offrant une image de marque naturelle et respectueuse de l'environnement.<\/p>\n<p data-start=\"1612\" data-end=\"1704\">Ils sont largement utilis\u00e9s pour les produits de boulangerie, les snacks, les plats \u00e0 emporter et les emballages sp\u00e9ciaux pour la vente au d\u00e9tail.<\/p>\n<hr data-start=\"1706\" data-end=\"1709\" \/>\n<h3 data-start=\"1711\" data-end=\"1727\">Caract\u00e9ristiques principales<\/h3>\n<ul data-start=\"1729\" data-end=\"2283\">\n<li data-start=\"1729\" data-end=\"1855\">\n<p data-start=\"1731\" data-end=\"1855\"><strong data-start=\"1731\" data-end=\"1762\">Papier \u00e9cologique<\/strong><br data-start=\"1762\" data-end=\"1765\" \/>Fabriqu\u00e9 \u00e0 partir de papier recyclable et de qualit\u00e9 alimentaire, il convient aux solutions d'emballage durables.<\/p>\n<\/li>\n<li data-start=\"1857\" data-end=\"1978\">\n<p data-start=\"1859\" data-end=\"1978\"><strong data-start=\"1859\" data-end=\"1892\">Conception \u00e0 fond plat et debout<\/strong><br data-start=\"1892\" data-end=\"1895\" \/>La structure solide du fond permet au sac de se tenir debout pour une meilleure pr\u00e9sentation en rayon.<\/p>\n<\/li>\n<li data-start=\"1980\" data-end=\"2089\">\n<p data-start=\"1982\" data-end=\"2089\"><strong data-start=\"1982\" data-end=\"2007\">Fermeture sup\u00e9rieure rabattable<\/strong><br data-start=\"2007\" data-end=\"2010\" \/>Conception simple de la partie sup\u00e9rieure pliable pour faciliter le scellage, l'\u00e9tiquetage ou l'application d'autocollants.<\/p>\n<\/li>\n<li data-start=\"2091\" data-end=\"2184\">\n<p data-start=\"2093\" data-end=\"2184\"><strong data-start=\"2093\" data-end=\"2122\">Impression personnalis\u00e9e possible<\/strong><br data-start=\"2122\" data-end=\"2125\" \/>Prise en charge de l'impression des logos, des couleurs de la marque et des illustrations personnalis\u00e9es.<\/p>\n<\/li>\n<li data-start=\"2186\" data-end=\"2283\">\n<p data-start=\"2188\" data-end=\"2283\"><strong data-start=\"2188\" data-end=\"2220\">L\u00e9ger et rentable<\/strong><br data-start=\"2220\" data-end=\"2223\" \/>Id\u00e9al pour l'emballage des produits alimentaires destin\u00e9s \u00e0 la vente au d\u00e9tail, \u00e0 la vente \u00e0 emporter et au commerce \u00e9lectronique.<\/p>\n<\/li>\n<\/ul>\n<hr data-start=\"2285\" data-end=\"2288\" \/>\n<h3 data-start=\"2290\" data-end=\"2312\">Applications id\u00e9ales<\/h3>\n<ul data-start=\"2314\" data-end=\"2488\">\n<li data-start=\"2314\" data-end=\"2361\">\n<p data-start=\"2316\" data-end=\"2361\">Emballages de boulangerie (pain, p\u00e2tisseries, biscuits)<\/p>\n<\/li>\n<li data-start=\"2362\" data-end=\"2394\">\n<p data-start=\"2364\" data-end=\"2394\">Emballage de snacks et d'aliments secs<\/p>\n<\/li>\n<li data-start=\"2395\" data-end=\"2423\">\n<p data-start=\"2397\" data-end=\"2423\">Sacs en papier pour les plats \u00e0 emporter<\/p>\n<\/li>\n<li data-start=\"2424\" data-end=\"2456\">\n<p data-start=\"2426\" data-end=\"2456\">Emballage de grains de caf\u00e9 et de th\u00e9<\/p>\n<\/li>\n<li data-start=\"2457\" data-end=\"2488\">\n<p data-start=\"2459\" data-end=\"2488\">Emballage de vente au d\u00e9tail respectueux de l'environnement<\/p>\n<\/li>\n<\/ul>\n<hr data-start=\"2490\" data-end=\"2493\" \/>\n<h3 data-start=\"2495\" data-end=\"2520\">Options de personnalisation<\/h3>\n<ul data-start=\"2522\" data-end=\"2699\">\n<li data-start=\"2522\" data-end=\"2553\">\n<p data-start=\"2524\" data-end=\"2553\">Tailles et dimensions sur mesure<\/p>\n<\/li>\n<li data-start=\"2554\" data-end=\"2592\">\n<p data-start=\"2556\" data-end=\"2592\">Papier kraft blanc ou papier de couleur<\/p>\n<\/li>\n<li data-start=\"2593\" data-end=\"2627\">\n<p data-start=\"2595\" data-end=\"2627\">Logo et impression sur toute la surface<\/p>\n<\/li>\n<li data-start=\"2628\" data-end=\"2661\">\n<p data-start=\"2630\" data-end=\"2661\">Papier mat ou naturel<\/p>\n<\/li>\n<li data-start=\"2662\" data-end=\"2699\">\n<p data-start=\"2664\" data-end=\"2699\">Solutions d'emballage en papier OEM et ODM<\/p>\n<\/li>\n<\/ul>\n<hr data-start=\"2701\" data-end=\"2704\" \/>\n<h3 data-start=\"2706\" data-end=\"2745\">Pourquoi choisir nos sacs en papier ?<\/h3>\n<p data-start=\"2747\" data-end=\"3019\">Notre <strong data-start=\"2751\" data-end=\"2783\">emballage de sacs en papier<\/strong> offre un \u00e9quilibre parfait entre durabilit\u00e9, fonctionnalit\u00e9 et pr\u00e9sentation de la marque. Que ce soit pour les boulangeries, les marques alimentaires ou les entreprises de vente \u00e0 emporter, cette solution d'emballage am\u00e9liore l'attrait des rayons tout en soutenant les valeurs \u00e9cologiques.<\/p>","protected":false},"excerpt":{"rendered":"<p>Sacs en papier personnalis\u00e9s pour l'emballage des produits alimentaires et de boulangerie. Mat\u00e9riaux \u00e9cologiques, fond plat, impression personnalis\u00e9e, id\u00e9al pour le commerce de d\u00e9tail et la vente \u00e0 emporter.<\/p>","protected":false},"featured_media":10557,"template":"","meta":{"_joinchat":[]},"product_brand":[],"product_cat":[15,68],"product_tag":[241],"class_list":{"0":"post-9138","1":"product","2":"type-product","3":"status-publish","4":"has-post-thumbnail","6":"product_cat-uncategorized","7":"product_cat-pouches-packaging","8":"product_tag-electronics-package","10":"first","11":"instock","12":"product-type-simple"},"acf":[],"_links":{"self":[{"href":"https:\/\/h2packaging.com\/fr\/wp-json\/wp\/v2\/product\/9138","targetHints":{"allow":["GET"]}}],"collection":[{"href":"https:\/\/h2packaging.com\/fr\/wp-json\/wp\/v2\/product"}],"about":[{"href":"https:\/\/h2packaging.com\/fr\/wp-json\/wp\/v2\/types\/product"}],"wp:featuredmedia":[{"embeddable":true,"href":"https:\/\/h2packaging.com\/fr\/wp-json\/wp\/v2\/media\/10557"}],"wp:attachment":[{"href":"https:\/\/h2packaging.com\/fr\/wp-json\/wp\/v2\/media?parent=9138"}],"wp:term":[{"taxonomy":"product_brand","embeddable":true,"href":"https:\/\/h2packaging.com\/fr\/wp-json\/wp\/v2\/product_brand?post=9138"},{"taxonomy":"product_cat","embeddable":true,"href":"https:\/\/h2packaging.com\/fr\/wp-json\/wp\/v2\/product_cat?post=9138"},{"taxonomy":"product_tag","embeddable":true,"href":"https:\/\/h2packaging.com\/fr\/wp-json\/wp\/v2\/product_tag?post=9138"}],"curies":[{"name":"wp","href":"https:\/\/api.w.org\/{rel}","templated":true}]}}