{"id":9141,"date":"2025-12-22T20:55:02","date_gmt":"2025-12-22T12:55:02","guid":{"rendered":"https:\/\/tbc72w920v.onrocket.site\/product\/premium-rigid-paperboard-box-for-corporate-electronics\/"},"modified":"2026-02-02T15:47:05","modified_gmt":"2026-02-02T07:47:05","slug":"premium-rigid-paperboard-box-for-corporate-electronics","status":"publish","type":"product","link":"https:\/\/h2packaging.com\/fr\/produit\/premium-rigid-paperboard-box-for-corporate-electronics\/","title":{"rendered":"Pochettes personnalis\u00e9es pour l'emballage du caf\u00e9 et des produits alimentaires"},"content":{"rendered":"<h3 data-start=\"1385\" data-end=\"1408\">Description du produit<\/h3>\n<p data-start=\"1410\" data-end=\"1657\">Notre <strong data-start=\"1414\" data-end=\"1441\">pochettes de rangement personnalis\u00e9es<\/strong> sont con\u00e7us pour les produits de qualit\u00e9 sup\u00e9rieure <strong data-start=\"1467\" data-end=\"1487\">emballage du caf\u00e9<\/strong> et <strong data-start=\"1492\" data-end=\"1510\">emballage alimentaire<\/strong> applications. Avec un soufflet solide au fond et une fermeture \u00e0 glissi\u00e8re refermable, ces sachets tiennent fermement sur les \u00e9tag\u00e8res tout en gardant les produits frais et prot\u00e9g\u00e9s.<\/p>\n<p data-start=\"1659\" data-end=\"1852\">Fabriqu\u00e9 \u00e0 partir de mat\u00e9riaux de haute qualit\u00e9 <strong data-start=\"1682\" data-end=\"1716\">mat\u00e9riaux lamin\u00e9s de qualit\u00e9 alimentaire<\/strong>, ce <strong data-start=\"1723\" data-end=\"1745\">emballage souple<\/strong> combine d'excellentes performances de barri\u00e8re, un aspect moderne et une personnalisation compl\u00e8te de votre marque.<\/p>\n<hr data-start=\"1854\" data-end=\"1857\" \/>\n<h3 data-start=\"1859\" data-end=\"1875\">Caract\u00e9ristiques principales<\/h3>\n<ul data-start=\"1877\" data-end=\"2424\">\n<li data-start=\"1877\" data-end=\"1985\">\n<p data-start=\"1879\" data-end=\"1985\"><strong data-start=\"1879\" data-end=\"1910\">Mat\u00e9riaux de qualit\u00e9 alimentaire et s\u00fbrs<\/strong><br data-start=\"1910\" data-end=\"1913\" \/>Convient aux grains de caf\u00e9, \u00e0 la poudre, aux snacks, au th\u00e9 et aux produits alimentaires secs.<\/p>\n<\/li>\n<li data-start=\"1987\" data-end=\"2086\">\n<p data-start=\"1989\" data-end=\"2086\"><strong data-start=\"1989\" data-end=\"2018\">Fermeture \u00e0 glissi\u00e8re refermable<\/strong><br data-start=\"2018\" data-end=\"2021\" \/>Facile \u00e0 ouvrir et \u00e0 fermer, permet de conserver la fra\u00eecheur apr\u00e8s ouverture.<\/p>\n<\/li>\n<li data-start=\"2088\" data-end=\"2201\">\n<p data-start=\"2090\" data-end=\"2201\"><strong data-start=\"2090\" data-end=\"2116\">Conception du fond \u00e0 hauteur d'homme<\/strong><br data-start=\"2116\" data-end=\"2119\" \/>Le soufflet inf\u00e9rieur solide permet \u00e0 la pochette de se tenir debout pour une meilleure pr\u00e9sentation en rayon.<\/p>\n<\/li>\n<li data-start=\"2203\" data-end=\"2315\">\n<p data-start=\"2205\" data-end=\"2315\"><strong data-start=\"2205\" data-end=\"2234\">Impression personnalis\u00e9e avec logo<\/strong><br data-start=\"2234\" data-end=\"2237\" \/>Permet l'impression en quadrichromie pour am\u00e9liorer la visibilit\u00e9 de la marque et l'attrait du produit.<\/p>\n<\/li>\n<li data-start=\"2317\" data-end=\"2424\">\n<p data-start=\"2319\" data-end=\"2424\"><strong data-start=\"2319\" data-end=\"2351\">Excellente protection de la barri\u00e8re<\/strong><br data-start=\"2351\" data-end=\"2354\" \/>Des options r\u00e9sistantes \u00e0 l'humidit\u00e9, \u00e0 l'oxyg\u00e8ne et \u00e0 la lumi\u00e8re sont disponibles.<\/p>\n<\/li>\n<\/ul>\n<hr data-start=\"2426\" data-end=\"2429\" \/>\n<h3 data-start=\"2431\" data-end=\"2453\">Applications id\u00e9ales<\/h3>\n<ul data-start=\"2455\" data-end=\"2653\">\n<li data-start=\"2455\" data-end=\"2499\">\n<p data-start=\"2457\" data-end=\"2499\">Emballage de caf\u00e9 en grains et de caf\u00e9 moulu<\/p>\n<\/li>\n<li data-start=\"2500\" data-end=\"2537\">\n<p data-start=\"2502\" data-end=\"2537\">Th\u00e9, snacks, noix et aliments secs<\/p>\n<\/li>\n<li data-start=\"2538\" data-end=\"2569\">\n<p data-start=\"2540\" data-end=\"2569\">Aliments et compl\u00e9ments de sant\u00e9<\/p>\n<\/li>\n<li data-start=\"2570\" data-end=\"2610\">\n<p data-start=\"2572\" data-end=\"2610\">Aliments pour animaux de compagnie et produits alimentaires sp\u00e9cialis\u00e9s<\/p>\n<\/li>\n<li data-start=\"2611\" data-end=\"2653\">\n<p data-start=\"2613\" data-end=\"2653\">Emballages souples pour la vente au d\u00e9tail et le commerce \u00e9lectronique<\/p>\n<\/li>\n<\/ul>\n<hr data-start=\"2655\" data-end=\"2658\" \/>\n<h3 data-start=\"2660\" data-end=\"2685\">Options de personnalisation<\/h3>\n<ul data-start=\"2687\" data-end=\"2947\">\n<li data-start=\"2687\" data-end=\"2720\">\n<p data-start=\"2689\" data-end=\"2720\">Dimensions et formes de pochettes personnalis\u00e9es<\/p>\n<\/li>\n<li data-start=\"2721\" data-end=\"2800\">\n<p data-start=\"2723\" data-end=\"2800\">Structure des mat\u00e9riaux : PET\/PE, PET\/AL\/PE, papier kraft, finition mate ou brillante<\/p>\n<\/li>\n<li data-start=\"2801\" data-end=\"2856\">\n<p data-start=\"2803\" data-end=\"2856\">Impression : CMYK, Pantone, pelliculage mat ou brillant<\/p>\n<\/li>\n<li data-start=\"2857\" data-end=\"2906\">\n<p data-start=\"2859\" data-end=\"2906\">Fermeture \u00e0 glissi\u00e8re, encoche de d\u00e9chirure, trou de suspension, options de fen\u00eatre<\/p>\n<\/li>\n<li data-start=\"2907\" data-end=\"2947\">\n<p data-start=\"2909\" data-end=\"2947\">Solutions d'emballage flexible OEM et ODM<\/p>\n<\/li>\n<\/ul>\n<hr data-start=\"2949\" data-end=\"2952\" \/>\n<h3 data-start=\"2954\" data-end=\"2997\">Pourquoi choisir nos pochettes sur mesure ?<\/h3>\n<p data-start=\"2999\" data-end=\"3287\">Notre <strong data-start=\"3003\" data-end=\"3038\">emballage en pochette sur mesure<\/strong> aide les marques \u00e0 am\u00e9liorer l'impact en rayon, \u00e0 prot\u00e9ger la qualit\u00e9 des produits et \u00e0 r\u00e9duire les co\u00fbts de transport. Avec une qualit\u00e9 stable, une impression professionnelle et une personnalisation flexible, nous fournissons une gamme compl\u00e8te d'\u00e9tiquettes. <strong data-start=\"3226\" data-end=\"3257\">solution d'emballage flexible<\/strong> pour des marques en croissance dans le monde entier.<\/p>","protected":false},"excerpt":{"rendered":"<p>Pochettes personnalis\u00e9es avec fermeture \u00e9clair et impression du logo. Id\u00e9al pour le caf\u00e9, les snacks et l'emballage alimentaire. Mat\u00e9riaux de qualit\u00e9 alimentaire, tailles OEM, qualit\u00e9 sup\u00e9rieure.<\/p>","protected":false},"featured_media":0,"template":"","meta":{"_joinchat":[]},"product_brand":[],"product_cat":[15,68,99],"product_tag":[241],"class_list":{"0":"post-9141","1":"product","2":"type-product","3":"status-publish","5":"product_cat-uncategorized","6":"product_cat-pouches-packaging","7":"product_cat-stand-up-pouches","8":"product_tag-electronics-package","10":"first","11":"instock","12":"product-type-simple"},"acf":[],"_links":{"self":[{"href":"https:\/\/h2packaging.com\/fr\/wp-json\/wp\/v2\/product\/9141","targetHints":{"allow":["GET"]}}],"collection":[{"href":"https:\/\/h2packaging.com\/fr\/wp-json\/wp\/v2\/product"}],"about":[{"href":"https:\/\/h2packaging.com\/fr\/wp-json\/wp\/v2\/types\/product"}],"wp:attachment":[{"href":"https:\/\/h2packaging.com\/fr\/wp-json\/wp\/v2\/media?parent=9141"}],"wp:term":[{"taxonomy":"product_brand","embeddable":true,"href":"https:\/\/h2packaging.com\/fr\/wp-json\/wp\/v2\/product_brand?post=9141"},{"taxonomy":"product_cat","embeddable":true,"href":"https:\/\/h2packaging.com\/fr\/wp-json\/wp\/v2\/product_cat?post=9141"},{"taxonomy":"product_tag","embeddable":true,"href":"https:\/\/h2packaging.com\/fr\/wp-json\/wp\/v2\/product_tag?post=9141"}],"curies":[{"name":"wp","href":"https:\/\/api.w.org\/{rel}","templated":true}]}}