{"id":9154,"date":"2025-12-22T20:55:23","date_gmt":"2025-12-22T12:55:23","guid":{"rendered":"https:\/\/tbc72w920v.onrocket.site\/product\/red-bow-cake-stickers-for-bakery-gift-boxes-and-packaging\/"},"modified":"2026-01-29T17:27:03","modified_gmt":"2026-01-29T09:27:03","slug":"red-bow-cake-stickers-for-bakery-gift-boxes-and-packaging","status":"publish","type":"product","link":"https:\/\/h2packaging.com\/fr\/produit\/red-bow-cake-stickers-for-bakery-gift-boxes-and-packaging\/","title":{"rendered":"Sac en toile personnalis\u00e9 pour un emballage respectueux de l'environnement"},"content":{"rendered":"<h3 data-start=\"1326\" data-end=\"1349\">Description du produit<\/h3>\n<p data-start=\"1351\" data-end=\"1592\">Le pr\u00e9sent <strong data-start=\"1356\" data-end=\"1382\">sac fourre-tout en toile personnalis\u00e9<\/strong> est con\u00e7u pour les marques qui recherchent une solution d'emballage durable, \u00e9l\u00e9gante et r\u00e9utilisable.<br data-start=\"1470\" data-end=\"1473\" \/>Fabriqu\u00e9 en toile de coton durable, il pr\u00e9sente un aspect minimaliste et \u00e9pur\u00e9 tout en offrant une excellente r\u00e9sistance pour un usage quotidien.<\/p>\n<p data-start=\"1594\" data-end=\"1679\">Parfait pour les magasins de d\u00e9tail, les \u00e9v\u00e9nements, les expositions, les promotions et les marques soucieuses de l'environnement.<\/p>\n<hr data-start=\"1681\" data-end=\"1684\" \/>\n<h3 data-start=\"1686\" data-end=\"1702\">Caract\u00e9ristiques principales<\/h3>\n<ul data-start=\"1704\" data-end=\"2125\">\n<li data-start=\"1704\" data-end=\"1789\">\n<p data-start=\"1706\" data-end=\"1789\"><strong data-start=\"1706\" data-end=\"1736\">Toile de coton de haute qualit\u00e9<\/strong><br data-start=\"1736\" data-end=\"1739\" \/>Tissu \u00e9pais et durable convenant \u00e0 une utilisation r\u00e9p\u00e9t\u00e9e.<\/p>\n<\/li>\n<li data-start=\"1791\" data-end=\"1876\">\n<p data-start=\"1793\" data-end=\"1876\"><strong data-start=\"1793\" data-end=\"1820\">R\u00e9utilisable et \u00e9cologique<\/strong><br data-start=\"1820\" data-end=\"1823\" \/>Une alternative durable aux sacs de courses en plastique.<\/p>\n<\/li>\n<li data-start=\"1878\" data-end=\"1956\">\n<p data-start=\"1880\" data-end=\"1956\"><strong data-start=\"1880\" data-end=\"1908\">Poign\u00e9es longues et confortables<\/strong><br data-start=\"1908\" data-end=\"1911\" \/>Facile \u00e0 porter \u00e0 la main ou sur l'\u00e9paule.<\/p>\n<\/li>\n<li data-start=\"1958\" data-end=\"2033\">\n<p data-start=\"1960\" data-end=\"2033\"><strong data-start=\"1960\" data-end=\"1984\">Grande surface imprimable<\/strong><br data-start=\"1984\" data-end=\"1987\" \/>Id\u00e9al pour l'impression de logos et de messages de marque.<\/p>\n<\/li>\n<li data-start=\"2035\" data-end=\"2125\">\n<p data-start=\"2037\" data-end=\"2125\"><strong data-start=\"2037\" data-end=\"2064\">Design minimal et moderne<\/strong><br data-start=\"2064\" data-end=\"2067\" \/>Convient \u00e0 la mode, au style de vie et \u00e0 l'image de marque.<\/p>\n<\/li>\n<\/ul>\n<hr data-start=\"2127\" data-end=\"2130\" \/>\n<h3 data-start=\"2132\" data-end=\"2154\">Applications id\u00e9ales<\/h3>\n<ul data-start=\"2156\" data-end=\"2322\">\n<li data-start=\"2156\" data-end=\"2187\">\n<p data-start=\"2158\" data-end=\"2187\">Emballages pour le commerce de d\u00e9tail et les magasins<\/p>\n<\/li>\n<li data-start=\"2188\" data-end=\"2217\">\n<p data-start=\"2190\" data-end=\"2217\">Sacs promotionnels<\/p>\n<\/li>\n<li data-start=\"2218\" data-end=\"2249\">\n<p data-start=\"2220\" data-end=\"2249\">Image de marque et \u00e9v\u00e9nements d'entreprise<\/p>\n<\/li>\n<li data-start=\"2250\" data-end=\"2286\">\n<p data-start=\"2252\" data-end=\"2286\">Solutions d'emballage respectueuses de l'environnement<\/p>\n<\/li>\n<li data-start=\"2287\" data-end=\"2322\">\n<p data-start=\"2289\" data-end=\"2322\">Sacs fourre-tout pour expositions et salons<\/p>\n<\/li>\n<\/ul>\n<hr data-start=\"2324\" data-end=\"2327\" \/>\n<h3 data-start=\"2329\" data-end=\"2354\">Options de personnalisation<\/h3>\n<ul data-start=\"2356\" data-end=\"2589\">\n<li data-start=\"2356\" data-end=\"2389\">\n<p data-start=\"2358\" data-end=\"2389\">Tailles et dimensions des sacs sur mesure<\/p>\n<\/li>\n<li data-start=\"2390\" data-end=\"2418\">\n<p data-start=\"2392\" data-end=\"2418\">Options d'\u00e9paisseur de la toile<\/p>\n<\/li>\n<li data-start=\"2419\" data-end=\"2480\">\n<p data-start=\"2421\" data-end=\"2480\">Impression du logo : s\u00e9rigraphie, transfert thermique, broderie<\/p>\n<\/li>\n<li data-start=\"2481\" data-end=\"2516\">\n<p data-start=\"2483\" data-end=\"2516\">Impression simple ou double face<\/p>\n<\/li>\n<li data-start=\"2517\" data-end=\"2558\">\n<p data-start=\"2519\" data-end=\"2558\">Naturel, blanc ou couleurs de toile teint\u00e9e<\/p>\n<\/li>\n<li data-start=\"2559\" data-end=\"2589\">\n<p data-start=\"2561\" data-end=\"2589\">Services OEM et ODM disponibles<\/p>\n<\/li>\n<\/ul>\n<hr data-start=\"2591\" data-end=\"2594\" \/>\n<h3 data-start=\"2596\" data-end=\"2632\">Pourquoi choisir nos sacs en toile ?<\/h3>\n<p data-start=\"2634\" data-end=\"2817\">Notre <strong data-start=\"2638\" data-end=\"2671\">sacs fourre-tout en toile \u00e9cologiques<\/strong> combinent l'aspect pratique, la durabilit\u00e9 et la valeur de l'image de marque.<br data-start=\"2729\" data-end=\"2732\" \/>Ils contribuent \u00e0 r\u00e9duire les d\u00e9chets plastiques tout en am\u00e9liorant la visibilit\u00e9 de la marque gr\u00e2ce \u00e0 une utilisation quotidienne.<\/p>","protected":false},"excerpt":{"rendered":"<p>Sacs fourre-tout r\u00e9utilisables en toile avec impression de logo personnalis\u00e9. Id\u00e9al pour la vente au d\u00e9tail, les promotions, les \u00e9v\u00e9nements et les solutions d'emballage durables.<\/p>","protected":false},"featured_media":0,"template":"","meta":{"_joinchat":[]},"product_brand":[],"product_cat":[15,69,101],"product_tag":[131,277],"class_list":{"0":"post-9154","1":"product","2":"type-product","3":"status-publish","5":"product_cat-uncategorized","6":"product_cat-bags","7":"product_cat-canvas-bag","8":"product_tag-food-package","9":"product_tag-stickers-amp-tape","11":"first","12":"instock","13":"product-type-simple"},"acf":[],"_links":{"self":[{"href":"https:\/\/h2packaging.com\/fr\/wp-json\/wp\/v2\/product\/9154","targetHints":{"allow":["GET"]}}],"collection":[{"href":"https:\/\/h2packaging.com\/fr\/wp-json\/wp\/v2\/product"}],"about":[{"href":"https:\/\/h2packaging.com\/fr\/wp-json\/wp\/v2\/types\/product"}],"wp:attachment":[{"href":"https:\/\/h2packaging.com\/fr\/wp-json\/wp\/v2\/media?parent=9154"}],"wp:term":[{"taxonomy":"product_brand","embeddable":true,"href":"https:\/\/h2packaging.com\/fr\/wp-json\/wp\/v2\/product_brand?post=9154"},{"taxonomy":"product_cat","embeddable":true,"href":"https:\/\/h2packaging.com\/fr\/wp-json\/wp\/v2\/product_cat?post=9154"},{"taxonomy":"product_tag","embeddable":true,"href":"https:\/\/h2packaging.com\/fr\/wp-json\/wp\/v2\/product_tag?post=9154"}],"curies":[{"name":"wp","href":"https:\/\/api.w.org\/{rel}","templated":true}]}}