{"id":9170,"date":"2025-12-22T20:55:59","date_gmt":"2025-12-22T12:55:59","guid":{"rendered":"https:\/\/tbc72w920v.onrocket.site\/product\/biodegradable-sugarcane-pulp-food-box-for-cake-packaging\/"},"modified":"2026-01-28T17:49:41","modified_gmt":"2026-01-28T09:49:41","slug":"biodegradable-sugarcane-pulp-food-box-for-cake-packaging","status":"publish","type":"product","link":"https:\/\/h2packaging.com\/fr\/produit\/biodegradable-sugarcane-pulp-food-box-for-cake-packaging\/","title":{"rendered":"Bo\u00eete d'emballage de luxe pour le chocolat avec couvercle et base"},"content":{"rendered":"<h3 data-start=\"1394\" data-end=\"1417\">Description du produit<\/h3>\n<p data-start=\"1419\" data-end=\"1682\">Le pr\u00e9sent <strong data-start=\"1424\" data-end=\"1471\">bo\u00eete d'emballage de chocolat de luxe avec couvercle et base<\/strong> est con\u00e7u pour les marques de chocolat haut de gamme et les collections de cadeaux de confiserie.<br data-start=\"1548\" data-end=\"1551\" \/>La structure classique en deux parties offre une exp\u00e9rience de d\u00e9ballage raffin\u00e9e tout en prot\u00e9geant parfaitement les chocolats d\u00e9licats.<\/p>\n<p data-start=\"1684\" data-end=\"1843\">Avec une bo\u00eete rigide et des compartiments int\u00e9rieurs personnalisables, cet emballage est id\u00e9al pour les chocolats assortis, les pralines, les truffes et les coffrets cadeaux saisonniers.<\/p>\n<hr data-start=\"1845\" data-end=\"1848\" \/>\n<h3 data-start=\"1850\" data-end=\"1866\">Caract\u00e9ristiques principales<\/h3>\n<ul data-start=\"1868\" data-end=\"2416\">\n<li data-start=\"1868\" data-end=\"1981\">\n<p data-start=\"1870\" data-end=\"1981\"><strong data-start=\"1870\" data-end=\"1904\">Structure classique du couvercle et de la base<\/strong><br data-start=\"1904\" data-end=\"1907\" \/>Le design intemporel de la bo\u00eete en deux parties am\u00e9liore la pr\u00e9sentation et la valeur per\u00e7ue.<\/p>\n<\/li>\n<li data-start=\"1983\" data-end=\"2095\">\n<p data-start=\"1985\" data-end=\"2095\"><strong data-start=\"1985\" data-end=\"2013\">Construction en panneaux rigides<\/strong><br data-start=\"2013\" data-end=\"2016\" \/>Le mat\u00e9riau solide et durable prot\u00e8ge les chocolats pendant le transport et la pr\u00e9sentation.<\/p>\n<\/li>\n<li data-start=\"2097\" data-end=\"2206\">\n<p data-start=\"2099\" data-end=\"2206\"><strong data-start=\"2099\" data-end=\"2127\">Inserts chocolat\u00e9s personnalis\u00e9s<\/strong><br data-start=\"2127\" data-end=\"2130\" \/>Les plateaux \u00e0 compartiments peuvent \u00eatre adapt\u00e9s \u00e0 diff\u00e9rentes tailles et formes de chocolat.<\/p>\n<\/li>\n<li data-start=\"2208\" data-end=\"2307\">\n<p data-start=\"2210\" data-end=\"2307\"><strong data-start=\"2210\" data-end=\"2232\">Appel \u00e0 cadeaux de luxe<\/strong><br data-start=\"2232\" data-end=\"2235\" \/>Parfait pour les collections de chocolats haut de gamme et les emballages de cadeaux festifs.<\/p>\n<\/li>\n<li data-start=\"2309\" data-end=\"2416\">\n<p data-start=\"2311\" data-end=\"2416\"><strong data-start=\"2311\" data-end=\"2343\">Impression et finition Premium<\/strong><br data-start=\"2343\" data-end=\"2346\" \/>Prise en charge de la dorure, du gaufrage, du vernissage UV et des papiers sp\u00e9ciaux.<\/p>\n<\/li>\n<\/ul>\n<hr data-start=\"2418\" data-end=\"2421\" \/>\n<h3 data-start=\"2423\" data-end=\"2445\">Applications id\u00e9ales<\/h3>\n<ul data-start=\"2447\" data-end=\"2628\">\n<li data-start=\"2447\" data-end=\"2478\">\n<p data-start=\"2449\" data-end=\"2478\">Coffrets de luxe en chocolat<\/p>\n<\/li>\n<li data-start=\"2479\" data-end=\"2521\">\n<p data-start=\"2481\" data-end=\"2521\">Emballages assortis de chocolat et de pralines<\/p>\n<\/li>\n<li data-start=\"2522\" data-end=\"2566\">\n<p data-start=\"2524\" data-end=\"2566\">Collections de chocolats de saison et de vacances<\/p>\n<\/li>\n<li data-start=\"2567\" data-end=\"2600\">\n<p data-start=\"2569\" data-end=\"2600\">Marques de confiserie<\/p>\n<\/li>\n<li data-start=\"2601\" data-end=\"2628\">\n<p data-start=\"2603\" data-end=\"2628\">Cadeaux d'entreprise en chocolat<\/p>\n<\/li>\n<\/ul>\n<hr data-start=\"2630\" data-end=\"2633\" \/>\n<h3 data-start=\"2635\" data-end=\"2660\">Options de personnalisation<\/h3>\n<ul data-start=\"2662\" data-end=\"2953\">\n<li data-start=\"2662\" data-end=\"2696\">\n<p data-start=\"2664\" data-end=\"2696\">Personnalisation de la taille et de la profondeur de la bo\u00eete<\/p>\n<\/li>\n<li data-start=\"2697\" data-end=\"2751\">\n<p data-start=\"2699\" data-end=\"2751\">Mat\u00e9riaux du plateau int\u00e9rieur : carton, EVA, p\u00e2te moul\u00e9e<\/p>\n<\/li>\n<li data-start=\"2752\" data-end=\"2807\">\n<p data-start=\"2754\" data-end=\"2807\">Finitions de surface : mat, soft-touch, papier textur\u00e9<\/p>\n<\/li>\n<li data-start=\"2808\" data-end=\"2865\">\n<p data-start=\"2810\" data-end=\"2865\">Options de logo : marquage \u00e0 chaud, gaufrage, d\u00e9bossage<\/p>\n<\/li>\n<li data-start=\"2866\" data-end=\"2905\">\n<p data-start=\"2868\" data-end=\"2905\">Correspondance des couleurs et impression CMYK compl\u00e8te<\/p>\n<\/li>\n<li data-start=\"2906\" data-end=\"2953\">\n<p data-start=\"2908\" data-end=\"2953\">Mat\u00e9riaux \u00e9cologiques et recyclables disponibles<\/p>\n<\/li>\n<\/ul>\n<hr data-start=\"2955\" data-end=\"2958\" \/>\n<h3 data-start=\"2960\" data-end=\"2990\">Pourquoi choisir cet emballage ?<\/h3>\n<p data-start=\"2992\" data-end=\"3212\">Le pr\u00e9sent <strong data-start=\"2997\" data-end=\"3032\">bo\u00eete cadeau en chocolat avec couvercle et base<\/strong> allie la solidit\u00e9 structurelle \u00e0 une pr\u00e9sentation \u00e9l\u00e9gante.<br data-start=\"3088\" data-end=\"3091\" \/>Il renforce l'image de la marque, prot\u00e8ge les chocolats d\u00e9licats et cr\u00e9e une exp\u00e9rience de d\u00e9ballage haut de gamme dont les clients se souviennent.<\/p>","protected":false},"excerpt":{"rendered":"<p>Bo\u00eete d'emballage de chocolat avec couvercle et base | Bo\u00eete cadeau de luxe<\/p>","protected":false},"featured_media":0,"template":"","meta":{"_joinchat":[]},"product_brand":[],"product_cat":[15,67,90,287,289,316],"product_tag":[131,401],"class_list":{"0":"post-9170","1":"product","2":"type-product","3":"status-publish","5":"product_cat-uncategorized","6":"product_cat-rigid-box","7":"product_cat-lift-off-detachable-lid","8":"product_cat-candy-amp-sweets-packaging","9":"product_cat-chocolate-packaging","10":"product_cat-candy-gift-boxes","11":"product_tag-food-package","12":"product_tag-biodegradable-food-package","14":"first","15":"instock","16":"product-type-simple"},"acf":[],"_links":{"self":[{"href":"https:\/\/h2packaging.com\/fr\/wp-json\/wp\/v2\/product\/9170","targetHints":{"allow":["GET"]}}],"collection":[{"href":"https:\/\/h2packaging.com\/fr\/wp-json\/wp\/v2\/product"}],"about":[{"href":"https:\/\/h2packaging.com\/fr\/wp-json\/wp\/v2\/types\/product"}],"wp:attachment":[{"href":"https:\/\/h2packaging.com\/fr\/wp-json\/wp\/v2\/media?parent=9170"}],"wp:term":[{"taxonomy":"product_brand","embeddable":true,"href":"https:\/\/h2packaging.com\/fr\/wp-json\/wp\/v2\/product_brand?post=9170"},{"taxonomy":"product_cat","embeddable":true,"href":"https:\/\/h2packaging.com\/fr\/wp-json\/wp\/v2\/product_cat?post=9170"},{"taxonomy":"product_tag","embeddable":true,"href":"https:\/\/h2packaging.com\/fr\/wp-json\/wp\/v2\/product_tag?post=9170"}],"curies":[{"name":"wp","href":"https:\/\/api.w.org\/{rel}","templated":true}]}}