{"id":9186,"date":"2025-12-22T20:56:42","date_gmt":"2025-12-22T12:56:42","guid":{"rendered":"https:\/\/tbc72w920v.onrocket.site\/product\/strategic-war-game-packaging-box-with-cooperative-play-design\/"},"modified":"2026-01-28T17:33:06","modified_gmt":"2026-01-28T09:33:06","slug":"strategic-war-game-packaging-box-with-cooperative-play-design","status":"publish","type":"product","link":"https:\/\/h2packaging.com\/fr\/produit\/strategic-war-game-packaging-box-with-cooperative-play-design\/","title":{"rendered":"Bo\u00eete d'emballage de parfum en papier de luxe"},"content":{"rendered":"<h3 data-start=\"1526\" data-end=\"1549\">Description du produit<\/h3>\n<p data-start=\"1551\" data-end=\"1878\">Le pr\u00e9sent <strong data-start=\"1556\" data-end=\"1604\">bo\u00eete d'emballage de parfum en papier de luxe<\/strong> est con\u00e7u pour les marques de parfums haut de gamme qui accordent de l'importance \u00e0 une esth\u00e9tique raffin\u00e9e et \u00e0 une pr\u00e9sentation sup\u00e9rieure.<br data-start=\"1702\" data-end=\"1705\" \/>Fabriqu\u00e9 avec un papier sp\u00e9cial textur\u00e9 et une structure de bo\u00eete rigide, il offre une exp\u00e9rience de d\u00e9ballage \u00e9l\u00e9gante tout en assurant une excellente protection des flacons de parfum haut de gamme.<\/p>\n<p data-start=\"1880\" data-end=\"2037\">Avec son design minimaliste, ses couleurs profondes et son insert int\u00e9rieur pr\u00e9cis, ce coffret renforce la valeur de la marque et am\u00e9liore la perception de la qualit\u00e9 des parfums de luxe.<\/p>\n<hr data-start=\"2039\" data-end=\"2042\" \/>\n<h3 data-start=\"2044\" data-end=\"2060\">Caract\u00e9ristiques principales<\/h3>\n<ul data-start=\"2062\" data-end=\"2637\">\n<li data-start=\"2062\" data-end=\"2185\">\n<p data-start=\"2064\" data-end=\"2185\"><strong data-start=\"2064\" data-end=\"2091\">Papier de sp\u00e9cialit\u00e9 Surface<\/strong><br data-start=\"2091\" data-end=\"2094\" \/>Le papier textur\u00e9 de qualit\u00e9 sup\u00e9rieure ajoute de la profondeur, de la richesse tactile et une identit\u00e9 visuelle sophistiqu\u00e9e.<\/p>\n<\/li>\n<li data-start=\"2187\" data-end=\"2303\">\n<p data-start=\"2189\" data-end=\"2303\"><strong data-start=\"2189\" data-end=\"2215\">Construction en bo\u00eete rigide<\/strong><br data-start=\"2215\" data-end=\"2218\" \/>La structure en carton rigide durable offre une protection solide aux flacons de parfum en verre.<\/p>\n<\/li>\n<li data-start=\"2305\" data-end=\"2404\">\n<p data-start=\"2307\" data-end=\"2404\"><strong data-start=\"2307\" data-end=\"2330\">Insert int\u00e9rieur personnalis\u00e9<\/strong><br data-start=\"2330\" data-end=\"2333\" \/>L'insert ajust\u00e9 avec pr\u00e9cision maintient le flacon de parfum stable et s\u00fbr.<\/p>\n<\/li>\n<li data-start=\"2406\" data-end=\"2518\">\n<p data-start=\"2408\" data-end=\"2518\"><strong data-start=\"2408\" data-end=\"2436\">Pr\u00e9sentation de cadeaux de luxe<\/strong><br data-start=\"2436\" data-end=\"2439\" \/>Id\u00e9al pour la vente au d\u00e9tail, les \u00e9ditions limit\u00e9es et les collections de parfums de luxe.<\/p>\n<\/li>\n<li data-start=\"2520\" data-end=\"2637\">\n<p data-start=\"2522\" data-end=\"2637\"><strong data-start=\"2522\" data-end=\"2551\">Conception enti\u00e8rement personnalisable<\/strong><br data-start=\"2551\" data-end=\"2554\" \/>Les produits sont adapt\u00e9s \u00e0 l'esth\u00e9tique de la marque, depuis la s\u00e9lection des mat\u00e9riaux jusqu'aux d\u00e9tails de finition.<\/p>\n<\/li>\n<\/ul>\n<hr data-start=\"2639\" data-end=\"2642\" \/>\n<h3 data-start=\"2644\" data-end=\"2657\">Id\u00e9al pour<\/h3>\n<ul data-start=\"2659\" data-end=\"2839\">\n<li data-start=\"2659\" data-end=\"2696\">\n<p data-start=\"2661\" data-end=\"2696\">Marques de parfums et de fragrances de luxe<\/p>\n<\/li>\n<li data-start=\"2697\" data-end=\"2733\">\n<p data-start=\"2699\" data-end=\"2733\">Marques de parfums de niche et artisanales<\/p>\n<\/li>\n<li data-start=\"2734\" data-end=\"2765\">\n<p data-start=\"2736\" data-end=\"2765\">Coffrets cosm\u00e9tiques haut de gamme<\/p>\n<\/li>\n<li data-start=\"2766\" data-end=\"2805\">\n<p data-start=\"2768\" data-end=\"2805\">Emballage du parfum en \u00e9dition limit\u00e9e<\/p>\n<\/li>\n<li data-start=\"2806\" data-end=\"2839\">\n<p data-start=\"2808\" data-end=\"2839\">March\u00e9s de d\u00e9tail et d'exportation haut de gamme<\/p>\n<\/li>\n<\/ul>\n<hr data-start=\"2841\" data-end=\"2844\" \/>\n<h3 data-start=\"2846\" data-end=\"2871\">Options de personnalisation<\/h3>\n<ul data-start=\"2873\" data-end=\"3137\">\n<li data-start=\"2873\" data-end=\"2908\">\n<p data-start=\"2875\" data-end=\"2908\">Taille de la bo\u00eete et compatibilit\u00e9 des bouteilles<\/p>\n<\/li>\n<li data-start=\"2909\" data-end=\"2946\">\n<p data-start=\"2911\" data-end=\"2946\">Textures et couleurs de papier sp\u00e9ciales<\/p>\n<\/li>\n<li data-start=\"2947\" data-end=\"2975\">\n<p data-start=\"2949\" data-end=\"2975\">Impression : CMYK \/ Pantone<\/p>\n<\/li>\n<li data-start=\"2976\" data-end=\"3042\">\n<p data-start=\"2978\" data-end=\"3042\">Finition : marquage \u00e0 chaud, gaufrage, d\u00e9bossage, vernis UV<\/p>\n<\/li>\n<li data-start=\"3043\" data-end=\"3092\">\n<p data-start=\"3045\" data-end=\"3092\">Mat\u00e9riaux de l'insert int\u00e9rieur : carton, EVA, mousse<\/p>\n<\/li>\n<li data-start=\"3093\" data-end=\"3137\">\n<p data-start=\"3095\" data-end=\"3137\">Placement du logo et conception de l'histoire de la marque<\/p>\n<\/li>\n<\/ul>\n<hr data-start=\"3139\" data-end=\"3142\" \/>\n<h3 data-start=\"3144\" data-end=\"3186\">Pourquoi choisir cette bo\u00eete d'emballage de parfum ?<\/h3>\n<p data-start=\"3188\" data-end=\"3452\">Le pr\u00e9sent <strong data-start=\"3193\" data-end=\"3226\">bo\u00eete d'emballage de parfum de qualit\u00e9 sup\u00e9rieure<\/strong> est plus qu'une protection - c'est une d\u00e9claration de marque.<br data-start=\"3275\" data-end=\"3278\" \/>La combinaison de papiers sp\u00e9ciaux, d'une structure rigide et d'un savoir-faire raffin\u00e9 en fait une solution id\u00e9ale pour les marques de parfums \u00e0 la recherche d'une pr\u00e9sentation luxueuse et m\u00e9morable.<\/p>","protected":false},"excerpt":{"rendered":"<p>Bo\u00eete d'emballage de parfum de luxe | Bo\u00eete cadeau rigide en papier sp\u00e9cial<\/p>","protected":false},"featured_media":10483,"template":"","meta":{"_joinchat":[]},"product_brand":[],"product_cat":[15,291],"product_tag":[403],"class_list":{"0":"post-9186","1":"product","2":"type-product","3":"status-publish","4":"has-post-thumbnail","6":"product_cat-uncategorized","7":"product_cat-cosmetic-packaging","8":"product_tag-game-package","10":"first","11":"instock","12":"product-type-simple"},"acf":[],"_links":{"self":[{"href":"https:\/\/h2packaging.com\/fr\/wp-json\/wp\/v2\/product\/9186","targetHints":{"allow":["GET"]}}],"collection":[{"href":"https:\/\/h2packaging.com\/fr\/wp-json\/wp\/v2\/product"}],"about":[{"href":"https:\/\/h2packaging.com\/fr\/wp-json\/wp\/v2\/types\/product"}],"wp:featuredmedia":[{"embeddable":true,"href":"https:\/\/h2packaging.com\/fr\/wp-json\/wp\/v2\/media\/10483"}],"wp:attachment":[{"href":"https:\/\/h2packaging.com\/fr\/wp-json\/wp\/v2\/media?parent=9186"}],"wp:term":[{"taxonomy":"product_brand","embeddable":true,"href":"https:\/\/h2packaging.com\/fr\/wp-json\/wp\/v2\/product_brand?post=9186"},{"taxonomy":"product_cat","embeddable":true,"href":"https:\/\/h2packaging.com\/fr\/wp-json\/wp\/v2\/product_cat?post=9186"},{"taxonomy":"product_tag","embeddable":true,"href":"https:\/\/h2packaging.com\/fr\/wp-json\/wp\/v2\/product_tag?post=9186"}],"curies":[{"name":"wp","href":"https:\/\/api.w.org\/{rel}","templated":true}]}}