{"id":9206,"date":"2025-12-22T20:57:23","date_gmt":"2025-12-22T12:57:23","guid":{"rendered":"https:\/\/tbc72w920v.onrocket.site\/product\/colorful-game-packaging-tin-box-for-family-card-games\/"},"modified":"2026-01-28T16:59:43","modified_gmt":"2026-01-28T08:59:43","slug":"colorful-game-packaging-tin-box-for-family-card-games","status":"publish","type":"product","link":"https:\/\/h2packaging.com\/fr\/produit\/colorful-game-packaging-tin-box-for-family-card-games\/","title":{"rendered":"Bo\u00eete cadeau personnalis\u00e9e en forme de c\u0153ur"},"content":{"rendered":"<p data-start=\"786\" data-end=\"1062\">Le pr\u00e9sent <strong data-start=\"791\" data-end=\"833\">emballage cadeau personnalis\u00e9 en forme de c\u0153ur<\/strong> est con\u00e7u pour cr\u00e9er une exp\u00e9rience de d\u00e9ballage \u00e9motionnelle et m\u00e9morable.<br data-start=\"903\" data-end=\"906\" \/>Avec sa bo\u00eete int\u00e9rieure unique en forme de c\u0153ur et sa structure ext\u00e9rieure pliable, elle est id\u00e9ale pour les emballages cadeaux haut de gamme o\u00f9 la pr\u00e9sentation est primordiale.<\/p>\n<p data-start=\"1064\" data-end=\"1186\">L'\u00e9l\u00e9gant ruban de fermeture et le carton rigide font de ce coffret un outil id\u00e9al pour les cadeaux de luxe et les occasions sp\u00e9ciales.<\/p>\n<ul data-start=\"1213\" data-end=\"1461\">\n<li data-start=\"1213\" data-end=\"1254\">\n<p data-start=\"1215\" data-end=\"1254\">Bo\u00eete cadeau cr\u00e9ative en forme de c\u0153ur<\/p>\n<\/li>\n<li data-start=\"1255\" data-end=\"1293\">\n<p data-start=\"1257\" data-end=\"1293\">Structure pliable de l'emballage ext\u00e9rieur<\/p>\n<\/li>\n<li data-start=\"1294\" data-end=\"1324\">\n<p data-start=\"1296\" data-end=\"1324\">Fermeture \u00e9l\u00e9gante avec ruban<\/p>\n<\/li>\n<li data-start=\"1325\" data-end=\"1368\">\n<p data-start=\"1327\" data-end=\"1368\">Carton rigide pour une protection optimale<\/p>\n<\/li>\n<li data-start=\"1369\" data-end=\"1415\">\n<p data-start=\"1371\" data-end=\"1415\">Impact visuel fort pour la pr\u00e9sentation des cadeaux<\/p>\n<\/li>\n<li data-start=\"1416\" data-end=\"1461\">\n<p data-start=\"1418\" data-end=\"1461\">Con\u00e7u pour le luxe et les cadeaux \u00e9motionnels<\/p>\n<\/li>\n<li data-start=\"1496\" data-end=\"1529\">\n<p data-start=\"1498\" data-end=\"1529\">Carton rigide de haute qualit\u00e9<\/p>\n<\/li>\n<li data-start=\"1530\" data-end=\"1576\">\n<p data-start=\"1532\" data-end=\"1576\">Bo\u00eete int\u00e9rieure en forme de c\u0153ur pour la pr\u00e9sentation des produits<\/p>\n<\/li>\n<li data-start=\"1577\" data-end=\"1620\">\n<p data-start=\"1579\" data-end=\"1620\">Bo\u00eete ext\u00e9rieure pliable pour un emballage s\u00fbr<\/p>\n<\/li>\n<li data-start=\"1621\" data-end=\"1662\">\n<p data-start=\"1623\" data-end=\"1662\">Surface lisse et mate pour une sensation de qualit\u00e9 sup\u00e9rieure<\/p>\n<\/li>\n<li data-start=\"1663\" data-end=\"1698\">\n<p data-start=\"1665\" data-end=\"1698\">Bords renforc\u00e9s pour une meilleure durabilit\u00e9<\/p>\n<\/li>\n<li data-start=\"1734\" data-end=\"1780\">\n<p data-start=\"1736\" data-end=\"1780\">Dimensions personnalis\u00e9es de la bo\u00eete et de la forme du c\u0153ur<\/p>\n<\/li>\n<li data-start=\"1781\" data-end=\"1822\">\n<p data-start=\"1783\" data-end=\"1822\">Impression de logos et personnalisation de la marque<\/p>\n<\/li>\n<li data-start=\"1823\" data-end=\"1868\">\n<p data-start=\"1825\" data-end=\"1868\">Marquage \u00e0 chaud, dorure ou gaufrage<\/p>\n<\/li>\n<li data-start=\"1869\" data-end=\"1905\">\n<p data-start=\"1871\" data-end=\"1905\">Couleur et mat\u00e9riau du ruban personnalis\u00e9s<\/p>\n<\/li>\n<li data-start=\"1906\" data-end=\"1940\">\n<p data-start=\"1908\" data-end=\"1940\">Rembourrage int\u00e9rieur ou insert personnalis\u00e9<\/p>\n<\/li>\n<li data-start=\"1967\" data-end=\"2001\">\n<p data-start=\"1969\" data-end=\"2001\">Emballage cadeau pour la Saint-Valentin<\/p>\n<\/li>\n<li data-start=\"2002\" data-end=\"2038\">\n<p data-start=\"2004\" data-end=\"2038\">Coffrets cadeaux pour bijoux et accessoires<\/p>\n<\/li>\n<li data-start=\"2039\" data-end=\"2080\">\n<p data-start=\"2041\" data-end=\"2080\">Emballages pour le chocolat et la confiserie<\/p>\n<\/li>\n<li data-start=\"2081\" data-end=\"2115\">\n<p data-start=\"2083\" data-end=\"2115\">Coffrets de parfums et de cosm\u00e9tiques<\/p>\n<\/li>\n<li data-start=\"2116\" data-end=\"2153\">\n<p data-start=\"2118\" data-end=\"2153\">Emballage promotionnel de luxe<\/p>\n<\/li>\n<\/ul>\n<p data-start=\"2202\" data-end=\"2310\">Les emballages en forme de c\u0153ur communiquent instantan\u00e9ment de l'\u00e9motion, de l'attention et de la valeur.<br data-start=\"2273\" data-end=\"2276\" \/>Ce type d'emballage aide les marques :<\/p>\n<ul data-start=\"2312\" data-end=\"2480\">\n<li data-start=\"2312\" data-end=\"2348\">\n<p data-start=\"2314\" data-end=\"2348\">Augmenter la valeur per\u00e7ue du produit<\/p>\n<\/li>\n<li data-start=\"2349\" data-end=\"2385\">\n<p data-start=\"2351\" data-end=\"2385\">Cr\u00e9er des moments m\u00e9morables pour les cadeaux<\/p>\n<\/li>\n<li data-start=\"2386\" data-end=\"2429\">\n<p data-start=\"2388\" data-end=\"2429\">Se d\u00e9marquer dans la vente au d\u00e9tail et en ligne<\/p>\n<\/li>\n<li data-start=\"2430\" data-end=\"2480\">\n<p data-start=\"2432\" data-end=\"2480\">Renforcer le lien \u00e9motionnel avec les clients<\/p>\n<\/li>\n<\/ul>","protected":false},"excerpt":{"rendered":"<p>Bo\u00eete cadeau personnalis\u00e9e en forme de c\u0153ur avec fermeture par ruban, parfaite pour les cadeaux de luxe et les occasions sp\u00e9ciales.<\/p>","protected":false},"featured_media":0,"template":"","meta":{"_joinchat":[]},"product_brand":[],"product_cat":[354,357,384,15,87,296,314,325,351],"product_tag":[403],"class_list":{"0":"post-9206","1":"product","2":"type-product","3":"status-publish","5":"product_cat-holiday-gift-packaging","6":"product_cat-wedding-amp-celebration-packaging","7":"product_cat-luxury-clothing-packaging","8":"product_cat-uncategorized","9":"product_cat-double-door-box","10":"product_cat-gift-packaging","11":"product_cat-gift-amp-premium-packaging","12":"product_cat-skin-care-packaging","13":"product_cat-corporate-gift-boxes","14":"product_tag-game-package","16":"first","17":"instock","18":"product-type-simple"},"acf":[],"_links":{"self":[{"href":"https:\/\/h2packaging.com\/fr\/wp-json\/wp\/v2\/product\/9206","targetHints":{"allow":["GET"]}}],"collection":[{"href":"https:\/\/h2packaging.com\/fr\/wp-json\/wp\/v2\/product"}],"about":[{"href":"https:\/\/h2packaging.com\/fr\/wp-json\/wp\/v2\/types\/product"}],"wp:attachment":[{"href":"https:\/\/h2packaging.com\/fr\/wp-json\/wp\/v2\/media?parent=9206"}],"wp:term":[{"taxonomy":"product_brand","embeddable":true,"href":"https:\/\/h2packaging.com\/fr\/wp-json\/wp\/v2\/product_brand?post=9206"},{"taxonomy":"product_cat","embeddable":true,"href":"https:\/\/h2packaging.com\/fr\/wp-json\/wp\/v2\/product_cat?post=9206"},{"taxonomy":"product_tag","embeddable":true,"href":"https:\/\/h2packaging.com\/fr\/wp-json\/wp\/v2\/product_tag?post=9206"}],"curies":[{"name":"wp","href":"https:\/\/api.w.org\/{rel}","templated":true}]}}