{"id":9212,"date":"2025-12-22T20:57:36","date_gmt":"2025-12-22T12:57:36","guid":{"rendered":"https:\/\/tbc72w920v.onrocket.site\/product\/navy-round-paperboard-two-piece-gift-box\/"},"modified":"2026-01-28T16:10:20","modified_gmt":"2026-01-28T08:10:20","slug":"navy-round-paperboard-two-piece-gift-box","status":"publish","type":"product","link":"https:\/\/h2packaging.com\/fr\/produit\/navy-round-paperboard-two-piece-gift-box\/","title":{"rendered":"Bo\u00eete \u00e0 th\u00e9 personnalis\u00e9e avec couvercle"},"content":{"rendered":"<p data-start=\"765\" data-end=\"999\">Le pr\u00e9sent <strong data-start=\"770\" data-end=\"803\">emballage cadeau personnalis\u00e9 pour le th\u00e9<\/strong> est con\u00e7u pour les th\u00e9s en vrac de qualit\u00e9 sup\u00e9rieure, les tisanes et les produits \u00e0 base de th\u00e9.<br data-start=\"883\" data-end=\"886\" \/>Dot\u00e9e d'un couvercle classique et d'une structure de base, la bo\u00eete offre \u00e0 la fois une protection et une exp\u00e9rience de d\u00e9ballage de haut niveau.<\/p>\n<p data-start=\"1001\" data-end=\"1137\">La finition en papier kraft naturel offre une esth\u00e9tique propre et organique, id\u00e9ale pour les marques de th\u00e9 modernes et les collections de cadeaux haut de gamme.<\/p>\n<ul>\n<li data-start=\"1165\" data-end=\"1198\">\n<p data-start=\"1167\" data-end=\"1198\">Emballage personnalis\u00e9 pour le th\u00e9<\/p>\n<\/li>\n<li data-start=\"1199\" data-end=\"1245\">\n<p data-start=\"1201\" data-end=\"1245\">Structure classique du couvercle et de la base (en deux parties)<\/p>\n<\/li>\n<li data-start=\"1246\" data-end=\"1276\">\n<p data-start=\"1248\" data-end=\"1276\">Design \u00e9l\u00e9gant et minimal<\/p>\n<\/li>\n<li data-start=\"1277\" data-end=\"1324\">\n<p data-start=\"1279\" data-end=\"1324\">Convient pour le th\u00e9 en feuilles et les herbes s\u00e9ch\u00e9es<\/p>\n<\/li>\n<li data-start=\"1325\" data-end=\"1371\">\n<p data-start=\"1327\" data-end=\"1371\">Une protection forte pour les produits \u00e0 base de th\u00e9 de qualit\u00e9 sup\u00e9rieure<\/p>\n<\/li>\n<li data-start=\"1372\" data-end=\"1412\">\n<p data-start=\"1374\" data-end=\"1412\">Id\u00e9al pour la vente au d\u00e9tail et les cadeaux<\/p>\n<\/li>\n<li data-start=\"1448\" data-end=\"1481\">\n<p data-start=\"1450\" data-end=\"1481\">Carton kraft de haute qualit\u00e9<\/p>\n<\/li>\n<li data-start=\"1482\" data-end=\"1516\">\n<p data-start=\"1484\" data-end=\"1516\">Structure rigide pour la durabilit\u00e9<\/p>\n<\/li>\n<li data-start=\"1517\" data-end=\"1552\">\n<p data-start=\"1519\" data-end=\"1552\">Plateau int\u00e9rieur pour la fixation des produits<\/p>\n<\/li>\n<li data-start=\"1553\" data-end=\"1592\">\n<p data-start=\"1555\" data-end=\"1592\">Surface lisse pour une impression de qualit\u00e9<\/p>\n<\/li>\n<li data-start=\"1593\" data-end=\"1642\">\n<p data-start=\"1595\" data-end=\"1642\">Des bords plats et des plis nets pour un look raffin\u00e9<\/p>\n<\/li>\n<\/ul>\n<ul>\n<li data-start=\"1679\" data-end=\"1708\">\n<p data-start=\"1681\" data-end=\"1708\">Taille et profondeur de la bo\u00eete sur mesure<\/p>\n<\/li>\n<li data-start=\"1709\" data-end=\"1739\">\n<p data-start=\"1711\" data-end=\"1739\">Impression de logos et marquage<\/p>\n<\/li>\n<li data-start=\"1740\" data-end=\"1781\">\n<p data-start=\"1742\" data-end=\"1781\">Marquage \u00e0 chaud, gaufrage ou d\u00e9bossage<\/p>\n<\/li>\n<li data-start=\"1782\" data-end=\"1813\">\n<p data-start=\"1784\" data-end=\"1813\">Plateau int\u00e9rieur ou insert personnalis\u00e9<\/p>\n<\/li>\n<li data-start=\"1814\" data-end=\"1855\">\n<p data-start=\"1816\" data-end=\"1855\">Finition de la surface en kraft mat ou naturel<\/p>\n<\/li>\n<li data-start=\"1883\" data-end=\"1911\">\n<p data-start=\"1885\" data-end=\"1911\">Emballage de th\u00e9 en vrac<\/p>\n<\/li>\n<li data-start=\"1912\" data-end=\"1957\">\n<p data-start=\"1914\" data-end=\"1957\">Bo\u00eetes de th\u00e9 blanc, de th\u00e9 vert ou de tisanes<\/p>\n<\/li>\n<li data-start=\"1958\" data-end=\"1983\">\n<p data-start=\"1960\" data-end=\"1983\">Coffrets de th\u00e9 de qualit\u00e9 sup\u00e9rieure<\/p>\n<\/li>\n<li data-start=\"1984\" data-end=\"2015\">\n<p data-start=\"1986\" data-end=\"2015\">Emballage d'une marque de th\u00e9 biologique<\/p>\n<\/li>\n<li data-start=\"2016\" data-end=\"2054\">\n<p data-start=\"2018\" data-end=\"2054\">Emballage de th\u00e9 de saison ou de f\u00eate<\/p>\n<\/li>\n<\/ul>\n<p data-start=\"2102\" data-end=\"2222\">Une bo\u00eete \u00e0 th\u00e9 bien con\u00e7ue ne se contente pas de prot\u00e9ger le produit, elle raconte l'histoire de la marque.<br data-start=\"2188\" data-end=\"2191\" \/>Ce coffret cadeau pour le th\u00e9 aide les marques :<\/p>\n<ul data-start=\"2224\" data-end=\"2372\">\n<li data-start=\"2224\" data-end=\"2260\">\n<p data-start=\"2226\" data-end=\"2260\">Am\u00e9liorer la perception de la valeur du produit<\/p>\n<\/li>\n<li data-start=\"2261\" data-end=\"2303\">\n<p data-start=\"2263\" data-end=\"2303\">Cr\u00e9er une exp\u00e9rience de d\u00e9ballage m\u00e9morable<\/p>\n<\/li>\n<li data-start=\"2304\" data-end=\"2333\">\n<p data-start=\"2306\" data-end=\"2333\">Renforcer l'identit\u00e9 de la marque<\/p>\n<\/li>\n<li data-start=\"2334\" data-end=\"2372\">\n<p data-start=\"2336\" data-end=\"2372\">Attirer les march\u00e9s des cadeaux et des produits haut de gamme<\/p>\n<\/li>\n<\/ul>","protected":false},"excerpt":{"rendered":"<p>Bo\u00eete cadeau personnalis\u00e9e pour le th\u00e9 avec couvercle, id\u00e9ale pour le th\u00e9 en feuilles et les coffrets cadeaux de th\u00e9 de qualit\u00e9 sup\u00e9rieure.<\/p>","protected":false},"featured_media":0,"template":"","meta":{"_joinchat":[]},"product_brand":[],"product_cat":[15,308,351],"product_tag":[135,140,142,156,162,243,244,403],"class_list":{"0":"post-9212","1":"product","2":"type-product","3":"status-publish","5":"product_cat-uncategorized","6":"product_cat-tea-packaging","7":"product_cat-corporate-gift-boxes","8":"product_tag-retail-package","9":"product_tag-candy-amp-sweets-package","10":"product_tag-gift-package","11":"product_tag-sustainable-packaging","12":"product_tag-holiday-gift-packaging","13":"product_tag-creative-paper-tube","14":"product_tag-stylish-amp-sustainable-paper-tube-packaging","15":"product_tag-game-package","17":"first","18":"instock","19":"product-type-simple"},"acf":[],"_links":{"self":[{"href":"https:\/\/h2packaging.com\/fr\/wp-json\/wp\/v2\/product\/9212","targetHints":{"allow":["GET"]}}],"collection":[{"href":"https:\/\/h2packaging.com\/fr\/wp-json\/wp\/v2\/product"}],"about":[{"href":"https:\/\/h2packaging.com\/fr\/wp-json\/wp\/v2\/types\/product"}],"wp:attachment":[{"href":"https:\/\/h2packaging.com\/fr\/wp-json\/wp\/v2\/media?parent=9212"}],"wp:term":[{"taxonomy":"product_brand","embeddable":true,"href":"https:\/\/h2packaging.com\/fr\/wp-json\/wp\/v2\/product_brand?post=9212"},{"taxonomy":"product_cat","embeddable":true,"href":"https:\/\/h2packaging.com\/fr\/wp-json\/wp\/v2\/product_cat?post=9212"},{"taxonomy":"product_tag","embeddable":true,"href":"https:\/\/h2packaging.com\/fr\/wp-json\/wp\/v2\/product_tag?post=9212"}],"curies":[{"name":"wp","href":"https:\/\/api.w.org\/{rel}","templated":true}]}}