{"id":9219,"date":"2025-12-22T20:57:52","date_gmt":"2025-12-22T12:57:52","guid":{"rendered":"https:\/\/tbc72w920v.onrocket.site\/product\/colorful-round-paper-canister-box-with-lid\/"},"modified":"2026-01-28T16:01:59","modified_gmt":"2026-01-28T08:01:59","slug":"colorful-round-paper-canister-box-with-lid","status":"publish","type":"product","link":"https:\/\/h2packaging.com\/fr\/produit\/colorful-round-paper-canister-box-with-lid\/","title":{"rendered":"Gobelet en papier imprim\u00e9 personnalis\u00e9 pour les boissons \u00e0 emporter"},"content":{"rendered":"<p data-start=\"870\" data-end=\"1156\">Le pr\u00e9sent <strong data-start=\"875\" data-end=\"903\">gobelet en papier imprim\u00e9 personnalis\u00e9<\/strong> est con\u00e7u pour les boissons \u00e0 emporter telles que le th\u00e9, le caf\u00e9, le th\u00e9 au lait et les boissons sp\u00e9ciales.<br data-start=\"991\" data-end=\"994\" \/>Dot\u00e9 d'une palette de couleurs audacieuses et d'un motif \u00e9l\u00e9gant, il permet aux marques de boissons d'am\u00e9liorer leur reconnaissance visuelle tout en offrant une exp\u00e9rience de consommation confortable.<\/p>\n<p data-start=\"1158\" data-end=\"1313\">Id\u00e9al pour les plats \u00e0 emporter quotidiens, les campagnes promotionnelles et les collections saisonni\u00e8res, cet emballage de gobelets en papier allie fonctionnalit\u00e9 et attrait de la marque.<\/p>\n<ul>\n<li data-start=\"1340\" data-end=\"1382\">\n<p data-start=\"1342\" data-end=\"1382\">Gobelet en papier imprim\u00e9 personnalis\u00e9 pour boissons<\/p>\n<\/li>\n<li data-start=\"1383\" data-end=\"1419\">\n<p data-start=\"1385\" data-end=\"1419\">Convient aux boissons chaudes et froides<\/p>\n<\/li>\n<li data-start=\"1420\" data-end=\"1457\">\n<p data-start=\"1422\" data-end=\"1457\">Compatible avec les couvercles de gobelets standard<\/p>\n<\/li>\n<li data-start=\"1458\" data-end=\"1501\">\n<p data-start=\"1460\" data-end=\"1501\">Design accrocheur pour la promotion de la marque<\/p>\n<\/li>\n<li data-start=\"1502\" data-end=\"1538\">\n<p data-start=\"1504\" data-end=\"1538\">Structure l\u00e9g\u00e8re mais robuste<\/p>\n<\/li>\n<li data-start=\"1539\" data-end=\"1578\">\n<p data-start=\"1541\" data-end=\"1578\">Id\u00e9al pour les plats \u00e0 emporter et les magasins<\/p>\n<\/li>\n<li data-start=\"1613\" data-end=\"1642\">\n<p data-start=\"1615\" data-end=\"1642\">Papier de qualit\u00e9 alimentaire<\/p>\n<\/li>\n<li data-start=\"1643\" data-end=\"1688\">\n<p data-start=\"1645\" data-end=\"1688\">Structure multicouche pour l'isolation thermique<\/p>\n<\/li>\n<li data-start=\"1689\" data-end=\"1733\">\n<p data-start=\"1691\" data-end=\"1733\">Surface lisse pour une impression de haute qualit\u00e9<\/p>\n<\/li>\n<li data-start=\"1734\" data-end=\"1776\">\n<p data-start=\"1736\" data-end=\"1776\">R\u00e9sistant aux fuites et confortable \u00e0 tenir<\/p>\n<\/li>\n<li data-start=\"1777\" data-end=\"1821\">\n<p data-start=\"1779\" data-end=\"1821\">Con\u00e7u pour les gobelets de boissons de taille standard<\/p>\n<\/li>\n<li data-start=\"1857\" data-end=\"1889\">\n<p data-start=\"1859\" data-end=\"1889\">Taille et capacit\u00e9 du gobelet personnalis\u00e9es<\/p>\n<\/li>\n<li data-start=\"1890\" data-end=\"1925\">\n<p data-start=\"1892\" data-end=\"1925\">Impression de logos et de marques<\/p>\n<\/li>\n<li data-start=\"1926\" data-end=\"1960\">\n<p data-start=\"1928\" data-end=\"1960\">Correspondance des couleurs CMYK ou Pantone<\/p>\n<\/li>\n<li data-start=\"1961\" data-end=\"1995\">\n<p data-start=\"1963\" data-end=\"1995\">Finition de surface mate ou brillante<\/p>\n<\/li>\n<li data-start=\"1996\" data-end=\"2041\">\n<p data-start=\"1998\" data-end=\"2041\">Convient pour les motifs saisonniers ou de festival<\/p>\n<\/li>\n<li data-start=\"2068\" data-end=\"2095\">\n<p data-start=\"2070\" data-end=\"2095\">Marques de th\u00e9 et de th\u00e9 au lait<\/p>\n<\/li>\n<li data-start=\"2096\" data-end=\"2122\">\n<p data-start=\"2098\" data-end=\"2122\">Caf\u00e9s et caf\u00e9s<\/p>\n<\/li>\n<li data-start=\"2123\" data-end=\"2154\">\n<p data-start=\"2125\" data-end=\"2154\">Emballages pour boissons \u00e0 emporter<\/p>\n<\/li>\n<li data-start=\"2155\" data-end=\"2186\">\n<p data-start=\"2157\" data-end=\"2186\">Emballage promotionnel pour les boissons<\/p>\n<\/li>\n<li data-start=\"2187\" data-end=\"2221\">\n<p data-start=\"2189\" data-end=\"2221\">\u00c9v\u00e9nements li\u00e9s \u00e0 la marque et magasins \u00e9ph\u00e9m\u00e8res<\/p>\n<\/li>\n<\/ul>\n<p data-start=\"2272\" data-end=\"2385\">Les gobelets en papier personnalis\u00e9s sont plus que des contenants - ce sont des publicit\u00e9s de marque mobiles.<br data-start=\"2354\" data-end=\"2357\" \/>Cet emballage aide les marques :<\/p>\n<ul data-start=\"2387\" data-end=\"2533\">\n<li data-start=\"2387\" data-end=\"2416\">\n<p data-start=\"2389\" data-end=\"2416\">Augmenter la visibilit\u00e9 de la marque<\/p>\n<\/li>\n<li data-start=\"2417\" data-end=\"2457\">\n<p data-start=\"2419\" data-end=\"2457\">Am\u00e9liorer l'exp\u00e9rience des clients en mati\u00e8re de vente \u00e0 emporter<\/p>\n<\/li>\n<li data-start=\"2458\" data-end=\"2487\">\n<p data-start=\"2460\" data-end=\"2487\">Renforcer l'identit\u00e9 de la marque<\/p>\n<\/li>\n<li data-start=\"2488\" data-end=\"2533\">\n<p data-start=\"2490\" data-end=\"2533\">Se d\u00e9marquer sur les march\u00e9s concurrentiels des boissons<\/p>\n<\/li>\n<\/ul>","protected":false},"excerpt":{"rendered":"<p>Gobelet en papier imprim\u00e9 personnalis\u00e9 pour les boissons \u00e0 emporter, adapt\u00e9 aux marques de th\u00e9, de caf\u00e9 et de th\u00e9 au lait.<\/p>","protected":false},"featured_media":0,"template":"","meta":{"_joinchat":[]},"product_brand":[],"product_cat":[285,294,337,368],"product_tag":[135,243,244,403],"class_list":{"0":"post-9219","1":"product","2":"type-product","3":"status-publish","5":"product_cat-beverage-packaging","6":"product_cat-food-packaging","7":"product_cat-cold-cups","8":"product_cat-beverage-packaging-solution","9":"product_tag-retail-package","10":"product_tag-creative-paper-tube","11":"product_tag-stylish-amp-sustainable-paper-tube-packaging","12":"product_tag-game-package","14":"first","15":"instock","16":"product-type-simple"},"acf":[],"_links":{"self":[{"href":"https:\/\/h2packaging.com\/fr\/wp-json\/wp\/v2\/product\/9219","targetHints":{"allow":["GET"]}}],"collection":[{"href":"https:\/\/h2packaging.com\/fr\/wp-json\/wp\/v2\/product"}],"about":[{"href":"https:\/\/h2packaging.com\/fr\/wp-json\/wp\/v2\/types\/product"}],"wp:attachment":[{"href":"https:\/\/h2packaging.com\/fr\/wp-json\/wp\/v2\/media?parent=9219"}],"wp:term":[{"taxonomy":"product_brand","embeddable":true,"href":"https:\/\/h2packaging.com\/fr\/wp-json\/wp\/v2\/product_brand?post=9219"},{"taxonomy":"product_cat","embeddable":true,"href":"https:\/\/h2packaging.com\/fr\/wp-json\/wp\/v2\/product_cat?post=9219"},{"taxonomy":"product_tag","embeddable":true,"href":"https:\/\/h2packaging.com\/fr\/wp-json\/wp\/v2\/product_tag?post=9219"}],"curies":[{"name":"wp","href":"https:\/\/api.w.org\/{rel}","templated":true}]}}