{"id":9243,"date":"2025-12-22T20:58:42","date_gmt":"2025-12-22T12:58:42","guid":{"rendered":"https:\/\/tbc72w920v.onrocket.site\/product\/vertical-jewelry-display-stand-with-elevated-base\/"},"modified":"2026-01-27T17:24:51","modified_gmt":"2026-01-27T09:24:51","slug":"vertical-jewelry-display-stand-with-elevated-base","status":"publish","type":"product","link":"https:\/\/h2packaging.com\/fr\/produit\/vertical-jewelry-display-stand-with-elevated-base\/","title":{"rendered":"Bo\u00eete d'emballage de chocolat hexagonale personnalis\u00e9e - Bo\u00eete cadeau de chocolat de luxe"},"content":{"rendered":"<p data-start=\"984\" data-end=\"1138\">Le pr\u00e9sent <strong data-start=\"989\" data-end=\"1031\">bo\u00eete d'emballage de chocolat hexagonale personnalis\u00e9e<\/strong> est con\u00e7u pour les marques de chocolat haut de gamme \u00e0 la recherche d'une solution d'emballage distinctive, \u00e9l\u00e9gante et m\u00e9morable.<\/p>\n<p data-start=\"1140\" data-end=\"1355\">L'unique <strong data-start=\"1151\" data-end=\"1184\">structure hexagonale rigide<\/strong> augmente imm\u00e9diatement la valeur per\u00e7ue des chocolats artisanaux, ce qui le rend id\u00e9al pour les collections de cadeaux de luxe, les assortiments saisonniers et les emballages de confiserie haut de gamme.<\/p>\n<ul data-start=\"1388\" data-end=\"1692\">\n<li data-start=\"1388\" data-end=\"1437\">\n<p data-start=\"1390\" data-end=\"1437\">Bo\u00eete d'emballage de chocolat unique en forme d'hexagone<\/p>\n<\/li>\n<li data-start=\"1438\" data-end=\"1479\">\n<p data-start=\"1440\" data-end=\"1479\">Construction en carton rigide de premi\u00e8re qualit\u00e9<\/p>\n<\/li>\n<li data-start=\"1480\" data-end=\"1528\">\n<p data-start=\"1482\" data-end=\"1528\">Con\u00e7u pour les emballages de chocolats de luxe<\/p>\n<\/li>\n<li data-start=\"1529\" data-end=\"1582\">\n<p data-start=\"1531\" data-end=\"1582\">Plateau d'insertion personnalis\u00e9 pour une mise en place s\u00fbre du chocolat<\/p>\n<\/li>\n<li data-start=\"1583\" data-end=\"1639\">\n<p data-start=\"1585\" data-end=\"1639\">Une exp\u00e9rience d'ouverture \u00e9l\u00e9gante avec un fort impact visuel<\/p>\n<\/li>\n<li data-start=\"1640\" data-end=\"1692\">\n<p data-start=\"1642\" data-end=\"1692\">Id\u00e9al pour les boutiques et les marques de chocolat haut de gamme<\/p>\n<\/li>\n<li data-start=\"1734\" data-end=\"1767\">\n<p data-start=\"1736\" data-end=\"1767\">Carton rigide haute densit\u00e9<\/p>\n<\/li>\n<li data-start=\"1768\" data-end=\"1805\">\n<p data-start=\"1770\" data-end=\"1805\">Structure hexagonale d\u00e9coup\u00e9e avec pr\u00e9cision<\/p>\n<\/li>\n<li data-start=\"1806\" data-end=\"1849\">\n<p data-start=\"1808\" data-end=\"1849\">Plateau int\u00e9rieur sur mesure pour les chocolats<\/p>\n<\/li>\n<li data-start=\"1850\" data-end=\"1894\">\n<p data-start=\"1852\" data-end=\"1894\">Emballage en papier mat et lisse ou en papier sp\u00e9cial<\/p>\n<\/li>\n<li data-start=\"1895\" data-end=\"1951\">\n<p data-start=\"1897\" data-end=\"1951\">Bords solides pour la protection du produit pendant le transport<\/p>\n<\/li>\n<li data-start=\"1993\" data-end=\"2031\">\n<p data-start=\"1995\" data-end=\"2031\">Taille et disposition des compartiments sur mesure<\/p>\n<\/li>\n<li data-start=\"2032\" data-end=\"2078\">\n<p data-start=\"2034\" data-end=\"2078\">Impression en quadrichromie ou marquage minimaliste<\/p>\n<\/li>\n<li data-start=\"2079\" data-end=\"2125\">\n<p data-start=\"2081\" data-end=\"2125\">Finitions mates, douces au toucher ou velout\u00e9es<\/p>\n<\/li>\n<li data-start=\"2126\" data-end=\"2168\">\n<p data-start=\"2128\" data-end=\"2168\">Marquage \u00e0 la feuille, gaufrage ou d\u00e9bossage<\/p>\n<\/li>\n<li data-start=\"2169\" data-end=\"2228\">\n<p data-start=\"2171\" data-end=\"2228\">Plaquettes de chocolat personnalis\u00e9es (p\u00e2te \u00e0 papier \/ carton \/ EVA)<\/p>\n<\/li>\n<li data-start=\"2229\" data-end=\"2281\">\n<p data-start=\"2231\" data-end=\"2281\">Faible MOQ disponible pour les emballages de chocolat personnalis\u00e9s<\/p>\n<\/li>\n<li data-start=\"2314\" data-end=\"2345\">\n<p data-start=\"2316\" data-end=\"2345\">Coffrets de luxe en chocolat<\/p>\n<\/li>\n<li data-start=\"2346\" data-end=\"2394\">\n<p data-start=\"2348\" data-end=\"2394\">Collections de chocolats artisanaux et faits \u00e0 la main<\/p>\n<\/li>\n<li data-start=\"2395\" data-end=\"2464\">\n<p data-start=\"2397\" data-end=\"2464\">Emballages de chocolats saisonniers (Saint-Valentin, No\u00ebl, P\u00e2ques)<\/p>\n<\/li>\n<li data-start=\"2465\" data-end=\"2507\">\n<p data-start=\"2467\" data-end=\"2507\">Emballage de confiserie haut de gamme pour la vente au d\u00e9tail<\/p>\n<\/li>\n<li data-start=\"2508\" data-end=\"2541\">\n<p data-start=\"2510\" data-end=\"2541\">Cadeaux d'entreprise en chocolat<\/p>\n<\/li>\n<\/ul>\n<p data-start=\"2598\" data-end=\"2682\">Les bo\u00eetes d'emballage hexagonales cr\u00e9ent une identit\u00e9 visuelle forte qui aide les marques de chocolat :<\/p>\n<ul data-start=\"2684\" data-end=\"2890\">\n<li data-start=\"2684\" data-end=\"2727\">\n<p data-start=\"2686\" data-end=\"2727\">Se d\u00e9marquer des bo\u00eetes carr\u00e9es traditionnelles<\/p>\n<\/li>\n<li data-start=\"2728\" data-end=\"2759\">\n<p data-start=\"2730\" data-end=\"2759\">Am\u00e9liorer l'exp\u00e9rience de d\u00e9ballage<\/p>\n<\/li>\n<li data-start=\"2760\" data-end=\"2805\">\n<p data-start=\"2762\" data-end=\"2805\">Communiquer le savoir-faire et l'exclusivit\u00e9<\/p>\n<\/li>\n<li data-start=\"2806\" data-end=\"2849\">\n<p data-start=\"2808\" data-end=\"2849\">Augmenter l'attrait des cadeaux et la pr\u00e9sence en rayon<\/p>\n<\/li>\n<li data-start=\"2850\" data-end=\"2890\">\n<p data-start=\"2852\" data-end=\"2890\">Renforcer le positionnement de la marque premium<\/p>\n<\/li>\n<\/ul>","protected":false},"excerpt":{"rendered":"<p>Bo\u00eete d'emballage hexagonale de luxe con\u00e7ue pour les marques de chocolat haut de gamme et les collections de cadeaux.<\/p>","protected":false},"featured_media":0,"template":"","meta":{"_joinchat":[]},"product_brand":[],"product_cat":[15,67,90,117,289],"product_tag":[225,226],"class_list":{"0":"post-9243","1":"product","2":"type-product","3":"status-publish","5":"product_cat-uncategorized","6":"product_cat-rigid-box","7":"product_cat-lift-off-detachable-lid","8":"product_cat-hexagon-box","9":"product_cat-chocolate-packaging","10":"product_tag-display-box","11":"product_tag-jewelry-package","13":"first","14":"instock","15":"product-type-simple"},"acf":[],"_links":{"self":[{"href":"https:\/\/h2packaging.com\/fr\/wp-json\/wp\/v2\/product\/9243","targetHints":{"allow":["GET"]}}],"collection":[{"href":"https:\/\/h2packaging.com\/fr\/wp-json\/wp\/v2\/product"}],"about":[{"href":"https:\/\/h2packaging.com\/fr\/wp-json\/wp\/v2\/types\/product"}],"wp:attachment":[{"href":"https:\/\/h2packaging.com\/fr\/wp-json\/wp\/v2\/media?parent=9243"}],"wp:term":[{"taxonomy":"product_brand","embeddable":true,"href":"https:\/\/h2packaging.com\/fr\/wp-json\/wp\/v2\/product_brand?post=9243"},{"taxonomy":"product_cat","embeddable":true,"href":"https:\/\/h2packaging.com\/fr\/wp-json\/wp\/v2\/product_cat?post=9243"},{"taxonomy":"product_tag","embeddable":true,"href":"https:\/\/h2packaging.com\/fr\/wp-json\/wp\/v2\/product_tag?post=9243"}],"curies":[{"name":"wp","href":"https:\/\/api.w.org\/{rel}","templated":true}]}}