{"id":9248,"date":"2025-12-22T20:58:50","date_gmt":"2025-12-22T12:58:50","guid":{"rendered":"https:\/\/tbc72w920v.onrocket.site\/product\/white-jewelry-display-tray-set-with-pink-accent-panels\/"},"modified":"2026-01-22T17:15:43","modified_gmt":"2026-01-22T09:15:43","slug":"white-jewelry-display-tray-set-with-pink-accent-panels","status":"publish","type":"product","link":"https:\/\/h2packaging.com\/fr\/produit\/white-jewelry-display-tray-set-with-pink-accent-panels\/","title":{"rendered":"Bo\u00eete d'emballage personnalis\u00e9e pour aliments pour chiens - Solution cr\u00e9ative pour l'emballage des aliments pour animaux de compagnie"},"content":{"rendered":"<p data-start=\"972\" data-end=\"1132\">Le pr\u00e9sent <strong data-start=\"977\" data-end=\"1010\">bo\u00eete d'emballage personnalis\u00e9e pour aliments pour chiens<\/strong> est dot\u00e9 d'une structure de rotation et de distribution unique, con\u00e7ue sp\u00e9cifiquement pour les produits de qualit\u00e9 sup\u00e9rieure. <strong data-start=\"1098\" data-end=\"1131\">marques d'aliments pour animaux et de friandises pour chiens<\/strong>.<\/p>\n<p data-start=\"1134\" data-end=\"1338\">Cette forme innovante prot\u00e8ge non seulement la fra\u00eecheur des aliments pour animaux de compagnie, mais cr\u00e9e \u00e9galement une identit\u00e9 visuelle forte dans les rayons des magasins, ce qui en fait la solution id\u00e9ale pour les marques modernes d'animaux de compagnie qui recherchent des produits de qualit\u00e9. <strong data-start=\"1300\" data-end=\"1337\">des emballages cr\u00e9atifs et fonctionnels<\/strong>.<\/p>\n<ul>\n<li data-start=\"1371\" data-end=\"1420\">\n<p data-start=\"1373\" data-end=\"1420\">Structure unique de rotation et de distribution<\/p>\n<\/li>\n<li data-start=\"1421\" data-end=\"1461\">\n<p data-start=\"1423\" data-end=\"1461\">Con\u00e7u pour les aliments et les friandises pour chiens<\/p>\n<\/li>\n<li data-start=\"1462\" data-end=\"1509\">\n<p data-start=\"1464\" data-end=\"1509\">Un fort impact en rayon avec un aspect ludique<\/p>\n<\/li>\n<li data-start=\"1510\" data-end=\"1559\">\n<p data-start=\"1512\" data-end=\"1559\">Ouverture facile \u00e0 utiliser pour une distribution contr\u00f4l\u00e9e<\/p>\n<\/li>\n<li data-start=\"1560\" data-end=\"1608\">\n<p data-start=\"1562\" data-end=\"1608\">Emballage plat et peu encombrant pour l'exp\u00e9dition<\/p>\n<\/li>\n<li data-start=\"1609\" data-end=\"1655\">\n<p data-start=\"1611\" data-end=\"1655\">Excellente surface pour l'impression de logos personnalis\u00e9s<\/p>\n<\/li>\n<li data-start=\"1700\" data-end=\"1743\">\n<p data-start=\"1702\" data-end=\"1743\">Carton rigide ou papier kraft de qualit\u00e9 sup\u00e9rieure<\/p>\n<\/li>\n<li data-start=\"1744\" data-end=\"1781\">\n<p data-start=\"1746\" data-end=\"1781\">Rev\u00eatement int\u00e9rieur de qualit\u00e9 alimentaire disponible<\/p>\n<\/li>\n<li data-start=\"1782\" data-end=\"1824\">\n<p data-start=\"1784\" data-end=\"1824\">Structure durable pour une ouverture r\u00e9p\u00e9t\u00e9e<\/p>\n<\/li>\n<li data-start=\"1825\" data-end=\"1859\">\n<p data-start=\"1827\" data-end=\"1859\">Base stable pour \u00e9viter le basculement<\/p>\n<\/li>\n<li data-start=\"1860\" data-end=\"1900\">\n<p data-start=\"1862\" data-end=\"1900\">Convient aux aliments secs et aux friandises pour animaux de compagnie<\/p>\n<\/li>\n<li data-start=\"1942\" data-end=\"1971\">\n<p data-start=\"1944\" data-end=\"1971\">Dimensions et capacit\u00e9s sur mesure<\/p>\n<\/li>\n<li data-start=\"1972\" data-end=\"2011\">\n<p data-start=\"1974\" data-end=\"2011\">Impression en quadrichromie CMYK ou Pantone<\/p>\n<\/li>\n<li data-start=\"2012\" data-end=\"2049\">\n<p data-start=\"2014\" data-end=\"2049\">Graphiques et mascottes personnalis\u00e9s<\/p>\n<\/li>\n<li data-start=\"2050\" data-end=\"2080\">\n<p data-start=\"2052\" data-end=\"2080\">Finition mate ou soft-touch<\/p>\n<\/li>\n<li data-start=\"2081\" data-end=\"2122\">\n<p data-start=\"2083\" data-end=\"2122\">Mat\u00e9riaux \u00e9cologiques et recyclables<\/p>\n<\/li>\n<li data-start=\"2123\" data-end=\"2164\">\n<p data-start=\"2125\" data-end=\"2164\">Faible MOQ pour l'emballage personnalis\u00e9 d'aliments pour animaux de compagnie<\/p>\n<\/li>\n<li data-start=\"2197\" data-end=\"2219\">\n<p data-start=\"2199\" data-end=\"2219\">Emballage d'aliments pour chiens<\/p>\n<\/li>\n<li data-start=\"2220\" data-end=\"2243\">\n<p data-start=\"2222\" data-end=\"2243\">Emballage de friandises pour animaux de compagnie<\/p>\n<\/li>\n<li data-start=\"2244\" data-end=\"2262\">\n<p data-start=\"2246\" data-end=\"2262\">En-cas secs pour animaux de compagnie<\/p>\n<\/li>\n<li data-start=\"2263\" data-end=\"2289\">\n<p data-start=\"2265\" data-end=\"2289\">Bo\u00eetes d'abonnement pour animaux de compagnie<\/p>\n<\/li>\n<li data-start=\"2290\" data-end=\"2320\">\n<p data-start=\"2292\" data-end=\"2320\">Coffrets cadeaux d'aliments pour animaux de compagnie de qualit\u00e9 sup\u00e9rieure<\/p>\n<\/li>\n<\/ul>\n<p data-start=\"2382\" data-end=\"2423\">Des emballages cr\u00e9atifs pour les aliments pour animaux de compagnie aident les marques :<\/p>\n<ul data-start=\"2425\" data-end=\"2610\">\n<li data-start=\"2425\" data-end=\"2465\">\n<p data-start=\"2427\" data-end=\"2465\">Se d\u00e9marquer sur les march\u00e9s concurrentiels des animaux de compagnie<\/p>\n<\/li>\n<li data-start=\"2466\" data-end=\"2513\">\n<p data-start=\"2468\" data-end=\"2513\">Am\u00e9liorer l'interaction et l'exp\u00e9rience des clients<\/p>\n<\/li>\n<li data-start=\"2514\" data-end=\"2560\">\n<p data-start=\"2516\" data-end=\"2560\">\u00c9tablir un lien \u00e9motionnel avec les propri\u00e9taires d'animaux<\/p>\n<\/li>\n<li data-start=\"2561\" data-end=\"2610\">\n<p data-start=\"2563\" data-end=\"2610\">Am\u00e9liorer la m\u00e9morisation de la marque et la pr\u00e9sence en rayon<\/p>\n<\/li>\n<\/ul>\n<p data-start=\"2612\" data-end=\"2701\">Ce concept d'emballage transforme les aliments pour animaux de compagnie en <strong data-start=\"2661\" data-end=\"2700\">un produit amusant, partageable et de premi\u00e8re qualit\u00e9<\/strong>.<\/p>","protected":false},"excerpt":{"rendered":"<p>Bo\u00eete d'emballage cr\u00e9ative et personnalis\u00e9e pour aliments pour chiens, con\u00e7ue pour les aliments et les friandises de qualit\u00e9 sup\u00e9rieure pour animaux de compagnie.<\/p>","protected":false},"featured_media":0,"template":"","meta":{"_joinchat":[]},"product_brand":[],"product_cat":[15,299,363,364,366],"product_tag":[226],"class_list":{"0":"post-9248","1":"product","2":"type-product","3":"status-publish","5":"product_cat-uncategorized","6":"product_cat-pet-packaging","7":"product_cat-ring-packaging","8":"product_cat-dog-treat-packaging","9":"product_cat-pet-food-packaging","10":"product_tag-jewelry-package","12":"first","13":"instock","14":"product-type-simple"},"acf":[],"_links":{"self":[{"href":"https:\/\/h2packaging.com\/fr\/wp-json\/wp\/v2\/product\/9248","targetHints":{"allow":["GET"]}}],"collection":[{"href":"https:\/\/h2packaging.com\/fr\/wp-json\/wp\/v2\/product"}],"about":[{"href":"https:\/\/h2packaging.com\/fr\/wp-json\/wp\/v2\/types\/product"}],"wp:attachment":[{"href":"https:\/\/h2packaging.com\/fr\/wp-json\/wp\/v2\/media?parent=9248"}],"wp:term":[{"taxonomy":"product_brand","embeddable":true,"href":"https:\/\/h2packaging.com\/fr\/wp-json\/wp\/v2\/product_brand?post=9248"},{"taxonomy":"product_cat","embeddable":true,"href":"https:\/\/h2packaging.com\/fr\/wp-json\/wp\/v2\/product_cat?post=9248"},{"taxonomy":"product_tag","embeddable":true,"href":"https:\/\/h2packaging.com\/fr\/wp-json\/wp\/v2\/product_tag?post=9248"}],"curies":[{"name":"wp","href":"https:\/\/api.w.org\/{rel}","templated":true}]}}