{"id":9291,"date":"2025-12-22T21:00:13","date_gmt":"2025-12-22T13:00:13","guid":{"rendered":"https:\/\/tbc72w920v.onrocket.site\/product\/deluxe-media-package-with-bold-portrait-and-elegant-typography\/"},"modified":"2026-01-22T15:35:55","modified_gmt":"2026-01-22T07:35:55","slug":"deluxe-media-package-with-bold-portrait-and-elegant-typography","status":"publish","type":"product","link":"https:\/\/h2packaging.com\/fr\/produit\/deluxe-media-package-with-bold-portrait-and-elegant-typography\/","title":{"rendered":"Sac en papier \u00e0 poign\u00e9e d\u00e9coup\u00e9e - Solution d'emballage pour sacs en papier personnalis\u00e9s"},"content":{"rendered":"<p data-start=\"1108\" data-end=\"1260\"><span dir=\"auto\" style=\"vertical-align: inherit;\"><span dir=\"auto\" style=\"vertical-align: inherit;\">\u8fd9\u6b3e<\/span><\/span><strong data-start=\"1113\" data-end=\"1141\"><span dir=\"auto\" style=\"vertical-align: inherit;\"><span dir=\"auto\" style=\"vertical-align: inherit;\">\u6a21\u5207\u624b\u67c4\u7eb8\u888b<\/span><\/span><\/strong><span dir=\"auto\" style=\"vertical-align: inherit;\"><span dir=\"auto\" style=\"vertical-align: inherit;\">\u662f\u4e00\u6b3e\u7b80\u6d01\u73b0\u4ee3\u7684\u5305\u88c5\u89e3\u51b3\u65b9\u6848\uff0c\u91c7\u7528<\/span><\/span><strong data-start=\"1193\" data-end=\"1222\"><span dir=\"auto\" style=\"vertical-align: inherit;\"><span dir=\"auto\" style=\"vertical-align: inherit;\">\u4e00\u4f53\u5f0f\u9542\u7a7a\u624b\u67c4<\/span><\/span><\/strong><span dir=\"auto\" style=\"vertical-align: inherit;\"><span dir=\"auto\" style=\"vertical-align: inherit;\">\u8bbe\u8ba1\uff0c\u65b9\u4fbf\u643a\u5e26\uff0c\u5916\u89c2\u7b80\u7ea6\u3002<\/span><\/span><\/p>\n<p data-start=\"1262\" data-end=\"1424\"><span dir=\"auto\" style=\"vertical-align: inherit;\"><span dir=\"auto\" style=\"vertical-align: inherit;\">\u8fd9\u6b3e\u5305\u88c5\u888b\u91c7\u7528\u575a\u56fa\u7684\u7eb8\u677f\u5236\u6210\uff0c\u517c\u5177<\/span><\/span><strong data-start=\"1309\" data-end=\"1362\"><span dir=\"auto\" style=\"vertical-align: inherit;\"><span dir=\"auto\" style=\"vertical-align: inherit;\">\u529f\u80fd\u6027\u3001\u89c6\u89c9\u5438\u5f15\u529b\u548c\u6210\u672c\u6548\u76ca<\/span><\/span><\/strong><span dir=\"auto\" style=\"vertical-align: inherit;\"><span dir=\"auto\" style=\"vertical-align: inherit;\">\uff0c\u662f\u96f6\u552e\u3001\u793c\u54c1\u548c\u4fc3\u9500\u5305\u88c5\u7684\u7406\u60f3\u4e4b\u9009\u3002<\/span><\/span><\/p>\n<ul>\n<li data-start=\"1457\" data-end=\"1493\">\n<p data-start=\"1459\" data-end=\"1493\"><span dir=\"auto\" style=\"vertical-align: inherit;\"><span dir=\"auto\" style=\"vertical-align: inherit;\">\u4e00\u4f53\u5f0f\u6a21\u5207\u624b\u67c4\u8bbe\u8ba1<\/span><\/span><\/p>\n<\/li>\n<li data-start=\"1494\" data-end=\"1533\">\n<p data-start=\"1496\" data-end=\"1533\"><span dir=\"auto\" style=\"vertical-align: inherit;\"><span dir=\"auto\" style=\"vertical-align: inherit;\">\u7b80\u6d01\u73b0\u4ee3\u7684\u5916\u89c2<\/span><\/span><\/p>\n<\/li>\n<li data-start=\"1534\" data-end=\"1577\">\n<p data-start=\"1536\" data-end=\"1577\"><span dir=\"auto\" style=\"vertical-align: inherit;\"><span dir=\"auto\" style=\"vertical-align: inherit;\">\u8f7b\u5de7\u800c\u8010\u7528\u7684\u7eb8\u7ed3\u6784<\/span><\/span><\/p>\n<\/li>\n<li data-start=\"1578\" data-end=\"1615\">\n<p data-start=\"1580\" data-end=\"1615\"><span dir=\"auto\" style=\"vertical-align: inherit;\"><span dir=\"auto\" style=\"vertical-align: inherit;\">\u8212\u9002\u7684\u624b\u63d0\u4f53\u9a8c<\/span><\/span><\/p>\n<\/li>\n<li data-start=\"1616\" data-end=\"1653\">\n<p data-start=\"1618\" data-end=\"1653\"><span dir=\"auto\" style=\"vertical-align: inherit;\"><span dir=\"auto\" style=\"vertical-align: inherit;\">\u6241\u5e73\u5305\u88c5\uff0c\u4fbf\u4e8e\u6536\u7eb3<\/span><\/span><\/p>\n<\/li>\n<li data-start=\"1654\" data-end=\"1698\">\n<p data-start=\"1656\" data-end=\"1698\"><span dir=\"auto\" style=\"vertical-align: inherit;\"><span dir=\"auto\" style=\"vertical-align: inherit;\">\u7ecf\u6d4e\u9ad8\u6548\u7684\u5b9a\u5236\u5305\u88c5\u89e3\u51b3\u65b9\u6848<\/span><\/span><\/p>\n<\/li>\n<li data-start=\"1741\" data-end=\"1783\">\n<p data-start=\"1743\" data-end=\"1783\"><span dir=\"auto\" style=\"vertical-align: inherit;\"><span dir=\"auto\" style=\"vertical-align: inherit;\">\u4f18\u8d28\u7eb8\u677f\u6216\u725b\u76ae\u7eb8<\/span><\/span><\/p>\n<\/li>\n<li data-start=\"1784\" data-end=\"1820\">\n<p data-start=\"1786\" data-end=\"1820\"><span dir=\"auto\" style=\"vertical-align: inherit;\"><span dir=\"auto\" style=\"vertical-align: inherit;\">\u7cbe\u5bc6\u6a21\u5207\u624b\u67c4\u5f00\u53e3<\/span><\/span><\/p>\n<\/li>\n<li data-start=\"1821\" data-end=\"1866\">\n<p data-start=\"1823\" data-end=\"1866\"><span dir=\"auto\" style=\"vertical-align: inherit;\"><span dir=\"auto\" style=\"vertical-align: inherit;\">\u52a0\u56fa\u9876\u90e8\u8fb9\u7f18\uff0c\u63d0\u9ad8\u5f3a\u5ea6<\/span><\/span><\/p>\n<\/li>\n<li data-start=\"1867\" data-end=\"1911\">\n<p data-start=\"1869\" data-end=\"1911\"><span dir=\"auto\" style=\"vertical-align: inherit;\"><span dir=\"auto\" style=\"vertical-align: inherit;\">\u5149\u6ed1\u6216\u7eb9\u7406\u7eb8\u9762\u9009\u9879<\/span><\/span><\/p>\n<\/li>\n<li data-start=\"1912\" data-end=\"1941\">\n<p data-start=\"1914\" data-end=\"1941\"><span dir=\"auto\" style=\"vertical-align: inherit;\"><span dir=\"auto\" style=\"vertical-align: inherit;\">\u7a33\u56fa\u7684\u7ad9\u7acb\u7ed3\u6784<\/span><\/span><\/p>\n<\/li>\n<li data-start=\"1983\" data-end=\"2018\">\n<p data-start=\"1985\" data-end=\"2018\"><span dir=\"auto\" style=\"vertical-align: inherit;\"><span dir=\"auto\" style=\"vertical-align: inherit;\">\u5b9a\u5236\u5c3a\u5bf8\u548c\u5305\u888b\u5c3a\u5bf8<\/span><\/span><\/p>\n<\/li>\n<li data-start=\"2019\" data-end=\"2053\">\n<p data-start=\"2021\" data-end=\"2053\"><span dir=\"auto\" style=\"vertical-align: inherit;\"><span dir=\"auto\" style=\"vertical-align: inherit;\">\u6807\u5fd7\u5370\u5237\uff08CMYK\/Pantone\uff09<\/span><\/span><\/p>\n<\/li>\n<li data-start=\"2054\" data-end=\"2084\">\n<p data-start=\"2056\" data-end=\"2084\"><span dir=\"auto\" style=\"vertical-align: inherit;\"><span dir=\"auto\" style=\"vertical-align: inherit;\">\u54d1\u5149\u6216\u4eae\u5149\u8986\u819c<\/span><\/span><\/p>\n<\/li>\n<li data-start=\"2085\" data-end=\"2122\">\n<p data-start=\"2087\" data-end=\"2122\"><span dir=\"auto\" style=\"vertical-align: inherit;\"><span dir=\"auto\" style=\"vertical-align: inherit;\">\u81ea\u5b9a\u4e49\u989c\u8272\u548c\u54c1\u724c\u6837\u5f0f<\/span><\/span><\/p>\n<\/li>\n<li data-start=\"2123\" data-end=\"2162\">\n<p data-start=\"2125\" data-end=\"2162\"><span dir=\"auto\" style=\"vertical-align: inherit;\"><span dir=\"auto\" style=\"vertical-align: inherit;\">\u5b9a\u5236\u8ba2\u5355\u53ef\u4eab\u53d7\u4f4e\u8d77\u8ba2\u91cf\u3002<\/span><\/span><\/p>\n<\/li>\n<li data-start=\"1654\" data-end=\"1698\">\n<p data-start=\"2418\" data-end=\"2546\"><span dir=\"auto\" style=\"vertical-align: inherit;\"><span dir=\"auto\" style=\"vertical-align: inherit;\">\u6a21\u5207\u624b\u67c4\u7eb8\u888b\u63d0\u4f9b\u4e86\u4e00\u79cd<\/span><\/span><strong data-start=\"2452\" data-end=\"2498\"><span dir=\"auto\" style=\"vertical-align: inherit;\"><span dir=\"auto\" style=\"vertical-align: inherit;\">\u7b80\u5355\u800c\u4e13\u4e1a\u7684\u5305\u88c5\u89e3\u51b3\u65b9\u6848<\/span><\/span><\/strong><span dir=\"auto\" style=\"vertical-align: inherit;\"><span dir=\"auto\" style=\"vertical-align: inherit;\">\uff0c\u517c\u987e\u4e86\u54c1\u724c\u5f71\u54cd\u529b\u548c\u5b9e\u7528\u6027\u3002<\/span><\/span><\/p>\n<p data-start=\"2548\" data-end=\"2584\"><span dir=\"auto\" style=\"vertical-align: inherit;\"><span dir=\"auto\" style=\"vertical-align: inherit;\">\u5b83\u4eec\u975e\u5e38\u9002\u5408\u5e0c\u671b\u5b9e\u73b0\u4ee5\u4e0b\u76ee\u6807\u7684\u54c1\u724c\uff1a<\/span><\/span><\/p>\n<ul data-start=\"2585\" data-end=\"2741\">\n<li data-start=\"2585\" data-end=\"2617\">\n<p data-start=\"2587\" data-end=\"2617\"><span dir=\"auto\" style=\"vertical-align: inherit;\"><span dir=\"auto\" style=\"vertical-align: inherit;\">\u73b0\u4ee3\u7b80\u7ea6\u98ce\u683c<\/span><\/span><\/p>\n<\/li>\n<li data-start=\"2618\" data-end=\"2656\">\n<p data-start=\"2620\" data-end=\"2656\"><span dir=\"auto\" style=\"vertical-align: inherit;\"><span dir=\"auto\" style=\"vertical-align: inherit;\">\u66f4\u4f4e\u7684\u5305\u88c5\u548c\u8fd0\u8f93\u6210\u672c<\/span><\/span><\/p>\n<\/li>\n<li data-start=\"2657\" data-end=\"2694\">\n<p data-start=\"2659\" data-end=\"2694\"><span dir=\"auto\" style=\"vertical-align: inherit;\"><span dir=\"auto\" style=\"vertical-align: inherit;\">\u4fc3\u9500\u6d3b\u52a8\u53ef\u8f7b\u677e\u5b9a\u5236<\/span><\/span><\/p>\n<\/li>\n<li data-start=\"2695\" data-end=\"2741\">\n<p data-start=\"2697\" data-end=\"2741\"><span dir=\"auto\" style=\"vertical-align: inherit;\"><span dir=\"auto\" style=\"vertical-align: inherit;\">\u73af\u4fdd\u5305\u88c5\u65b9\u6848<\/span><\/span><\/p>\n<\/li>\n<li data-start=\"2963\" data-end=\"2999\">\n<p data-start=\"2965\" data-end=\"2999\"><span dir=\"auto\" style=\"vertical-align: inherit;\"><span dir=\"auto\" style=\"vertical-align: inherit;\">\u53ef\u56de\u6536\u7684\u7eb8\u57fa\u6750\u6599<\/span><\/span><\/p>\n<\/li>\n<li data-start=\"3000\" data-end=\"3033\">\n<p data-start=\"3002\" data-end=\"3033\"><span dir=\"auto\" style=\"vertical-align: inherit;\"><span dir=\"auto\" style=\"vertical-align: inherit;\">\u725b\u76ae\u7eb8\u53ef\u9009<\/span><\/span><\/p>\n<\/li>\n<li data-start=\"3034\" data-end=\"3072\">\n<p data-start=\"3036\" data-end=\"3072\"><span dir=\"auto\" style=\"vertical-align: inherit;\"><span dir=\"auto\" style=\"vertical-align: inherit;\">\u53ef\u6839\u636e\u8981\u6c42\u63d0\u4f9b\u73af\u4fdd\u5370\u5237\u670d\u52a1<\/span><\/span><\/p>\n<\/li>\n<li data-start=\"2695\" data-end=\"2741\"><\/li>\n<\/ul>\n<\/li>\n<\/ul>","protected":false},"excerpt":{"rendered":"<p><span dir=\"auto\" style=\"vertical-align: inherit;\"><span dir=\"auto\" style=\"vertical-align: inherit;\">\u6a21\u5207\u624b\u67c4\u7eb8\u888b\u5305\u88c5\uff0c\u5e26\u4e00\u4f53\u5f0f\u63d0\u624b\uff0c\u662f\u5b9a\u5236\u96f6\u552e\u548c\u793c\u54c1\u5305\u88c5\u7684\u7406\u60f3\u9009\u62e9\u3002<\/span><\/span><\/p>","protected":false},"featured_media":0,"template":"","meta":{"_joinchat":[]},"product_brand":[],"product_cat":[382,15,68,98,102,380],"product_tag":[404],"class_list":{"0":"post-9291","1":"product","2":"type-product","3":"status-publish","5":"product_cat-eco-friendly-clothing-packaging","6":"product_cat-uncategorized","7":"product_cat-pouches-packaging","8":"product_cat-spouted-pouches","9":"product_cat-paper-bag","10":"product_cat-clothing-packaging","11":"product_tag-media-package","13":"first","14":"instock","15":"product-type-simple"},"acf":[],"_links":{"self":[{"href":"https:\/\/h2packaging.com\/fr\/wp-json\/wp\/v2\/product\/9291","targetHints":{"allow":["GET"]}}],"collection":[{"href":"https:\/\/h2packaging.com\/fr\/wp-json\/wp\/v2\/product"}],"about":[{"href":"https:\/\/h2packaging.com\/fr\/wp-json\/wp\/v2\/types\/product"}],"wp:attachment":[{"href":"https:\/\/h2packaging.com\/fr\/wp-json\/wp\/v2\/media?parent=9291"}],"wp:term":[{"taxonomy":"product_brand","embeddable":true,"href":"https:\/\/h2packaging.com\/fr\/wp-json\/wp\/v2\/product_brand?post=9291"},{"taxonomy":"product_cat","embeddable":true,"href":"https:\/\/h2packaging.com\/fr\/wp-json\/wp\/v2\/product_cat?post=9291"},{"taxonomy":"product_tag","embeddable":true,"href":"https:\/\/h2packaging.com\/fr\/wp-json\/wp\/v2\/product_tag?post=9291"}],"curies":[{"name":"wp","href":"https:\/\/api.w.org\/{rel}","templated":true}]}}