{"id":9475,"date":"2025-12-22T21:16:56","date_gmt":"2025-12-22T13:16:56","guid":{"rendered":"https:\/\/tbc72w920v.onrocket.site\/product\/pharmaceutical-packaging-with-elegant-bottle-and-modern-box-design\/"},"modified":"2026-01-19T15:40:18","modified_gmt":"2026-01-19T07:40:18","slug":"pharmaceutical-packaging-with-elegant-bottle-and-modern-box-design","status":"publish","type":"product","link":"https:\/\/h2packaging.com\/fr\/produit\/pharmaceutical-packaging-with-elegant-bottle-and-modern-box-design\/","title":{"rendered":"Bo\u00eete cadeau pour le vin - aspect luxueux et frais d'exp\u00e9dition r\u00e9duits"},"content":{"rendered":"<p>A premium wine packaging solution designed for flat-pack delivery, helping brands reduce logistics costs without compromising visual impact.<\/p>\n<p data-start=\"1274\" data-end=\"1503\">This flat-pack wine gift box combines elegant presentation with practical cost-saving design. Shipped in a flat form, the box significantly reduces transportation volume and storage space compared to traditional rigid wine boxes.<\/p>\n<p data-start=\"1505\" data-end=\"1678\">Once assembled, the box forms a sturdy, premium structure with refined gold foil detailing, delivering a high-end unboxing experience ideal for wine, champagne, and spirits.<\/p>\n<ul>\n<li data-start=\"1712\" data-end=\"1780\">\n<p data-start=\"1714\" data-end=\"1780\"><strong data-start=\"1714\" data-end=\"1737\">Flat-pack structure<\/strong> reduces shipping volume and freight cost<\/p>\n<\/li>\n<li data-start=\"1781\" data-end=\"1845\">\n<p data-start=\"1783\" data-end=\"1845\"><strong data-start=\"1783\" data-end=\"1810\">Quick and easy assembly<\/strong> for efficient packing operations<\/p>\n<\/li>\n<li data-start=\"1846\" data-end=\"1904\">\n<p data-start=\"1848\" data-end=\"1904\"><strong data-start=\"1848\" data-end=\"1869\">Luxury appearance<\/strong> suitable for premium wine brands<\/p>\n<\/li>\n<li data-start=\"1905\" data-end=\"1972\">\n<p data-start=\"1907\" data-end=\"1972\"><strong data-start=\"1907\" data-end=\"1933\">Strong rigid structure<\/strong> after assembly for bottle protection<\/p>\n<\/li>\n<li data-start=\"1973\" data-end=\"2028\">\n<p data-start=\"1975\" data-end=\"2028\"><strong data-start=\"1975\" data-end=\"2028\">Ideal for bulk shipping &amp; international logistics<\/strong><\/p>\n<\/li>\n<li data-start=\"2109\" data-end=\"2157\">\n<p data-start=\"2111\" data-end=\"2157\">Custom box size for wine &amp; champagne bottles<\/p>\n<\/li>\n<li data-start=\"2158\" data-end=\"2222\">\n<p data-start=\"2160\" data-end=\"2222\">Paper options: coated paper, textured paper, specialty paper<\/p>\n<\/li>\n<li data-start=\"2223\" data-end=\"2278\">\n<p data-start=\"2225\" data-end=\"2278\">Finishing: gold foil stamping, embossing, debossing<\/p>\n<\/li>\n<li data-start=\"2279\" data-end=\"2316\">\n<p data-start=\"2281\" data-end=\"2316\">Custom interior inserts available<\/p>\n<\/li>\n<li data-start=\"2317\" data-end=\"2340\">\n<p data-start=\"2319\" data-end=\"2340\">OEM &amp; ODM supported<\/p>\n<\/li>\n<li data-start=\"2374\" data-end=\"2404\">\n<p data-start=\"2376\" data-end=\"2404\">Wine &amp; champagne packaging<\/p>\n<\/li>\n<li data-start=\"2405\" data-end=\"2444\">\n<p data-start=\"2407\" data-end=\"2444\">Premium spirits &amp; liquor gift boxes<\/p>\n<\/li>\n<li data-start=\"2445\" data-end=\"2469\">\n<p data-start=\"2447\" data-end=\"2469\">Corporate wine gifts<\/p>\n<\/li>\n<li data-start=\"2470\" data-end=\"2507\">\n<p data-start=\"2472\" data-end=\"2507\">Holiday &amp; festival wine packaging<\/p>\n<\/li>\n<li data-start=\"2508\" data-end=\"2546\">\n<p data-start=\"2510\" data-end=\"2546\">E-commerce wine shipping solutions<\/p>\n<\/li>\n<li data-start=\"2590\" data-end=\"2623\">\n<p data-start=\"2592\" data-end=\"2623\">Rigid paperboard construction<\/p>\n<\/li>\n<li data-start=\"2624\" data-end=\"2653\">\n<p data-start=\"2626\" data-end=\"2653\">Foldable flat-pack design<\/p>\n<\/li>\n<li data-start=\"2654\" data-end=\"2694\">\n<p data-start=\"2656\" data-end=\"2694\">Reinforced corners for bottle safety<\/p>\n<\/li>\n<li data-start=\"2695\" data-end=\"2731\">\n<p data-start=\"2697\" data-end=\"2731\">Eco-friendly materials available<\/p>\n<\/li>\n<li data-start=\"2317\" data-end=\"2340\"><\/li>\n<li data-start=\"1973\" data-end=\"2028\"><\/li>\n<\/ul>","protected":false},"excerpt":{"rendered":"<p>Flat-pack wine gift box designed to reduce shipping costs while delivering a premium luxury presentation. Ideal for wine, champagne, and spirits packaging.<\/p>","protected":false},"featured_media":0,"template":"","meta":{"_joinchat":[]},"product_brand":[],"product_cat":[15,77,86,127,284,315],"product_tag":[185],"class_list":{"0":"post-9475","1":"product","2":"type-product","3":"status-publish","5":"product_cat-uncategorized","6":"product_cat-flip-lid-box","7":"product_cat-custom-shape","8":"product_cat-plastic-tray-inserts","9":"product_cat-beer-amp-liquor-packaging","10":"product_cat-wine-box-packaging","11":"product_tag-pharmaceutical-package","13":"first","14":"instock","15":"product-type-simple"},"acf":[],"_links":{"self":[{"href":"https:\/\/h2packaging.com\/fr\/wp-json\/wp\/v2\/product\/9475","targetHints":{"allow":["GET"]}}],"collection":[{"href":"https:\/\/h2packaging.com\/fr\/wp-json\/wp\/v2\/product"}],"about":[{"href":"https:\/\/h2packaging.com\/fr\/wp-json\/wp\/v2\/types\/product"}],"wp:attachment":[{"href":"https:\/\/h2packaging.com\/fr\/wp-json\/wp\/v2\/media?parent=9475"}],"wp:term":[{"taxonomy":"product_brand","embeddable":true,"href":"https:\/\/h2packaging.com\/fr\/wp-json\/wp\/v2\/product_brand?post=9475"},{"taxonomy":"product_cat","embeddable":true,"href":"https:\/\/h2packaging.com\/fr\/wp-json\/wp\/v2\/product_cat?post=9475"},{"taxonomy":"product_tag","embeddable":true,"href":"https:\/\/h2packaging.com\/fr\/wp-json\/wp\/v2\/product_tag?post=9475"}],"curies":[{"name":"wp","href":"https:\/\/api.w.org\/{rel}","templated":true}]}}