{"id":9120,"date":"2025-12-22T20:54:28","date_gmt":"2025-12-22T12:54:28","guid":{"rendered":"https:\/\/tbc72w920v.onrocket.site\/product\/premium-custom-electronics-packaging-box-for-camera-with-multi-panel-design\/"},"modified":"2026-02-02T17:01:21","modified_gmt":"2026-02-02T09:01:21","slug":"premium-custom-electronics-packaging-box-for-camera-with-multi-panel-design","status":"publish","type":"product","link":"https:\/\/h2packaging.com\/it\/prodotto\/premium-custom-electronics-packaging-box-for-camera-with-multi-panel-design\/","title":{"rendered":"Imballaggio personalizzato per scatole a triangolo | Scatola di carta geometrica di lusso per marchi premium"},"content":{"rendered":"<h3 data-start=\"1077\" data-end=\"1110\">\ud83d\udfe8 Descrizione breve<\/h3>\n<p data-start=\"1112\" data-end=\"1363\">Un'immagine moderna e accattivante <strong data-start=\"1138\" data-end=\"1171\">Imballaggio con scatola triangolare personalizzata<\/strong> progettato per i marchi premium.<br data-start=\"1200\" data-end=\"1203\" \/>Questa scatola di carta geometrica combina una struttura innovativa con un'estetica elegante, rendendola ideale per regali di lusso, cosmetici, accessori e prodotti da boutique.<\/p>\n<hr data-start=\"1365\" data-end=\"1368\" \/>\n<h3 data-start=\"1370\" data-end=\"1399\">\ud83d\udfe8 Panoramica del prodotto<\/h3>\n<p data-start=\"1401\" data-end=\"1665\">Il nostro <strong data-start=\"1405\" data-end=\"1431\">scatola di imballaggio a triangolo<\/strong> offre un'alternativa audace alle tradizionali scatole quadrate o rettangolari.<br data-start=\"1501\" data-end=\"1504\" \/>Con la sua caratteristica forma triangolare e la raffinata finitura superficiale, questa soluzione di packaging migliora il riconoscimento del marchio e crea un'esperienza memorabile di unboxing.<\/p>\n<p data-start=\"1667\" data-end=\"1859\">Realizzata in cartoncino di alta qualit\u00e0, la scatola offre un'eccellente rigidit\u00e0, durata e flessibilit\u00e0 di personalizzazione, perfetta per i marchi che apprezzano entrambe le caratteristiche. <strong data-start=\"1821\" data-end=\"1858\">impatto del design e qualit\u00e0 premium<\/strong>.<\/p>\n<hr data-start=\"1861\" data-end=\"1864\" \/>\n<h3 data-start=\"1866\" data-end=\"1891\">\ud83d\udfe8 Caratteristiche principali<\/h3>\n<ul data-start=\"1893\" data-end=\"2420\">\n<li data-start=\"1893\" data-end=\"1990\">\n<p data-start=\"1895\" data-end=\"1990\">\u25b2 <strong data-start=\"1897\" data-end=\"1926\">Struttura a triangolo unica<\/strong><br data-start=\"1926\" data-end=\"1929\" \/>Spicca sugli scaffali con una forma geometrica non convenzionale<\/p>\n<\/li>\n<li data-start=\"1992\" data-end=\"2102\">\n<p data-start=\"1994\" data-end=\"2102\">\u25b2 <strong data-start=\"1996\" data-end=\"2023\">Materiali cartacei di qualit\u00e0 superiore<\/strong><br data-start=\"2023\" data-end=\"2026\" \/>Disponibile in cartone rigido, carta speciale o kraft ecologico.<\/p>\n<\/li>\n<li data-start=\"2104\" data-end=\"2228\">\n<p data-start=\"2106\" data-end=\"2228\">\u25b2 <strong data-start=\"2108\" data-end=\"2139\">Stampa e finitura personalizzate<\/strong><br data-start=\"2139\" data-end=\"2142\" \/>Stampa offset, stampa in lamina, goffratura, debossing, laminazione opaca o soft-touch<\/p>\n<\/li>\n<li data-start=\"2230\" data-end=\"2319\">\n<p data-start=\"2232\" data-end=\"2319\">\u25b2 <strong data-start=\"2234\" data-end=\"2257\">Appeal del marchio di lusso<\/strong><br data-start=\"2257\" data-end=\"2260\" \/>Ideale per prodotti di fascia alta e confezioni in edizione limitata<\/p>\n<\/li>\n<li data-start=\"2321\" data-end=\"2420\">\n<p data-start=\"2323\" data-end=\"2420\">\u25b2 <strong data-start=\"2325\" data-end=\"2347\">Completamente personalizzabile<\/strong><br data-start=\"2347\" data-end=\"2350\" \/>Dimensioni, colore, struttura, inserti e marchio su misura per le vostre esigenze<\/p>\n<\/li>\n<\/ul>\n<hr data-start=\"2422\" data-end=\"2425\" \/>\n<h3 data-start=\"2427\" data-end=\"2452\">\ud83d\udfe8 Applicazioni<\/h3>\n<p data-start=\"2454\" data-end=\"2504\">Il nostro <strong data-start=\"2458\" data-end=\"2483\">scatole triangolari personalizzate<\/strong> sono ampiamente utilizzati per:<\/p>\n<ul data-start=\"2506\" data-end=\"2682\">\n<li data-start=\"2506\" data-end=\"2531\">\n<p data-start=\"2508\" data-end=\"2531\">Confezioni regalo di lusso<\/p>\n<\/li>\n<li data-start=\"2532\" data-end=\"2564\">\n<p data-start=\"2534\" data-end=\"2564\">Prodotti cosmetici e per la cura della pelle<\/p>\n<\/li>\n<li data-start=\"2565\" data-end=\"2590\">\n<p data-start=\"2567\" data-end=\"2590\">Gioielli e accessori<\/p>\n<\/li>\n<li data-start=\"2591\" data-end=\"2615\">\n<p data-start=\"2593\" data-end=\"2615\">Candele e profumi<\/p>\n<\/li>\n<li data-start=\"2616\" data-end=\"2650\">\n<p data-start=\"2618\" data-end=\"2650\">Packaging promozionale creativo<\/p>\n<\/li>\n<li data-start=\"2651\" data-end=\"2682\">\n<p data-start=\"2653\" data-end=\"2682\">Boutique e concept brand<\/p>\n<\/li>\n<\/ul>\n<hr data-start=\"2684\" data-end=\"2687\" \/>\n<h3 data-start=\"2689\" data-end=\"2723\">\ud83d\udfe8 Opzioni di personalizzazione<\/h3>\n<ul data-start=\"2725\" data-end=\"3016\">\n<li data-start=\"2725\" data-end=\"2770\">\n<p data-start=\"2727\" data-end=\"2770\"><strong data-start=\"2727\" data-end=\"2740\">Dimensioni della scatola:<\/strong> Dimensioni completamente personalizzate<\/p>\n<\/li>\n<li data-start=\"2771\" data-end=\"2839\">\n<p data-start=\"2773\" data-end=\"2839\"><strong data-start=\"2773\" data-end=\"2786\">Materiale:<\/strong> Carta d'arte, carta speciale, cartone rigido, carta ecologica<\/p>\n<\/li>\n<li data-start=\"2840\" data-end=\"2892\">\n<p data-start=\"2842\" data-end=\"2892\"><strong data-start=\"2842\" data-end=\"2855\">Stampa:<\/strong> CMYK, Pantone, stampa in quadricromia<\/p>\n<\/li>\n<li data-start=\"2893\" data-end=\"2951\">\n<p data-start=\"2895\" data-end=\"2951\"><strong data-start=\"2895\" data-end=\"2909\">Finitura:<\/strong> Lamina a caldo, spot UV, goffratura, debossing<\/p>\n<\/li>\n<li data-start=\"2952\" data-end=\"3016\">\n<p data-start=\"2954\" data-end=\"3016\"><strong data-start=\"2954\" data-end=\"2968\">Struttura:<\/strong> Chiusura magnetica, coperchio a scomparsa, inserti personalizzati<\/p>\n<\/li>\n<\/ul>\n<hr data-start=\"3018\" data-end=\"3021\" \/>\n<h3 data-start=\"3023\" data-end=\"3078\">\ud83d\udfe8 Perch\u00e9 scegliere le nostre scatole da imballaggio triangolari?<\/h3>\n<ul data-start=\"3080\" data-end=\"3275\">\n<li data-start=\"3080\" data-end=\"3125\">\n<p data-start=\"3082\" data-end=\"3125\">Produttore esperto di imballaggi personalizzati<\/p>\n<\/li>\n<li data-start=\"3126\" data-end=\"3171\">\n<p data-start=\"3128\" data-end=\"3171\">Basso MOQ disponibile per startup e marchi<\/p>\n<\/li>\n<li data-start=\"3172\" data-end=\"3202\">\n<p data-start=\"3174\" data-end=\"3202\">Controllo qualit\u00e0 costante<\/p>\n<\/li>\n<li data-start=\"3203\" data-end=\"3244\">\n<p data-start=\"3205\" data-end=\"3244\">Campionamento e produzione rapidi<\/p>\n<\/li>\n<li data-start=\"3245\" data-end=\"3275\">\n<p data-start=\"3247\" data-end=\"3275\">Supporto alla spedizione in tutto il mondo<\/p>\n<\/li>\n<\/ul>","protected":false},"excerpt":{"rendered":"<p>Contattateci oggi stesso per una consulenza gratuita, il supporto dieline e le opzioni di campionatura.<\/p>","protected":false},"featured_media":0,"template":"","meta":{"_joinchat":[]},"product_brand":[],"product_cat":[15,111,123],"product_tag":[241],"class_list":{"0":"post-9120","1":"product","2":"type-product","3":"status-publish","5":"product_cat-uncategorized","6":"product_cat-special-shaped-box","7":"product_cat-triangle-box","8":"product_tag-electronics-package","10":"first","11":"instock","12":"product-type-simple"},"acf":[],"_links":{"self":[{"href":"https:\/\/h2packaging.com\/it\/wp-json\/wp\/v2\/product\/9120","targetHints":{"allow":["GET"]}}],"collection":[{"href":"https:\/\/h2packaging.com\/it\/wp-json\/wp\/v2\/product"}],"about":[{"href":"https:\/\/h2packaging.com\/it\/wp-json\/wp\/v2\/types\/product"}],"wp:attachment":[{"href":"https:\/\/h2packaging.com\/it\/wp-json\/wp\/v2\/media?parent=9120"}],"wp:term":[{"taxonomy":"product_brand","embeddable":true,"href":"https:\/\/h2packaging.com\/it\/wp-json\/wp\/v2\/product_brand?post=9120"},{"taxonomy":"product_cat","embeddable":true,"href":"https:\/\/h2packaging.com\/it\/wp-json\/wp\/v2\/product_cat?post=9120"},{"taxonomy":"product_tag","embeddable":true,"href":"https:\/\/h2packaging.com\/it\/wp-json\/wp\/v2\/product_tag?post=9120"}],"curies":[{"name":"wp","href":"https:\/\/api.w.org\/{rel}","templated":true}]}}