{"id":9128,"date":"2025-12-22T20:54:42","date_gmt":"2025-12-22T12:54:42","guid":{"rendered":"https:\/\/tbc72w920v.onrocket.site\/product\/premium-custom-electronics-packaging-box-with-decorative-gift-ribbon\/"},"modified":"2026-02-02T16:40:53","modified_gmt":"2026-02-02T08:40:53","slug":"premium-custom-electronics-packaging-box-with-decorative-gift-ribbon","status":"publish","type":"product","link":"https:\/\/h2packaging.com\/it\/prodotto\/premium-custom-electronics-packaging-box-with-decorative-gift-ribbon\/","title":{"rendered":"Sacchetto con beccuccio Stand Up personalizzato per l'imballaggio di salse e alimenti liquidi"},"content":{"rendered":"<h3 data-start=\"1369\" data-end=\"1389\">Panoramica del prodotto<\/h3>\n<p data-start=\"1391\" data-end=\"1563\">Il nostro <strong data-start=\"1395\" data-end=\"1428\">sacchetti a beccuccio stand up personalizzati<\/strong> sono appositamente progettati per <strong data-start=\"1456\" data-end=\"1504\">imballaggi per salse, maionese e alimenti liquidi<\/strong>, che combina convenienza, sicurezza e forte presenza sugli scaffali.<\/p>\n<p data-start=\"1565\" data-end=\"1713\">Con un tappo a vite richiudibile e una struttura laminata resistente, le buste con beccuccio rappresentano un'ottima alternativa alle tradizionali bottiglie di vetro o plastica.<\/p>\n<hr data-start=\"1715\" data-end=\"1718\" \/>\n<h3 data-start=\"1720\" data-end=\"1736\">Caratteristiche principali<\/h3>\n<ul data-start=\"1738\" data-end=\"2240\">\n<li data-start=\"1738\" data-end=\"1846\">\n<p data-start=\"1740\" data-end=\"1846\"><strong data-start=\"1740\" data-end=\"1772\">Beccuccio e tappo a vite integrati<\/strong><br data-start=\"1772\" data-end=\"1775\" \/>Versamento controllato, design richiudibile ed eccellente resistenza alle perdite.<\/p>\n<\/li>\n<li data-start=\"1848\" data-end=\"1946\">\n<p data-start=\"1850\" data-end=\"1946\"><strong data-start=\"1850\" data-end=\"1876\">Tassello inferiore stand-up<\/strong><br data-start=\"1876\" data-end=\"1879\" \/>Permette alla busta di stare in piedi per essere esposta e conservata.<\/p>\n<\/li>\n<li data-start=\"1948\" data-end=\"2047\">\n<p data-start=\"1950\" data-end=\"2047\"><strong data-start=\"1950\" data-end=\"1984\">Materiali laminati per uso alimentare<\/strong><br data-start=\"1984\" data-end=\"1987\" \/>Sicuro per il contatto diretto con salse, oli e condimenti.<\/p>\n<\/li>\n<li data-start=\"2049\" data-end=\"2132\">\n<p data-start=\"2051\" data-end=\"2132\"><strong data-start=\"2051\" data-end=\"2083\">Leggero e conveniente<\/strong><br data-start=\"2083\" data-end=\"2086\" \/>Riduce il peso dell'imballaggio e i costi di spedizione.<\/p>\n<\/li>\n<li data-start=\"2134\" data-end=\"2240\">\n<p data-start=\"2136\" data-end=\"2240\"><strong data-start=\"2136\" data-end=\"2168\">Stampa personalizzata di alta qualit\u00e0<\/strong><br data-start=\"2168\" data-end=\"2171\" \/>Supporta grafica vivace, loghi di marca e informazioni multilingue.<\/p>\n<\/li>\n<\/ul>\n<hr data-start=\"2242\" data-end=\"2245\" \/>\n<h3 data-start=\"2247\" data-end=\"2269\">Applicazioni ideali<\/h3>\n<ul data-start=\"2271\" data-end=\"2427\">\n<li data-start=\"2271\" data-end=\"2300\">\n<p data-start=\"2273\" data-end=\"2300\">Maionese e salsa all'aglio<\/p>\n<\/li>\n<li data-start=\"2301\" data-end=\"2335\">\n<p data-start=\"2303\" data-end=\"2335\">Ketchup, condimenti e condimenti<\/p>\n<\/li>\n<li data-start=\"2336\" data-end=\"2366\">\n<p data-start=\"2338\" data-end=\"2366\">Salse di cottura e marinate<\/p>\n<\/li>\n<li data-start=\"2367\" data-end=\"2396\">\n<p data-start=\"2369\" data-end=\"2396\">Alimenti liquidi pronti per il consumo<\/p>\n<\/li>\n<li data-start=\"2397\" data-end=\"2427\">\n<p data-start=\"2399\" data-end=\"2427\">Confezionamento di olio, pasta e purea<\/p>\n<\/li>\n<\/ul>\n<hr data-start=\"2429\" data-end=\"2432\" \/>\n<h3 data-start=\"2434\" data-end=\"2459\">Opzioni di personalizzazione<\/h3>\n<ul data-start=\"2461\" data-end=\"2610\">\n<li data-start=\"2461\" data-end=\"2486\">\n<p data-start=\"2463\" data-end=\"2486\">Capacit\u00e0 e dimensioni del sacchetto<\/p>\n<\/li>\n<li data-start=\"2487\" data-end=\"2520\">\n<p data-start=\"2489\" data-end=\"2520\">Posizione del beccuccio (alto \/ angolo)<\/p>\n<\/li>\n<li data-start=\"2521\" data-end=\"2545\">\n<p data-start=\"2523\" data-end=\"2545\">Colore e diametro del tappo<\/p>\n<\/li>\n<li data-start=\"2546\" data-end=\"2580\">\n<p data-start=\"2548\" data-end=\"2580\">Finitura superficiale opaca o lucida<\/p>\n<\/li>\n<li data-start=\"2581\" data-end=\"2610\">\n<p data-start=\"2583\" data-end=\"2610\">Supporto OEM e private label<\/p>\n<\/li>\n<\/ul>\n<hr data-start=\"2612\" data-end=\"2615\" \/>\n<h3 data-start=\"2617\" data-end=\"2654\">Perch\u00e9 scegliere il confezionamento con sacchetto a beccuccio?<\/h3>\n<p data-start=\"2656\" data-end=\"2866\"><strong data-start=\"2656\" data-end=\"2681\">Confezionamento di sacchetti con beccuccio<\/strong> offre una praticit\u00e0, un'igiene e una portabilit\u00e0 superiori per i moderni marchi alimentari.<br data-start=\"2759\" data-end=\"2762\" \/>Rispetto ai contenitori rigidi, \u00e8 pi\u00f9 facile da usare, pi\u00f9 sostenibile e molto attraente sugli scaffali.<\/p>\n<p data-start=\"2868\" data-end=\"2956\">\u00c8 la soluzione di imballaggio preferita per i prodotti alimentari in rapida evoluzione e per i mercati di esportazione.<\/p>","protected":false},"excerpt":{"rendered":"<p>Sacchetti con beccuccio stand up personalizzati per l'imballaggio di salse, maionese e alimenti liquidi. Materiali di qualit\u00e0 alimentare, beccuccio a prova di perdite, stampa personalizzata supportata.<\/p>","protected":false},"featured_media":0,"template":"","meta":{"_joinchat":[]},"product_brand":[],"product_cat":[15,68,98],"product_tag":[241],"class_list":{"0":"post-9128","1":"product","2":"type-product","3":"status-publish","5":"product_cat-uncategorized","6":"product_cat-pouches-packaging","7":"product_cat-spouted-pouches","8":"product_tag-electronics-package","10":"first","11":"instock","12":"product-type-simple"},"acf":[],"_links":{"self":[{"href":"https:\/\/h2packaging.com\/it\/wp-json\/wp\/v2\/product\/9128","targetHints":{"allow":["GET"]}}],"collection":[{"href":"https:\/\/h2packaging.com\/it\/wp-json\/wp\/v2\/product"}],"about":[{"href":"https:\/\/h2packaging.com\/it\/wp-json\/wp\/v2\/types\/product"}],"wp:attachment":[{"href":"https:\/\/h2packaging.com\/it\/wp-json\/wp\/v2\/media?parent=9128"}],"wp:term":[{"taxonomy":"product_brand","embeddable":true,"href":"https:\/\/h2packaging.com\/it\/wp-json\/wp\/v2\/product_brand?post=9128"},{"taxonomy":"product_cat","embeddable":true,"href":"https:\/\/h2packaging.com\/it\/wp-json\/wp\/v2\/product_cat?post=9128"},{"taxonomy":"product_tag","embeddable":true,"href":"https:\/\/h2packaging.com\/it\/wp-json\/wp\/v2\/product_tag?post=9128"}],"curies":[{"name":"wp","href":"https:\/\/api.w.org\/{rel}","templated":true}]}}