{"id":9133,"date":"2025-12-22T20:54:51","date_gmt":"2025-12-22T12:54:51","guid":{"rendered":"https:\/\/tbc72w920v.onrocket.site\/product\/premium-electronics-packaging-box-for-360-degree-ai-camera-device\/"},"modified":"2026-02-02T16:35:50","modified_gmt":"2026-02-02T08:35:50","slug":"premium-electronics-packaging-box-for-360-degree-ai-camera-device","status":"publish","type":"product","link":"https:\/\/h2packaging.com\/it\/prodotto\/premium-electronics-packaging-box-for-360-degree-ai-camera-device\/","title":{"rendered":"Sacchetto con beccuccio Stand Up personalizzato per l'imballaggio di alimenti e liquidi"},"content":{"rendered":"<h2 data-start=\"1333\" data-end=\"1355\">Descrizione del prodotto<\/h2>\n<p data-start=\"1357\" data-end=\"1648\">Il nostro <strong data-start=\"1361\" data-end=\"1394\">sacchetti a beccuccio stand up personalizzati<\/strong> sono progettati per i moderni <strong data-start=\"1419\" data-end=\"1460\">imballaggi per alimenti liquidi e semiliquidi<\/strong>, che offre un'eccellente praticit\u00e0, sicurezza e attrattiva sugli scaffali.<br data-start=\"1519\" data-end=\"1522\" \/>Con un tappo a vite incorporato e una struttura stabile, queste buste sono ideali per il consumo on-the-go e per l'esposizione al dettaglio.<\/p>\n<p data-start=\"1650\" data-end=\"1734\">Sono ampiamente utilizzati per il confezionamento di succhi, marmellate, puree, yogurt, salse e alimenti per l'infanzia.<\/p>\n<hr data-start=\"1736\" data-end=\"1739\" \/>\n<h2 data-start=\"1741\" data-end=\"1756\">Caratteristiche principali<\/h2>\n<ul data-start=\"1758\" data-end=\"2280\">\n<li data-start=\"1758\" data-end=\"1865\">\n<p data-start=\"1760\" data-end=\"1865\"><strong data-start=\"1760\" data-end=\"1792\">Beccuccio e tappo a vite integrati<\/strong><br data-start=\"1792\" data-end=\"1795\" \/>Facile da versare, richiudibile e a prova di perdite per prodotti liquidi.<\/p>\n<\/li>\n<li data-start=\"1867\" data-end=\"1968\">\n<p data-start=\"1869\" data-end=\"1968\"><strong data-start=\"1869\" data-end=\"1897\">Struttura del sacchetto Stand-Up<\/strong><br data-start=\"1897\" data-end=\"1900\" \/>Il robusto soffietto sul fondo consente alla busta di stare in piedi sugli scaffali.<\/p>\n<\/li>\n<li data-start=\"1970\" data-end=\"2079\">\n<p data-start=\"1972\" data-end=\"2079\"><strong data-start=\"1972\" data-end=\"1996\">Materiali per uso alimentare<\/strong><br data-start=\"1996\" data-end=\"1999\" \/>Sicuro per il contatto diretto con gli alimenti, adatto per applicazioni di riempimento a caldo o a freddo.<\/p>\n<\/li>\n<li data-start=\"2081\" data-end=\"2172\">\n<p data-start=\"2083\" data-end=\"2172\"><strong data-start=\"2083\" data-end=\"2113\">Leggero e poco ingombrante<\/strong><br data-start=\"2113\" data-end=\"2116\" \/>Riduce i costi di trasporto rispetto alle bottiglie rigide.<\/p>\n<\/li>\n<li data-start=\"2174\" data-end=\"2280\">\n<p data-start=\"2176\" data-end=\"2280\"><strong data-start=\"2176\" data-end=\"2205\">Stampa personalizzata disponibile<\/strong><br data-start=\"2205\" data-end=\"2208\" \/>Supporta la stampa a colori, i loghi di marca e le illustrazioni creative.<\/p>\n<\/li>\n<\/ul>\n<hr data-start=\"2282\" data-end=\"2285\" \/>\n<h2 data-start=\"2287\" data-end=\"2302\">Applicazioni<\/h2>\n<ul data-start=\"2304\" data-end=\"2457\">\n<li data-start=\"2304\" data-end=\"2336\">\n<p data-start=\"2306\" data-end=\"2336\">Confezioni di confetture e creme spalmabili alla frutta<\/p>\n<\/li>\n<li data-start=\"2337\" data-end=\"2365\">\n<p data-start=\"2339\" data-end=\"2365\">Sacchetti per succhi e bevande<\/p>\n<\/li>\n<li data-start=\"2366\" data-end=\"2394\">\n<p data-start=\"2368\" data-end=\"2394\">Imballaggio di yogurt e latticini<\/p>\n<\/li>\n<li data-start=\"2395\" data-end=\"2424\">\n<p data-start=\"2397\" data-end=\"2424\">Sacchetti per alimenti e purea per bambini<\/p>\n<\/li>\n<li data-start=\"2425\" data-end=\"2457\">\n<p data-start=\"2427\" data-end=\"2457\">Confezionamento di salse, miele e sciroppi<\/p>\n<\/li>\n<\/ul>\n<hr data-start=\"2459\" data-end=\"2462\" \/>\n<h2 data-start=\"2464\" data-end=\"2488\">Opzioni di personalizzazione<\/h2>\n<ul data-start=\"2490\" data-end=\"2654\">\n<li data-start=\"2490\" data-end=\"2520\">\n<p data-start=\"2492\" data-end=\"2520\">Dimensioni e volume della busta personalizzati<\/p>\n<\/li>\n<li data-start=\"2521\" data-end=\"2554\">\n<p data-start=\"2523\" data-end=\"2554\">Posizione del beccuccio (alto \/ angolo)<\/p>\n<\/li>\n<li data-start=\"2555\" data-end=\"2585\">\n<p data-start=\"2557\" data-end=\"2585\">Colore del tappo e diametro del beccuccio<\/p>\n<\/li>\n<li data-start=\"2586\" data-end=\"2620\">\n<p data-start=\"2588\" data-end=\"2620\">Finitura superficiale opaca o lucida<\/p>\n<\/li>\n<li data-start=\"2621\" data-end=\"2654\">\n<p data-start=\"2623\" data-end=\"2654\">Soluzioni per sacchetti con beccuccio OEM e ODM<\/p>\n<\/li>\n<\/ul>\n<hr data-start=\"2656\" data-end=\"2659\" \/>\n<h2 data-start=\"2661\" data-end=\"2701\">Perch\u00e9 scegliere le nostre confezioni con beccuccio?<\/h2>\n<p data-start=\"2703\" data-end=\"2931\">Il nostro <strong data-start=\"2707\" data-end=\"2732\">confezionamento di sacchetti con beccuccio<\/strong> combina funzionalit\u00e0, sostenibilit\u00e0 e forte visibilit\u00e0 del marchio.<br data-start=\"2801\" data-end=\"2804\" \/>Offre ai consumatori un'esperienza pi\u00f9 pulita, pi\u00f9 semplice e pi\u00f9 portatile, aiutando i marchi a distinguersi nei mercati alimentari competitivi.<\/p>\n<p data-start=\"2933\" data-end=\"3047\">Che si tratti del lancio di un nuovo prodotto o dell'aggiornamento di un imballaggio esistente, le buste con beccuccio sono una soluzione pronta per il futuro.<\/p>","protected":false},"excerpt":{"rendered":"<p>Sacchetti con beccuccio stand up personalizzati per il confezionamento di succhi, marmellate e alimenti liquidi. A prova di perdite, materiali di grado alimentare, stampa personalizzata disponibile.<\/p>","protected":false},"featured_media":0,"template":"","meta":{"_joinchat":[]},"product_brand":[],"product_cat":[15,68,98],"product_tag":[241],"class_list":{"0":"post-9133","1":"product","2":"type-product","3":"status-publish","5":"product_cat-uncategorized","6":"product_cat-pouches-packaging","7":"product_cat-spouted-pouches","8":"product_tag-electronics-package","10":"first","11":"instock","12":"product-type-simple"},"acf":[],"_links":{"self":[{"href":"https:\/\/h2packaging.com\/it\/wp-json\/wp\/v2\/product\/9133","targetHints":{"allow":["GET"]}}],"collection":[{"href":"https:\/\/h2packaging.com\/it\/wp-json\/wp\/v2\/product"}],"about":[{"href":"https:\/\/h2packaging.com\/it\/wp-json\/wp\/v2\/types\/product"}],"wp:attachment":[{"href":"https:\/\/h2packaging.com\/it\/wp-json\/wp\/v2\/media?parent=9133"}],"wp:term":[{"taxonomy":"product_brand","embeddable":true,"href":"https:\/\/h2packaging.com\/it\/wp-json\/wp\/v2\/product_brand?post=9133"},{"taxonomy":"product_cat","embeddable":true,"href":"https:\/\/h2packaging.com\/it\/wp-json\/wp\/v2\/product_cat?post=9133"},{"taxonomy":"product_tag","embeddable":true,"href":"https:\/\/h2packaging.com\/it\/wp-json\/wp\/v2\/product_tag?post=9133"}],"curies":[{"name":"wp","href":"https:\/\/api.w.org\/{rel}","templated":true}]}}