{"id":9138,"date":"2025-12-22T20:54:57","date_gmt":"2025-12-22T12:54:57","guid":{"rendered":"https:\/\/tbc72w920v.onrocket.site\/product\/premium-magnetic-closure-rigid-box-for-electronic-gift-sets\/"},"modified":"2026-02-02T15:59:20","modified_gmt":"2026-02-02T07:59:20","slug":"premium-magnetic-closure-rigid-box-for-electronic-gift-sets","status":"publish","type":"product","link":"https:\/\/h2packaging.com\/it\/prodotto\/premium-magnetic-closure-rigid-box-for-electronic-gift-sets\/","title":{"rendered":"Sacchetto stand-up in carta personalizzato per l'imballaggio di alimenti e prodotti da forno"},"content":{"rendered":"<h3 data-start=\"1338\" data-end=\"1361\">Descrizione del prodotto<\/h3>\n<p data-start=\"1363\" data-end=\"1610\">Il nostro <strong data-start=\"1367\" data-end=\"1397\">borse stand up in carta personalizzate<\/strong> sono progettati per i moderni <strong data-start=\"1422\" data-end=\"1451\">imballaggi per alimenti e prodotti da forno<\/strong>. Caratterizzati da una stabile struttura a fondo piatto e da una finitura di carta pulita, questi sacchetti stanno in piedi sugli scaffali e offrono un'immagine del marchio naturale ed ecologica.<\/p>\n<p data-start=\"1612\" data-end=\"1704\">Sono ampiamente utilizzati per prodotti da forno, snack, cibi da asporto e confezioni speciali per la vendita al dettaglio.<\/p>\n<hr data-start=\"1706\" data-end=\"1709\" \/>\n<h3 data-start=\"1711\" data-end=\"1727\">Caratteristiche principali<\/h3>\n<ul data-start=\"1729\" data-end=\"2283\">\n<li data-start=\"1729\" data-end=\"1855\">\n<p data-start=\"1731\" data-end=\"1855\"><strong data-start=\"1731\" data-end=\"1762\">Materiale cartaceo ecologico<\/strong><br data-start=\"1762\" data-end=\"1765\" \/>Realizzato in carta riciclabile e alimentare, adatto a soluzioni di imballaggio sostenibili.<\/p>\n<\/li>\n<li data-start=\"1857\" data-end=\"1978\">\n<p data-start=\"1859\" data-end=\"1978\"><strong data-start=\"1859\" data-end=\"1892\">Design con fondo piatto e in piedi<\/strong><br data-start=\"1892\" data-end=\"1895\" \/>La robusta struttura del fondo consente alla borsa di stare in piedi per una migliore esposizione sugli scaffali.<\/p>\n<\/li>\n<li data-start=\"1980\" data-end=\"2089\">\n<p data-start=\"1982\" data-end=\"2089\"><strong data-start=\"1982\" data-end=\"2007\">Chiusura superiore a libro<\/strong><br data-start=\"2007\" data-end=\"2010\" \/>Design semplice e pieghevole per facilitare la sigillatura, l'etichettatura o l'applicazione di adesivi.<\/p>\n<\/li>\n<li data-start=\"2091\" data-end=\"2184\">\n<p data-start=\"2093\" data-end=\"2184\"><strong data-start=\"2093\" data-end=\"2122\">Stampa personalizzata disponibile<\/strong><br data-start=\"2122\" data-end=\"2125\" \/>Supporta la stampa del logo, i colori del marchio e la grafica personalizzata.<\/p>\n<\/li>\n<li data-start=\"2186\" data-end=\"2283\">\n<p data-start=\"2188\" data-end=\"2283\"><strong data-start=\"2188\" data-end=\"2220\">Leggero ed economico<\/strong><br data-start=\"2220\" data-end=\"2223\" \/>Ideale per il confezionamento di alimenti al dettaglio, da asporto e per il commercio elettronico.<\/p>\n<\/li>\n<\/ul>\n<hr data-start=\"2285\" data-end=\"2288\" \/>\n<h3 data-start=\"2290\" data-end=\"2312\">Applicazioni ideali<\/h3>\n<ul data-start=\"2314\" data-end=\"2488\">\n<li data-start=\"2314\" data-end=\"2361\">\n<p data-start=\"2316\" data-end=\"2361\">Imballaggi per panifici (pane, pasticceria, biscotti)<\/p>\n<\/li>\n<li data-start=\"2362\" data-end=\"2394\">\n<p data-start=\"2364\" data-end=\"2394\">Imballaggio di snack e alimenti secchi<\/p>\n<\/li>\n<li data-start=\"2395\" data-end=\"2423\">\n<p data-start=\"2397\" data-end=\"2423\">Sacchetti di carta per alimenti da asporto<\/p>\n<\/li>\n<li data-start=\"2424\" data-end=\"2456\">\n<p data-start=\"2426\" data-end=\"2456\">Imballaggio di caff\u00e8 in grani e t\u00e8<\/p>\n<\/li>\n<li data-start=\"2457\" data-end=\"2488\">\n<p data-start=\"2459\" data-end=\"2488\">Imballaggio ecologico per la vendita al dettaglio<\/p>\n<\/li>\n<\/ul>\n<hr data-start=\"2490\" data-end=\"2493\" \/>\n<h3 data-start=\"2495\" data-end=\"2520\">Opzioni di personalizzazione<\/h3>\n<ul data-start=\"2522\" data-end=\"2699\">\n<li data-start=\"2522\" data-end=\"2553\">\n<p data-start=\"2524\" data-end=\"2553\">Dimensioni e misure personalizzate<\/p>\n<\/li>\n<li data-start=\"2554\" data-end=\"2592\">\n<p data-start=\"2556\" data-end=\"2592\">Carta kraft bianca o carta colorata<\/p>\n<\/li>\n<li data-start=\"2593\" data-end=\"2627\">\n<p data-start=\"2595\" data-end=\"2627\">Logo e stampa su tutta la superficie<\/p>\n<\/li>\n<li data-start=\"2628\" data-end=\"2661\">\n<p data-start=\"2630\" data-end=\"2661\">Finitura della carta opaca o naturale<\/p>\n<\/li>\n<li data-start=\"2662\" data-end=\"2699\">\n<p data-start=\"2664\" data-end=\"2699\">Soluzioni di imballaggio in carta OEM e ODM<\/p>\n<\/li>\n<\/ul>\n<hr data-start=\"2701\" data-end=\"2704\" \/>\n<h3 data-start=\"2706\" data-end=\"2745\">Perch\u00e9 scegliere i nostri sacchetti di carta Stand Up?<\/h3>\n<p data-start=\"2747\" data-end=\"3019\">Il nostro <strong data-start=\"2751\" data-end=\"2783\">imballaggi in carta per sacchetti stand up<\/strong> offre un equilibrio perfetto tra sostenibilit\u00e0, funzionalit\u00e0 e presentazione del marchio. Che si tratti di panetterie, marchi alimentari o attivit\u00e0 da asporto, questa soluzione di imballaggio migliora l'attrattiva degli scaffali, sostenendo al contempo valori eco-consapevoli.<\/p>","protected":false},"excerpt":{"rendered":"<p>Sacchetti stand up in carta personalizzati per il confezionamento di alimenti e prodotti da forno. Materiali ecologici, design a fondo piatto, stampa personalizzata, ideali per la vendita al dettaglio e l'asporto.<\/p>","protected":false},"featured_media":0,"template":"","meta":{"_joinchat":[]},"product_brand":[],"product_cat":[15,68,99],"product_tag":[241],"class_list":{"0":"post-9138","1":"product","2":"type-product","3":"status-publish","5":"product_cat-uncategorized","6":"product_cat-pouches-packaging","7":"product_cat-stand-up-pouches","8":"product_tag-electronics-package","10":"first","11":"instock","12":"product-type-simple"},"acf":[],"_links":{"self":[{"href":"https:\/\/h2packaging.com\/it\/wp-json\/wp\/v2\/product\/9138","targetHints":{"allow":["GET"]}}],"collection":[{"href":"https:\/\/h2packaging.com\/it\/wp-json\/wp\/v2\/product"}],"about":[{"href":"https:\/\/h2packaging.com\/it\/wp-json\/wp\/v2\/types\/product"}],"wp:attachment":[{"href":"https:\/\/h2packaging.com\/it\/wp-json\/wp\/v2\/media?parent=9138"}],"wp:term":[{"taxonomy":"product_brand","embeddable":true,"href":"https:\/\/h2packaging.com\/it\/wp-json\/wp\/v2\/product_brand?post=9138"},{"taxonomy":"product_cat","embeddable":true,"href":"https:\/\/h2packaging.com\/it\/wp-json\/wp\/v2\/product_cat?post=9138"},{"taxonomy":"product_tag","embeddable":true,"href":"https:\/\/h2packaging.com\/it\/wp-json\/wp\/v2\/product_tag?post=9138"}],"curies":[{"name":"wp","href":"https:\/\/api.w.org\/{rel}","templated":true}]}}