{"id":9159,"date":"2025-12-22T20:55:32","date_gmt":"2025-12-22T12:55:32","guid":{"rendered":"https:\/\/tbc72w920v.onrocket.site\/product\/matte-printed-stand-up-zipper-pouch-for-dried-fruit-packaging\/"},"modified":"2026-01-29T17:19:55","modified_gmt":"2026-01-29T09:19:55","slug":"matte-printed-stand-up-zipper-pouch-for-dried-fruit-packaging","status":"publish","type":"product","link":"https:\/\/h2packaging.com\/it\/prodotto\/matte-printed-stand-up-zipper-pouch-for-dried-fruit-packaging\/","title":{"rendered":"Sacchetto di carta rosa di lusso con manici a nastro"},"content":{"rendered":"<h3 data-start=\"1313\" data-end=\"1336\">Descrizione del prodotto<\/h3>\n<p data-start=\"1338\" data-end=\"1581\">Questo <strong data-start=\"1343\" data-end=\"1377\">borsa della spesa in carta rosa di lusso<\/strong> \u00e8 stato progettato per migliorare la presentazione del marchio con un'estetica morbida, elegante e femminile.<br data-start=\"1465\" data-end=\"1468\" \/>Grazie alla carta pregiata e alle delicate maniglie a nastro, crea una raffinata esperienza di unboxing e di regalo.<\/p>\n<p data-start=\"1583\" data-end=\"1670\">Perfetto per le boutique di moda, i marchi di bellezza, i negozi di articoli da regalo e le confezioni di alta qualit\u00e0.<\/p>\n<hr data-start=\"1672\" data-end=\"1675\" \/>\n<h3 data-start=\"1677\" data-end=\"1693\">Caratteristiche principali<\/h3>\n<ul data-start=\"1695\" data-end=\"2114\">\n<li data-start=\"1695\" data-end=\"1770\">\n<p data-start=\"1697\" data-end=\"1770\"><strong data-start=\"1697\" data-end=\"1724\">Finitura rosa pastello tenue<\/strong><br data-start=\"1724\" data-end=\"1727\" \/>Crea un look di lusso elegante e moderno.<\/p>\n<\/li>\n<li data-start=\"1772\" data-end=\"1864\">\n<p data-start=\"1774\" data-end=\"1864\"><strong data-start=\"1774\" data-end=\"1805\">Materiale cartaceo di alta qualit\u00e0<\/strong><br data-start=\"1805\" data-end=\"1808\" \/>Struttura robusta con eccellente capacit\u00e0 di carico.<\/p>\n<\/li>\n<li data-start=\"1866\" data-end=\"1941\">\n<p data-start=\"1868\" data-end=\"1941\"><strong data-start=\"1868\" data-end=\"1894\">Eleganti maniglie a nastro<\/strong><br data-start=\"1894\" data-end=\"1897\" \/>Comodo da trasportare e visivamente raffinato.<\/p>\n<\/li>\n<li data-start=\"1943\" data-end=\"2026\">\n<p data-start=\"1945\" data-end=\"2026\"><strong data-start=\"1945\" data-end=\"1971\">Design pulito e minimale<\/strong><br data-start=\"1971\" data-end=\"1974\" \/>Ideale per il branding e la personalizzazione del logo.<\/p>\n<\/li>\n<li data-start=\"2028\" data-end=\"2114\">\n<p data-start=\"2030\" data-end=\"2114\"><strong data-start=\"2030\" data-end=\"2059\">Supporto per il marchio personalizzato<\/strong><br data-start=\"2059\" data-end=\"2062\" \/>Sono disponibili la stampa del logo, la stampa su lamina e la goffratura.<\/p>\n<\/li>\n<\/ul>\n<hr data-start=\"2116\" data-end=\"2119\" \/>\n<h3 data-start=\"2121\" data-end=\"2143\">Applicazioni ideali<\/h3>\n<ul data-start=\"2145\" data-end=\"2299\">\n<li data-start=\"2145\" data-end=\"2176\">\n<p data-start=\"2147\" data-end=\"2176\">Borse shopping di lusso per la vendita al dettaglio<\/p>\n<\/li>\n<li data-start=\"2177\" data-end=\"2209\">\n<p data-start=\"2179\" data-end=\"2209\">Imballaggi per la bellezza e i cosmetici<\/p>\n<\/li>\n<li data-start=\"2210\" data-end=\"2239\">\n<p data-start=\"2212\" data-end=\"2239\">Confezioni regalo e di compleanno<\/p>\n<\/li>\n<li data-start=\"2240\" data-end=\"2269\">\n<p data-start=\"2242\" data-end=\"2269\">Boutique e negozi di moda<\/p>\n<\/li>\n<li data-start=\"2270\" data-end=\"2299\">\n<p data-start=\"2272\" data-end=\"2299\">Sacchetti regalo di carta promozionali<\/p>\n<\/li>\n<\/ul>\n<hr data-start=\"2301\" data-end=\"2304\" \/>\n<h3 data-start=\"2306\" data-end=\"2331\">Opzioni di personalizzazione<\/h3>\n<ul data-start=\"2333\" data-end=\"2632\">\n<li data-start=\"2333\" data-end=\"2367\">\n<p data-start=\"2335\" data-end=\"2367\">Dimensioni e spessore della carta personalizzati<\/p>\n<\/li>\n<li data-start=\"2368\" data-end=\"2430\">\n<p data-start=\"2370\" data-end=\"2430\">Opzioni carta: carta artistica, carta patinata, carta ecologica<\/p>\n<\/li>\n<li data-start=\"2431\" data-end=\"2478\">\n<p data-start=\"2433\" data-end=\"2478\">Stili di impugnatura: nastro, corda, manici in cotone<\/p>\n<\/li>\n<li data-start=\"2479\" data-end=\"2542\">\n<p data-start=\"2481\" data-end=\"2542\">Finitura del logo: lamina a caldo, goffratura, debossing, stampa UV<\/p>\n<\/li>\n<li data-start=\"2543\" data-end=\"2585\">\n<p data-start=\"2545\" data-end=\"2585\">Personalizzazione del colore e corrispondenza con i pantoni<\/p>\n<\/li>\n<li data-start=\"2586\" data-end=\"2632\">\n<p data-start=\"2588\" data-end=\"2632\">Disponibilit\u00e0 di materiali riciclabili e sostenibili<\/p>\n<\/li>\n<\/ul>\n<hr data-start=\"2634\" data-end=\"2637\" \/>\n<h3 data-start=\"2639\" data-end=\"2669\">Perch\u00e9 scegliere questo sacchetto di carta?<\/h3>\n<p data-start=\"2671\" data-end=\"2856\">Questo <strong data-start=\"2676\" data-end=\"2706\">sacchetto regalo personalizzato in carta rosa<\/strong> \u00e8 pi\u00f9 di una confezione: \u00e8 una dichiarazione di marca.<br data-start=\"2755\" data-end=\"2758\" \/>Progettati per attirare l'attenzione, elevare il valore percepito e creare esperienze memorabili per i clienti.<\/p>","protected":false},"excerpt":{"rendered":"<p>Sacchetto di carta rosa di lusso | Sacchetti per la spesa di carta personalizzati Eleganti sacchetti di carta rosa con manici a nastro. Ideali per la vendita al dettaglio di lusso, le confezioni regalo e le shopping bag personalizzate.<\/p>","protected":false},"featured_media":0,"template":"","meta":{"_joinchat":[]},"product_brand":[],"product_cat":[15,69,102],"product_tag":[131,399],"class_list":{"0":"post-9159","1":"product","2":"type-product","3":"status-publish","5":"product_cat-uncategorized","6":"product_cat-bags","7":"product_cat-paper-bag","8":"product_tag-food-package","9":"product_tag-food-packaging-bags","11":"first","12":"instock","13":"product-type-simple"},"acf":[],"_links":{"self":[{"href":"https:\/\/h2packaging.com\/it\/wp-json\/wp\/v2\/product\/9159","targetHints":{"allow":["GET"]}}],"collection":[{"href":"https:\/\/h2packaging.com\/it\/wp-json\/wp\/v2\/product"}],"about":[{"href":"https:\/\/h2packaging.com\/it\/wp-json\/wp\/v2\/types\/product"}],"wp:attachment":[{"href":"https:\/\/h2packaging.com\/it\/wp-json\/wp\/v2\/media?parent=9159"}],"wp:term":[{"taxonomy":"product_brand","embeddable":true,"href":"https:\/\/h2packaging.com\/it\/wp-json\/wp\/v2\/product_brand?post=9159"},{"taxonomy":"product_cat","embeddable":true,"href":"https:\/\/h2packaging.com\/it\/wp-json\/wp\/v2\/product_cat?post=9159"},{"taxonomy":"product_tag","embeddable":true,"href":"https:\/\/h2packaging.com\/it\/wp-json\/wp\/v2\/product_tag?post=9159"}],"curies":[{"name":"wp","href":"https:\/\/api.w.org\/{rel}","templated":true}]}}