{"id":9206,"date":"2025-12-22T20:57:23","date_gmt":"2025-12-22T12:57:23","guid":{"rendered":"https:\/\/tbc72w920v.onrocket.site\/product\/colorful-game-packaging-tin-box-for-family-card-games\/"},"modified":"2026-01-28T16:59:43","modified_gmt":"2026-01-28T08:59:43","slug":"colorful-game-packaging-tin-box-for-family-card-games","status":"publish","type":"product","link":"https:\/\/h2packaging.com\/it\/prodotto\/colorful-game-packaging-tin-box-for-family-card-games\/","title":{"rendered":"Confezione regalo a forma di cuore personalizzata"},"content":{"rendered":"<p data-start=\"786\" data-end=\"1062\">Questo <strong data-start=\"791\" data-end=\"833\">confezione regalo a forma di cuore personalizzata<\/strong> \u00e8 stato progettato per creare un'esperienza di unboxing emozionale e memorabile.<br data-start=\"903\" data-end=\"906\" \/>Caratterizzata da un'esclusiva scatola interna a forma di cuore combinata con una struttura esterna pieghevole, \u00e8 ideale per confezioni regalo di alta qualit\u00e0 dove la presentazione \u00e8 davvero importante.<\/p>\n<p data-start=\"1064\" data-end=\"1186\">L'elegante chiusura a nastro e la struttura in cartoncino rigido rendono questa scatola perfetta per regali di lusso e occasioni speciali.<\/p>\n<ul data-start=\"1213\" data-end=\"1461\">\n<li data-start=\"1213\" data-end=\"1254\">\n<p data-start=\"1215\" data-end=\"1254\">Design creativo della confezione regalo a forma di cuore<\/p>\n<\/li>\n<li data-start=\"1255\" data-end=\"1293\">\n<p data-start=\"1257\" data-end=\"1293\">Struttura esterna pieghevole dell'imballaggio<\/p>\n<\/li>\n<li data-start=\"1294\" data-end=\"1324\">\n<p data-start=\"1296\" data-end=\"1324\">Elegante chiusura a nastro<\/p>\n<\/li>\n<li data-start=\"1325\" data-end=\"1368\">\n<p data-start=\"1327\" data-end=\"1368\">Cartone rigido per una protezione superiore<\/p>\n<\/li>\n<li data-start=\"1369\" data-end=\"1415\">\n<p data-start=\"1371\" data-end=\"1415\">Forte impatto visivo per la presentazione dei regali<\/p>\n<\/li>\n<li data-start=\"1416\" data-end=\"1461\">\n<p data-start=\"1418\" data-end=\"1461\">Progettato per regali di lusso ed emozionali<\/p>\n<\/li>\n<li data-start=\"1496\" data-end=\"1529\">\n<p data-start=\"1498\" data-end=\"1529\">Cartone rigido di alta qualit\u00e0<\/p>\n<\/li>\n<li data-start=\"1530\" data-end=\"1576\">\n<p data-start=\"1532\" data-end=\"1576\">Scatola interna a forma di cuore per l'esposizione dei prodotti<\/p>\n<\/li>\n<li data-start=\"1577\" data-end=\"1620\">\n<p data-start=\"1579\" data-end=\"1620\">Scatola esterna pieghevole per un imballaggio sicuro<\/p>\n<\/li>\n<li data-start=\"1621\" data-end=\"1662\">\n<p data-start=\"1623\" data-end=\"1662\">Superficie liscia e opaca per una sensazione di qualit\u00e0 superiore<\/p>\n<\/li>\n<li data-start=\"1663\" data-end=\"1698\">\n<p data-start=\"1665\" data-end=\"1698\">Bordi rinforzati per una maggiore durata<\/p>\n<\/li>\n<li data-start=\"1734\" data-end=\"1780\">\n<p data-start=\"1736\" data-end=\"1780\">Dimensioni personalizzate della scatola e della forma del cuore<\/p>\n<\/li>\n<li data-start=\"1781\" data-end=\"1822\">\n<p data-start=\"1783\" data-end=\"1822\">Stampa del logo e personalizzazione del marchio<\/p>\n<\/li>\n<li data-start=\"1823\" data-end=\"1868\">\n<p data-start=\"1825\" data-end=\"1868\">Stampa a caldo, stampa su lamina o goffratura<\/p>\n<\/li>\n<li data-start=\"1869\" data-end=\"1905\">\n<p data-start=\"1871\" data-end=\"1905\">Colore e materiale del nastro personalizzato<\/p>\n<\/li>\n<li data-start=\"1906\" data-end=\"1940\">\n<p data-start=\"1908\" data-end=\"1940\">Imbottitura interna o inserto personalizzato<\/p>\n<\/li>\n<li data-start=\"1967\" data-end=\"2001\">\n<p data-start=\"1969\" data-end=\"2001\">Confezioni regalo per San Valentino<\/p>\n<\/li>\n<li data-start=\"2002\" data-end=\"2038\">\n<p data-start=\"2004\" data-end=\"2038\">Scatole regalo per gioielli e accessori<\/p>\n<\/li>\n<li data-start=\"2039\" data-end=\"2080\">\n<p data-start=\"2041\" data-end=\"2080\">Imballaggi per cioccolato e dolciumi<\/p>\n<\/li>\n<li data-start=\"2081\" data-end=\"2115\">\n<p data-start=\"2083\" data-end=\"2115\">Set regalo di profumi e cosmetici<\/p>\n<\/li>\n<li data-start=\"2116\" data-end=\"2153\">\n<p data-start=\"2118\" data-end=\"2153\">Confezioni regalo promozionali di lusso<\/p>\n<\/li>\n<\/ul>\n<p data-start=\"2202\" data-end=\"2310\">Le confezioni a forma di cuore comunicano immediatamente emozione, cura e valore.<br data-start=\"2273\" data-end=\"2276\" \/>Questo stile di packaging aiuta i marchi:<\/p>\n<ul data-start=\"2312\" data-end=\"2480\">\n<li data-start=\"2312\" data-end=\"2348\">\n<p data-start=\"2314\" data-end=\"2348\">Aumentare il valore percepito del prodotto<\/p>\n<\/li>\n<li data-start=\"2349\" data-end=\"2385\">\n<p data-start=\"2351\" data-end=\"2385\">Creare momenti di regalo memorabili<\/p>\n<\/li>\n<li data-start=\"2386\" data-end=\"2429\">\n<p data-start=\"2388\" data-end=\"2429\">Distinguetevi nelle esposizioni al dettaglio e online<\/p>\n<\/li>\n<li data-start=\"2430\" data-end=\"2480\">\n<p data-start=\"2432\" data-end=\"2480\">Rafforzare il legame emotivo con i clienti<\/p>\n<\/li>\n<\/ul>","protected":false},"excerpt":{"rendered":"<p>Confezione regalo personalizzata a forma di cuore con chiusura a nastro, perfetta per regali di lusso e occasioni speciali.<\/p>","protected":false},"featured_media":0,"template":"","meta":{"_joinchat":[]},"product_brand":[],"product_cat":[325,351,354,357,384,15,87,296,314],"product_tag":[403],"class_list":{"0":"post-9206","1":"product","2":"type-product","3":"status-publish","5":"product_cat-skin-care-packaging","6":"product_cat-corporate-gift-boxes","7":"product_cat-holiday-gift-packaging","8":"product_cat-wedding-amp-celebration-packaging","9":"product_cat-luxury-clothing-packaging","10":"product_cat-uncategorized","11":"product_cat-double-door-box","12":"product_cat-gift-packaging","13":"product_cat-gift-amp-premium-packaging","14":"product_tag-game-package","16":"first","17":"instock","18":"product-type-simple"},"acf":[],"_links":{"self":[{"href":"https:\/\/h2packaging.com\/it\/wp-json\/wp\/v2\/product\/9206","targetHints":{"allow":["GET"]}}],"collection":[{"href":"https:\/\/h2packaging.com\/it\/wp-json\/wp\/v2\/product"}],"about":[{"href":"https:\/\/h2packaging.com\/it\/wp-json\/wp\/v2\/types\/product"}],"wp:attachment":[{"href":"https:\/\/h2packaging.com\/it\/wp-json\/wp\/v2\/media?parent=9206"}],"wp:term":[{"taxonomy":"product_brand","embeddable":true,"href":"https:\/\/h2packaging.com\/it\/wp-json\/wp\/v2\/product_brand?post=9206"},{"taxonomy":"product_cat","embeddable":true,"href":"https:\/\/h2packaging.com\/it\/wp-json\/wp\/v2\/product_cat?post=9206"},{"taxonomy":"product_tag","embeddable":true,"href":"https:\/\/h2packaging.com\/it\/wp-json\/wp\/v2\/product_tag?post=9206"}],"curies":[{"name":"wp","href":"https:\/\/api.w.org\/{rel}","templated":true}]}}