{"id":10732,"date":"2026-02-06T15:51:38","date_gmt":"2026-02-06T07:51:38","guid":{"rendered":"https:\/\/d2j5kp3mpq.onrocket.site\/?post_type=product&#038;p=10732"},"modified":"2026-02-06T15:51:38","modified_gmt":"2026-02-06T07:51:38","slug":"custom-hexagon-packaging-box-luxury-hexagonal-gift-box-with-gold-foil-logo","status":"publish","type":"product","link":"https:\/\/h2packaging.com\/pt\/produto\/custom-hexagon-packaging-box-luxury-hexagonal-gift-box-with-gold-foil-logo\/","title":{"rendered":"Caixa de embalagem hexagonal personalizada | Caixa de oferta hexagonal de luxo com log\u00f3tipo em folha de ouro"},"content":{"rendered":"<h2 data-start=\"1317\" data-end=\"1345\">Vis\u00e3o geral do produto<\/h2>\n<p data-start=\"1347\" data-end=\"1472\">O nosso <strong data-start=\"1351\" data-end=\"1385\">luxury hexagon packaging boxes<\/strong> are designed to elevate brand image through unique geometry and premium craftsmanship.<\/p>\n<p data-start=\"1474\" data-end=\"1698\">With a modern hexagonal structure and elegant pastel surface, this packaging delivers outstanding shelf appeal and gift value. The gold foil stamped logo adds a refined luxury touch, making your brand instantly recognizable.<\/p>\n<p data-start=\"1700\" data-end=\"1836\">Made from high-quality rigid paperboard and specialty paper, these boxes provide excellent protection and a premium unboxing experience.<\/p>\n<p data-start=\"1838\" data-end=\"1921\">Ideal for brands seeking distinctive, customized, and high-end packaging solutions.<\/p>\n<hr data-start=\"1923\" data-end=\"1926\" \/>\n<h2 data-start=\"1928\" data-end=\"1952\">\ud83d\udd37 Carater\u00edsticas principais<\/h2>\n<p data-start=\"1954\" data-end=\"2192\">\u2714 Unique Hexagon \/ Six-Sided Structure<br data-start=\"1992\" data-end=\"1995\" \/>\u2714 Premium Rigid Paperboard Material<br data-start=\"2030\" data-end=\"2033\" \/>Logotipo em folha de ouro \/ estampagem a quente<br data-start=\"2064\" data-end=\"2067\" \/>\u2714 Elegant Matte Surface Finish<br data-start=\"2097\" data-end=\"2100\" \/>\u2714 Custom Size &amp; Branding<br data-start=\"2124\" data-end=\"2127\" \/>\u2714 Strong Protection &amp; Durability<br data-start=\"2159\" data-end=\"2162\" \/>\u2714 Luxury Unboxing Experience<\/p>\n<hr data-start=\"2194\" data-end=\"2197\" \/>\n<h2 data-start=\"2199\" data-end=\"2223\">\ud83d\udd37 Aplica\u00e7\u00f5es<\/h2>\n<ul data-start=\"2239\" data-end=\"2414\">\n<li data-start=\"2239\" data-end=\"2265\">\n<p data-start=\"2241\" data-end=\"2265\">Tea &amp; Herbal Packaging<\/p>\n<\/li>\n<li data-start=\"2266\" data-end=\"2295\">\n<p data-start=\"2268\" data-end=\"2295\">Cosmetic &amp; Skincare Boxes<\/p>\n<\/li>\n<li data-start=\"2296\" data-end=\"2331\">\n<p data-start=\"2298\" data-end=\"2331\">Jewelry &amp; Accessories Packaging<\/p>\n<\/li>\n<li data-start=\"2332\" data-end=\"2357\">\n<p data-start=\"2334\" data-end=\"2357\">Gift &amp; Festival Boxes<\/p>\n<\/li>\n<li data-start=\"2358\" data-end=\"2387\">\n<p data-start=\"2360\" data-end=\"2387\">Luxury Souvenir Packaging<\/p>\n<\/li>\n<li data-start=\"2388\" data-end=\"2414\">\n<p data-start=\"2390\" data-end=\"2414\">Premium Food Packaging<\/p>\n<\/li>\n<\/ul>\n<hr data-start=\"2416\" data-end=\"2419\" \/>\n<h2 data-start=\"2421\" data-end=\"2454\">\ud83d\udd37 Op\u00e7\u00f5es de personaliza\u00e7\u00e3o<\/h2>\n<p data-start=\"2456\" data-end=\"2494\">Oferecemos personaliza\u00e7\u00e3o completa de OEM e ODM:<\/p>\n<h3 data-start=\"2496\" data-end=\"2507\">\ud83d\udcd0 Tamanho<\/h3>\n<ul data-start=\"2508\" data-end=\"2537\">\n<li data-start=\"2508\" data-end=\"2537\">\n<p data-start=\"2510\" data-end=\"2537\">Dimens\u00f5es totalmente personalizadas<\/p>\n<\/li>\n<\/ul>\n<h3 data-start=\"2539\" data-end=\"2555\">\ud83d\udcc4 Materiais<\/h3>\n<ul data-start=\"2556\" data-end=\"2640\">\n<li data-start=\"2556\" data-end=\"2581\">\n<p data-start=\"2558\" data-end=\"2581\">Cart\u00e3o cinzento + papel de arte<\/p>\n<\/li>\n<li data-start=\"2582\" data-end=\"2601\">\n<p data-start=\"2584\" data-end=\"2601\">Papel especial<\/p>\n<\/li>\n<li data-start=\"2602\" data-end=\"2617\">\n<p data-start=\"2604\" data-end=\"2617\">Kraft Paper<\/p>\n<\/li>\n<li data-start=\"2618\" data-end=\"2640\">\n<p data-start=\"2620\" data-end=\"2640\">Papel amigo do ambiente<\/p>\n<\/li>\n<\/ul>\n<h3 data-start=\"2642\" data-end=\"2657\">\ud83c\udfa8 Impress\u00e3o<\/h3>\n<ul data-start=\"2658\" data-end=\"2717\">\n<li data-start=\"2658\" data-end=\"2676\">\n<p data-start=\"2660\" data-end=\"2676\">CMYK \/ Pantone<\/p>\n<\/li>\n<li data-start=\"2677\" data-end=\"2696\">\n<p data-start=\"2679\" data-end=\"2696\">Impress\u00e3o em offset<\/p>\n<\/li>\n<li data-start=\"2697\" data-end=\"2717\">\n<p data-start=\"2699\" data-end=\"2717\">Impress\u00e3o digital<\/p>\n<\/li>\n<\/ul>\n<h3 data-start=\"2719\" data-end=\"2734\">\u2728 Acabamento<\/h3>\n<ul data-start=\"2735\" data-end=\"2815\">\n<li data-start=\"2735\" data-end=\"2757\">\n<p data-start=\"2737\" data-end=\"2757\">Folha de ouro \/ prata<\/p>\n<\/li>\n<li data-start=\"2758\" data-end=\"2777\">\n<p data-start=\"2760\" data-end=\"2777\">Estampagem \/ Estampagem<\/p>\n<\/li>\n<li data-start=\"2778\" data-end=\"2789\">\n<p data-start=\"2780\" data-end=\"2789\">UV pontual<\/p>\n<\/li>\n<li data-start=\"2790\" data-end=\"2815\">\n<p data-start=\"2792\" data-end=\"2815\">Lamina\u00e7\u00e3o de toque suave<\/p>\n<\/li>\n<\/ul>\n<h3 data-start=\"2817\" data-end=\"2833\">\ud83d\udce6 Structure<\/h3>\n<ul data-start=\"2834\" data-end=\"2926\">\n<li data-start=\"2834\" data-end=\"2852\">\n<p data-start=\"2836\" data-end=\"2852\">Lid &amp; Base Box<\/p>\n<\/li>\n<li data-start=\"2853\" data-end=\"2873\">\n<p data-start=\"2855\" data-end=\"2873\">Magnetic Closure<\/p>\n<\/li>\n<li data-start=\"2874\" data-end=\"2888\">\n<p data-start=\"2876\" data-end=\"2888\">Drawer Box<\/p>\n<\/li>\n<li data-start=\"2889\" data-end=\"2926\">\n<p data-start=\"2891\" data-end=\"2926\">Custom Inserts (Paper \/ EVA \/ Foam)<\/p>\n<\/li>\n<\/ul>\n<hr data-start=\"2928\" data-end=\"2931\" \/>\n<h2 data-start=\"2933\" data-end=\"2961\">\ud83d\udd37 Porqu\u00ea escolher-nos<\/h2>\n<p data-start=\"2963\" data-end=\"3158\">\u2714 Factory Direct Manufacturer<br data-start=\"2992\" data-end=\"2995\" \/>\u2714 Competitive Wholesale Pricing<br data-start=\"3026\" data-end=\"3029\" \/>Baixo MOQ dispon\u00edvel<br data-start=\"3048\" data-end=\"3051\" \/>Dieline &amp; Mockup gr\u00e1tis<br data-start=\"3074\" data-end=\"3077\" \/>Servi\u00e7o de amostragem r\u00e1pida<br data-start=\"3100\" data-end=\"3103\" \/>Controlo de qualidade rigoroso<br data-start=\"3127\" data-end=\"3130\" \/>\u2714 Global Export Experience<\/p>\n<p data-start=\"3160\" data-end=\"3228\">We help brands build premium packaging that increases product value.<\/p>","protected":false},"excerpt":{"rendered":"<p>Pr\u00e9mio <strong data-start=\"1116\" data-end=\"1148\">custom hexagon packaging box<\/strong> designed for luxury gifts, cosmetics, tea, and high-end products. Featuring rigid structure, gold foil branding, and full customization for elegant presentation.<\/p>","protected":false},"featured_media":0,"template":"","meta":{"_joinchat":[]},"product_brand":[],"product_cat":[117],"product_tag":[],"class_list":{"0":"post-10732","1":"product","2":"type-product","3":"status-publish","5":"product_cat-hexagon-box","7":"first","8":"instock","9":"shipping-taxable","10":"product-type-simple"},"acf":[],"_links":{"self":[{"href":"https:\/\/h2packaging.com\/pt\/wp-json\/wp\/v2\/product\/10732","targetHints":{"allow":["GET"]}}],"collection":[{"href":"https:\/\/h2packaging.com\/pt\/wp-json\/wp\/v2\/product"}],"about":[{"href":"https:\/\/h2packaging.com\/pt\/wp-json\/wp\/v2\/types\/product"}],"wp:attachment":[{"href":"https:\/\/h2packaging.com\/pt\/wp-json\/wp\/v2\/media?parent=10732"}],"wp:term":[{"taxonomy":"product_brand","embeddable":true,"href":"https:\/\/h2packaging.com\/pt\/wp-json\/wp\/v2\/product_brand?post=10732"},{"taxonomy":"product_cat","embeddable":true,"href":"https:\/\/h2packaging.com\/pt\/wp-json\/wp\/v2\/product_cat?post=10732"},{"taxonomy":"product_tag","embeddable":true,"href":"https:\/\/h2packaging.com\/pt\/wp-json\/wp\/v2\/product_tag?post=10732"}],"curies":[{"name":"wp","href":"https:\/\/api.w.org\/{rel}","templated":true}]}}