{"id":10736,"date":"2026-02-06T15:57:07","date_gmt":"2026-02-06T07:57:07","guid":{"rendered":"https:\/\/d2j5kp3mpq.onrocket.site\/?post_type=product&#038;p=10736"},"modified":"2026-02-06T15:58:24","modified_gmt":"2026-02-06T07:58:24","slug":"custom-hexagon-jewelry-box-luxury-blue-hexagonal-jewelry-packaging-with-gold-foil-logo","status":"publish","type":"product","link":"https:\/\/h2packaging.com\/pt\/produto\/custom-hexagon-jewelry-box-luxury-blue-hexagonal-jewelry-packaging-with-gold-foil-logo\/","title":{"rendered":"Caixa de j\u00f3ias hexagonal personalizada | Embalagem de j\u00f3ias hexagonal azul de luxo com log\u00f3tipo em folha de ouro"},"content":{"rendered":"<h2 data-start=\"1395\" data-end=\"1423\">Vis\u00e3o geral do produto<\/h2>\n<p data-start=\"1425\" data-end=\"1534\">O nosso <strong data-start=\"1429\" data-end=\"1473\">caixas hexagonais de luxo para embalagem de j\u00f3ias<\/strong> s\u00e3o concebidos para elevar a sua marca e aumentar o valor do produto.<\/p>\n<p data-start=\"1536\" data-end=\"1708\">Com uma estrutura \u00fanica de seis lados, uma elegante superf\u00edcie azul mate e um requintado log\u00f3tipo em folha de ouro, este porta-joias proporciona um forte impacto visual e uma experi\u00eancia de desembalagem de primeira qualidade.<\/p>\n<p data-start=\"1710\" data-end=\"1844\">O interior em veludo macio guarda com seguran\u00e7a pulseiras, colares, an\u00e9is e j\u00f3ias finas, protegendo-os de riscos e danos.<\/p>\n<p data-start=\"1846\" data-end=\"1939\">Perfeito para marcas de j\u00f3ias que procuram solu\u00e7\u00f5es de embalagem distintas, personalizadas e de alta qualidade.<\/p>\n<hr data-start=\"1941\" data-end=\"1944\" \/>\n<h2 data-start=\"1946\" data-end=\"1970\">\ud83d\udd37 Carater\u00edsticas principais<\/h2>\n<p data-start=\"1972\" data-end=\"2201\">Hex\u00e1gono \u00fanico \/ Design de seis lados<br data-start=\"2007\" data-end=\"2010\" \/>Estrutura em cart\u00e3o r\u00edgido de qualidade superior<br data-start=\"2046\" data-end=\"2049\" \/>Logotipo em folha de ouro \/ estampagem a quente<br data-start=\"2080\" data-end=\"2083\" \/>Veludo macio \/ inser\u00e7\u00e3o de camur\u00e7a<br data-start=\"2111\" data-end=\"2114\" \/>Acabamento mate de luxo<br data-start=\"2135\" data-end=\"2138\" \/>Prote\u00e7\u00e3o forte para j\u00f3ias<br data-start=\"2169\" data-end=\"2172\" \/>Apresenta\u00e7\u00e3o elegante de um presente<\/p>\n<hr data-start=\"2203\" data-end=\"2206\" \/>\n<h2 data-start=\"2208\" data-end=\"2232\">\ud83d\udd37 Aplica\u00e7\u00f5es<\/h2>\n<p data-start=\"2234\" data-end=\"2244\">Ideal para:<\/p>\n<ul data-start=\"2246\" data-end=\"2400\">\n<li data-start=\"2246\" data-end=\"2268\">\n<p data-start=\"2248\" data-end=\"2268\">Embalagem da bracelete<\/p>\n<\/li>\n<li data-start=\"2269\" data-end=\"2292\">\n<p data-start=\"2271\" data-end=\"2292\">Caixas de oferta para colares<\/p>\n<\/li>\n<li data-start=\"2293\" data-end=\"2318\">\n<p data-start=\"2295\" data-end=\"2318\">Caixas para an\u00e9is e brincos<\/p>\n<\/li>\n<li data-start=\"2319\" data-end=\"2340\">\n<p data-start=\"2321\" data-end=\"2340\">Conjuntos de oferta de j\u00f3ias<\/p>\n<\/li>\n<li data-start=\"2341\" data-end=\"2373\">\n<p data-start=\"2343\" data-end=\"2373\">Embalagem de acess\u00f3rios de luxo<\/p>\n<\/li>\n<li data-start=\"2374\" data-end=\"2400\">\n<p data-start=\"2376\" data-end=\"2400\">Embalagem de retalho da marca<\/p>\n<\/li>\n<\/ul>\n<hr data-start=\"2402\" data-end=\"2405\" \/>\n<h2 data-start=\"2407\" data-end=\"2440\">\ud83d\udd37 Op\u00e7\u00f5es de personaliza\u00e7\u00e3o<\/h2>\n<p data-start=\"2442\" data-end=\"2481\">Fornecemos servi\u00e7os de personaliza\u00e7\u00e3o completos:<\/p>\n<h3 data-start=\"2483\" data-end=\"2494\">\ud83d\udcd0 Tamanho<\/h3>\n<ul data-start=\"2495\" data-end=\"2520\">\n<li data-start=\"2495\" data-end=\"2520\">\n<p data-start=\"2497\" data-end=\"2520\">Dimens\u00f5es totalmente personalizadas<\/p>\n<\/li>\n<\/ul>\n<h3 data-start=\"2522\" data-end=\"2538\">\ud83d\udcc4 Materiais<\/h3>\n<ul data-start=\"2539\" data-end=\"2607\">\n<li data-start=\"2539\" data-end=\"2564\">\n<p data-start=\"2541\" data-end=\"2564\">Cart\u00e3o cinzento + papel de arte<\/p>\n<\/li>\n<li data-start=\"2565\" data-end=\"2584\">\n<p data-start=\"2567\" data-end=\"2584\">Papel especial<\/p>\n<\/li>\n<li data-start=\"2585\" data-end=\"2607\">\n<p data-start=\"2587\" data-end=\"2607\">Papel amigo do ambiente<\/p>\n<\/li>\n<\/ul>\n<h3 data-start=\"2609\" data-end=\"2624\">\ud83c\udfa8 Impress\u00e3o<\/h3>\n<ul data-start=\"2625\" data-end=\"2684\">\n<li data-start=\"2625\" data-end=\"2643\">\n<p data-start=\"2627\" data-end=\"2643\">CMYK \/ Pantone<\/p>\n<\/li>\n<li data-start=\"2644\" data-end=\"2663\">\n<p data-start=\"2646\" data-end=\"2663\">Impress\u00e3o em offset<\/p>\n<\/li>\n<li data-start=\"2664\" data-end=\"2684\">\n<p data-start=\"2666\" data-end=\"2684\">Impress\u00e3o digital<\/p>\n<\/li>\n<\/ul>\n<h3 data-start=\"2686\" data-end=\"2701\">\u2728 Acabamento<\/h3>\n<ul data-start=\"2702\" data-end=\"2782\">\n<li data-start=\"2702\" data-end=\"2724\">\n<p data-start=\"2704\" data-end=\"2724\">Folha de ouro \/ prata<\/p>\n<\/li>\n<li data-start=\"2725\" data-end=\"2744\">\n<p data-start=\"2727\" data-end=\"2744\">Estampagem \/ Estampagem<\/p>\n<\/li>\n<li data-start=\"2745\" data-end=\"2756\">\n<p data-start=\"2747\" data-end=\"2756\">UV pontual<\/p>\n<\/li>\n<li data-start=\"2757\" data-end=\"2782\">\n<p data-start=\"2759\" data-end=\"2782\">Lamina\u00e7\u00e3o de toque suave<\/p>\n<\/li>\n<\/ul>\n<h3 data-start=\"2784\" data-end=\"2798\">\ud83d\udce6 Inser\u00e7\u00f5es<\/h3>\n<ul data-start=\"2799\" data-end=\"2863\">\n<li data-start=\"2799\" data-end=\"2816\">\n<p data-start=\"2801\" data-end=\"2816\">Inser\u00e7\u00e3o de veludo<\/p>\n<\/li>\n<li data-start=\"2817\" data-end=\"2833\">\n<p data-start=\"2819\" data-end=\"2833\">Inser\u00e7\u00e3o de camur\u00e7a<\/p>\n<\/li>\n<li data-start=\"2834\" data-end=\"2848\">\n<p data-start=\"2836\" data-end=\"2848\">EVA \/ Espuma<\/p>\n<\/li>\n<li data-start=\"2849\" data-end=\"2863\">\n<p data-start=\"2851\" data-end=\"2863\">Tabuleiro de papel<\/p>\n<\/li>\n<\/ul>\n<hr data-start=\"2865\" data-end=\"2868\" \/>\n<h2 data-start=\"2870\" data-end=\"2898\">\ud83d\udd37 Porqu\u00ea escolher-nos<\/h2>\n<p data-start=\"2900\" data-end=\"3080\">\u2714 Fornecimento direto da f\u00e1brica<br data-start=\"2923\" data-end=\"2926\" \/>Pre\u00e7o competitivo por atacado<br data-start=\"2955\" data-end=\"2958\" \/>Baixo MOQ dispon\u00edvel<br data-start=\"2977\" data-end=\"2980\" \/>Dieline &amp; Mockup gr\u00e1tis<br data-start=\"3003\" data-end=\"3006\" \/>Amostragem r\u00e1pida<br data-start=\"3021\" data-end=\"3024\" \/>Controlo de qualidade rigoroso<br data-start=\"3048\" data-end=\"3051\" \/>Exporta\u00e7\u00e3o para os mercados dos EUA e da UE<\/p>\n<p data-start=\"3082\" data-end=\"3173\">Ajudamos as marcas de j\u00f3ias a criar embalagens que aumentam o valor percebido e a fidelidade do cliente.<\/p>","protected":false},"excerpt":{"rendered":"<p>Pr\u00e9mio <strong data-start=\"1207\" data-end=\"1237\">caixa de j\u00f3ias hexagonal personalizada<\/strong> Concebido para pulseiras, colares e acess\u00f3rios de luxo. Com estrutura r\u00edgida, inser\u00e7\u00e3o de veludo e marca em folha de ouro para uma apresenta\u00e7\u00e3o de alta qualidade.<\/p>","protected":false},"featured_media":0,"template":"","meta":{"_joinchat":[]},"product_brand":[],"product_cat":[117,361,297,358],"product_tag":[],"class_list":{"0":"post-10736","1":"product","2":"type-product","3":"status-publish","5":"product_cat-hexagon-box","6":"product_cat-luxury-jewelry-packaging","7":"product_cat-jewelry-packaging","8":"product_cat-bracelet-packaging","10":"first","11":"instock","12":"shipping-taxable","13":"product-type-simple"},"acf":[],"_links":{"self":[{"href":"https:\/\/h2packaging.com\/pt\/wp-json\/wp\/v2\/product\/10736","targetHints":{"allow":["GET"]}}],"collection":[{"href":"https:\/\/h2packaging.com\/pt\/wp-json\/wp\/v2\/product"}],"about":[{"href":"https:\/\/h2packaging.com\/pt\/wp-json\/wp\/v2\/types\/product"}],"wp:attachment":[{"href":"https:\/\/h2packaging.com\/pt\/wp-json\/wp\/v2\/media?parent=10736"}],"wp:term":[{"taxonomy":"product_brand","embeddable":true,"href":"https:\/\/h2packaging.com\/pt\/wp-json\/wp\/v2\/product_brand?post=10736"},{"taxonomy":"product_cat","embeddable":true,"href":"https:\/\/h2packaging.com\/pt\/wp-json\/wp\/v2\/product_cat?post=10736"},{"taxonomy":"product_tag","embeddable":true,"href":"https:\/\/h2packaging.com\/pt\/wp-json\/wp\/v2\/product_tag?post=10736"}],"curies":[{"name":"wp","href":"https:\/\/api.w.org\/{rel}","templated":true}]}}